{"id":277,"date":"2015-05-19T15:47:10","date_gmt":"2015-05-19T15:47:10","guid":{"rendered":"http:\/\/s549678383.mialojamiento.es?page_id=277"},"modified":"2015-09-29T09:59:51","modified_gmt":"2015-09-29T09:59:51","slug":"dr-jose-gonzalez-godino","status":"publish","type":"page","link":"https:\/\/dentalabril.com\/en\/personnel\/dr-jose-gonzalez-godino\/","title":{"rendered":"Dr. Jos\u00e9 Gonz\u00e1lez Godino"},"content":{"rendered":"<p><strong>Colegiado N\u00ba. 36067<\/strong><\/p>\n<p>Cirug\u00eda Oral M\u00e1xilofacial<\/p>\n<ul>\n<li>Licenciado en medicina por la Universidad de C\u00e1diz. 2000<\/li>\n<li>Especialidad en Cirug\u00eda M\u00e1xilofacial en Hospital Vall d\u00b4Hebron. 2001-2006<\/li>\n<\/ul>\n","protected":false},"excerpt":{"rendered":"<p>Colegiado N\u00ba. 36067 Cirug\u00eda Oral M\u00e1xilofacial Licenciado en medicina por la Universidad de C\u00e1diz. 2000 Especialidad en Cirug\u00eda M\u00e1xilofacial en Hospital Vall d\u00b4Hebron. 2001-2006<\/p>\n","protected":false},"author":1,"featured_media":0,"parent":274,"menu_order":0,"comment_status":"closed","ping_status":"closed","template":"g1_template_page_sidebar_left.php","meta":{"_joinchat":[],"footnotes":""},"class_list":["post-277","page","type-page","status-publish"],"yoast_head":"<!-- This site is optimized with the Yoast SEO plugin v23.1 - https:\/\/yoast.com\/wordpress\/plugins\/seo\/ -->\n<title>Dr. Jos\u00e9 Gonz\u00e1lez Godino | Cl\u00ednica dental Abril<\/title>\n<meta name=\"robots\" content=\"index, follow, max-snippet:-1, max-image-preview:large, max-video-preview:-1\" \/>\n<link rel=\"canonical\" href=\"https:\/\/dentalabril.com\/en\/personnel\/dr-jose-gonzalez-godino\/\" \/>\n<meta property=\"og:locale\" content=\"en_US\" \/>\n<meta property=\"og:type\" content=\"article\" \/>\n<meta property=\"og:title\" content=\"Dr. Jos\u00e9 Gonz\u00e1lez Godino | Cl\u00ednica dental Abril\" \/>\n<meta property=\"og:description\" content=\"Colegiado N\u00ba. 36067 Cirug\u00eda Oral M\u00e1xilofacial Licenciado en medicina por la Universidad de C\u00e1diz. 2000 Especialidad en Cirug\u00eda M\u00e1xilofacial en Hospital Vall d\u00b4Hebron. 2001-2006\" \/>\n<meta property=\"og:url\" content=\"https:\/\/dentalabril.com\/en\/personnel\/dr-jose-gonzalez-godino\/\" \/>\n<meta property=\"og:site_name\" content=\"Cl\u00ednica dental Abril\" \/>\n<meta property=\"article:publisher\" content=\"https:\/\/www.facebook.com\/clinicadentalabril\/\" \/>\n<meta property=\"article:modified_time\" content=\"2015-09-29T09:59:51+00:00\" \/>\n<meta property=\"og:image\" content=\"https:\/\/dentalabril.com\/wp-content\/uploads\/2022\/09\/equipo-clinica-dental-Barcelona-1.png\" \/>\n\t<meta property=\"og:image:width\" content=\"950\" \/>\n\t<meta property=\"og:image:height\" content=\"704\" \/>\n\t<meta property=\"og:image:type\" content=\"image\/png\" \/>\n<meta name=\"twitter:card\" content=\"summary_large_image\" \/>\n<script type=\"application\/ld+json\" class=\"yoast-schema-graph\">{\"@context\":\"https:\/\/schema.org\",\"@graph\":[{\"@type\":\"WebPage\",\"@id\":\"https:\/\/dentalabril.com\/en\/personnel\/dr-jose-gonzalez-godino\/\",\"url\":\"https:\/\/dentalabril.com\/en\/personnel\/dr-jose-gonzalez-godino\/\",\"name\":\"Dr. Jos\u00e9 Gonz\u00e1lez Godino | Cl\u00ednica dental Abril\",\"isPartOf\":{\"@id\":\"https:\/\/dentalabril.com\/#website\"},\"datePublished\":\"2015-05-19T15:47:10+00:00\",\"dateModified\":\"2015-09-29T09:59:51+00:00\",\"breadcrumb\":{\"@id\":\"https:\/\/dentalabril.com\/en\/personnel\/dr-jose-gonzalez-godino\/#breadcrumb\"},\"inLanguage\":\"en-US\",\"potentialAction\":[{\"@type\":\"ReadAction\",\"target\":[\"https:\/\/dentalabril.com\/en\/personnel\/dr-jose-gonzalez-godino\/\"]}]},{\"@type\":\"BreadcrumbList\",\"@id\":\"https:\/\/dentalabril.com\/en\/personnel\/dr-jose-gonzalez-godino\/#breadcrumb\",\"itemListElement\":[{\"@type\":\"ListItem\",\"position\":1,\"name\":\"Portada\",\"item\":\"https:\/\/dentalabril.com\/en\/inicio\/\"},{\"@type\":\"ListItem\",\"position\":2,\"name\":\"Personnel\",\"item\":\"https:\/\/dentalabril.com\/en\/personnel\/\"},{\"@type\":\"ListItem\",\"position\":3,\"name\":\"Dr. Jos\u00e9 Gonz\u00e1lez Godino\"}]},{\"@type\":\"WebSite\",\"@id\":\"https:\/\/dentalabril.com\/#website\",\"url\":\"https:\/\/dentalabril.com\/\",\"name\":\"Cl\u00ednica Dental Abril\",\"description\":\"Tu cl\u00ednica dental en Barcelona\",\"publisher\":{\"@id\":\"https:\/\/dentalabril.com\/#organization\"},\"alternateName\":\"Dental Abril\",\"potentialAction\":[{\"@type\":\"SearchAction\",\"target\":{\"@type\":\"EntryPoint\",\"urlTemplate\":\"https:\/\/dentalabril.com\/?s={search_term_string}\"},\"query-input\":\"required name=search_term_string\"}],\"inLanguage\":\"en-US\"},{\"@type\":\"Organization\",\"@id\":\"https:\/\/dentalabril.com\/#organization\",\"name\":\"Cl\u00ednica Dental Abril\",\"alternateName\":\"Dental Abril\",\"url\":\"https:\/\/dentalabril.com\/\",\"logo\":{\"@type\":\"ImageObject\",\"inLanguage\":\"en-US\",\"@id\":\"https:\/\/dentalabril.com\/#\/schema\/logo\/image\/\",\"url\":\"https:\/\/dentalabril.com\/wp-content\/uploads\/2023\/03\/BBceBSJt_400x400.jpg\",\"contentUrl\":\"https:\/\/dentalabril.com\/wp-content\/uploads\/2023\/03\/BBceBSJt_400x400.jpg\",\"width\":400,\"height\":400,\"caption\":\"Cl\u00ednica Dental Abril\"},\"image\":{\"@id\":\"https:\/\/dentalabril.com\/#\/schema\/logo\/image\/\"},\"sameAs\":[\"https:\/\/www.facebook.com\/clinicadentalabril\/\",\"https:\/\/www.instagram.com\/dentalabril\/\"]}]}<\/script>\n<!-- \/ Yoast SEO plugin. -->","yoast_head_json":{"title":"Dr. Jos\u00e9 Gonz\u00e1lez Godino | Cl\u00ednica dental Abril","robots":{"index":"index","follow":"follow","max-snippet":"max-snippet:-1","max-image-preview":"max-image-preview:large","max-video-preview":"max-video-preview:-1"},"canonical":"https:\/\/dentalabril.com\/en\/personnel\/dr-jose-gonzalez-godino\/","og_locale":"en_US","og_type":"article","og_title":"Dr. Jos\u00e9 Gonz\u00e1lez Godino | Cl\u00ednica dental Abril","og_description":"Colegiado N\u00ba. 36067 Cirug\u00eda Oral M\u00e1xilofacial Licenciado en medicina por la Universidad de C\u00e1diz. 2000 Especialidad en Cirug\u00eda M\u00e1xilofacial en Hospital Vall d\u00b4Hebron. 2001-2006","og_url":"https:\/\/dentalabril.com\/en\/personnel\/dr-jose-gonzalez-godino\/","og_site_name":"Cl\u00ednica dental Abril","article_publisher":"https:\/\/www.facebook.com\/clinicadentalabril\/","article_modified_time":"2015-09-29T09:59:51+00:00","og_image":[{"width":950,"height":704,"url":"https:\/\/dentalabril.com\/wp-content\/uploads\/2022\/09\/equipo-clinica-dental-Barcelona-1.png","type":"image\/png"}],"twitter_card":"summary_large_image","schema":{"@context":"https:\/\/schema.org","@graph":[{"@type":"WebPage","@id":"https:\/\/dentalabril.com\/en\/personnel\/dr-jose-gonzalez-godino\/","url":"https:\/\/dentalabril.com\/en\/personnel\/dr-jose-gonzalez-godino\/","name":"Dr. Jos\u00e9 Gonz\u00e1lez Godino | Cl\u00ednica dental Abril","isPartOf":{"@id":"https:\/\/dentalabril.com\/#website"},"datePublished":"2015-05-19T15:47:10+00:00","dateModified":"2015-09-29T09:59:51+00:00","breadcrumb":{"@id":"https:\/\/dentalabril.com\/en\/personnel\/dr-jose-gonzalez-godino\/#breadcrumb"},"inLanguage":"en-US","potentialAction":[{"@type":"ReadAction","target":["https:\/\/dentalabril.com\/en\/personnel\/dr-jose-gonzalez-godino\/"]}]},{"@type":"BreadcrumbList","@id":"https:\/\/dentalabril.com\/en\/personnel\/dr-jose-gonzalez-godino\/#breadcrumb","itemListElement":[{"@type":"ListItem","position":1,"name":"Portada","item":"https:\/\/dentalabril.com\/en\/inicio\/"},{"@type":"ListItem","position":2,"name":"Personnel","item":"https:\/\/dentalabril.com\/en\/personnel\/"},{"@type":"ListItem","position":3,"name":"Dr. Jos\u00e9 Gonz\u00e1lez Godino"}]},{"@type":"WebSite","@id":"https:\/\/dentalabril.com\/#website","url":"https:\/\/dentalabril.com\/","name":"Cl\u00ednica Dental Abril","description":"Tu cl\u00ednica dental en Barcelona","publisher":{"@id":"https:\/\/dentalabril.com\/#organization"},"alternateName":"Dental Abril","potentialAction":[{"@type":"SearchAction","target":{"@type":"EntryPoint","urlTemplate":"https:\/\/dentalabril.com\/?s={search_term_string}"},"query-input":"required name=search_term_string"}],"inLanguage":"en-US"},{"@type":"Organization","@id":"https:\/\/dentalabril.com\/#organization","name":"Cl\u00ednica Dental Abril","alternateName":"Dental Abril","url":"https:\/\/dentalabril.com\/","logo":{"@type":"ImageObject","inLanguage":"en-US","@id":"https:\/\/dentalabril.com\/#\/schema\/logo\/image\/","url":"https:\/\/dentalabril.com\/wp-content\/uploads\/2023\/03\/BBceBSJt_400x400.jpg","contentUrl":"https:\/\/dentalabril.com\/wp-content\/uploads\/2023\/03\/BBceBSJt_400x400.jpg","width":400,"height":400,"caption":"Cl\u00ednica Dental Abril"},"image":{"@id":"https:\/\/dentalabril.com\/#\/schema\/logo\/image\/"},"sameAs":["https:\/\/www.facebook.com\/clinicadentalabril\/","https:\/\/www.instagram.com\/dentalabril\/"]}]}},"_links":{"self":[{"href":"https:\/\/dentalabril.com\/en\/wp-json\/wp\/v2\/pages\/277"}],"collection":[{"href":"https:\/\/dentalabril.com\/en\/wp-json\/wp\/v2\/pages"}],"about":[{"href":"https:\/\/dentalabril.com\/en\/wp-json\/wp\/v2\/types\/page"}],"author":[{"embeddable":true,"href":"https:\/\/dentalabril.com\/en\/wp-json\/wp\/v2\/users\/1"}],"replies":[{"embeddable":true,"href":"https:\/\/dentalabril.com\/en\/wp-json\/wp\/v2\/comments?post=277"}],"version-history":[{"count":0,"href":"https:\/\/dentalabril.com\/en\/wp-json\/wp\/v2\/pages\/277\/revisions"}],"up":[{"embeddable":true,"href":"https:\/\/dentalabril.com\/en\/wp-json\/wp\/v2\/pages\/274"}],"wp:attachment":[{"href":"https:\/\/dentalabril.com\/en\/wp-json\/wp\/v2\/media?parent=277"}],"curies":[{"name":"wp","href":"https:\/\/api.w.org\/{rel}","templated":true}]}}