{"id":11303,"date":"2024-07-14T10:15:10","date_gmt":"2024-07-14T08:15:10","guid":{"rendered":"https:\/\/dentalabril.com\/guided-biofilm-therapy-gbt-airflow\/"},"modified":"2024-07-14T10:15:10","modified_gmt":"2024-07-14T08:15:10","slug":"guided-biofilm-therapy-gbt-airflow","status":"publish","type":"page","link":"https:\/\/dentalabril.com\/ca\/guided-biofilm-therapy-gbt-airflow\/","title":{"rendered":"Guided Biofilm Therapy\u00ae GBT\u00ae Airflow\u00ae"},"content":{"rendered":"<p><a href=\"https:\/\/dentalabril.com\/wp-content\/uploads\/2024\/07\/IMG_20240713_200447.jpg\"><img fetchpriority=\"high\" decoding=\"async\" class=\"size-full wp-image-11290\" src=\"https:\/\/dentalabril.com\/wp-content\/uploads\/2024\/07\/IMG_20240713_200447.jpg\" alt=\"\" width=\"931\" height=\"688\" srcset=\"https:\/\/dentalabril.com\/wp-content\/uploads\/2024\/07\/IMG_20240713_200447.jpg 931w, https:\/\/dentalabril.com\/wp-content\/uploads\/2024\/07\/IMG_20240713_200447-300x222.jpg 300w, https:\/\/dentalabril.com\/wp-content\/uploads\/2024\/07\/IMG_20240713_200447-768x568.jpg 768w, https:\/\/dentalabril.com\/wp-content\/uploads\/2024\/07\/IMG_20240713_200447-636x470.jpg 636w, https:\/\/dentalabril.com\/wp-content\/uploads\/2024\/07\/IMG_20240713_200447-320x236.jpg 320w, https:\/\/dentalabril.com\/wp-content\/uploads\/2024\/07\/IMG_20240713_200447-239x177.jpg 239w\" sizes=\"(max-width: 931px) 100vw, 931px\" \/><\/a><\/p>\n<p>&nbsp;<\/p>\n<p>El procediment GBT \u00e9s un m\u00e8tode modern desenvolupat en col\u00b7laboraci\u00f3 amb Universitats, experts i l&#8217;empresa su\u00efssa EMS, que utilitza un protocol per a la profilaxi dental i la ter\u00e0pia periodontal, enfocat fonamentalment a l&#8217;eliminaci\u00f3 del biofilm d&#8217;una manera molt efectiva i m\u00ednimament invasiva.<\/p>\n<p>Cl\u00ednica Dental Abril \u00e9s un centre certificat en GBT\u00ae a la cura oral professional preventiva.<\/p>\n<p>&nbsp;<\/p>\n<p>L&#8217;eliminaci\u00f3 del biofilm contribueix a mantenir una boca sana, ja que la seva acumulaci\u00f3 en el temps pot ser causa de c\u00e0ries, gingivitis, periodontitis i tamb\u00e9 de possibles malalties sist\u00e8miques, ja que els estudis demostren que el biofilm incrementa el risc de diabetis, cardiopaties, Alzheimer i malalties de vies respirat\u00f2ries.<\/p>\n<p>\u00c9s una ter\u00e0pia protocol\u00b7litzada, que consta de diversos passos, molt c\u00f2moda i indolora, ja que l&#8217;aigua t\u00e8bia proporciona una sensaci\u00f3 agradable per al pacient, realment \u00e9s una experi\u00e8ncia confortable ja que tots els elements que s&#8217;utilitzen s\u00f3n molt suaus i precisos, i l\u00f2gicament tamb\u00e9 eliminarem les tincions, les taques i el c\u00e0lcul.<\/p>\n<p>Molt indicada per a tots aquells pacients periodontals i amb sensibilitat, ja que realment aquesta ter\u00e0pia significa un canvi de paradigma, no nom\u00e9s perqu\u00e8 els pacients queden contents sin\u00f3 per la base cient\u00edfica que avala aquest protocol.<\/p>\n<p><a href=\"https:\/\/dentalabril.com\/wp-content\/uploads\/2024\/07\/1.jpg\"><img decoding=\"async\" class=\"alignnone size-full wp-image-11294\" src=\"https:\/\/dentalabril.com\/wp-content\/uploads\/2024\/07\/1.jpg\" alt=\"\" width=\"1106\" height=\"1588\" srcset=\"https:\/\/dentalabril.com\/wp-content\/uploads\/2024\/07\/1.jpg 1106w, https:\/\/dentalabril.com\/wp-content\/uploads\/2024\/07\/1-209x300.jpg 209w, https:\/\/dentalabril.com\/wp-content\/uploads\/2024\/07\/1-713x1024.jpg 713w, https:\/\/dentalabril.com\/wp-content\/uploads\/2024\/07\/1-768x1103.jpg 768w, https:\/\/dentalabril.com\/wp-content\/uploads\/2024\/07\/1-1070x1536.jpg 1070w, https:\/\/dentalabril.com\/wp-content\/uploads\/2024\/07\/1-968x1390.jpg 968w, https:\/\/dentalabril.com\/wp-content\/uploads\/2024\/07\/1-636x913.jpg 636w, https:\/\/dentalabril.com\/wp-content\/uploads\/2024\/07\/1-320x459.jpg 320w, https:\/\/dentalabril.com\/wp-content\/uploads\/2024\/07\/1-239x343.jpg 239w\" sizes=\"(max-width: 1106px) 100vw, 1106px\" \/><\/a><\/p>\n","protected":false},"excerpt":{"rendered":"<p>&nbsp; El procediment GBT \u00e9s un m\u00e8tode modern desenvolupat en col\u00b7laboraci\u00f3 amb Universitats, experts i l&#8217;empresa su\u00efssa EMS, que utilitza un protocol per a la profilaxi dental i la ter\u00e0pia periodontal, enfocat fonamentalment a l&#8217;eliminaci\u00f3 del biofilm d&#8217;una manera molt efectiva i m\u00ednimament invasiva. Cl\u00ednica Dental Abril \u00e9s un centre certificat en GBT\u00ae a la [&hellip;]<\/p>\n","protected":false},"author":4,"featured_media":0,"parent":0,"menu_order":0,"comment_status":"open","ping_status":"open","template":"","meta":{"_joinchat":[],"footnotes":""},"class_list":["post-11303","page","type-page","status-publish"],"yoast_head":"<!-- This site is optimized with the Yoast SEO plugin v23.1 - https:\/\/yoast.com\/wordpress\/plugins\/seo\/ -->\n<title>Guided Biofilm Therapy\u00ae GBT\u00ae Airflow\u00ae | Cl\u00ednica dental Abril<\/title>\n<meta name=\"robots\" content=\"index, follow, max-snippet:-1, max-image-preview:large, max-video-preview:-1\" \/>\n<link rel=\"canonical\" href=\"https:\/\/dentalabril.com\/guided-biofilm-therapy-gbt-airflow\/\" \/>\n<meta property=\"og:locale\" content=\"ca_ES\" \/>\n<meta property=\"og:type\" content=\"article\" \/>\n<meta property=\"og:title\" content=\"Guided Biofilm Therapy\u00ae GBT\u00ae Airflow\u00ae | Cl\u00ednica dental Abril\" \/>\n<meta property=\"og:description\" content=\"&nbsp; El procediment GBT \u00e9s un m\u00e8tode modern desenvolupat en col\u00b7laboraci\u00f3 amb Universitats, experts i l&#8217;empresa su\u00efssa EMS, que utilitza un protocol per a la profilaxi dental i la ter\u00e0pia periodontal, enfocat fonamentalment a l&#8217;eliminaci\u00f3 del biofilm d&#8217;una manera molt efectiva i m\u00ednimament invasiva. Cl\u00ednica Dental Abril \u00e9s un centre certificat en GBT\u00ae a la [&hellip;]\" \/>\n<meta property=\"og:url\" content=\"https:\/\/dentalabril.com\/guided-biofilm-therapy-gbt-airflow\/\" \/>\n<meta property=\"og:site_name\" content=\"Cl\u00ednica dental Abril\" \/>\n<meta property=\"article:publisher\" content=\"https:\/\/www.facebook.com\/clinicadentalabril\/\" \/>\n<meta property=\"og:image\" content=\"https:\/\/dentalabril.com\/wp-content\/uploads\/2024\/07\/IMG_20240713_200447.jpg\" \/>\n<meta name=\"twitter:card\" content=\"summary_large_image\" \/>\n<meta name=\"twitter:label1\" content=\"Temps estimat de lectura\" \/>\n\t<meta name=\"twitter:data1\" content=\"1 minut\" \/>\n<script type=\"application\/ld+json\" class=\"yoast-schema-graph\">{\"@context\":\"https:\/\/schema.org\",\"@graph\":[{\"@type\":\"WebPage\",\"@id\":\"https:\/\/dentalabril.com\/guided-biofilm-therapy-gbt-airflow\/\",\"url\":\"https:\/\/dentalabril.com\/guided-biofilm-therapy-gbt-airflow\/\",\"name\":\"Guided Biofilm Therapy\u00ae GBT\u00ae Airflow\u00ae | Cl\u00ednica dental Abril\",\"isPartOf\":{\"@id\":\"https:\/\/dentalabril.com\/#website\"},\"primaryImageOfPage\":{\"@id\":\"https:\/\/dentalabril.com\/guided-biofilm-therapy-gbt-airflow\/#primaryimage\"},\"image\":{\"@id\":\"https:\/\/dentalabril.com\/guided-biofilm-therapy-gbt-airflow\/#primaryimage\"},\"thumbnailUrl\":\"https:\/\/dentalabril.com\/wp-content\/uploads\/2024\/07\/IMG_20240713_200447.jpg\",\"datePublished\":\"2024-07-14T08:15:10+00:00\",\"dateModified\":\"2024-07-14T08:15:10+00:00\",\"breadcrumb\":{\"@id\":\"https:\/\/dentalabril.com\/guided-biofilm-therapy-gbt-airflow\/#breadcrumb\"},\"inLanguage\":\"ca\",\"potentialAction\":[{\"@type\":\"ReadAction\",\"target\":[\"https:\/\/dentalabril.com\/guided-biofilm-therapy-gbt-airflow\/\"]}]},{\"@type\":\"ImageObject\",\"inLanguage\":\"ca\",\"@id\":\"https:\/\/dentalabril.com\/guided-biofilm-therapy-gbt-airflow\/#primaryimage\",\"url\":\"https:\/\/dentalabril.com\/wp-content\/uploads\/2024\/07\/IMG_20240713_200447.jpg\",\"contentUrl\":\"https:\/\/dentalabril.com\/wp-content\/uploads\/2024\/07\/IMG_20240713_200447.jpg\"},{\"@type\":\"BreadcrumbList\",\"@id\":\"https:\/\/dentalabril.com\/guided-biofilm-therapy-gbt-airflow\/#breadcrumb\",\"itemListElement\":[{\"@type\":\"ListItem\",\"position\":1,\"name\":\"Portada\",\"item\":\"https:\/\/dentalabril.com\/ca\/clinica-dental-abril-a-barcelona\/\"},{\"@type\":\"ListItem\",\"position\":2,\"name\":\"Guided Biofilm Therapy\u00ae GBT\u00ae Airflow\u00ae\"}]},{\"@type\":\"WebSite\",\"@id\":\"https:\/\/dentalabril.com\/#website\",\"url\":\"https:\/\/dentalabril.com\/\",\"name\":\"Cl\u00ednica Dental Abril\",\"description\":\"Tu cl\u00ednica dental en Barcelona\",\"publisher\":{\"@id\":\"https:\/\/dentalabril.com\/#organization\"},\"alternateName\":\"Dental Abril\",\"potentialAction\":[{\"@type\":\"SearchAction\",\"target\":{\"@type\":\"EntryPoint\",\"urlTemplate\":\"https:\/\/dentalabril.com\/?s={search_term_string}\"},\"query-input\":\"required name=search_term_string\"}],\"inLanguage\":\"ca\"},{\"@type\":\"Organization\",\"@id\":\"https:\/\/dentalabril.com\/#organization\",\"name\":\"Cl\u00ednica Dental Abril\",\"alternateName\":\"Dental Abril\",\"url\":\"https:\/\/dentalabril.com\/\",\"logo\":{\"@type\":\"ImageObject\",\"inLanguage\":\"ca\",\"@id\":\"https:\/\/dentalabril.com\/#\/schema\/logo\/image\/\",\"url\":\"https:\/\/dentalabril.com\/wp-content\/uploads\/2023\/03\/BBceBSJt_400x400.jpg\",\"contentUrl\":\"https:\/\/dentalabril.com\/wp-content\/uploads\/2023\/03\/BBceBSJt_400x400.jpg\",\"width\":400,\"height\":400,\"caption\":\"Cl\u00ednica Dental Abril\"},\"image\":{\"@id\":\"https:\/\/dentalabril.com\/#\/schema\/logo\/image\/\"},\"sameAs\":[\"https:\/\/www.facebook.com\/clinicadentalabril\/\",\"https:\/\/www.instagram.com\/dentalabril\/\"]}]}<\/script>\n<!-- \/ Yoast SEO plugin. -->","yoast_head_json":{"title":"Guided Biofilm Therapy\u00ae GBT\u00ae Airflow\u00ae | Cl\u00ednica dental Abril","robots":{"index":"index","follow":"follow","max-snippet":"max-snippet:-1","max-image-preview":"max-image-preview:large","max-video-preview":"max-video-preview:-1"},"canonical":"https:\/\/dentalabril.com\/guided-biofilm-therapy-gbt-airflow\/","og_locale":"ca_ES","og_type":"article","og_title":"Guided Biofilm Therapy\u00ae GBT\u00ae Airflow\u00ae | Cl\u00ednica dental Abril","og_description":"&nbsp; El procediment GBT \u00e9s un m\u00e8tode modern desenvolupat en col\u00b7laboraci\u00f3 amb Universitats, experts i l&#8217;empresa su\u00efssa EMS, que utilitza un protocol per a la profilaxi dental i la ter\u00e0pia periodontal, enfocat fonamentalment a l&#8217;eliminaci\u00f3 del biofilm d&#8217;una manera molt efectiva i m\u00ednimament invasiva. Cl\u00ednica Dental Abril \u00e9s un centre certificat en GBT\u00ae a la [&hellip;]","og_url":"https:\/\/dentalabril.com\/guided-biofilm-therapy-gbt-airflow\/","og_site_name":"Cl\u00ednica dental Abril","article_publisher":"https:\/\/www.facebook.com\/clinicadentalabril\/","og_image":[{"url":"https:\/\/dentalabril.com\/wp-content\/uploads\/2024\/07\/IMG_20240713_200447.jpg"}],"twitter_card":"summary_large_image","twitter_misc":{"Temps estimat de lectura":"1 minut"},"schema":{"@context":"https:\/\/schema.org","@graph":[{"@type":"WebPage","@id":"https:\/\/dentalabril.com\/guided-biofilm-therapy-gbt-airflow\/","url":"https:\/\/dentalabril.com\/guided-biofilm-therapy-gbt-airflow\/","name":"Guided Biofilm Therapy\u00ae GBT\u00ae Airflow\u00ae | Cl\u00ednica dental Abril","isPartOf":{"@id":"https:\/\/dentalabril.com\/#website"},"primaryImageOfPage":{"@id":"https:\/\/dentalabril.com\/guided-biofilm-therapy-gbt-airflow\/#primaryimage"},"image":{"@id":"https:\/\/dentalabril.com\/guided-biofilm-therapy-gbt-airflow\/#primaryimage"},"thumbnailUrl":"https:\/\/dentalabril.com\/wp-content\/uploads\/2024\/07\/IMG_20240713_200447.jpg","datePublished":"2024-07-14T08:15:10+00:00","dateModified":"2024-07-14T08:15:10+00:00","breadcrumb":{"@id":"https:\/\/dentalabril.com\/guided-biofilm-therapy-gbt-airflow\/#breadcrumb"},"inLanguage":"ca","potentialAction":[{"@type":"ReadAction","target":["https:\/\/dentalabril.com\/guided-biofilm-therapy-gbt-airflow\/"]}]},{"@type":"ImageObject","inLanguage":"ca","@id":"https:\/\/dentalabril.com\/guided-biofilm-therapy-gbt-airflow\/#primaryimage","url":"https:\/\/dentalabril.com\/wp-content\/uploads\/2024\/07\/IMG_20240713_200447.jpg","contentUrl":"https:\/\/dentalabril.com\/wp-content\/uploads\/2024\/07\/IMG_20240713_200447.jpg"},{"@type":"BreadcrumbList","@id":"https:\/\/dentalabril.com\/guided-biofilm-therapy-gbt-airflow\/#breadcrumb","itemListElement":[{"@type":"ListItem","position":1,"name":"Portada","item":"https:\/\/dentalabril.com\/ca\/clinica-dental-abril-a-barcelona\/"},{"@type":"ListItem","position":2,"name":"Guided Biofilm Therapy\u00ae GBT\u00ae Airflow\u00ae"}]},{"@type":"WebSite","@id":"https:\/\/dentalabril.com\/#website","url":"https:\/\/dentalabril.com\/","name":"Cl\u00ednica Dental Abril","description":"Tu cl\u00ednica dental en Barcelona","publisher":{"@id":"https:\/\/dentalabril.com\/#organization"},"alternateName":"Dental Abril","potentialAction":[{"@type":"SearchAction","target":{"@type":"EntryPoint","urlTemplate":"https:\/\/dentalabril.com\/?s={search_term_string}"},"query-input":"required name=search_term_string"}],"inLanguage":"ca"},{"@type":"Organization","@id":"https:\/\/dentalabril.com\/#organization","name":"Cl\u00ednica Dental Abril","alternateName":"Dental Abril","url":"https:\/\/dentalabril.com\/","logo":{"@type":"ImageObject","inLanguage":"ca","@id":"https:\/\/dentalabril.com\/#\/schema\/logo\/image\/","url":"https:\/\/dentalabril.com\/wp-content\/uploads\/2023\/03\/BBceBSJt_400x400.jpg","contentUrl":"https:\/\/dentalabril.com\/wp-content\/uploads\/2023\/03\/BBceBSJt_400x400.jpg","width":400,"height":400,"caption":"Cl\u00ednica Dental Abril"},"image":{"@id":"https:\/\/dentalabril.com\/#\/schema\/logo\/image\/"},"sameAs":["https:\/\/www.facebook.com\/clinicadentalabril\/","https:\/\/www.instagram.com\/dentalabril\/"]}]}},"_links":{"self":[{"href":"https:\/\/dentalabril.com\/ca\/wp-json\/wp\/v2\/pages\/11303"}],"collection":[{"href":"https:\/\/dentalabril.com\/ca\/wp-json\/wp\/v2\/pages"}],"about":[{"href":"https:\/\/dentalabril.com\/ca\/wp-json\/wp\/v2\/types\/page"}],"author":[{"embeddable":true,"href":"https:\/\/dentalabril.com\/ca\/wp-json\/wp\/v2\/users\/4"}],"replies":[{"embeddable":true,"href":"https:\/\/dentalabril.com\/ca\/wp-json\/wp\/v2\/comments?post=11303"}],"version-history":[{"count":0,"href":"https:\/\/dentalabril.com\/ca\/wp-json\/wp\/v2\/pages\/11303\/revisions"}],"wp:attachment":[{"href":"https:\/\/dentalabril.com\/ca\/wp-json\/wp\/v2\/media?parent=11303"}],"curies":[{"name":"wp","href":"https:\/\/api.w.org\/{rel}","templated":true}]}}