{"id":11063,"date":"2024-07-09T08:40:45","date_gmt":"2024-07-09T06:40:45","guid":{"rendered":"https:\/\/dentalabril.com\/tractaments\/prevencio-i-higiene-bucodental\/"},"modified":"2024-07-09T08:40:45","modified_gmt":"2024-07-09T06:40:45","slug":"prevencio-i-higiene-bucodental","status":"publish","type":"page","link":"https:\/\/dentalabril.com\/ca\/tractaments\/prevencio-i-higiene-bucodental\/","title":{"rendered":"Prevenci\u00f3 i higiene bucodental"},"content":{"rendered":"<h2><span class=\"rojo\" style=\"color: #962525;\">En qu\u00e8 consisteix la prevenci\u00f3 i la higiene dental?<\/span><\/h2>\n<p>El raspallat de dents i la neteja interdental di\u00e0ria ens ajuden a mantenir la salut de les nostres dents i genives, disminuint la probabilitat de tenir c\u00e0ries o malaltia gingival.<\/p>\n<p><img fetchpriority=\"high\" decoding=\"async\" class=\"alignnone size-full wp-image-161\" src=\"http:\/\/dentalabril.com\/\/wp-content\/uploads\/2015\/05\/higiene-dental.png\" alt=\"higiene dental\" width=\"300\" height=\"182\" srcset=\"https:\/\/dentalabril.com\/wp-content\/uploads\/2015\/05\/higiene-dental.png 300w, https:\/\/dentalabril.com\/wp-content\/uploads\/2015\/05\/higiene-dental-239x145.png 239w\" sizes=\"(max-width: 300px) 100vw, 300px\" \/><\/p>\n<h3>Cures a casa<\/h3>\n<p>\u00c9s aconsellable raspallar-se les dents entre 2 i 3 vegades al dia, el temps que invertim no ha de ser inferior a dos minuts a cada raspallat. La utilitzaci\u00f3 d&#8217;un raspall de grau mitj\u00e0 ens ajudar\u00e0 a netejar correctament la superf\u00edcie de les nostres dents. Si fem servir un raspall suau pot ser que no fem un bon escombrat de la placa microbiana i si fem servir un raspall fort, podem arribar a fer malb\u00e9 la geniva i provocar retraccions amb abrasi\u00f3 als colls dentals. Per aix\u00f2 \u00e9s molt important utilitzar el raspall adequat, una t\u00e8cnica correcta i recanviar-lo cada tres mesos.<\/p>\n<p>A la visita on realitzem la higiene bucal a m\u00e9s d&#8217;eliminar la tosca, taques i fer el poliment de les superf\u00edcies, indiquem quina \u00e9s la t\u00e8cnica de raspallat m\u00e9s apropiada, aix\u00ed com l&#8217;\u00fas d&#8217;elements d&#8217;higiene interdent\u00e0ria com fil dental o raspalls interproximals, segons sigui el cas de cada pacient.<\/p>\n<p><img decoding=\"async\" class=\"alignnone size-full wp-image-160\" src=\"http:\/\/dentalabril.com\/\/wp-content\/uploads\/2015\/05\/hilo.png\" alt=\"fil\" width=\"300\" height=\"125\" srcset=\"https:\/\/dentalabril.com\/wp-content\/uploads\/2015\/05\/hilo.png 300w, https:\/\/dentalabril.com\/wp-content\/uploads\/2015\/05\/hilo-239x100.png 239w\" sizes=\"(max-width: 300px) 100vw, 300px\" \/><\/p>\n<p>De vegades complementem amb la indicaci\u00f3 d&#8217;irrigadors bucals (sobretot en pacients que porten implants) i raspadors linguals.<\/p>\n<p><img decoding=\"async\" class=\"alignnone size-full wp-image-162\" src=\"http:\/\/dentalabril.com\/\/wp-content\/uploads\/2015\/05\/higiene-dental-lingual.png\" alt=\"higiene dental lingual\" width=\"512\" height=\"173\" srcset=\"https:\/\/dentalabril.com\/wp-content\/uploads\/2015\/05\/higiene-dental-lingual.png 512w, https:\/\/dentalabril.com\/wp-content\/uploads\/2015\/05\/higiene-dental-lingual-300x101.png 300w, https:\/\/dentalabril.com\/wp-content\/uploads\/2015\/05\/higiene-dental-lingual-320x108.png 320w, https:\/\/dentalabril.com\/wp-content\/uploads\/2015\/05\/higiene-dental-lingual-239x81.png 239w\" sizes=\"(max-width: 512px) 100vw, 512px\" \/><\/p>\n","protected":false},"excerpt":{"rendered":"<p>En qu\u00e8 consisteix la prevenci\u00f3 i la higiene dental? El raspallat de dents i la neteja interdental di\u00e0ria ens ajuden a mantenir la salut de les nostres dents i genives, disminuint la probabilitat de tenir c\u00e0ries o malaltia gingival. Cures a casa \u00c9s aconsellable raspallar-se les dents entre 2 i 3 vegades al dia, el [&hellip;]<\/p>\n","protected":false},"author":4,"featured_media":0,"parent":11046,"menu_order":0,"comment_status":"closed","ping_status":"closed","template":"g1_template_page_sidebar_left.php","meta":{"_joinchat":[],"footnotes":""},"class_list":["post-11063","page","type-page","status-publish"],"yoast_head":"<!-- This site is optimized with the Yoast SEO plugin v23.1 - https:\/\/yoast.com\/wordpress\/plugins\/seo\/ -->\n<title>Prevenci\u00f3 i higiene bucodental | Cl\u00ednica dental Abril<\/title>\n<meta name=\"robots\" content=\"index, follow, max-snippet:-1, max-image-preview:large, max-video-preview:-1\" \/>\n<link rel=\"canonical\" href=\"https:\/\/dentalabril.com\/ca\/tractaments\/prevencio-i-higiene-bucodental\/\" \/>\n<meta property=\"og:locale\" content=\"ca_ES\" \/>\n<meta property=\"og:type\" content=\"article\" \/>\n<meta property=\"og:title\" content=\"Prevenci\u00f3 i higiene bucodental | Cl\u00ednica dental Abril\" \/>\n<meta property=\"og:description\" content=\"En qu\u00e8 consisteix la prevenci\u00f3 i la higiene dental? El raspallat de dents i la neteja interdental di\u00e0ria ens ajuden a mantenir la salut de les nostres dents i genives, disminuint la probabilitat de tenir c\u00e0ries o malaltia gingival. Cures a casa \u00c9s aconsellable raspallar-se les dents entre 2 i 3 vegades al dia, el [&hellip;]\" \/>\n<meta property=\"og:url\" content=\"https:\/\/dentalabril.com\/ca\/tractaments\/prevencio-i-higiene-bucodental\/\" \/>\n<meta property=\"og:site_name\" content=\"Cl\u00ednica dental Abril\" \/>\n<meta property=\"article:publisher\" content=\"https:\/\/www.facebook.com\/clinicadentalabril\/\" \/>\n<meta property=\"og:image\" content=\"http:\/\/dentalabril.com\/\/wp-content\/uploads\/2015\/05\/higiene-dental.png\" \/>\n<meta name=\"twitter:card\" content=\"summary_large_image\" \/>\n<meta name=\"twitter:label1\" content=\"Temps estimat de lectura\" \/>\n\t<meta name=\"twitter:data1\" content=\"1 minut\" \/>\n<script type=\"application\/ld+json\" class=\"yoast-schema-graph\">{\"@context\":\"https:\/\/schema.org\",\"@graph\":[{\"@type\":\"WebPage\",\"@id\":\"https:\/\/dentalabril.com\/ca\/tractaments\/prevencio-i-higiene-bucodental\/\",\"url\":\"https:\/\/dentalabril.com\/ca\/tractaments\/prevencio-i-higiene-bucodental\/\",\"name\":\"Prevenci\u00f3 i higiene bucodental | Cl\u00ednica dental Abril\",\"isPartOf\":{\"@id\":\"https:\/\/dentalabril.com\/#website\"},\"primaryImageOfPage\":{\"@id\":\"https:\/\/dentalabril.com\/ca\/tractaments\/prevencio-i-higiene-bucodental\/#primaryimage\"},\"image\":{\"@id\":\"https:\/\/dentalabril.com\/ca\/tractaments\/prevencio-i-higiene-bucodental\/#primaryimage\"},\"thumbnailUrl\":\"http:\/\/dentalabril.com\/\/wp-content\/uploads\/2015\/05\/higiene-dental.png\",\"datePublished\":\"2024-07-09T06:40:45+00:00\",\"dateModified\":\"2024-07-09T06:40:45+00:00\",\"breadcrumb\":{\"@id\":\"https:\/\/dentalabril.com\/ca\/tractaments\/prevencio-i-higiene-bucodental\/#breadcrumb\"},\"inLanguage\":\"ca\",\"potentialAction\":[{\"@type\":\"ReadAction\",\"target\":[\"https:\/\/dentalabril.com\/ca\/tractaments\/prevencio-i-higiene-bucodental\/\"]}]},{\"@type\":\"ImageObject\",\"inLanguage\":\"ca\",\"@id\":\"https:\/\/dentalabril.com\/ca\/tractaments\/prevencio-i-higiene-bucodental\/#primaryimage\",\"url\":\"http:\/\/dentalabril.com\/\/wp-content\/uploads\/2015\/05\/higiene-dental.png\",\"contentUrl\":\"http:\/\/dentalabril.com\/\/wp-content\/uploads\/2015\/05\/higiene-dental.png\"},{\"@type\":\"BreadcrumbList\",\"@id\":\"https:\/\/dentalabril.com\/ca\/tractaments\/prevencio-i-higiene-bucodental\/#breadcrumb\",\"itemListElement\":[{\"@type\":\"ListItem\",\"position\":1,\"name\":\"Portada\",\"item\":\"https:\/\/dentalabril.com\/ca\/clinica-dental-abril-a-barcelona\/\"},{\"@type\":\"ListItem\",\"position\":2,\"name\":\"Tractaments\",\"item\":\"https:\/\/dentalabril.com\/ca\/tractaments\/\"},{\"@type\":\"ListItem\",\"position\":3,\"name\":\"Prevenci\u00f3 i higiene bucodental\"}]},{\"@type\":\"WebSite\",\"@id\":\"https:\/\/dentalabril.com\/#website\",\"url\":\"https:\/\/dentalabril.com\/\",\"name\":\"Cl\u00ednica Dental Abril\",\"description\":\"Tu cl\u00ednica dental en Barcelona\",\"publisher\":{\"@id\":\"https:\/\/dentalabril.com\/#organization\"},\"alternateName\":\"Dental Abril\",\"potentialAction\":[{\"@type\":\"SearchAction\",\"target\":{\"@type\":\"EntryPoint\",\"urlTemplate\":\"https:\/\/dentalabril.com\/?s={search_term_string}\"},\"query-input\":\"required name=search_term_string\"}],\"inLanguage\":\"ca\"},{\"@type\":\"Organization\",\"@id\":\"https:\/\/dentalabril.com\/#organization\",\"name\":\"Cl\u00ednica Dental Abril\",\"alternateName\":\"Dental Abril\",\"url\":\"https:\/\/dentalabril.com\/\",\"logo\":{\"@type\":\"ImageObject\",\"inLanguage\":\"ca\",\"@id\":\"https:\/\/dentalabril.com\/#\/schema\/logo\/image\/\",\"url\":\"https:\/\/dentalabril.com\/wp-content\/uploads\/2023\/03\/BBceBSJt_400x400.jpg\",\"contentUrl\":\"https:\/\/dentalabril.com\/wp-content\/uploads\/2023\/03\/BBceBSJt_400x400.jpg\",\"width\":400,\"height\":400,\"caption\":\"Cl\u00ednica Dental Abril\"},\"image\":{\"@id\":\"https:\/\/dentalabril.com\/#\/schema\/logo\/image\/\"},\"sameAs\":[\"https:\/\/www.facebook.com\/clinicadentalabril\/\",\"https:\/\/www.instagram.com\/dentalabril\/\"]}]}<\/script>\n<!-- \/ Yoast SEO plugin. -->","yoast_head_json":{"title":"Prevenci\u00f3 i higiene bucodental | Cl\u00ednica dental Abril","robots":{"index":"index","follow":"follow","max-snippet":"max-snippet:-1","max-image-preview":"max-image-preview:large","max-video-preview":"max-video-preview:-1"},"canonical":"https:\/\/dentalabril.com\/ca\/tractaments\/prevencio-i-higiene-bucodental\/","og_locale":"ca_ES","og_type":"article","og_title":"Prevenci\u00f3 i higiene bucodental | Cl\u00ednica dental Abril","og_description":"En qu\u00e8 consisteix la prevenci\u00f3 i la higiene dental? El raspallat de dents i la neteja interdental di\u00e0ria ens ajuden a mantenir la salut de les nostres dents i genives, disminuint la probabilitat de tenir c\u00e0ries o malaltia gingival. Cures a casa \u00c9s aconsellable raspallar-se les dents entre 2 i 3 vegades al dia, el [&hellip;]","og_url":"https:\/\/dentalabril.com\/ca\/tractaments\/prevencio-i-higiene-bucodental\/","og_site_name":"Cl\u00ednica dental Abril","article_publisher":"https:\/\/www.facebook.com\/clinicadentalabril\/","og_image":[{"url":"http:\/\/dentalabril.com\/\/wp-content\/uploads\/2015\/05\/higiene-dental.png"}],"twitter_card":"summary_large_image","twitter_misc":{"Temps estimat de lectura":"1 minut"},"schema":{"@context":"https:\/\/schema.org","@graph":[{"@type":"WebPage","@id":"https:\/\/dentalabril.com\/ca\/tractaments\/prevencio-i-higiene-bucodental\/","url":"https:\/\/dentalabril.com\/ca\/tractaments\/prevencio-i-higiene-bucodental\/","name":"Prevenci\u00f3 i higiene bucodental | Cl\u00ednica dental Abril","isPartOf":{"@id":"https:\/\/dentalabril.com\/#website"},"primaryImageOfPage":{"@id":"https:\/\/dentalabril.com\/ca\/tractaments\/prevencio-i-higiene-bucodental\/#primaryimage"},"image":{"@id":"https:\/\/dentalabril.com\/ca\/tractaments\/prevencio-i-higiene-bucodental\/#primaryimage"},"thumbnailUrl":"http:\/\/dentalabril.com\/\/wp-content\/uploads\/2015\/05\/higiene-dental.png","datePublished":"2024-07-09T06:40:45+00:00","dateModified":"2024-07-09T06:40:45+00:00","breadcrumb":{"@id":"https:\/\/dentalabril.com\/ca\/tractaments\/prevencio-i-higiene-bucodental\/#breadcrumb"},"inLanguage":"ca","potentialAction":[{"@type":"ReadAction","target":["https:\/\/dentalabril.com\/ca\/tractaments\/prevencio-i-higiene-bucodental\/"]}]},{"@type":"ImageObject","inLanguage":"ca","@id":"https:\/\/dentalabril.com\/ca\/tractaments\/prevencio-i-higiene-bucodental\/#primaryimage","url":"http:\/\/dentalabril.com\/\/wp-content\/uploads\/2015\/05\/higiene-dental.png","contentUrl":"http:\/\/dentalabril.com\/\/wp-content\/uploads\/2015\/05\/higiene-dental.png"},{"@type":"BreadcrumbList","@id":"https:\/\/dentalabril.com\/ca\/tractaments\/prevencio-i-higiene-bucodental\/#breadcrumb","itemListElement":[{"@type":"ListItem","position":1,"name":"Portada","item":"https:\/\/dentalabril.com\/ca\/clinica-dental-abril-a-barcelona\/"},{"@type":"ListItem","position":2,"name":"Tractaments","item":"https:\/\/dentalabril.com\/ca\/tractaments\/"},{"@type":"ListItem","position":3,"name":"Prevenci\u00f3 i higiene bucodental"}]},{"@type":"WebSite","@id":"https:\/\/dentalabril.com\/#website","url":"https:\/\/dentalabril.com\/","name":"Cl\u00ednica Dental Abril","description":"Tu cl\u00ednica dental en Barcelona","publisher":{"@id":"https:\/\/dentalabril.com\/#organization"},"alternateName":"Dental Abril","potentialAction":[{"@type":"SearchAction","target":{"@type":"EntryPoint","urlTemplate":"https:\/\/dentalabril.com\/?s={search_term_string}"},"query-input":"required name=search_term_string"}],"inLanguage":"ca"},{"@type":"Organization","@id":"https:\/\/dentalabril.com\/#organization","name":"Cl\u00ednica Dental Abril","alternateName":"Dental Abril","url":"https:\/\/dentalabril.com\/","logo":{"@type":"ImageObject","inLanguage":"ca","@id":"https:\/\/dentalabril.com\/#\/schema\/logo\/image\/","url":"https:\/\/dentalabril.com\/wp-content\/uploads\/2023\/03\/BBceBSJt_400x400.jpg","contentUrl":"https:\/\/dentalabril.com\/wp-content\/uploads\/2023\/03\/BBceBSJt_400x400.jpg","width":400,"height":400,"caption":"Cl\u00ednica Dental Abril"},"image":{"@id":"https:\/\/dentalabril.com\/#\/schema\/logo\/image\/"},"sameAs":["https:\/\/www.facebook.com\/clinicadentalabril\/","https:\/\/www.instagram.com\/dentalabril\/"]}]}},"_links":{"self":[{"href":"https:\/\/dentalabril.com\/ca\/wp-json\/wp\/v2\/pages\/11063"}],"collection":[{"href":"https:\/\/dentalabril.com\/ca\/wp-json\/wp\/v2\/pages"}],"about":[{"href":"https:\/\/dentalabril.com\/ca\/wp-json\/wp\/v2\/types\/page"}],"author":[{"embeddable":true,"href":"https:\/\/dentalabril.com\/ca\/wp-json\/wp\/v2\/users\/4"}],"replies":[{"embeddable":true,"href":"https:\/\/dentalabril.com\/ca\/wp-json\/wp\/v2\/comments?post=11063"}],"version-history":[{"count":0,"href":"https:\/\/dentalabril.com\/ca\/wp-json\/wp\/v2\/pages\/11063\/revisions"}],"up":[{"embeddable":true,"href":"https:\/\/dentalabril.com\/ca\/wp-json\/wp\/v2\/pages\/11046"}],"wp:attachment":[{"href":"https:\/\/dentalabril.com\/ca\/wp-json\/wp\/v2\/media?parent=11063"}],"curies":[{"name":"wp","href":"https:\/\/api.w.org\/{rel}","templated":true}]}}