{"id":11062,"date":"2024-07-09T08:39:21","date_gmt":"2024-07-09T06:39:21","guid":{"rendered":"https:\/\/dentalabril.com\/tractaments\/periodoncia-a-sagrada-familia\/"},"modified":"2024-07-09T08:39:21","modified_gmt":"2024-07-09T06:39:21","slug":"periodoncia-a-sagrada-familia","status":"publish","type":"page","link":"https:\/\/dentalabril.com\/ca\/tractaments\/periodoncia-a-sagrada-familia\/","title":{"rendered":"Period\u00f2ncia a Sagrada Fam\u00edlia"},"content":{"rendered":"<h2>Tractaments de period\u00f2ncia a Sagrada Fam\u00edlia<\/h2>\n<h3><span class=\"rojo\" style=\"color: #962525;\">QU\u00c8 \u00c9S LA MALALTIA PERIODONTAL?<\/span><\/h3>\n<p>La malaltia periodontal \u00e9s una patologia inflamat\u00f2ria, d&#8217;origen infecci\u00f3s cr\u00f2nic, que afecta no nom\u00e9s les genives, sin\u00f3 tamb\u00e9 tota l&#8217;estructura de suport de la dent, \u00e9s a dir, lligament periodontal, ciment radicular i os alveolar.<\/p>\n<p><img fetchpriority=\"high\" decoding=\"async\" class=\"alignnone size-full wp-image-115\" src=\"http:\/\/dentalabril.com\/\/wp-content\/uploads\/2015\/05\/Periodoncia002-041.jpg\" alt=\"Period\u00f2ncia002-041\" width=\"1574\" height=\"573\" srcset=\"https:\/\/dentalabril.com\/wp-content\/uploads\/2015\/05\/Periodoncia002-041.jpg 1574w, https:\/\/dentalabril.com\/wp-content\/uploads\/2015\/05\/Periodoncia002-041-300x109.jpg 300w, https:\/\/dentalabril.com\/wp-content\/uploads\/2015\/05\/Periodoncia002-041-1024x373.jpg 1024w, https:\/\/dentalabril.com\/wp-content\/uploads\/2015\/05\/Periodoncia002-041-968x352.jpg 968w, https:\/\/dentalabril.com\/wp-content\/uploads\/2015\/05\/Periodoncia002-041-636x232.jpg 636w, https:\/\/dentalabril.com\/wp-content\/uploads\/2015\/05\/Periodoncia002-041-320x116.jpg 320w, https:\/\/dentalabril.com\/wp-content\/uploads\/2015\/05\/Periodoncia002-041-239x87.jpg 239w\" sizes=\"(max-width: 1574px) 100vw, 1574px\" \/><\/p>\n<h3>Tractaments periodontals<\/h3>\n<p>\u00c9s l&#8217;anomenada <b>\u201cmalaltia silenciosa\u201d<\/b> ja que els problemes a les genives solen manifestar pocs s\u00edmptomes i pot avan\u00e7ar sense dolor, per la qual cosa el pacient no consulta, per aix\u00f2 insistim que cal la visita rutin\u00e0ria a l&#8217;odont\u00f2leg, ja que en etapes precoces \u00e9s el periodontista qui ho diagnostica en una visita de revisi\u00f3.<\/p>\n<p>Sabem que travessa diferents etapes, sent la primera fase la gingivitis, que, si \u00e9s tractada a temps \u00e9s un proc\u00e9s reversible, fins i tot la velocitat a qu\u00e8 avan\u00e7a varia d&#8217;una persona a una altra, fins i tot en un mateix pacient hi ha empentes o per\u00edodes en els que avan\u00e7a molt r\u00e0pid en una \u00e8poca i m\u00e9s lentament en altres moments.<\/p>\n<p><img decoding=\"async\" class=\"alignnone size-full wp-image-116\" src=\"http:\/\/dentalabril.com\/\/wp-content\/uploads\/2015\/05\/periodoncia.jpg\" alt=\"period\u00f2ncia\" width=\"300\" height=\"148\" srcset=\"https:\/\/dentalabril.com\/wp-content\/uploads\/2015\/05\/periodoncia.jpg 300w, https:\/\/dentalabril.com\/wp-content\/uploads\/2015\/05\/periodoncia-239x118.jpg 239w\" sizes=\"(max-width: 300px) 100vw, 300px\" \/><\/p>\n<p>En certs casos, la gingivitis pot evolucionar a alguna de les formes de periodontitis i aix\u00f2 ja implica que l&#8217;estructura de suport de la dent comen\u00e7a a veure&#8217;s afectada. Per aix\u00f2 \u00e9s tan important el diagn\u00f2stic preco\u00e7 per evitar l&#8217;aven\u00e7 de la lesi\u00f3.<\/p>\n<p>La placa microbiana o biofilm oral i la tosca s\u00f3n els principals responsables de la malaltia, encara que hi ha factors de risc predisponents perqu\u00e8 es desenvolupi, com el tabaquisme, la diabetis, l&#8217;estr\u00e8s i la gen\u00e8tica, aix\u00ed com tamb\u00e9 els canvis hormonals que es produeixen durant l&#8217;embar\u00e0s i la menopausa, que solen tenir diverses manifestacions a les genives.<\/p>\n","protected":false},"excerpt":{"rendered":"<p>Tractaments de period\u00f2ncia a Sagrada Fam\u00edlia QU\u00c8 \u00c9S LA MALALTIA PERIODONTAL? La malaltia periodontal \u00e9s una patologia inflamat\u00f2ria, d&#8217;origen infecci\u00f3s cr\u00f2nic, que afecta no nom\u00e9s les genives, sin\u00f3 tamb\u00e9 tota l&#8217;estructura de suport de la dent, \u00e9s a dir, lligament periodontal, ciment radicular i os alveolar. Tractaments periodontals \u00c9s l&#8217;anomenada \u201cmalaltia silenciosa\u201d ja que els [&hellip;]<\/p>\n","protected":false},"author":4,"featured_media":0,"parent":11046,"menu_order":0,"comment_status":"closed","ping_status":"closed","template":"g1_template_page_sidebar_left.php","meta":{"_joinchat":[],"footnotes":""},"class_list":["post-11062","page","type-page","status-publish"],"yoast_head":"<!-- This site is optimized with the Yoast SEO plugin v23.1 - https:\/\/yoast.com\/wordpress\/plugins\/seo\/ -->\n<title>Period\u00f2ncia a Sagrada Fam\u00edlia | Cl\u00ednica dental Abril<\/title>\n<meta name=\"description\" content=\"Tractaments de period\u00f2ncia a Sagrada Fam\u00edlia per controlar la malaltia periodontal i recuperar la funcionalitat de les dents. Visita&#039;ns!\" \/>\n<meta name=\"robots\" content=\"index, follow, max-snippet:-1, max-image-preview:large, max-video-preview:-1\" \/>\n<link rel=\"canonical\" href=\"https:\/\/dentalabril.com\/ca\/tractaments\/periodoncia-a-sagrada-familia\/\" \/>\n<meta property=\"og:locale\" content=\"ca_ES\" \/>\n<meta property=\"og:type\" content=\"article\" \/>\n<meta property=\"og:title\" content=\"Period\u00f2ncia a Sagrada Fam\u00edlia | Cl\u00ednica dental Abril\" \/>\n<meta property=\"og:description\" content=\"Tractaments de period\u00f2ncia a Sagrada Fam\u00edlia per controlar la malaltia periodontal i recuperar la funcionalitat de les dents. Visita&#039;ns!\" \/>\n<meta property=\"og:url\" content=\"https:\/\/dentalabril.com\/ca\/tractaments\/periodoncia-a-sagrada-familia\/\" \/>\n<meta property=\"og:site_name\" content=\"Cl\u00ednica dental Abril\" \/>\n<meta property=\"article:publisher\" content=\"https:\/\/www.facebook.com\/clinicadentalabril\/\" \/>\n<meta property=\"og:image\" content=\"http:\/\/dentalabril.com\/\/wp-content\/uploads\/2015\/05\/Periodoncia002-041.jpg\" \/>\n<meta name=\"twitter:card\" content=\"summary_large_image\" \/>\n<meta name=\"twitter:label1\" content=\"Temps estimat de lectura\" \/>\n\t<meta name=\"twitter:data1\" content=\"1 minut\" \/>\n<script type=\"application\/ld+json\" class=\"yoast-schema-graph\">{\"@context\":\"https:\/\/schema.org\",\"@graph\":[{\"@type\":\"WebPage\",\"@id\":\"https:\/\/dentalabril.com\/ca\/tractaments\/periodoncia-a-sagrada-familia\/\",\"url\":\"https:\/\/dentalabril.com\/ca\/tractaments\/periodoncia-a-sagrada-familia\/\",\"name\":\"Period\u00f2ncia a Sagrada Fam\u00edlia | Cl\u00ednica dental Abril\",\"isPartOf\":{\"@id\":\"https:\/\/dentalabril.com\/#website\"},\"primaryImageOfPage\":{\"@id\":\"https:\/\/dentalabril.com\/ca\/tractaments\/periodoncia-a-sagrada-familia\/#primaryimage\"},\"image\":{\"@id\":\"https:\/\/dentalabril.com\/ca\/tractaments\/periodoncia-a-sagrada-familia\/#primaryimage\"},\"thumbnailUrl\":\"http:\/\/dentalabril.com\/\/wp-content\/uploads\/2015\/05\/Periodoncia002-041.jpg\",\"datePublished\":\"2024-07-09T06:39:21+00:00\",\"dateModified\":\"2024-07-09T06:39:21+00:00\",\"description\":\"Tractaments de period\u00f2ncia a Sagrada Fam\u00edlia per controlar la malaltia periodontal i recuperar la funcionalitat de les dents. Visita'ns!\",\"breadcrumb\":{\"@id\":\"https:\/\/dentalabril.com\/ca\/tractaments\/periodoncia-a-sagrada-familia\/#breadcrumb\"},\"inLanguage\":\"ca\",\"potentialAction\":[{\"@type\":\"ReadAction\",\"target\":[\"https:\/\/dentalabril.com\/ca\/tractaments\/periodoncia-a-sagrada-familia\/\"]}]},{\"@type\":\"ImageObject\",\"inLanguage\":\"ca\",\"@id\":\"https:\/\/dentalabril.com\/ca\/tractaments\/periodoncia-a-sagrada-familia\/#primaryimage\",\"url\":\"http:\/\/dentalabril.com\/\/wp-content\/uploads\/2015\/05\/Periodoncia002-041.jpg\",\"contentUrl\":\"http:\/\/dentalabril.com\/\/wp-content\/uploads\/2015\/05\/Periodoncia002-041.jpg\"},{\"@type\":\"BreadcrumbList\",\"@id\":\"https:\/\/dentalabril.com\/ca\/tractaments\/periodoncia-a-sagrada-familia\/#breadcrumb\",\"itemListElement\":[{\"@type\":\"ListItem\",\"position\":1,\"name\":\"Portada\",\"item\":\"https:\/\/dentalabril.com\/ca\/clinica-dental-abril-a-barcelona\/\"},{\"@type\":\"ListItem\",\"position\":2,\"name\":\"Tractaments\",\"item\":\"https:\/\/dentalabril.com\/ca\/tractaments\/\"},{\"@type\":\"ListItem\",\"position\":3,\"name\":\"Period\u00f2ncia a Sagrada Fam\u00edlia\"}]},{\"@type\":\"WebSite\",\"@id\":\"https:\/\/dentalabril.com\/#website\",\"url\":\"https:\/\/dentalabril.com\/\",\"name\":\"Cl\u00ednica Dental Abril\",\"description\":\"Tu cl\u00ednica dental en Barcelona\",\"publisher\":{\"@id\":\"https:\/\/dentalabril.com\/#organization\"},\"alternateName\":\"Dental Abril\",\"potentialAction\":[{\"@type\":\"SearchAction\",\"target\":{\"@type\":\"EntryPoint\",\"urlTemplate\":\"https:\/\/dentalabril.com\/?s={search_term_string}\"},\"query-input\":\"required name=search_term_string\"}],\"inLanguage\":\"ca\"},{\"@type\":\"Organization\",\"@id\":\"https:\/\/dentalabril.com\/#organization\",\"name\":\"Cl\u00ednica Dental Abril\",\"alternateName\":\"Dental Abril\",\"url\":\"https:\/\/dentalabril.com\/\",\"logo\":{\"@type\":\"ImageObject\",\"inLanguage\":\"ca\",\"@id\":\"https:\/\/dentalabril.com\/#\/schema\/logo\/image\/\",\"url\":\"https:\/\/dentalabril.com\/wp-content\/uploads\/2023\/03\/BBceBSJt_400x400.jpg\",\"contentUrl\":\"https:\/\/dentalabril.com\/wp-content\/uploads\/2023\/03\/BBceBSJt_400x400.jpg\",\"width\":400,\"height\":400,\"caption\":\"Cl\u00ednica Dental Abril\"},\"image\":{\"@id\":\"https:\/\/dentalabril.com\/#\/schema\/logo\/image\/\"},\"sameAs\":[\"https:\/\/www.facebook.com\/clinicadentalabril\/\",\"https:\/\/www.instagram.com\/dentalabril\/\"]}]}<\/script>\n<!-- \/ Yoast SEO plugin. -->","yoast_head_json":{"title":"Period\u00f2ncia a Sagrada Fam\u00edlia | Cl\u00ednica dental Abril","description":"Tractaments de period\u00f2ncia a Sagrada Fam\u00edlia per controlar la malaltia periodontal i recuperar la funcionalitat de les dents. Visita'ns!","robots":{"index":"index","follow":"follow","max-snippet":"max-snippet:-1","max-image-preview":"max-image-preview:large","max-video-preview":"max-video-preview:-1"},"canonical":"https:\/\/dentalabril.com\/ca\/tractaments\/periodoncia-a-sagrada-familia\/","og_locale":"ca_ES","og_type":"article","og_title":"Period\u00f2ncia a Sagrada Fam\u00edlia | Cl\u00ednica dental Abril","og_description":"Tractaments de period\u00f2ncia a Sagrada Fam\u00edlia per controlar la malaltia periodontal i recuperar la funcionalitat de les dents. Visita'ns!","og_url":"https:\/\/dentalabril.com\/ca\/tractaments\/periodoncia-a-sagrada-familia\/","og_site_name":"Cl\u00ednica dental Abril","article_publisher":"https:\/\/www.facebook.com\/clinicadentalabril\/","og_image":[{"url":"http:\/\/dentalabril.com\/\/wp-content\/uploads\/2015\/05\/Periodoncia002-041.jpg"}],"twitter_card":"summary_large_image","twitter_misc":{"Temps estimat de lectura":"1 minut"},"schema":{"@context":"https:\/\/schema.org","@graph":[{"@type":"WebPage","@id":"https:\/\/dentalabril.com\/ca\/tractaments\/periodoncia-a-sagrada-familia\/","url":"https:\/\/dentalabril.com\/ca\/tractaments\/periodoncia-a-sagrada-familia\/","name":"Period\u00f2ncia a Sagrada Fam\u00edlia | Cl\u00ednica dental Abril","isPartOf":{"@id":"https:\/\/dentalabril.com\/#website"},"primaryImageOfPage":{"@id":"https:\/\/dentalabril.com\/ca\/tractaments\/periodoncia-a-sagrada-familia\/#primaryimage"},"image":{"@id":"https:\/\/dentalabril.com\/ca\/tractaments\/periodoncia-a-sagrada-familia\/#primaryimage"},"thumbnailUrl":"http:\/\/dentalabril.com\/\/wp-content\/uploads\/2015\/05\/Periodoncia002-041.jpg","datePublished":"2024-07-09T06:39:21+00:00","dateModified":"2024-07-09T06:39:21+00:00","description":"Tractaments de period\u00f2ncia a Sagrada Fam\u00edlia per controlar la malaltia periodontal i recuperar la funcionalitat de les dents. Visita'ns!","breadcrumb":{"@id":"https:\/\/dentalabril.com\/ca\/tractaments\/periodoncia-a-sagrada-familia\/#breadcrumb"},"inLanguage":"ca","potentialAction":[{"@type":"ReadAction","target":["https:\/\/dentalabril.com\/ca\/tractaments\/periodoncia-a-sagrada-familia\/"]}]},{"@type":"ImageObject","inLanguage":"ca","@id":"https:\/\/dentalabril.com\/ca\/tractaments\/periodoncia-a-sagrada-familia\/#primaryimage","url":"http:\/\/dentalabril.com\/\/wp-content\/uploads\/2015\/05\/Periodoncia002-041.jpg","contentUrl":"http:\/\/dentalabril.com\/\/wp-content\/uploads\/2015\/05\/Periodoncia002-041.jpg"},{"@type":"BreadcrumbList","@id":"https:\/\/dentalabril.com\/ca\/tractaments\/periodoncia-a-sagrada-familia\/#breadcrumb","itemListElement":[{"@type":"ListItem","position":1,"name":"Portada","item":"https:\/\/dentalabril.com\/ca\/clinica-dental-abril-a-barcelona\/"},{"@type":"ListItem","position":2,"name":"Tractaments","item":"https:\/\/dentalabril.com\/ca\/tractaments\/"},{"@type":"ListItem","position":3,"name":"Period\u00f2ncia a Sagrada Fam\u00edlia"}]},{"@type":"WebSite","@id":"https:\/\/dentalabril.com\/#website","url":"https:\/\/dentalabril.com\/","name":"Cl\u00ednica Dental Abril","description":"Tu cl\u00ednica dental en Barcelona","publisher":{"@id":"https:\/\/dentalabril.com\/#organization"},"alternateName":"Dental Abril","potentialAction":[{"@type":"SearchAction","target":{"@type":"EntryPoint","urlTemplate":"https:\/\/dentalabril.com\/?s={search_term_string}"},"query-input":"required name=search_term_string"}],"inLanguage":"ca"},{"@type":"Organization","@id":"https:\/\/dentalabril.com\/#organization","name":"Cl\u00ednica Dental Abril","alternateName":"Dental Abril","url":"https:\/\/dentalabril.com\/","logo":{"@type":"ImageObject","inLanguage":"ca","@id":"https:\/\/dentalabril.com\/#\/schema\/logo\/image\/","url":"https:\/\/dentalabril.com\/wp-content\/uploads\/2023\/03\/BBceBSJt_400x400.jpg","contentUrl":"https:\/\/dentalabril.com\/wp-content\/uploads\/2023\/03\/BBceBSJt_400x400.jpg","width":400,"height":400,"caption":"Cl\u00ednica Dental Abril"},"image":{"@id":"https:\/\/dentalabril.com\/#\/schema\/logo\/image\/"},"sameAs":["https:\/\/www.facebook.com\/clinicadentalabril\/","https:\/\/www.instagram.com\/dentalabril\/"]}]}},"_links":{"self":[{"href":"https:\/\/dentalabril.com\/ca\/wp-json\/wp\/v2\/pages\/11062"}],"collection":[{"href":"https:\/\/dentalabril.com\/ca\/wp-json\/wp\/v2\/pages"}],"about":[{"href":"https:\/\/dentalabril.com\/ca\/wp-json\/wp\/v2\/types\/page"}],"author":[{"embeddable":true,"href":"https:\/\/dentalabril.com\/ca\/wp-json\/wp\/v2\/users\/4"}],"replies":[{"embeddable":true,"href":"https:\/\/dentalabril.com\/ca\/wp-json\/wp\/v2\/comments?post=11062"}],"version-history":[{"count":0,"href":"https:\/\/dentalabril.com\/ca\/wp-json\/wp\/v2\/pages\/11062\/revisions"}],"up":[{"embeddable":true,"href":"https:\/\/dentalabril.com\/ca\/wp-json\/wp\/v2\/pages\/11046"}],"wp:attachment":[{"href":"https:\/\/dentalabril.com\/ca\/wp-json\/wp\/v2\/media?parent=11062"}],"curies":[{"name":"wp","href":"https:\/\/api.w.org\/{rel}","templated":true}]}}