{"id":11061,"date":"2024-07-09T08:37:26","date_gmt":"2024-07-09T06:37:26","guid":{"rendered":"https:\/\/dentalabril.com\/tractaments\/ortodoncia-invisible-a-sagrada-familia\/"},"modified":"2025-08-25T11:56:49","modified_gmt":"2025-08-25T09:56:49","slug":"ortodoncia-invisible-a-sagrada-familia","status":"publish","type":"page","link":"https:\/\/dentalabril.com\/ca\/tractaments\/ortodoncia-invisible-a-sagrada-familia\/","title":{"rendered":"Ortod\u00f2ncia invisible a Sagrada Fam\u00edlia"},"content":{"rendered":"<h2>Tractaments d&#8217;ortod\u00f2ncia invisible a Sagrada Fam\u00edlia<\/h2>\n<h3><span style=\"color: #962525;\">Ortod\u00f2ncia Invisible Alineadent <\/span><\/h3>\n<p><a href=\"https:\/\/dentalabril.com\/wp-content\/uploads\/2025\/08\/bolido_A_close_up_of_a_beautiful_mouth_the_girl_are_putting_o_7eb488b9-d204-484f-84b4-d9e4866de9ba_3.png\"><img fetchpriority=\"high\" decoding=\"async\" class=\"alignnone wp-image-12319 size-full\" src=\"https:\/\/dentalabril.com\/wp-content\/uploads\/2025\/08\/bolido_A_close_up_of_a_beautiful_mouth_the_girl_are_putting_o_7eb488b9-d204-484f-84b4-d9e4866de9ba_3.png\" alt=\"\" width=\"1200\" height=\"992\" srcset=\"https:\/\/dentalabril.com\/wp-content\/uploads\/2025\/08\/bolido_A_close_up_of_a_beautiful_mouth_the_girl_are_putting_o_7eb488b9-d204-484f-84b4-d9e4866de9ba_3.png 1200w, https:\/\/dentalabril.com\/wp-content\/uploads\/2025\/08\/bolido_A_close_up_of_a_beautiful_mouth_the_girl_are_putting_o_7eb488b9-d204-484f-84b4-d9e4866de9ba_3-300x248.png 300w, https:\/\/dentalabril.com\/wp-content\/uploads\/2025\/08\/bolido_A_close_up_of_a_beautiful_mouth_the_girl_are_putting_o_7eb488b9-d204-484f-84b4-d9e4866de9ba_3-1024x847.png 1024w, https:\/\/dentalabril.com\/wp-content\/uploads\/2025\/08\/bolido_A_close_up_of_a_beautiful_mouth_the_girl_are_putting_o_7eb488b9-d204-484f-84b4-d9e4866de9ba_3-768x635.png 768w, https:\/\/dentalabril.com\/wp-content\/uploads\/2025\/08\/bolido_A_close_up_of_a_beautiful_mouth_the_girl_are_putting_o_7eb488b9-d204-484f-84b4-d9e4866de9ba_3-968x800.png 968w, https:\/\/dentalabril.com\/wp-content\/uploads\/2025\/08\/bolido_A_close_up_of_a_beautiful_mouth_the_girl_are_putting_o_7eb488b9-d204-484f-84b4-d9e4866de9ba_3-636x526.png 636w, https:\/\/dentalabril.com\/wp-content\/uploads\/2025\/08\/bolido_A_close_up_of_a_beautiful_mouth_the_girl_are_putting_o_7eb488b9-d204-484f-84b4-d9e4866de9ba_3-320x265.png 320w, https:\/\/dentalabril.com\/wp-content\/uploads\/2025\/08\/bolido_A_close_up_of_a_beautiful_mouth_the_girl_are_putting_o_7eb488b9-d204-484f-84b4-d9e4866de9ba_3-239x198.png 239w\" sizes=\"(max-width: 1200px) 100vw, 1200px\" \/><\/a><\/p>\n<p style=\"text-align: justify;\">El tractament<strong>d&#8217;ortod\u00f2ncia invisible Alineadent<\/strong> consisteix en una s\u00e8rie d&#8217;alineadors removibles que exerceixen individualment una pressi\u00f3 controlada i lleugera sobre les dents, aconseguint el moviment i una correcci\u00f3 cap al punt desitjat de manera controlada i progressiva.<br \/>\nAquesta seq\u00fc\u00e8ncia est\u00e0 formada per alineadors de diferent gruix que exerceixen m\u00e9s o menys pressi\u00f3 i for\u00e7a en funci\u00f3 del moment del tractament en qu\u00e8 es trobe el pacient. A les primeres fases, els alineadors tenen menor gruixos i s\u00f3n m\u00e9s flexibles per iniciar f\u00e0cilment el moviment.<\/p>\n<p style=\"text-align: justify;\">Progressivament, l&#8217;alineador adquireix m\u00e9s gruix per consolidar la posici\u00f3 que desitgem servint l&#8217;\u00faltim de la s\u00e8rie com a retenidor. D&#8217;aquesta manera, tots els alineadors, des de l&#8217;inicial fins al final, seran actius.<br \/>\nUn gran avantatge que diferencia Alineadent\u00ae d&#8217;altres correctors \u00e9s que fem servir la tecnologia m\u00e9s avan\u00e7ada del mercat aconseguint resultats m\u00e9s precisos.<\/p>\n<p style=\"text-align: justify;\">A trav\u00e9s d&#8217;un programari especialitzat, tot el tractament es desenvolupa amb sistemes 3d des de la fase inicial de diagn\u00f2stic fins a la mateixa fabricaci\u00f3 de la seq\u00fc\u00e8ncia d&#8217;alineadors minimitzant els marges d&#8217;error.<\/p>\n<p style=\"text-align: justify;\">A partir dels resultats obtinguts amb el programari, es preparen directament els models de cada set-up seguint un proc\u00e9s digitalitzat al cent per cent que evita multitud d&#8217;errors que es cometen amb altres m\u00e8todes m\u00e9s tradicionals.<\/p>\n<p style=\"text-align: justify;\">Aquesta digitalitzaci\u00f3 del proc\u00e9s redueix considerablement els costos de producci\u00f3 permetent oferir al client un producte molt assequible el cost del qual dependr\u00e0 del nombre de f\u00e8rules que inclogui el tractament personalitzat a cada pacient.<\/p>\n<h2>Preguntes freq\u00fcents del tractament d&#8217;ortod\u00f2ncia invisible a la Sagrada Fam\u00edlia<\/h2>\n<p>Resolem les preguntes m\u00e9s freq\u00fcents<\/p>\n<h3 style=\"text-align: justify;\"><strong>Quins passos he de seguir per comen\u00e7ar el meu tractament d&#8217;ortod\u00f2ncia Alineadent?<\/strong><\/h3>\n<p style=\"text-align: justify;\">En primer lloc, ha d&#8217;acudir al dentista perqu\u00e8 analitzi i avalu\u00ef el seu cas.<br \/>\nPosteriorment, us far\u00e0 una presa d&#8217;impressi\u00f3 de les dents. Despr\u00e9s de fer-la, s&#8217;enviar\u00e0 al laboratori per desenvolupar la planificaci\u00f3 del tractament.<br \/>\nFinalment, el seu odont\u00f2leg us informar\u00e0 del temps que durar\u00e0 el tractament i del preu del mateix. A m\u00e9s us lliurar\u00e0 els alineadors que s&#8217;han de col\u00b7locar en cada fase del tractament, i una s\u00e8rie d&#8217;indicacions que heu de seguir durant tot el proc\u00e9s.<\/p>\n<h3 style=\"text-align: justify;\"><strong>Qu\u00e8 puc menjar durant el tractament?<\/strong><\/h3>\n<p style=\"text-align: justify;\">A difer\u00e8ncia dels brackets, vost\u00e8 pot menjar de tot, ja que es pot treure els alineadors per menjar i beure. Aix\u00f2 suposa tamb\u00e9, un avantatge pel que fa a altres aparells dentals que no es poden treure, millorant la seva higiene bucal.<\/p>\n<h3 style=\"text-align: justify;\"><strong>Quant de temps he de portar els alineadors Alineadent?<\/strong><\/h3>\n<p style=\"text-align: justify;\">Dues setmanes cada alineador i un m\u00ednim de 22 hores al dia. Segons els estudis \u00e9s el temps ideal per fer adequadament el moviment. Nom\u00e9s cal treure l&#8217;alineador per menjar i rentar-se les dents.<\/p>\n<h3 style=\"text-align: justify;\"><strong>Com netejo Alineadent?<\/strong><\/h3>\n<p style=\"text-align: justify;\">La millor manera de netejar els alineadors \u00e9s raspallant-los i rentant-los en aigua t\u00e8bia. Per mantenir una higiene adequada \u00e9s important que es raspalli les dents despr\u00e9s de cada \u00e0pat i abans de tornar a posar-se els alineadors.<\/p>\n<h3 style=\"text-align: justify;\"><strong>\u00c9s dolor\u00f3s Alineadent?<\/strong><\/h3>\n<p style=\"text-align: justify;\">Algunes persones poden sentir una petita mol\u00e8stia temporal durant els primers dies a linici de cada nova etapa del tractament, en posar-se un alineador nou. Aix\u00f2 \u00e9s normal i normalment es descriu com una sensaci\u00f3 de pressi\u00f3. \u00c9s el senyal que els alineadors estan funcionant b\u00e9, movent les seves dents gradualment i ajudant-lo a aconseguir el resultat final desitjat. Aquestes mol\u00e8sties solen desapar\u00e8ixer en uns dies.<\/p>\n","protected":false},"excerpt":{"rendered":"<p>Tractaments d&#8217;ortod\u00f2ncia invisible a Sagrada Fam\u00edlia Ortod\u00f2ncia Invisible Alineadent El tractamentd&#8217;ortod\u00f2ncia invisible Alineadent consisteix en una s\u00e8rie d&#8217;alineadors removibles que exerceixen individualment una pressi\u00f3 controlada i lleugera sobre les dents, aconseguint el moviment i una correcci\u00f3 cap al punt desitjat de manera controlada i progressiva. Aquesta seq\u00fc\u00e8ncia est\u00e0 formada per alineadors de diferent gruix que [&hellip;]<\/p>\n","protected":false},"author":4,"featured_media":12319,"parent":11046,"menu_order":0,"comment_status":"closed","ping_status":"closed","template":"g1_template_page_sidebar_left.php","meta":{"_joinchat":[],"footnotes":""},"class_list":["post-11061","page","type-page","status-publish","has-post-thumbnail"],"yoast_head":"<!-- This site is optimized with the Yoast SEO plugin v23.1 - https:\/\/yoast.com\/wordpress\/plugins\/seo\/ -->\n<title>Ortod\u00f2ncia invisible a Sagrada Fam\u00edlia | Cl\u00ednica dental Abril<\/title>\n<meta name=\"description\" content=\"Descobreix tot el que pot fer la nostra ortod\u00f2ncia invisible a Sagrada Fam\u00edlia per aconseguir un somriure ben alineat. Vine a visitar-nos a Dental Abril!\" \/>\n<meta name=\"robots\" content=\"index, follow, max-snippet:-1, max-image-preview:large, max-video-preview:-1\" \/>\n<link rel=\"canonical\" href=\"https:\/\/dentalabril.com\/ca\/tractaments\/ortodoncia-invisible-a-sagrada-familia\/\" \/>\n<meta property=\"og:locale\" content=\"ca_ES\" \/>\n<meta property=\"og:type\" content=\"article\" \/>\n<meta property=\"og:title\" content=\"Ortod\u00f2ncia invisible a Sagrada Fam\u00edlia | Cl\u00ednica dental Abril\" \/>\n<meta property=\"og:description\" content=\"Descobreix tot el que pot fer la nostra ortod\u00f2ncia invisible a Sagrada Fam\u00edlia per aconseguir un somriure ben alineat. Vine a visitar-nos a Dental Abril!\" \/>\n<meta property=\"og:url\" content=\"https:\/\/dentalabril.com\/ca\/tractaments\/ortodoncia-invisible-a-sagrada-familia\/\" \/>\n<meta property=\"og:site_name\" content=\"Cl\u00ednica dental Abril\" \/>\n<meta property=\"article:publisher\" content=\"https:\/\/www.facebook.com\/clinicadentalabril\/\" \/>\n<meta property=\"article:modified_time\" content=\"2025-08-25T09:56:49+00:00\" \/>\n<meta property=\"og:image\" content=\"https:\/\/dentalabril.com\/wp-content\/uploads\/2025\/08\/bolido_A_close_up_of_a_beautiful_mouth_the_girl_are_putting_o_7eb488b9-d204-484f-84b4-d9e4866de9ba_3.png\" \/>\n\t<meta property=\"og:image:width\" content=\"1200\" \/>\n\t<meta property=\"og:image:height\" content=\"992\" \/>\n\t<meta property=\"og:image:type\" content=\"image\/png\" \/>\n<meta name=\"twitter:card\" content=\"summary_large_image\" \/>\n<meta name=\"twitter:label1\" content=\"Temps estimat de lectura\" \/>\n\t<meta name=\"twitter:data1\" content=\"3 minuts\" \/>\n<script type=\"application\/ld+json\" class=\"yoast-schema-graph\">{\"@context\":\"https:\/\/schema.org\",\"@graph\":[{\"@type\":\"WebPage\",\"@id\":\"https:\/\/dentalabril.com\/ca\/tractaments\/ortodoncia-invisible-a-sagrada-familia\/\",\"url\":\"https:\/\/dentalabril.com\/ca\/tractaments\/ortodoncia-invisible-a-sagrada-familia\/\",\"name\":\"Ortod\u00f2ncia invisible a Sagrada Fam\u00edlia | Cl\u00ednica dental Abril\",\"isPartOf\":{\"@id\":\"https:\/\/dentalabril.com\/#website\"},\"primaryImageOfPage\":{\"@id\":\"https:\/\/dentalabril.com\/ca\/tractaments\/ortodoncia-invisible-a-sagrada-familia\/#primaryimage\"},\"image\":{\"@id\":\"https:\/\/dentalabril.com\/ca\/tractaments\/ortodoncia-invisible-a-sagrada-familia\/#primaryimage\"},\"thumbnailUrl\":\"https:\/\/dentalabril.com\/wp-content\/uploads\/2025\/08\/bolido_A_close_up_of_a_beautiful_mouth_the_girl_are_putting_o_7eb488b9-d204-484f-84b4-d9e4866de9ba_3.png\",\"datePublished\":\"2024-07-09T06:37:26+00:00\",\"dateModified\":\"2025-08-25T09:56:49+00:00\",\"description\":\"Descobreix tot el que pot fer la nostra ortod\u00f2ncia invisible a Sagrada Fam\u00edlia per aconseguir un somriure ben alineat. Vine a visitar-nos a Dental Abril!\",\"breadcrumb\":{\"@id\":\"https:\/\/dentalabril.com\/ca\/tractaments\/ortodoncia-invisible-a-sagrada-familia\/#breadcrumb\"},\"inLanguage\":\"ca\",\"potentialAction\":[{\"@type\":\"ReadAction\",\"target\":[\"https:\/\/dentalabril.com\/ca\/tractaments\/ortodoncia-invisible-a-sagrada-familia\/\"]}]},{\"@type\":\"ImageObject\",\"inLanguage\":\"ca\",\"@id\":\"https:\/\/dentalabril.com\/ca\/tractaments\/ortodoncia-invisible-a-sagrada-familia\/#primaryimage\",\"url\":\"https:\/\/dentalabril.com\/wp-content\/uploads\/2025\/08\/bolido_A_close_up_of_a_beautiful_mouth_the_girl_are_putting_o_7eb488b9-d204-484f-84b4-d9e4866de9ba_3.png\",\"contentUrl\":\"https:\/\/dentalabril.com\/wp-content\/uploads\/2025\/08\/bolido_A_close_up_of_a_beautiful_mouth_the_girl_are_putting_o_7eb488b9-d204-484f-84b4-d9e4866de9ba_3.png\",\"width\":1200,\"height\":992},{\"@type\":\"BreadcrumbList\",\"@id\":\"https:\/\/dentalabril.com\/ca\/tractaments\/ortodoncia-invisible-a-sagrada-familia\/#breadcrumb\",\"itemListElement\":[{\"@type\":\"ListItem\",\"position\":1,\"name\":\"Portada\",\"item\":\"https:\/\/dentalabril.com\/ca\/clinica-dental-abril-a-barcelona\/\"},{\"@type\":\"ListItem\",\"position\":2,\"name\":\"Tractaments\",\"item\":\"https:\/\/dentalabril.com\/ca\/tractaments\/\"},{\"@type\":\"ListItem\",\"position\":3,\"name\":\"Ortod\u00f2ncia invisible a Sagrada Fam\u00edlia\"}]},{\"@type\":\"WebSite\",\"@id\":\"https:\/\/dentalabril.com\/#website\",\"url\":\"https:\/\/dentalabril.com\/\",\"name\":\"Cl\u00ednica Dental Abril\",\"description\":\"Tu cl\u00ednica dental en Barcelona\",\"publisher\":{\"@id\":\"https:\/\/dentalabril.com\/#organization\"},\"alternateName\":\"Dental Abril\",\"potentialAction\":[{\"@type\":\"SearchAction\",\"target\":{\"@type\":\"EntryPoint\",\"urlTemplate\":\"https:\/\/dentalabril.com\/?s={search_term_string}\"},\"query-input\":\"required name=search_term_string\"}],\"inLanguage\":\"ca\"},{\"@type\":\"Organization\",\"@id\":\"https:\/\/dentalabril.com\/#organization\",\"name\":\"Cl\u00ednica Dental Abril\",\"alternateName\":\"Dental Abril\",\"url\":\"https:\/\/dentalabril.com\/\",\"logo\":{\"@type\":\"ImageObject\",\"inLanguage\":\"ca\",\"@id\":\"https:\/\/dentalabril.com\/#\/schema\/logo\/image\/\",\"url\":\"https:\/\/dentalabril.com\/wp-content\/uploads\/2023\/03\/BBceBSJt_400x400.jpg\",\"contentUrl\":\"https:\/\/dentalabril.com\/wp-content\/uploads\/2023\/03\/BBceBSJt_400x400.jpg\",\"width\":400,\"height\":400,\"caption\":\"Cl\u00ednica Dental Abril\"},\"image\":{\"@id\":\"https:\/\/dentalabril.com\/#\/schema\/logo\/image\/\"},\"sameAs\":[\"https:\/\/www.facebook.com\/clinicadentalabril\/\",\"https:\/\/www.instagram.com\/dentalabril\/\"]}]}<\/script>\n<!-- \/ Yoast SEO plugin. -->","yoast_head_json":{"title":"Ortod\u00f2ncia invisible a Sagrada Fam\u00edlia | Cl\u00ednica dental Abril","description":"Descobreix tot el que pot fer la nostra ortod\u00f2ncia invisible a Sagrada Fam\u00edlia per aconseguir un somriure ben alineat. Vine a visitar-nos a Dental Abril!","robots":{"index":"index","follow":"follow","max-snippet":"max-snippet:-1","max-image-preview":"max-image-preview:large","max-video-preview":"max-video-preview:-1"},"canonical":"https:\/\/dentalabril.com\/ca\/tractaments\/ortodoncia-invisible-a-sagrada-familia\/","og_locale":"ca_ES","og_type":"article","og_title":"Ortod\u00f2ncia invisible a Sagrada Fam\u00edlia | Cl\u00ednica dental Abril","og_description":"Descobreix tot el que pot fer la nostra ortod\u00f2ncia invisible a Sagrada Fam\u00edlia per aconseguir un somriure ben alineat. Vine a visitar-nos a Dental Abril!","og_url":"https:\/\/dentalabril.com\/ca\/tractaments\/ortodoncia-invisible-a-sagrada-familia\/","og_site_name":"Cl\u00ednica dental Abril","article_publisher":"https:\/\/www.facebook.com\/clinicadentalabril\/","article_modified_time":"2025-08-25T09:56:49+00:00","og_image":[{"width":1200,"height":992,"url":"https:\/\/dentalabril.com\/wp-content\/uploads\/2025\/08\/bolido_A_close_up_of_a_beautiful_mouth_the_girl_are_putting_o_7eb488b9-d204-484f-84b4-d9e4866de9ba_3.png","type":"image\/png"}],"twitter_card":"summary_large_image","twitter_misc":{"Temps estimat de lectura":"3 minuts"},"schema":{"@context":"https:\/\/schema.org","@graph":[{"@type":"WebPage","@id":"https:\/\/dentalabril.com\/ca\/tractaments\/ortodoncia-invisible-a-sagrada-familia\/","url":"https:\/\/dentalabril.com\/ca\/tractaments\/ortodoncia-invisible-a-sagrada-familia\/","name":"Ortod\u00f2ncia invisible a Sagrada Fam\u00edlia | Cl\u00ednica dental Abril","isPartOf":{"@id":"https:\/\/dentalabril.com\/#website"},"primaryImageOfPage":{"@id":"https:\/\/dentalabril.com\/ca\/tractaments\/ortodoncia-invisible-a-sagrada-familia\/#primaryimage"},"image":{"@id":"https:\/\/dentalabril.com\/ca\/tractaments\/ortodoncia-invisible-a-sagrada-familia\/#primaryimage"},"thumbnailUrl":"https:\/\/dentalabril.com\/wp-content\/uploads\/2025\/08\/bolido_A_close_up_of_a_beautiful_mouth_the_girl_are_putting_o_7eb488b9-d204-484f-84b4-d9e4866de9ba_3.png","datePublished":"2024-07-09T06:37:26+00:00","dateModified":"2025-08-25T09:56:49+00:00","description":"Descobreix tot el que pot fer la nostra ortod\u00f2ncia invisible a Sagrada Fam\u00edlia per aconseguir un somriure ben alineat. Vine a visitar-nos a Dental Abril!","breadcrumb":{"@id":"https:\/\/dentalabril.com\/ca\/tractaments\/ortodoncia-invisible-a-sagrada-familia\/#breadcrumb"},"inLanguage":"ca","potentialAction":[{"@type":"ReadAction","target":["https:\/\/dentalabril.com\/ca\/tractaments\/ortodoncia-invisible-a-sagrada-familia\/"]}]},{"@type":"ImageObject","inLanguage":"ca","@id":"https:\/\/dentalabril.com\/ca\/tractaments\/ortodoncia-invisible-a-sagrada-familia\/#primaryimage","url":"https:\/\/dentalabril.com\/wp-content\/uploads\/2025\/08\/bolido_A_close_up_of_a_beautiful_mouth_the_girl_are_putting_o_7eb488b9-d204-484f-84b4-d9e4866de9ba_3.png","contentUrl":"https:\/\/dentalabril.com\/wp-content\/uploads\/2025\/08\/bolido_A_close_up_of_a_beautiful_mouth_the_girl_are_putting_o_7eb488b9-d204-484f-84b4-d9e4866de9ba_3.png","width":1200,"height":992},{"@type":"BreadcrumbList","@id":"https:\/\/dentalabril.com\/ca\/tractaments\/ortodoncia-invisible-a-sagrada-familia\/#breadcrumb","itemListElement":[{"@type":"ListItem","position":1,"name":"Portada","item":"https:\/\/dentalabril.com\/ca\/clinica-dental-abril-a-barcelona\/"},{"@type":"ListItem","position":2,"name":"Tractaments","item":"https:\/\/dentalabril.com\/ca\/tractaments\/"},{"@type":"ListItem","position":3,"name":"Ortod\u00f2ncia invisible a Sagrada Fam\u00edlia"}]},{"@type":"WebSite","@id":"https:\/\/dentalabril.com\/#website","url":"https:\/\/dentalabril.com\/","name":"Cl\u00ednica Dental Abril","description":"Tu cl\u00ednica dental en Barcelona","publisher":{"@id":"https:\/\/dentalabril.com\/#organization"},"alternateName":"Dental Abril","potentialAction":[{"@type":"SearchAction","target":{"@type":"EntryPoint","urlTemplate":"https:\/\/dentalabril.com\/?s={search_term_string}"},"query-input":"required name=search_term_string"}],"inLanguage":"ca"},{"@type":"Organization","@id":"https:\/\/dentalabril.com\/#organization","name":"Cl\u00ednica Dental Abril","alternateName":"Dental Abril","url":"https:\/\/dentalabril.com\/","logo":{"@type":"ImageObject","inLanguage":"ca","@id":"https:\/\/dentalabril.com\/#\/schema\/logo\/image\/","url":"https:\/\/dentalabril.com\/wp-content\/uploads\/2023\/03\/BBceBSJt_400x400.jpg","contentUrl":"https:\/\/dentalabril.com\/wp-content\/uploads\/2023\/03\/BBceBSJt_400x400.jpg","width":400,"height":400,"caption":"Cl\u00ednica Dental Abril"},"image":{"@id":"https:\/\/dentalabril.com\/#\/schema\/logo\/image\/"},"sameAs":["https:\/\/www.facebook.com\/clinicadentalabril\/","https:\/\/www.instagram.com\/dentalabril\/"]}]}},"_links":{"self":[{"href":"https:\/\/dentalabril.com\/ca\/wp-json\/wp\/v2\/pages\/11061"}],"collection":[{"href":"https:\/\/dentalabril.com\/ca\/wp-json\/wp\/v2\/pages"}],"about":[{"href":"https:\/\/dentalabril.com\/ca\/wp-json\/wp\/v2\/types\/page"}],"author":[{"embeddable":true,"href":"https:\/\/dentalabril.com\/ca\/wp-json\/wp\/v2\/users\/4"}],"replies":[{"embeddable":true,"href":"https:\/\/dentalabril.com\/ca\/wp-json\/wp\/v2\/comments?post=11061"}],"version-history":[{"count":1,"href":"https:\/\/dentalabril.com\/ca\/wp-json\/wp\/v2\/pages\/11061\/revisions"}],"predecessor-version":[{"id":12323,"href":"https:\/\/dentalabril.com\/ca\/wp-json\/wp\/v2\/pages\/11061\/revisions\/12323"}],"up":[{"embeddable":true,"href":"https:\/\/dentalabril.com\/ca\/wp-json\/wp\/v2\/pages\/11046"}],"wp:featuredmedia":[{"embeddable":true,"href":"https:\/\/dentalabril.com\/ca\/wp-json\/wp\/v2\/media\/12319"}],"wp:attachment":[{"href":"https:\/\/dentalabril.com\/ca\/wp-json\/wp\/v2\/media?parent=11061"}],"curies":[{"name":"wp","href":"https:\/\/api.w.org\/{rel}","templated":true}]}}