{"id":11060,"date":"2024-07-09T08:33:03","date_gmt":"2024-07-09T06:33:03","guid":{"rendered":"https:\/\/dentalabril.com\/tractaments\/ortodoncia-a-sagrada-familia\/"},"modified":"2024-07-09T08:33:03","modified_gmt":"2024-07-09T06:33:03","slug":"ortodoncia-a-sagrada-familia","status":"publish","type":"page","link":"https:\/\/dentalabril.com\/ca\/tractaments\/ortodoncia-a-sagrada-familia\/","title":{"rendered":"Ortod\u00f2ncia a Sagrada Fam\u00edlia"},"content":{"rendered":"<h2><span class=\"rojo\" style=\"color: #962525;\">Tractaments d&#8217;ortod\u00f2ncia a Sagrada Fam\u00edlia<\/span><\/h2>\n<p><img fetchpriority=\"high\" decoding=\"async\" class=\"alignnone wp-image-135 size-full\" src=\"https:\/\/dentalabril.com\/wp-content\/uploads\/2015\/05\/ortoconcia.jpg\" alt=\"ortod\u00f2ncia a Sagrada Fam\u00edlia\" width=\"300\" height=\"275\" srcset=\"https:\/\/dentalabril.com\/wp-content\/uploads\/2015\/05\/ortoconcia.jpg 300w, https:\/\/dentalabril.com\/wp-content\/uploads\/2015\/05\/ortoconcia-239x219.jpg 239w\" sizes=\"(max-width: 300px) 100vw, 300px\" \/><\/p>\n<p>L&#8217;ortod\u00f2ncia \u00e9s<strong>l&#8217;especialitat dental que compr\u00e8n el diagn\u00f2stic, la prevenci\u00f3 i el tractament de les malposicions dent\u00e0ries<\/strong>, aix\u00ed com tamb\u00e9 el correcte desenvolupament dels ossos maxil\u00b7lars i l&#8217;harmonia facial.<\/p>\n<p>L&#8217;ortodoncista \u00e9s l&#8217;especialista a corregir no nom\u00e9s les dents mal alineades, sin\u00f3 tamb\u00e9 la funci\u00f3 del sistema estomatogn\u00e0tic. Cal saber que moltes vegades a m\u00e9s de corregir la posici\u00f3 de les dents, cal corregir la posici\u00f3 de la mand\u00edbula perqu\u00e8 les arcades dent\u00e0ries quedin en una posici\u00f3 correcta.<\/p>\n<p>La tasca de l&#8217;ortodoncista no \u00e9s \u00fanicament est\u00e8tica, ja que una bona alineaci\u00f3 de les dents afavoreix una correcta masticaci\u00f3 i una correcta higiene, cosa que contribueix a evitar l&#8217;aparici\u00f3 de c\u00e0ries i malaltia periodontal o de genives.<\/p>\n<h2>A quina edat hem de portar els nens a l&#8217;ortodoncista?<\/h2>\n<p>Al voltant dels 6 o 7 anys \u00e9s l&#8217;edat ideal perqu\u00e8 els pares portin els fills a l&#8217;ortodoncista, ja que a aquesta edat comen\u00e7a el recanvi de les dents de llet.<\/p>\n<p>La salut de les dents definitives dependr\u00e0 de com hem cuidat les dents de llet, per tant, si una dent de llet t\u00e9 c\u00e0ries s&#8217;ha d&#8217;empastar, ja que \u00e9s important que es mantingui fins a l&#8217;aparici\u00f3 de les dents definitives.<\/p>\n<h2>Quin \u00e9s el moment ideal per comen\u00e7ar un tractament d&#8217;ortod\u00f2ncia a la Sagrada Fam\u00edlia?<\/h2>\n<p>No hi ha una edat ideal per fer el tractament; cal estudiar cada cas de manera individual.<\/p>\n<p>Es pot comen\u00e7ar un tractament als 6 o 7 anys; altres vegades als 11 o 12 anys \u00e9s el moment idoni, dep\u00e8n del cas, de vegades \u00e9s preferible actuar primerencament si veiem per exemple que hi ha h\u00e0bits deformants que puguin agreujar la situaci\u00f3 amb el temps. Altres vegades preferim esperar fins que estiguin les dents definitives.<\/p>\n<p>I despr\u00e9s ja en pacients adults es pot fer ortod\u00f2ncia a qualsevol edat, no hi ha l\u00edmit per corregir les malposicions dent\u00e0ries.<\/p>\n<p>Avui dia les dents es poden alinear a qualsevol edat. Si no est\u00e0 content amb la posici\u00f3 de les seves dents, ha de saber que amb aparells dortod\u00f2ncia pot aconseguir excel lents resultats est\u00e8tics i funcionals.<\/p>\n<h2>Quins tipus d&#8217;aparells es col\u00b7loquen?<\/h2>\n<p>Hi ha dos grans grups: per una banda tenim els removibles que s\u00f3n aquells que el pacient els posa i els treu i es fan servir sobretot en nens. Aquests aparells, a m\u00e9s de corregir la posici\u00f3 de les dents estimulen i guien el creixement dels maxil\u00b7lars, fent una correcta remodelaci\u00f3 \u00f2ssia.<\/p>\n<p>D&#8217;altra banda tenim els aparells fixos, on es col\u00b7loquen brackets a les dents per poder realitzar els moviments. El pacient no se&#8217;ls pot treure; per\u00f2 no l&#8217;interfereix per res en les activitats habituals, ni per menjar, ni per parlar, ni per tocar un instrument musical de vent. Els br\u00e0quets poden ser met\u00e0l\u00b7lics o blancs, aquests darrers s\u00f3n menys visibles i donen un efecte est\u00e8tic m\u00e9s agradable.<\/p>\n<h2>Quant de temps cal portar l&#8217;ortod\u00f2ncia?<\/h2>\n<p>Amb les noves t\u00e8cniques d&#8217;ortod\u00f2ncia s&#8217;han anat escur\u00e7ant els temps de tractament. L&#8217;estudi d&#8217;ortod\u00f2ncia \u00e9s el que ens indicar\u00e0 la seva durada, per\u00f2 en l\u00ednies generals un tractament d&#8217;ortod\u00f2ncia pot durar entre sis mesos i dos anys depenent de la complexitat del cas.<\/p>\n<p>A la nostra cl\u00ednica a m\u00e9s de realitzar aquests tractaments convencionals comptem amb una altra t\u00e8cnica d&#8217;ortod\u00f2ncia que en els darrers anys ha revolucionat l&#8217;\u00e0rea de l&#8217;ortod\u00f2ncia \u00e9s la trucada <a href=\"https:\/\/dentalabril.com\/tratamientos\/ortodoncia-sin-extracciones\/\"><b>t\u00e8cnica Damon<\/b><\/a>. <b>L&#8217;avantatge d&#8217;aquesta t\u00e8cnica<\/b>\u00e9s que es realitza sense <b>extraccions dentals, <\/b>las les forces que s&#8217;apliquen sobre les dents s\u00f3n m\u00e9s suaus i lleugeres, i es tradueix en un confort m\u00e9s gran per al pacient.<\/p>\n","protected":false},"excerpt":{"rendered":"<p>Tractaments d&#8217;ortod\u00f2ncia a Sagrada Fam\u00edlia L&#8217;ortod\u00f2ncia \u00e9sl&#8217;especialitat dental que compr\u00e8n el diagn\u00f2stic, la prevenci\u00f3 i el tractament de les malposicions dent\u00e0ries, aix\u00ed com tamb\u00e9 el correcte desenvolupament dels ossos maxil\u00b7lars i l&#8217;harmonia facial. L&#8217;ortodoncista \u00e9s l&#8217;especialista a corregir no nom\u00e9s les dents mal alineades, sin\u00f3 tamb\u00e9 la funci\u00f3 del sistema estomatogn\u00e0tic. Cal saber que moltes [&hellip;]<\/p>\n","protected":false},"author":4,"featured_media":0,"parent":11046,"menu_order":0,"comment_status":"closed","ping_status":"closed","template":"g1_template_page_sidebar_left.php","meta":{"_joinchat":[],"footnotes":""},"class_list":["post-11060","page","type-page","status-publish"],"yoast_head":"<!-- This site is optimized with the Yoast SEO plugin v23.1 - https:\/\/yoast.com\/wordpress\/plugins\/seo\/ -->\n<title>Ortod\u00f2ncia a Sagrada Fam\u00edlia | Cl\u00ednica dental Abril<\/title>\n<meta name=\"description\" content=\"Tractaments d&#039;ortod\u00f2ncia a Sagrada Fam\u00edlia per corregir els problemes de mal posicions i dents desalineades. Brackets, Ortod\u00f2ncia invisible i infantil.\" \/>\n<meta name=\"robots\" content=\"index, follow, max-snippet:-1, max-image-preview:large, max-video-preview:-1\" \/>\n<link rel=\"canonical\" href=\"https:\/\/dentalabril.com\/ca\/tractaments\/ortodoncia-a-sagrada-familia\/\" \/>\n<meta property=\"og:locale\" content=\"ca_ES\" \/>\n<meta property=\"og:type\" content=\"article\" \/>\n<meta property=\"og:title\" content=\"Ortod\u00f2ncia a Sagrada Fam\u00edlia | Cl\u00ednica dental Abril\" \/>\n<meta property=\"og:description\" content=\"Tractaments d&#039;ortod\u00f2ncia a Sagrada Fam\u00edlia per corregir els problemes de mal posicions i dents desalineades. Brackets, Ortod\u00f2ncia invisible i infantil.\" \/>\n<meta property=\"og:url\" content=\"https:\/\/dentalabril.com\/ca\/tractaments\/ortodoncia-a-sagrada-familia\/\" \/>\n<meta property=\"og:site_name\" content=\"Cl\u00ednica dental Abril\" \/>\n<meta property=\"article:publisher\" content=\"https:\/\/www.facebook.com\/clinicadentalabril\/\" \/>\n<meta property=\"og:image\" content=\"https:\/\/dentalabril.com\/wp-content\/uploads\/2015\/05\/ortoconcia.jpg\" \/>\n<meta name=\"twitter:card\" content=\"summary_large_image\" \/>\n<meta name=\"twitter:label1\" content=\"Temps estimat de lectura\" \/>\n\t<meta name=\"twitter:data1\" content=\"3 minuts\" \/>\n<script type=\"application\/ld+json\" class=\"yoast-schema-graph\">{\"@context\":\"https:\/\/schema.org\",\"@graph\":[{\"@type\":\"WebPage\",\"@id\":\"https:\/\/dentalabril.com\/ca\/tractaments\/ortodoncia-a-sagrada-familia\/\",\"url\":\"https:\/\/dentalabril.com\/ca\/tractaments\/ortodoncia-a-sagrada-familia\/\",\"name\":\"Ortod\u00f2ncia a Sagrada Fam\u00edlia | Cl\u00ednica dental Abril\",\"isPartOf\":{\"@id\":\"https:\/\/dentalabril.com\/#website\"},\"primaryImageOfPage\":{\"@id\":\"https:\/\/dentalabril.com\/ca\/tractaments\/ortodoncia-a-sagrada-familia\/#primaryimage\"},\"image\":{\"@id\":\"https:\/\/dentalabril.com\/ca\/tractaments\/ortodoncia-a-sagrada-familia\/#primaryimage\"},\"thumbnailUrl\":\"https:\/\/dentalabril.com\/wp-content\/uploads\/2015\/05\/ortoconcia.jpg\",\"datePublished\":\"2024-07-09T06:33:03+00:00\",\"dateModified\":\"2024-07-09T06:33:03+00:00\",\"description\":\"Tractaments d'ortod\u00f2ncia a Sagrada Fam\u00edlia per corregir els problemes de mal posicions i dents desalineades. Brackets, Ortod\u00f2ncia invisible i infantil.\",\"breadcrumb\":{\"@id\":\"https:\/\/dentalabril.com\/ca\/tractaments\/ortodoncia-a-sagrada-familia\/#breadcrumb\"},\"inLanguage\":\"ca\",\"potentialAction\":[{\"@type\":\"ReadAction\",\"target\":[\"https:\/\/dentalabril.com\/ca\/tractaments\/ortodoncia-a-sagrada-familia\/\"]}]},{\"@type\":\"ImageObject\",\"inLanguage\":\"ca\",\"@id\":\"https:\/\/dentalabril.com\/ca\/tractaments\/ortodoncia-a-sagrada-familia\/#primaryimage\",\"url\":\"https:\/\/dentalabril.com\/wp-content\/uploads\/2015\/05\/ortoconcia.jpg\",\"contentUrl\":\"https:\/\/dentalabril.com\/wp-content\/uploads\/2015\/05\/ortoconcia.jpg\"},{\"@type\":\"BreadcrumbList\",\"@id\":\"https:\/\/dentalabril.com\/ca\/tractaments\/ortodoncia-a-sagrada-familia\/#breadcrumb\",\"itemListElement\":[{\"@type\":\"ListItem\",\"position\":1,\"name\":\"Portada\",\"item\":\"https:\/\/dentalabril.com\/ca\/clinica-dental-abril-a-barcelona\/\"},{\"@type\":\"ListItem\",\"position\":2,\"name\":\"Tractaments\",\"item\":\"https:\/\/dentalabril.com\/ca\/tractaments\/\"},{\"@type\":\"ListItem\",\"position\":3,\"name\":\"Ortod\u00f2ncia a Sagrada Fam\u00edlia\"}]},{\"@type\":\"WebSite\",\"@id\":\"https:\/\/dentalabril.com\/#website\",\"url\":\"https:\/\/dentalabril.com\/\",\"name\":\"Cl\u00ednica Dental Abril\",\"description\":\"Tu cl\u00ednica dental en Barcelona\",\"publisher\":{\"@id\":\"https:\/\/dentalabril.com\/#organization\"},\"alternateName\":\"Dental Abril\",\"potentialAction\":[{\"@type\":\"SearchAction\",\"target\":{\"@type\":\"EntryPoint\",\"urlTemplate\":\"https:\/\/dentalabril.com\/?s={search_term_string}\"},\"query-input\":\"required name=search_term_string\"}],\"inLanguage\":\"ca\"},{\"@type\":\"Organization\",\"@id\":\"https:\/\/dentalabril.com\/#organization\",\"name\":\"Cl\u00ednica Dental Abril\",\"alternateName\":\"Dental Abril\",\"url\":\"https:\/\/dentalabril.com\/\",\"logo\":{\"@type\":\"ImageObject\",\"inLanguage\":\"ca\",\"@id\":\"https:\/\/dentalabril.com\/#\/schema\/logo\/image\/\",\"url\":\"https:\/\/dentalabril.com\/wp-content\/uploads\/2023\/03\/BBceBSJt_400x400.jpg\",\"contentUrl\":\"https:\/\/dentalabril.com\/wp-content\/uploads\/2023\/03\/BBceBSJt_400x400.jpg\",\"width\":400,\"height\":400,\"caption\":\"Cl\u00ednica Dental Abril\"},\"image\":{\"@id\":\"https:\/\/dentalabril.com\/#\/schema\/logo\/image\/\"},\"sameAs\":[\"https:\/\/www.facebook.com\/clinicadentalabril\/\",\"https:\/\/www.instagram.com\/dentalabril\/\"]}]}<\/script>\n<!-- \/ Yoast SEO plugin. -->","yoast_head_json":{"title":"Ortod\u00f2ncia a Sagrada Fam\u00edlia | Cl\u00ednica dental Abril","description":"Tractaments d'ortod\u00f2ncia a Sagrada Fam\u00edlia per corregir els problemes de mal posicions i dents desalineades. Brackets, Ortod\u00f2ncia invisible i infantil.","robots":{"index":"index","follow":"follow","max-snippet":"max-snippet:-1","max-image-preview":"max-image-preview:large","max-video-preview":"max-video-preview:-1"},"canonical":"https:\/\/dentalabril.com\/ca\/tractaments\/ortodoncia-a-sagrada-familia\/","og_locale":"ca_ES","og_type":"article","og_title":"Ortod\u00f2ncia a Sagrada Fam\u00edlia | Cl\u00ednica dental Abril","og_description":"Tractaments d'ortod\u00f2ncia a Sagrada Fam\u00edlia per corregir els problemes de mal posicions i dents desalineades. Brackets, Ortod\u00f2ncia invisible i infantil.","og_url":"https:\/\/dentalabril.com\/ca\/tractaments\/ortodoncia-a-sagrada-familia\/","og_site_name":"Cl\u00ednica dental Abril","article_publisher":"https:\/\/www.facebook.com\/clinicadentalabril\/","og_image":[{"url":"https:\/\/dentalabril.com\/wp-content\/uploads\/2015\/05\/ortoconcia.jpg"}],"twitter_card":"summary_large_image","twitter_misc":{"Temps estimat de lectura":"3 minuts"},"schema":{"@context":"https:\/\/schema.org","@graph":[{"@type":"WebPage","@id":"https:\/\/dentalabril.com\/ca\/tractaments\/ortodoncia-a-sagrada-familia\/","url":"https:\/\/dentalabril.com\/ca\/tractaments\/ortodoncia-a-sagrada-familia\/","name":"Ortod\u00f2ncia a Sagrada Fam\u00edlia | Cl\u00ednica dental Abril","isPartOf":{"@id":"https:\/\/dentalabril.com\/#website"},"primaryImageOfPage":{"@id":"https:\/\/dentalabril.com\/ca\/tractaments\/ortodoncia-a-sagrada-familia\/#primaryimage"},"image":{"@id":"https:\/\/dentalabril.com\/ca\/tractaments\/ortodoncia-a-sagrada-familia\/#primaryimage"},"thumbnailUrl":"https:\/\/dentalabril.com\/wp-content\/uploads\/2015\/05\/ortoconcia.jpg","datePublished":"2024-07-09T06:33:03+00:00","dateModified":"2024-07-09T06:33:03+00:00","description":"Tractaments d'ortod\u00f2ncia a Sagrada Fam\u00edlia per corregir els problemes de mal posicions i dents desalineades. Brackets, Ortod\u00f2ncia invisible i infantil.","breadcrumb":{"@id":"https:\/\/dentalabril.com\/ca\/tractaments\/ortodoncia-a-sagrada-familia\/#breadcrumb"},"inLanguage":"ca","potentialAction":[{"@type":"ReadAction","target":["https:\/\/dentalabril.com\/ca\/tractaments\/ortodoncia-a-sagrada-familia\/"]}]},{"@type":"ImageObject","inLanguage":"ca","@id":"https:\/\/dentalabril.com\/ca\/tractaments\/ortodoncia-a-sagrada-familia\/#primaryimage","url":"https:\/\/dentalabril.com\/wp-content\/uploads\/2015\/05\/ortoconcia.jpg","contentUrl":"https:\/\/dentalabril.com\/wp-content\/uploads\/2015\/05\/ortoconcia.jpg"},{"@type":"BreadcrumbList","@id":"https:\/\/dentalabril.com\/ca\/tractaments\/ortodoncia-a-sagrada-familia\/#breadcrumb","itemListElement":[{"@type":"ListItem","position":1,"name":"Portada","item":"https:\/\/dentalabril.com\/ca\/clinica-dental-abril-a-barcelona\/"},{"@type":"ListItem","position":2,"name":"Tractaments","item":"https:\/\/dentalabril.com\/ca\/tractaments\/"},{"@type":"ListItem","position":3,"name":"Ortod\u00f2ncia a Sagrada Fam\u00edlia"}]},{"@type":"WebSite","@id":"https:\/\/dentalabril.com\/#website","url":"https:\/\/dentalabril.com\/","name":"Cl\u00ednica Dental Abril","description":"Tu cl\u00ednica dental en Barcelona","publisher":{"@id":"https:\/\/dentalabril.com\/#organization"},"alternateName":"Dental Abril","potentialAction":[{"@type":"SearchAction","target":{"@type":"EntryPoint","urlTemplate":"https:\/\/dentalabril.com\/?s={search_term_string}"},"query-input":"required name=search_term_string"}],"inLanguage":"ca"},{"@type":"Organization","@id":"https:\/\/dentalabril.com\/#organization","name":"Cl\u00ednica Dental Abril","alternateName":"Dental Abril","url":"https:\/\/dentalabril.com\/","logo":{"@type":"ImageObject","inLanguage":"ca","@id":"https:\/\/dentalabril.com\/#\/schema\/logo\/image\/","url":"https:\/\/dentalabril.com\/wp-content\/uploads\/2023\/03\/BBceBSJt_400x400.jpg","contentUrl":"https:\/\/dentalabril.com\/wp-content\/uploads\/2023\/03\/BBceBSJt_400x400.jpg","width":400,"height":400,"caption":"Cl\u00ednica Dental Abril"},"image":{"@id":"https:\/\/dentalabril.com\/#\/schema\/logo\/image\/"},"sameAs":["https:\/\/www.facebook.com\/clinicadentalabril\/","https:\/\/www.instagram.com\/dentalabril\/"]}]}},"_links":{"self":[{"href":"https:\/\/dentalabril.com\/ca\/wp-json\/wp\/v2\/pages\/11060"}],"collection":[{"href":"https:\/\/dentalabril.com\/ca\/wp-json\/wp\/v2\/pages"}],"about":[{"href":"https:\/\/dentalabril.com\/ca\/wp-json\/wp\/v2\/types\/page"}],"author":[{"embeddable":true,"href":"https:\/\/dentalabril.com\/ca\/wp-json\/wp\/v2\/users\/4"}],"replies":[{"embeddable":true,"href":"https:\/\/dentalabril.com\/ca\/wp-json\/wp\/v2\/comments?post=11060"}],"version-history":[{"count":0,"href":"https:\/\/dentalabril.com\/ca\/wp-json\/wp\/v2\/pages\/11060\/revisions"}],"up":[{"embeddable":true,"href":"https:\/\/dentalabril.com\/ca\/wp-json\/wp\/v2\/pages\/11046"}],"wp:attachment":[{"href":"https:\/\/dentalabril.com\/ca\/wp-json\/wp\/v2\/media?parent=11060"}],"curies":[{"name":"wp","href":"https:\/\/api.w.org\/{rel}","templated":true}]}}