{"id":11059,"date":"2024-07-09T08:28:41","date_gmt":"2024-07-09T06:28:41","guid":{"rendered":"https:\/\/dentalabril.com\/tractaments\/ortodoncia-damon-sense-extraccions\/"},"modified":"2024-07-09T08:28:41","modified_gmt":"2024-07-09T06:28:41","slug":"ortodoncia-damon-sense-extraccions","status":"publish","type":"page","link":"https:\/\/dentalabril.com\/ca\/tractaments\/ortodoncia-damon-sense-extraccions\/","title":{"rendered":"Ortod\u00f2ncia Damon sense extraccions"},"content":{"rendered":"<p><img fetchpriority=\"high\" decoding=\"async\" class=\" size-full wp-image-135 alignnone\" src=\"http:\/\/dentalabril.com\/\/wp-content\/uploads\/2015\/05\/ortoconcia.jpg\" alt=\"ortodoncia\" width=\"300\" height=\"275\" srcset=\"https:\/\/dentalabril.com\/wp-content\/uploads\/2015\/05\/ortoconcia.jpg 300w, https:\/\/dentalabril.com\/wp-content\/uploads\/2015\/05\/ortoconcia-239x219.jpg 239w\" sizes=\"(max-width: 300px) 100vw, 300px\" \/><\/p>\n<p>&nbsp;<\/p>\n<h2><span style=\"color: #962525;\">ORTOD\u00d2NCIA AMB BRACKETS AUTOLLIGABLES DAMON<\/span><\/h2>\n<p>\u00c9s la forma \u201cbiol\u00f2gicament\u201d ideal per moure les dents i aconseguir un millor posicionament dental i est\u00e8tica facial.<\/p>\n<p>Els brackets del<i>sistema Damon<\/i> <strong>s\u00f3n brackets que no requereixen lligadures el\u00e0stiques per fixar l&#8217;arc<\/strong>. En canvi, els brackets convencionals necessiten lligadures que provoquen m\u00e9s for\u00e7a, m\u00e9s fricci\u00f3 i, per tant, m\u00e9s mol\u00e8sties per al pacient i ajustaments m\u00e9s freq\u00fcents.<\/p>\n<p>Els brackets del sistema Damon <strong>s\u00f3n br\u00e0quets d&#8217;autolligat passiu que permeten que les dents es moguin amb m\u00e9s facilitat i comoditat<\/strong>, amb resultats m\u00e9s r\u00e0pids i amb forces m\u00e9s lleugeres, suaus amb les dents i teixits tous.<\/p>\n<p>El sistema de brackets Damon tamb\u00e9 empra arcs d&#8217;alta tecnologia que<strong>requereixen menys canvis i ajustaments<\/strong>.<\/p>\n<h2><\/h2>\n<h2 style=\"text-align: center;\"><span style=\"color: #962525;\">\u00c9s possible l&#8217;ortod\u00f2ncia sense extraccions?<\/span><\/h2>\n<p align=\"center\"><i>La uni\u00f3 de brackets d&#8217;autolligat passiu Damon amb arcs d&#8217;alta tecnologia genera que es puguin tractar la majoria dels casos <b>sense fer extraccions<\/b> de peces permanents. Com a resultat d&#8217;aix\u00f2, obtindrem un somriure m\u00e9s ampli i natural i amb un perfil est\u00e8tic millorat (de gran import\u00e0ncia en pacients adults).<\/i><i><\/i><\/p>\n<p>Amb els brackets del sistema Damon tamb\u00e9<strong>evitem la utilitzaci\u00f3 d&#8217;expansors palatins<\/strong> (per eixamplar el paladar) i, a m\u00e9s, casos que podrien ser considerats quir\u00fargics no necessitessin aquesta intervenci\u00f3.<\/p>\n<p>Els brackets Damon utilitzen un mecanisme especial de lliscament d&#8217;alta tecnologia que <strong>redueix la pressi\u00f3 sobre les dents<\/strong> i permet que es desplacen m\u00e9s c\u00f2modament a les posicions correctes.<\/p>\n<p>L&#8217;autoestima i l&#8217;autoconfian\u00e7a augmenten a qualsevol edat amb unes dents ben col\u00b7locades i un somriure ampli i atractiu.<\/p>\n<p>Els brackets Damon<strong>s\u00f3n m\u00e9s petits i arrodonits que els brackets convencionals<\/strong>. Els <strong>contorns suaus<\/strong> del bracket i <strong>l&#8217;abs\u00e8ncia de lligadures<\/strong> en qu\u00e8 s&#8217;acumulen restes d&#8217;aliments fan que els brackets Damon siguin els m\u00e9s nets i c\u00f2modes del mercat.<\/p>\n<p><em><strong><a href=\"https:\/\/damonbraces.com\/\" target=\"_blank\" rel=\"noopener\">Sistema Damon<\/a><\/strong><\/em><\/p>\n<p>Autor: Dr. Julio Gea Guiral<br \/>\nCol N\u00ba 2944<br \/>\nOrtodoncista a Cl\u00ednica Dental Abril<\/p>\n","protected":false},"excerpt":{"rendered":"<p>&nbsp; ORTOD\u00d2NCIA AMB BRACKETS AUTOLLIGABLES DAMON \u00c9s la forma \u201cbiol\u00f2gicament\u201d ideal per moure les dents i aconseguir un millor posicionament dental i est\u00e8tica facial. Els brackets delsistema Damon s\u00f3n brackets que no requereixen lligadures el\u00e0stiques per fixar l&#8217;arc. En canvi, els brackets convencionals necessiten lligadures que provoquen m\u00e9s for\u00e7a, m\u00e9s fricci\u00f3 i, per tant, m\u00e9s [&hellip;]<\/p>\n","protected":false},"author":4,"featured_media":0,"parent":11046,"menu_order":0,"comment_status":"closed","ping_status":"closed","template":"g1_template_page_sidebar_left.php","meta":{"_joinchat":[],"footnotes":""},"class_list":["post-11059","page","type-page","status-publish"],"yoast_head":"<!-- This site is optimized with the Yoast SEO plugin v23.1 - https:\/\/yoast.com\/wordpress\/plugins\/seo\/ -->\n<title>Ortod\u00f2ncia Damon sense extraccions | Cl\u00ednica dental Abril en Barcelona<\/title>\n<meta name=\"description\" content=\"Tractaments d&#039;ortod\u00f2ncia amb brackets autolligables Damon a Barcelona. Informa&#039;t sobre els avantatges que aporta aquest sistema d&#039;ortod\u00f2ncia sofisticat.\" \/>\n<meta name=\"robots\" content=\"index, follow, max-snippet:-1, max-image-preview:large, max-video-preview:-1\" \/>\n<link rel=\"canonical\" href=\"https:\/\/dentalabril.com\/ca\/tractaments\/ortodoncia-damon-sense-extraccions\/\" \/>\n<meta property=\"og:locale\" content=\"ca_ES\" \/>\n<meta property=\"og:type\" content=\"article\" \/>\n<meta property=\"og:title\" content=\"Ortod\u00f2ncia Damon sense extraccions | Cl\u00ednica dental Abril en Barcelona\" \/>\n<meta property=\"og:description\" content=\"Tractaments d&#039;ortod\u00f2ncia amb brackets autolligables Damon a Barcelona. Informa&#039;t sobre els avantatges que aporta aquest sistema d&#039;ortod\u00f2ncia sofisticat.\" \/>\n<meta property=\"og:url\" content=\"https:\/\/dentalabril.com\/ca\/tractaments\/ortodoncia-damon-sense-extraccions\/\" \/>\n<meta property=\"og:site_name\" content=\"Cl\u00ednica dental Abril\" \/>\n<meta property=\"article:publisher\" content=\"https:\/\/www.facebook.com\/clinicadentalabril\/\" \/>\n<meta property=\"og:image\" content=\"http:\/\/dentalabril.com\/\/wp-content\/uploads\/2015\/05\/ortoconcia.jpg\" \/>\n<meta name=\"twitter:card\" content=\"summary_large_image\" \/>\n<meta name=\"twitter:label1\" content=\"Temps estimat de lectura\" \/>\n\t<meta name=\"twitter:data1\" content=\"2 minuts\" \/>\n<script type=\"application\/ld+json\" class=\"yoast-schema-graph\">{\"@context\":\"https:\/\/schema.org\",\"@graph\":[{\"@type\":\"WebPage\",\"@id\":\"https:\/\/dentalabril.com\/ca\/tractaments\/ortodoncia-damon-sense-extraccions\/\",\"url\":\"https:\/\/dentalabril.com\/ca\/tractaments\/ortodoncia-damon-sense-extraccions\/\",\"name\":\"Ortod\u00f2ncia Damon sense extraccions | Cl\u00ednica dental Abril en Barcelona\",\"isPartOf\":{\"@id\":\"https:\/\/dentalabril.com\/#website\"},\"primaryImageOfPage\":{\"@id\":\"https:\/\/dentalabril.com\/ca\/tractaments\/ortodoncia-damon-sense-extraccions\/#primaryimage\"},\"image\":{\"@id\":\"https:\/\/dentalabril.com\/ca\/tractaments\/ortodoncia-damon-sense-extraccions\/#primaryimage\"},\"thumbnailUrl\":\"http:\/\/dentalabril.com\/\/wp-content\/uploads\/2015\/05\/ortoconcia.jpg\",\"datePublished\":\"2024-07-09T06:28:41+00:00\",\"dateModified\":\"2024-07-09T06:28:41+00:00\",\"description\":\"Tractaments d'ortod\u00f2ncia amb brackets autolligables Damon a Barcelona. Informa't sobre els avantatges que aporta aquest sistema d'ortod\u00f2ncia sofisticat.\",\"breadcrumb\":{\"@id\":\"https:\/\/dentalabril.com\/ca\/tractaments\/ortodoncia-damon-sense-extraccions\/#breadcrumb\"},\"inLanguage\":\"ca\",\"potentialAction\":[{\"@type\":\"ReadAction\",\"target\":[\"https:\/\/dentalabril.com\/ca\/tractaments\/ortodoncia-damon-sense-extraccions\/\"]}]},{\"@type\":\"ImageObject\",\"inLanguage\":\"ca\",\"@id\":\"https:\/\/dentalabril.com\/ca\/tractaments\/ortodoncia-damon-sense-extraccions\/#primaryimage\",\"url\":\"http:\/\/dentalabril.com\/\/wp-content\/uploads\/2015\/05\/ortoconcia.jpg\",\"contentUrl\":\"http:\/\/dentalabril.com\/\/wp-content\/uploads\/2015\/05\/ortoconcia.jpg\"},{\"@type\":\"BreadcrumbList\",\"@id\":\"https:\/\/dentalabril.com\/ca\/tractaments\/ortodoncia-damon-sense-extraccions\/#breadcrumb\",\"itemListElement\":[{\"@type\":\"ListItem\",\"position\":1,\"name\":\"Portada\",\"item\":\"https:\/\/dentalabril.com\/ca\/clinica-dental-abril-a-barcelona\/\"},{\"@type\":\"ListItem\",\"position\":2,\"name\":\"Tractaments\",\"item\":\"https:\/\/dentalabril.com\/ca\/tractaments\/\"},{\"@type\":\"ListItem\",\"position\":3,\"name\":\"Ortod\u00f2ncia Damon sense extraccions\"}]},{\"@type\":\"WebSite\",\"@id\":\"https:\/\/dentalabril.com\/#website\",\"url\":\"https:\/\/dentalabril.com\/\",\"name\":\"Cl\u00ednica Dental Abril\",\"description\":\"Tu cl\u00ednica dental en Barcelona\",\"publisher\":{\"@id\":\"https:\/\/dentalabril.com\/#organization\"},\"alternateName\":\"Dental Abril\",\"potentialAction\":[{\"@type\":\"SearchAction\",\"target\":{\"@type\":\"EntryPoint\",\"urlTemplate\":\"https:\/\/dentalabril.com\/?s={search_term_string}\"},\"query-input\":\"required name=search_term_string\"}],\"inLanguage\":\"ca\"},{\"@type\":\"Organization\",\"@id\":\"https:\/\/dentalabril.com\/#organization\",\"name\":\"Cl\u00ednica Dental Abril\",\"alternateName\":\"Dental Abril\",\"url\":\"https:\/\/dentalabril.com\/\",\"logo\":{\"@type\":\"ImageObject\",\"inLanguage\":\"ca\",\"@id\":\"https:\/\/dentalabril.com\/#\/schema\/logo\/image\/\",\"url\":\"https:\/\/dentalabril.com\/wp-content\/uploads\/2023\/03\/BBceBSJt_400x400.jpg\",\"contentUrl\":\"https:\/\/dentalabril.com\/wp-content\/uploads\/2023\/03\/BBceBSJt_400x400.jpg\",\"width\":400,\"height\":400,\"caption\":\"Cl\u00ednica Dental Abril\"},\"image\":{\"@id\":\"https:\/\/dentalabril.com\/#\/schema\/logo\/image\/\"},\"sameAs\":[\"https:\/\/www.facebook.com\/clinicadentalabril\/\",\"https:\/\/www.instagram.com\/dentalabril\/\"]}]}<\/script>\n<!-- \/ Yoast SEO plugin. -->","yoast_head_json":{"title":"Ortod\u00f2ncia Damon sense extraccions | Cl\u00ednica dental Abril en Barcelona","description":"Tractaments d'ortod\u00f2ncia amb brackets autolligables Damon a Barcelona. Informa't sobre els avantatges que aporta aquest sistema d'ortod\u00f2ncia sofisticat.","robots":{"index":"index","follow":"follow","max-snippet":"max-snippet:-1","max-image-preview":"max-image-preview:large","max-video-preview":"max-video-preview:-1"},"canonical":"https:\/\/dentalabril.com\/ca\/tractaments\/ortodoncia-damon-sense-extraccions\/","og_locale":"ca_ES","og_type":"article","og_title":"Ortod\u00f2ncia Damon sense extraccions | Cl\u00ednica dental Abril en Barcelona","og_description":"Tractaments d'ortod\u00f2ncia amb brackets autolligables Damon a Barcelona. Informa't sobre els avantatges que aporta aquest sistema d'ortod\u00f2ncia sofisticat.","og_url":"https:\/\/dentalabril.com\/ca\/tractaments\/ortodoncia-damon-sense-extraccions\/","og_site_name":"Cl\u00ednica dental Abril","article_publisher":"https:\/\/www.facebook.com\/clinicadentalabril\/","og_image":[{"url":"http:\/\/dentalabril.com\/\/wp-content\/uploads\/2015\/05\/ortoconcia.jpg"}],"twitter_card":"summary_large_image","twitter_misc":{"Temps estimat de lectura":"2 minuts"},"schema":{"@context":"https:\/\/schema.org","@graph":[{"@type":"WebPage","@id":"https:\/\/dentalabril.com\/ca\/tractaments\/ortodoncia-damon-sense-extraccions\/","url":"https:\/\/dentalabril.com\/ca\/tractaments\/ortodoncia-damon-sense-extraccions\/","name":"Ortod\u00f2ncia Damon sense extraccions | Cl\u00ednica dental Abril en Barcelona","isPartOf":{"@id":"https:\/\/dentalabril.com\/#website"},"primaryImageOfPage":{"@id":"https:\/\/dentalabril.com\/ca\/tractaments\/ortodoncia-damon-sense-extraccions\/#primaryimage"},"image":{"@id":"https:\/\/dentalabril.com\/ca\/tractaments\/ortodoncia-damon-sense-extraccions\/#primaryimage"},"thumbnailUrl":"http:\/\/dentalabril.com\/\/wp-content\/uploads\/2015\/05\/ortoconcia.jpg","datePublished":"2024-07-09T06:28:41+00:00","dateModified":"2024-07-09T06:28:41+00:00","description":"Tractaments d'ortod\u00f2ncia amb brackets autolligables Damon a Barcelona. Informa't sobre els avantatges que aporta aquest sistema d'ortod\u00f2ncia sofisticat.","breadcrumb":{"@id":"https:\/\/dentalabril.com\/ca\/tractaments\/ortodoncia-damon-sense-extraccions\/#breadcrumb"},"inLanguage":"ca","potentialAction":[{"@type":"ReadAction","target":["https:\/\/dentalabril.com\/ca\/tractaments\/ortodoncia-damon-sense-extraccions\/"]}]},{"@type":"ImageObject","inLanguage":"ca","@id":"https:\/\/dentalabril.com\/ca\/tractaments\/ortodoncia-damon-sense-extraccions\/#primaryimage","url":"http:\/\/dentalabril.com\/\/wp-content\/uploads\/2015\/05\/ortoconcia.jpg","contentUrl":"http:\/\/dentalabril.com\/\/wp-content\/uploads\/2015\/05\/ortoconcia.jpg"},{"@type":"BreadcrumbList","@id":"https:\/\/dentalabril.com\/ca\/tractaments\/ortodoncia-damon-sense-extraccions\/#breadcrumb","itemListElement":[{"@type":"ListItem","position":1,"name":"Portada","item":"https:\/\/dentalabril.com\/ca\/clinica-dental-abril-a-barcelona\/"},{"@type":"ListItem","position":2,"name":"Tractaments","item":"https:\/\/dentalabril.com\/ca\/tractaments\/"},{"@type":"ListItem","position":3,"name":"Ortod\u00f2ncia Damon sense extraccions"}]},{"@type":"WebSite","@id":"https:\/\/dentalabril.com\/#website","url":"https:\/\/dentalabril.com\/","name":"Cl\u00ednica Dental Abril","description":"Tu cl\u00ednica dental en Barcelona","publisher":{"@id":"https:\/\/dentalabril.com\/#organization"},"alternateName":"Dental Abril","potentialAction":[{"@type":"SearchAction","target":{"@type":"EntryPoint","urlTemplate":"https:\/\/dentalabril.com\/?s={search_term_string}"},"query-input":"required name=search_term_string"}],"inLanguage":"ca"},{"@type":"Organization","@id":"https:\/\/dentalabril.com\/#organization","name":"Cl\u00ednica Dental Abril","alternateName":"Dental Abril","url":"https:\/\/dentalabril.com\/","logo":{"@type":"ImageObject","inLanguage":"ca","@id":"https:\/\/dentalabril.com\/#\/schema\/logo\/image\/","url":"https:\/\/dentalabril.com\/wp-content\/uploads\/2023\/03\/BBceBSJt_400x400.jpg","contentUrl":"https:\/\/dentalabril.com\/wp-content\/uploads\/2023\/03\/BBceBSJt_400x400.jpg","width":400,"height":400,"caption":"Cl\u00ednica Dental Abril"},"image":{"@id":"https:\/\/dentalabril.com\/#\/schema\/logo\/image\/"},"sameAs":["https:\/\/www.facebook.com\/clinicadentalabril\/","https:\/\/www.instagram.com\/dentalabril\/"]}]}},"_links":{"self":[{"href":"https:\/\/dentalabril.com\/ca\/wp-json\/wp\/v2\/pages\/11059"}],"collection":[{"href":"https:\/\/dentalabril.com\/ca\/wp-json\/wp\/v2\/pages"}],"about":[{"href":"https:\/\/dentalabril.com\/ca\/wp-json\/wp\/v2\/types\/page"}],"author":[{"embeddable":true,"href":"https:\/\/dentalabril.com\/ca\/wp-json\/wp\/v2\/users\/4"}],"replies":[{"embeddable":true,"href":"https:\/\/dentalabril.com\/ca\/wp-json\/wp\/v2\/comments?post=11059"}],"version-history":[{"count":0,"href":"https:\/\/dentalabril.com\/ca\/wp-json\/wp\/v2\/pages\/11059\/revisions"}],"up":[{"embeddable":true,"href":"https:\/\/dentalabril.com\/ca\/wp-json\/wp\/v2\/pages\/11046"}],"wp:attachment":[{"href":"https:\/\/dentalabril.com\/ca\/wp-json\/wp\/v2\/media?parent=11059"}],"curies":[{"name":"wp","href":"https:\/\/api.w.org\/{rel}","templated":true}]}}