{"id":11058,"date":"2024-07-09T08:24:06","date_gmt":"2024-07-09T06:24:06","guid":{"rendered":"https:\/\/dentalabril.com\/tractaments\/odontopediatria-a-sagrada-familia\/"},"modified":"2024-07-09T08:24:06","modified_gmt":"2024-07-09T06:24:06","slug":"odontopediatria-a-sagrada-familia","status":"publish","type":"page","link":"https:\/\/dentalabril.com\/ca\/tractaments\/odontopediatria-a-sagrada-familia\/","title":{"rendered":"Odontopediatria a Sagrada Fam\u00edlia"},"content":{"rendered":"<h2>Tractaments d&#8217;odontopediatria a Sagrada Fam\u00edlia<\/h2>\n<h3><span style=\"color: #962525;\">Qu\u00e8 \u00e9s l&#8217;odontopediatria?<\/span><\/h3>\n<p style=\"text-align: justify;\"><img fetchpriority=\"high\" decoding=\"async\" class=\"alignnone size-full wp-image-154\" src=\"http:\/\/dentalabril.com\/\/wp-content\/uploads\/2015\/05\/odontopediatria.png\" alt=\"odontopediatria\" width=\"600\" height=\"342\" srcset=\"https:\/\/dentalabril.com\/wp-content\/uploads\/2015\/05\/odontopediatria.png 600w, https:\/\/dentalabril.com\/wp-content\/uploads\/2015\/05\/odontopediatria-300x171.png 300w, https:\/\/dentalabril.com\/wp-content\/uploads\/2015\/05\/odontopediatria-320x182.png 320w, https:\/\/dentalabril.com\/wp-content\/uploads\/2015\/05\/odontopediatria-239x136.png 239w\" sizes=\"(max-width: 600px) 100vw, 600px\" \/><\/p>\n<p style=\"text-align: justify;\">L&#8217;odontopediatria \u00e9s la branca de l&#8217;odontologia que s&#8217;encarrega de l&#8217;atenci\u00f3 dels infants.<\/p>\n<p style=\"text-align: justify;\">Establir bons h\u00e0bits d&#8217;higiene bucal a una edat primerenca \u00e9s el primer pas per mantenir la boca sana durant tota la vida.<\/p>\n<p style=\"text-align: justify;\">Quan surt la primera dent, ja \u00e9s moment de comen\u00e7ar a fer servir un raspall dental, encara que sense dentifrici, fins als dos anys no s&#8217;ha d&#8217;utilitzar.<\/p>\n<p style=\"text-align: justify;\">La primera visita al dentista s&#8217;hauria de fer entre els dos anys i mig i els tres anys, el dentista examinar\u00e0 les dents, genives i maxil\u00b7lars per comprovar el correcte desenvolupament de totes les estructures, valorar h\u00e0bits i ensenyar la manera correcta de netejar i cuidar les dents .<\/p>\n<h2>Import\u00e0ncia de l&#8217;odontopediatria a Sagrada Fam\u00edlia<\/h2>\n<p style=\"text-align: justify;\">De tots els grups d&#8217;edat, en general els nens s\u00f3n el grup de m\u00e9s risc de presentar c\u00e0ries, ja que tendeixen a menjar m\u00e9s sovint i encara no dominen el raspallat. \u00c9s important despertar en els nens entusiasme i motivaci\u00f3 en la cura de les seves dents, fins als tres anys s\u00f3n els pares els encarregats de raspallar-los les dents, ia partir d&#8217;aquesta edat ja ho poden fer per si mateixos per\u00f2 sempre supervisats pels pares. Aquesta vigil\u00e0ncia al raspallat \u00e9s convenient realitzar-la fins als vuit anys.<\/p>\n<p style=\"text-align: justify;\">Al voltant dels tres anys, la majoria dels nens ja tenen totes les dents prim\u00e0ries o tamb\u00e9 anomenades de llet, s\u00f3n 20 en total, i encara que acabaran sent reempla\u00e7ades per les dents permanents, cal cuidar-les correctament, detectar si tenen c\u00e0ries i en aquest cas fer els empastaments corresponents, aix\u00ed com tamb\u00e9 cuidar les genives per evitar gingivitis.<\/p>\n<p style=\"text-align: justify;\">Un altre punt a tenir en compte s\u00f3n els materials preventius que podem aplicar en nens, com ara els segelladors o segelladors de fissures.<\/p>\n<p style=\"text-align: justify;\">Aquests materials s\u00f3n resines que s&#8217;apliquen a les cares masticat\u00f2ries de les dents, disminuint les probabilitats de tenir c\u00e0ries a les dents que s&#8217;apliquen, ja que transformen els solcs en superf\u00edcies m\u00e9s f\u00e0cils de netejar. Solen aplicar-se en nens de 6 a 7 anys, quan les dents definitives comencen a sortir, \u00e9s un procediment senzill, que no fa malb\u00e9 l&#8217;esmalt ni requereix anest\u00e8sia.<\/p>\n<p style=\"text-align: justify;\">\u00c9s important que el nen concorri al dentista per fer prevenci\u00f3, aix\u00ed es familiaritza amb l&#8217;entorn de la cl\u00ednica de manera natural generant confian\u00e7a.<\/p>\n","protected":false},"excerpt":{"rendered":"<p>Tractaments d&#8217;odontopediatria a Sagrada Fam\u00edlia Qu\u00e8 \u00e9s l&#8217;odontopediatria? L&#8217;odontopediatria \u00e9s la branca de l&#8217;odontologia que s&#8217;encarrega de l&#8217;atenci\u00f3 dels infants. Establir bons h\u00e0bits d&#8217;higiene bucal a una edat primerenca \u00e9s el primer pas per mantenir la boca sana durant tota la vida. Quan surt la primera dent, ja \u00e9s moment de comen\u00e7ar a fer servir [&hellip;]<\/p>\n","protected":false},"author":4,"featured_media":0,"parent":11046,"menu_order":0,"comment_status":"closed","ping_status":"closed","template":"g1_template_page_sidebar_left.php","meta":{"_joinchat":[],"footnotes":""},"class_list":["post-11058","page","type-page","status-publish"],"yoast_head":"<!-- This site is optimized with the Yoast SEO plugin v23.1 - https:\/\/yoast.com\/wordpress\/plugins\/seo\/ -->\n<title>Odontopediatria a Sagrada Fam\u00edlia | Cl\u00ednica dental Abril<\/title>\n<meta name=\"description\" content=\"L&#039;odontopediatria a Sagrada Fam\u00edlia \u00e9s la branca de l&#039;odontologia que s&#039;encarrega de l&#039;atenci\u00f3 dels infants. Vine a visitar-nos com m\u00e9s aviat millor!\" \/>\n<meta name=\"robots\" content=\"index, follow, max-snippet:-1, max-image-preview:large, max-video-preview:-1\" \/>\n<link rel=\"canonical\" href=\"https:\/\/dentalabril.com\/ca\/tractaments\/odontopediatria-a-sagrada-familia\/\" \/>\n<meta property=\"og:locale\" content=\"ca_ES\" \/>\n<meta property=\"og:type\" content=\"article\" \/>\n<meta property=\"og:title\" content=\"Odontopediatria a Sagrada Fam\u00edlia | Cl\u00ednica dental Abril\" \/>\n<meta property=\"og:description\" content=\"L&#039;odontopediatria a Sagrada Fam\u00edlia \u00e9s la branca de l&#039;odontologia que s&#039;encarrega de l&#039;atenci\u00f3 dels infants. Vine a visitar-nos com m\u00e9s aviat millor!\" \/>\n<meta property=\"og:url\" content=\"https:\/\/dentalabril.com\/ca\/tractaments\/odontopediatria-a-sagrada-familia\/\" \/>\n<meta property=\"og:site_name\" content=\"Cl\u00ednica dental Abril\" \/>\n<meta property=\"article:publisher\" content=\"https:\/\/www.facebook.com\/clinicadentalabril\/\" \/>\n<meta property=\"og:image\" content=\"http:\/\/dentalabril.com\/\/wp-content\/uploads\/2015\/05\/odontopediatria.png\" \/>\n<meta name=\"twitter:card\" content=\"summary_large_image\" \/>\n<meta name=\"twitter:label1\" content=\"Temps estimat de lectura\" \/>\n\t<meta name=\"twitter:data1\" content=\"2 minuts\" \/>\n<script type=\"application\/ld+json\" class=\"yoast-schema-graph\">{\"@context\":\"https:\/\/schema.org\",\"@graph\":[{\"@type\":\"WebPage\",\"@id\":\"https:\/\/dentalabril.com\/ca\/tractaments\/odontopediatria-a-sagrada-familia\/\",\"url\":\"https:\/\/dentalabril.com\/ca\/tractaments\/odontopediatria-a-sagrada-familia\/\",\"name\":\"Odontopediatria a Sagrada Fam\u00edlia | Cl\u00ednica dental Abril\",\"isPartOf\":{\"@id\":\"https:\/\/dentalabril.com\/#website\"},\"primaryImageOfPage\":{\"@id\":\"https:\/\/dentalabril.com\/ca\/tractaments\/odontopediatria-a-sagrada-familia\/#primaryimage\"},\"image\":{\"@id\":\"https:\/\/dentalabril.com\/ca\/tractaments\/odontopediatria-a-sagrada-familia\/#primaryimage\"},\"thumbnailUrl\":\"http:\/\/dentalabril.com\/\/wp-content\/uploads\/2015\/05\/odontopediatria.png\",\"datePublished\":\"2024-07-09T06:24:06+00:00\",\"dateModified\":\"2024-07-09T06:24:06+00:00\",\"description\":\"L'odontopediatria a Sagrada Fam\u00edlia \u00e9s la branca de l'odontologia que s'encarrega de l'atenci\u00f3 dels infants. Vine a visitar-nos com m\u00e9s aviat millor!\",\"breadcrumb\":{\"@id\":\"https:\/\/dentalabril.com\/ca\/tractaments\/odontopediatria-a-sagrada-familia\/#breadcrumb\"},\"inLanguage\":\"ca\",\"potentialAction\":[{\"@type\":\"ReadAction\",\"target\":[\"https:\/\/dentalabril.com\/ca\/tractaments\/odontopediatria-a-sagrada-familia\/\"]}]},{\"@type\":\"ImageObject\",\"inLanguage\":\"ca\",\"@id\":\"https:\/\/dentalabril.com\/ca\/tractaments\/odontopediatria-a-sagrada-familia\/#primaryimage\",\"url\":\"http:\/\/dentalabril.com\/\/wp-content\/uploads\/2015\/05\/odontopediatria.png\",\"contentUrl\":\"http:\/\/dentalabril.com\/\/wp-content\/uploads\/2015\/05\/odontopediatria.png\"},{\"@type\":\"BreadcrumbList\",\"@id\":\"https:\/\/dentalabril.com\/ca\/tractaments\/odontopediatria-a-sagrada-familia\/#breadcrumb\",\"itemListElement\":[{\"@type\":\"ListItem\",\"position\":1,\"name\":\"Portada\",\"item\":\"https:\/\/dentalabril.com\/ca\/clinica-dental-abril-a-barcelona\/\"},{\"@type\":\"ListItem\",\"position\":2,\"name\":\"Tractaments\",\"item\":\"https:\/\/dentalabril.com\/ca\/tractaments\/\"},{\"@type\":\"ListItem\",\"position\":3,\"name\":\"Odontopediatria a Sagrada Fam\u00edlia\"}]},{\"@type\":\"WebSite\",\"@id\":\"https:\/\/dentalabril.com\/#website\",\"url\":\"https:\/\/dentalabril.com\/\",\"name\":\"Cl\u00ednica Dental Abril\",\"description\":\"Tu cl\u00ednica dental en Barcelona\",\"publisher\":{\"@id\":\"https:\/\/dentalabril.com\/#organization\"},\"alternateName\":\"Dental Abril\",\"potentialAction\":[{\"@type\":\"SearchAction\",\"target\":{\"@type\":\"EntryPoint\",\"urlTemplate\":\"https:\/\/dentalabril.com\/?s={search_term_string}\"},\"query-input\":\"required name=search_term_string\"}],\"inLanguage\":\"ca\"},{\"@type\":\"Organization\",\"@id\":\"https:\/\/dentalabril.com\/#organization\",\"name\":\"Cl\u00ednica Dental Abril\",\"alternateName\":\"Dental Abril\",\"url\":\"https:\/\/dentalabril.com\/\",\"logo\":{\"@type\":\"ImageObject\",\"inLanguage\":\"ca\",\"@id\":\"https:\/\/dentalabril.com\/#\/schema\/logo\/image\/\",\"url\":\"https:\/\/dentalabril.com\/wp-content\/uploads\/2023\/03\/BBceBSJt_400x400.jpg\",\"contentUrl\":\"https:\/\/dentalabril.com\/wp-content\/uploads\/2023\/03\/BBceBSJt_400x400.jpg\",\"width\":400,\"height\":400,\"caption\":\"Cl\u00ednica Dental Abril\"},\"image\":{\"@id\":\"https:\/\/dentalabril.com\/#\/schema\/logo\/image\/\"},\"sameAs\":[\"https:\/\/www.facebook.com\/clinicadentalabril\/\",\"https:\/\/www.instagram.com\/dentalabril\/\"]}]}<\/script>\n<!-- \/ Yoast SEO plugin. -->","yoast_head_json":{"title":"Odontopediatria a Sagrada Fam\u00edlia | Cl\u00ednica dental Abril","description":"L'odontopediatria a Sagrada Fam\u00edlia \u00e9s la branca de l'odontologia que s'encarrega de l'atenci\u00f3 dels infants. Vine a visitar-nos com m\u00e9s aviat millor!","robots":{"index":"index","follow":"follow","max-snippet":"max-snippet:-1","max-image-preview":"max-image-preview:large","max-video-preview":"max-video-preview:-1"},"canonical":"https:\/\/dentalabril.com\/ca\/tractaments\/odontopediatria-a-sagrada-familia\/","og_locale":"ca_ES","og_type":"article","og_title":"Odontopediatria a Sagrada Fam\u00edlia | Cl\u00ednica dental Abril","og_description":"L'odontopediatria a Sagrada Fam\u00edlia \u00e9s la branca de l'odontologia que s'encarrega de l'atenci\u00f3 dels infants. Vine a visitar-nos com m\u00e9s aviat millor!","og_url":"https:\/\/dentalabril.com\/ca\/tractaments\/odontopediatria-a-sagrada-familia\/","og_site_name":"Cl\u00ednica dental Abril","article_publisher":"https:\/\/www.facebook.com\/clinicadentalabril\/","og_image":[{"url":"http:\/\/dentalabril.com\/\/wp-content\/uploads\/2015\/05\/odontopediatria.png"}],"twitter_card":"summary_large_image","twitter_misc":{"Temps estimat de lectura":"2 minuts"},"schema":{"@context":"https:\/\/schema.org","@graph":[{"@type":"WebPage","@id":"https:\/\/dentalabril.com\/ca\/tractaments\/odontopediatria-a-sagrada-familia\/","url":"https:\/\/dentalabril.com\/ca\/tractaments\/odontopediatria-a-sagrada-familia\/","name":"Odontopediatria a Sagrada Fam\u00edlia | Cl\u00ednica dental Abril","isPartOf":{"@id":"https:\/\/dentalabril.com\/#website"},"primaryImageOfPage":{"@id":"https:\/\/dentalabril.com\/ca\/tractaments\/odontopediatria-a-sagrada-familia\/#primaryimage"},"image":{"@id":"https:\/\/dentalabril.com\/ca\/tractaments\/odontopediatria-a-sagrada-familia\/#primaryimage"},"thumbnailUrl":"http:\/\/dentalabril.com\/\/wp-content\/uploads\/2015\/05\/odontopediatria.png","datePublished":"2024-07-09T06:24:06+00:00","dateModified":"2024-07-09T06:24:06+00:00","description":"L'odontopediatria a Sagrada Fam\u00edlia \u00e9s la branca de l'odontologia que s'encarrega de l'atenci\u00f3 dels infants. Vine a visitar-nos com m\u00e9s aviat millor!","breadcrumb":{"@id":"https:\/\/dentalabril.com\/ca\/tractaments\/odontopediatria-a-sagrada-familia\/#breadcrumb"},"inLanguage":"ca","potentialAction":[{"@type":"ReadAction","target":["https:\/\/dentalabril.com\/ca\/tractaments\/odontopediatria-a-sagrada-familia\/"]}]},{"@type":"ImageObject","inLanguage":"ca","@id":"https:\/\/dentalabril.com\/ca\/tractaments\/odontopediatria-a-sagrada-familia\/#primaryimage","url":"http:\/\/dentalabril.com\/\/wp-content\/uploads\/2015\/05\/odontopediatria.png","contentUrl":"http:\/\/dentalabril.com\/\/wp-content\/uploads\/2015\/05\/odontopediatria.png"},{"@type":"BreadcrumbList","@id":"https:\/\/dentalabril.com\/ca\/tractaments\/odontopediatria-a-sagrada-familia\/#breadcrumb","itemListElement":[{"@type":"ListItem","position":1,"name":"Portada","item":"https:\/\/dentalabril.com\/ca\/clinica-dental-abril-a-barcelona\/"},{"@type":"ListItem","position":2,"name":"Tractaments","item":"https:\/\/dentalabril.com\/ca\/tractaments\/"},{"@type":"ListItem","position":3,"name":"Odontopediatria a Sagrada Fam\u00edlia"}]},{"@type":"WebSite","@id":"https:\/\/dentalabril.com\/#website","url":"https:\/\/dentalabril.com\/","name":"Cl\u00ednica Dental Abril","description":"Tu cl\u00ednica dental en Barcelona","publisher":{"@id":"https:\/\/dentalabril.com\/#organization"},"alternateName":"Dental Abril","potentialAction":[{"@type":"SearchAction","target":{"@type":"EntryPoint","urlTemplate":"https:\/\/dentalabril.com\/?s={search_term_string}"},"query-input":"required name=search_term_string"}],"inLanguage":"ca"},{"@type":"Organization","@id":"https:\/\/dentalabril.com\/#organization","name":"Cl\u00ednica Dental Abril","alternateName":"Dental Abril","url":"https:\/\/dentalabril.com\/","logo":{"@type":"ImageObject","inLanguage":"ca","@id":"https:\/\/dentalabril.com\/#\/schema\/logo\/image\/","url":"https:\/\/dentalabril.com\/wp-content\/uploads\/2023\/03\/BBceBSJt_400x400.jpg","contentUrl":"https:\/\/dentalabril.com\/wp-content\/uploads\/2023\/03\/BBceBSJt_400x400.jpg","width":400,"height":400,"caption":"Cl\u00ednica Dental Abril"},"image":{"@id":"https:\/\/dentalabril.com\/#\/schema\/logo\/image\/"},"sameAs":["https:\/\/www.facebook.com\/clinicadentalabril\/","https:\/\/www.instagram.com\/dentalabril\/"]}]}},"_links":{"self":[{"href":"https:\/\/dentalabril.com\/ca\/wp-json\/wp\/v2\/pages\/11058"}],"collection":[{"href":"https:\/\/dentalabril.com\/ca\/wp-json\/wp\/v2\/pages"}],"about":[{"href":"https:\/\/dentalabril.com\/ca\/wp-json\/wp\/v2\/types\/page"}],"author":[{"embeddable":true,"href":"https:\/\/dentalabril.com\/ca\/wp-json\/wp\/v2\/users\/4"}],"replies":[{"embeddable":true,"href":"https:\/\/dentalabril.com\/ca\/wp-json\/wp\/v2\/comments?post=11058"}],"version-history":[{"count":0,"href":"https:\/\/dentalabril.com\/ca\/wp-json\/wp\/v2\/pages\/11058\/revisions"}],"up":[{"embeddable":true,"href":"https:\/\/dentalabril.com\/ca\/wp-json\/wp\/v2\/pages\/11046"}],"wp:attachment":[{"href":"https:\/\/dentalabril.com\/ca\/wp-json\/wp\/v2\/media?parent=11058"}],"curies":[{"name":"wp","href":"https:\/\/api.w.org\/{rel}","templated":true}]}}