{"id":11057,"date":"2024-07-09T08:22:14","date_gmt":"2024-07-09T06:22:14","guid":{"rendered":"https:\/\/dentalabril.com\/tractaments\/implants-dentals-a-sagrada-familia\/"},"modified":"2024-07-09T08:22:14","modified_gmt":"2024-07-09T06:22:14","slug":"implants-dentals-a-sagrada-familia","status":"publish","type":"page","link":"https:\/\/dentalabril.com\/ca\/tractaments\/implants-dentals-a-sagrada-familia\/","title":{"rendered":"Implants dentals a Sagrada Familia"},"content":{"rendered":"<h2 class=\"entry-title\">Experts en implants dentals a Sagrada Familia<\/h2>\n<p style=\"text-align: justify;\">Un <strong>IMPLANT DENTAL<\/strong> \u00e9s, b\u00e0sicament, un cargol de titani pur, la funci\u00f3 del qual \u00e9s substituir l&#8217;arrel de la dent que hem perdut.<\/p>\n<p><iframe src=\"https:\/\/www.youtube.com\/embed\/e2xr6emF32c?rel=0\" width=\"853\" height=\"480\" frameborder=\"0\" allowfullscreen=\"allowfullscreen\"><\/iframe><\/p>\n<h3><img fetchpriority=\"high\" decoding=\"async\" class=\" size-full wp-image-100 alignright\" src=\"http:\/\/dentalabril.com\/\/wp-content\/uploads\/2015\/05\/implantes.jpg\" alt=\"implants\" width=\"300\" height=\"200\" srcset=\"https:\/\/dentalabril.com\/wp-content\/uploads\/2015\/05\/implantes.jpg 300w, https:\/\/dentalabril.com\/wp-content\/uploads\/2015\/05\/implantes-239x159.jpg 239w\" sizes=\"(max-width: 300px) 100vw, 300px\" \/><strong>PER QU\u00c8 IMPLANTS DENTALS DE TIT\u00c0NI?<\/strong><\/h3>\n<p style=\"text-align: justify;\">Perqu\u00e8 el titani comercialment pur <strong>\u00e9s el metall biocompatible per excel\u00b7l\u00e8ncia<\/strong>, s&#8217;integra perfectament amb tots els teixits de la boca, \u00e9s estable, no provoca reaccions al\u00b7l\u00e8rgiques, ni produeix rebuig o reaccions adverses, per\u00f2 a m\u00e9s \u00e9s un material de gran resist\u00e8ncia, cosa que significa que mec\u00e0nicament funcionar\u00e0 a la perfecci\u00f3.<\/p>\n<h3 style=\"text-align: justify;\"><strong>EL FUTUR DELS IMPLANTS?<\/strong><\/h3>\n<p style=\"text-align: justify;\">Els tractaments amb implants dentals a Sagrada Fam\u00edlia<strong>han demostrat uns resultats de durada, confort, est\u00e8tica i predictibilitat molt superiors a altres tractaments substitutoris de dents naturals<\/strong>, fins al punt que avui dia n&#8217;hi ha que parlen de la tercera dentici\u00f3.<\/p>\n<p style=\"text-align: justify;\">Les estad\u00edstiques indiquen un percentatge d\u00e8xit del 95% al \u200b\u200b98% i el que fa m\u00e9s de 40 anys va comen\u00e7ar sent una t\u00e8cnica per a casos a\u00efllats, \u00e9s avui dia una t\u00e8cnica per a gaireb\u00e9 qualsevol situaci\u00f3 de la boca.<\/p>\n<p style=\"text-align: justify;\">Va ser als anys 50 quan el professor Per Br\u00e4nemark, de la Universitat de G\u00f6teborg, a Su\u00e8cia, va comen\u00e7ar amb la revoluci\u00f3 en el camp dels implants dentals, amb el proc\u00e9s anomenat oseointegraci\u00f3, \u00e9s a dir, la connexi\u00f3 directa entre l&#8217;implant i l&#8217;os .<\/p>\n<p style=\"text-align: justify;\">Des d&#8217;aquell moment, cient\u00edficament i cl\u00ednicament s&#8217;ha avan\u00e7at molt\u00edssim, i avui dia els procediments s\u00f3n cada cop m\u00e9s senzills, fins al punt de poder col\u00b7locar un implant en el mateix moment que traiem una dent, o amb la t\u00e8cnica de la cirurgia m\u00ednimament invasiva podem col\u00b7locar l&#8217;implant sense necessitat d&#8217;obrir la geniva, i aleshores el pacient marxa de la cl\u00ednica sense necessitat de portar punts de sutura, generant el confort m\u00e9s gran que pot experimentar el pacient.<\/p>\n<p style=\"text-align: justify;\">Tots aquests procediments estan molt ben protocolitzats i habitualment es fan amb una mol\u00e8stia m\u00ednima o nul\u00b7la.<\/p>\n<h2>ETAPES DEL TRACTAMENT D&#8217;IMPLANTS DENTALS A SAGRADA FAM\u00cdLIA<\/h2>\n<h3>EXAMEN I DIAGN\u00d2STIC<\/h3>\n<p style=\"text-align: justify;\">Es realitza una valoraci\u00f3 cl\u00ednica i radiogr\u00e0fica per determinar la qualitat i la quantitat d&#8217;os disponible i elaborar un pla de tractament per a cada cas. Aquest pas \u00e9s fonamental, ja que la bona planificaci\u00f3 del tractament \u00e9s imprescindible i \u00fanica per a cada pacient.<\/p>\n<h3>FASE QUIR\u00daRGICA<\/h3>\n<p style=\"text-align: justify;\">\u00c9s la col\u00b7locaci\u00f3 d&#8217;1 o m\u00e9s implants mitjan\u00e7ant un senzill procediment quir\u00fargic amb anest\u00e8sia local. El procediment \u00e9s indolor, r\u00e0pid i actualment es realitza amb la t\u00e8cnica d&#8217;incisions m\u00ednimes, cirurgia m\u00ednimament invasiva i guiada per ordinador, cosa que d\u00f3na l&#8217;avantatge de m\u00e9s confort per al pacient i que despr\u00e9s de fer la cirurgia el pacient pugui continuar amb les seves activitats habituals.<\/p>\n<h3>FASE PROT\u00c8TICA<\/h3>\n<p style=\"text-align: justify;\">\u00c9s l&#8217;etapa on es prenen les mesures per elaborar la restauraci\u00f3 que tornar\u00e0 la funcionalitat i l&#8217;est\u00e8tica. En la majoria dels casos es col\u00b7loca una pr\u00f2tesi provisional fins que la definitiva estigui enllestida.<\/p>\n<h3>FASE DE MANTENIMENT<\/h3>\n<p style=\"text-align: justify;\">Els controls peri\u00f2dics ajudaran a mantenir l&#8217;\u00e8xit dels nostres tractaments en el temps. Considerem que aquesta fase de manteniment \u00e9s fonamental per conservar els implants en el temps.<\/p>\n<p style=\"text-align: justify;\"><img decoding=\"async\" class=\"alignnone size-full wp-image-99\" src=\"http:\/\/dentalabril.com\/\/wp-content\/uploads\/2015\/05\/Implante2-07.jpg\" alt=\"Implant2-07\" width=\"800\" height=\"368\" srcset=\"https:\/\/dentalabril.com\/wp-content\/uploads\/2015\/05\/Implante2-07.jpg 800w, https:\/\/dentalabril.com\/wp-content\/uploads\/2015\/05\/Implante2-07-300x138.jpg 300w, https:\/\/dentalabril.com\/wp-content\/uploads\/2015\/05\/Implante2-07-636x293.jpg 636w, https:\/\/dentalabril.com\/wp-content\/uploads\/2015\/05\/Implante2-07-320x147.jpg 320w, https:\/\/dentalabril.com\/wp-content\/uploads\/2015\/05\/Implante2-07-239x110.jpg 239w\" sizes=\"(max-width: 800px) 100vw, 800px\" \/><\/p>\n","protected":false},"excerpt":{"rendered":"<p>Experts en implants dentals a Sagrada Familia Un IMPLANT DENTAL \u00e9s, b\u00e0sicament, un cargol de titani pur, la funci\u00f3 del qual \u00e9s substituir l&#8217;arrel de la dent que hem perdut. PER QU\u00c8 IMPLANTS DENTALS DE TIT\u00c0NI? Perqu\u00e8 el titani comercialment pur \u00e9s el metall biocompatible per excel\u00b7l\u00e8ncia, s&#8217;integra perfectament amb tots els teixits de la [&hellip;]<\/p>\n","protected":false},"author":4,"featured_media":0,"parent":11046,"menu_order":0,"comment_status":"closed","ping_status":"closed","template":"g1_template_page_sidebar_left.php","meta":{"_joinchat":[],"footnotes":""},"class_list":["post-11057","page","type-page","status-publish"],"yoast_head":"<!-- This site is optimized with the Yoast SEO plugin v23.1 - https:\/\/yoast.com\/wordpress\/plugins\/seo\/ -->\n<title>Implants dentals a Sagrada Familia | Cl\u00ednica dental Abril<\/title>\n<meta name=\"description\" content=\"Descobreix els tractaments avan\u00e7ats amb implants dentals a Sagrada Fam\u00edlia i com \u00e9s el nostre procediment per recuperar qualsevol manca de dents.\" \/>\n<meta name=\"robots\" content=\"index, follow, max-snippet:-1, max-image-preview:large, max-video-preview:-1\" \/>\n<link rel=\"canonical\" href=\"https:\/\/dentalabril.com\/ca\/tractaments\/implants-dentals-a-sagrada-familia\/\" \/>\n<meta property=\"og:locale\" content=\"ca_ES\" \/>\n<meta property=\"og:type\" content=\"article\" \/>\n<meta property=\"og:title\" content=\"Implants dentals a Sagrada Familia | Cl\u00ednica dental Abril\" \/>\n<meta property=\"og:description\" content=\"Descobreix els tractaments avan\u00e7ats amb implants dentals a Sagrada Fam\u00edlia i com \u00e9s el nostre procediment per recuperar qualsevol manca de dents.\" \/>\n<meta property=\"og:url\" content=\"https:\/\/dentalabril.com\/ca\/tractaments\/implants-dentals-a-sagrada-familia\/\" \/>\n<meta property=\"og:site_name\" content=\"Cl\u00ednica dental Abril\" \/>\n<meta property=\"article:publisher\" content=\"https:\/\/www.facebook.com\/clinicadentalabril\/\" \/>\n<meta property=\"og:image\" content=\"http:\/\/dentalabril.com\/\/wp-content\/uploads\/2015\/05\/implantes.jpg\" \/>\n<meta name=\"twitter:card\" content=\"summary_large_image\" \/>\n<meta name=\"twitter:label1\" content=\"Temps estimat de lectura\" \/>\n\t<meta name=\"twitter:data1\" content=\"3 minuts\" \/>\n<script type=\"application\/ld+json\" class=\"yoast-schema-graph\">{\"@context\":\"https:\/\/schema.org\",\"@graph\":[{\"@type\":\"WebPage\",\"@id\":\"https:\/\/dentalabril.com\/ca\/tractaments\/implants-dentals-a-sagrada-familia\/\",\"url\":\"https:\/\/dentalabril.com\/ca\/tractaments\/implants-dentals-a-sagrada-familia\/\",\"name\":\"Implants dentals a Sagrada Familia | Cl\u00ednica dental Abril\",\"isPartOf\":{\"@id\":\"https:\/\/dentalabril.com\/#website\"},\"primaryImageOfPage\":{\"@id\":\"https:\/\/dentalabril.com\/ca\/tractaments\/implants-dentals-a-sagrada-familia\/#primaryimage\"},\"image\":{\"@id\":\"https:\/\/dentalabril.com\/ca\/tractaments\/implants-dentals-a-sagrada-familia\/#primaryimage\"},\"thumbnailUrl\":\"http:\/\/dentalabril.com\/\/wp-content\/uploads\/2015\/05\/implantes.jpg\",\"datePublished\":\"2024-07-09T06:22:14+00:00\",\"dateModified\":\"2024-07-09T06:22:14+00:00\",\"description\":\"Descobreix els tractaments avan\u00e7ats amb implants dentals a Sagrada Fam\u00edlia i com \u00e9s el nostre procediment per recuperar qualsevol manca de dents.\",\"breadcrumb\":{\"@id\":\"https:\/\/dentalabril.com\/ca\/tractaments\/implants-dentals-a-sagrada-familia\/#breadcrumb\"},\"inLanguage\":\"ca\",\"potentialAction\":[{\"@type\":\"ReadAction\",\"target\":[\"https:\/\/dentalabril.com\/ca\/tractaments\/implants-dentals-a-sagrada-familia\/\"]}]},{\"@type\":\"ImageObject\",\"inLanguage\":\"ca\",\"@id\":\"https:\/\/dentalabril.com\/ca\/tractaments\/implants-dentals-a-sagrada-familia\/#primaryimage\",\"url\":\"http:\/\/dentalabril.com\/\/wp-content\/uploads\/2015\/05\/implantes.jpg\",\"contentUrl\":\"http:\/\/dentalabril.com\/\/wp-content\/uploads\/2015\/05\/implantes.jpg\"},{\"@type\":\"BreadcrumbList\",\"@id\":\"https:\/\/dentalabril.com\/ca\/tractaments\/implants-dentals-a-sagrada-familia\/#breadcrumb\",\"itemListElement\":[{\"@type\":\"ListItem\",\"position\":1,\"name\":\"Portada\",\"item\":\"https:\/\/dentalabril.com\/ca\/clinica-dental-abril-a-barcelona\/\"},{\"@type\":\"ListItem\",\"position\":2,\"name\":\"Tractaments\",\"item\":\"https:\/\/dentalabril.com\/ca\/tractaments\/\"},{\"@type\":\"ListItem\",\"position\":3,\"name\":\"Implants dentals a Sagrada Familia\"}]},{\"@type\":\"WebSite\",\"@id\":\"https:\/\/dentalabril.com\/#website\",\"url\":\"https:\/\/dentalabril.com\/\",\"name\":\"Cl\u00ednica Dental Abril\",\"description\":\"Tu cl\u00ednica dental en Barcelona\",\"publisher\":{\"@id\":\"https:\/\/dentalabril.com\/#organization\"},\"alternateName\":\"Dental Abril\",\"potentialAction\":[{\"@type\":\"SearchAction\",\"target\":{\"@type\":\"EntryPoint\",\"urlTemplate\":\"https:\/\/dentalabril.com\/?s={search_term_string}\"},\"query-input\":\"required name=search_term_string\"}],\"inLanguage\":\"ca\"},{\"@type\":\"Organization\",\"@id\":\"https:\/\/dentalabril.com\/#organization\",\"name\":\"Cl\u00ednica Dental Abril\",\"alternateName\":\"Dental Abril\",\"url\":\"https:\/\/dentalabril.com\/\",\"logo\":{\"@type\":\"ImageObject\",\"inLanguage\":\"ca\",\"@id\":\"https:\/\/dentalabril.com\/#\/schema\/logo\/image\/\",\"url\":\"https:\/\/dentalabril.com\/wp-content\/uploads\/2023\/03\/BBceBSJt_400x400.jpg\",\"contentUrl\":\"https:\/\/dentalabril.com\/wp-content\/uploads\/2023\/03\/BBceBSJt_400x400.jpg\",\"width\":400,\"height\":400,\"caption\":\"Cl\u00ednica Dental Abril\"},\"image\":{\"@id\":\"https:\/\/dentalabril.com\/#\/schema\/logo\/image\/\"},\"sameAs\":[\"https:\/\/www.facebook.com\/clinicadentalabril\/\",\"https:\/\/www.instagram.com\/dentalabril\/\"]}]}<\/script>\n<!-- \/ Yoast SEO plugin. -->","yoast_head_json":{"title":"Implants dentals a Sagrada Familia | Cl\u00ednica dental Abril","description":"Descobreix els tractaments avan\u00e7ats amb implants dentals a Sagrada Fam\u00edlia i com \u00e9s el nostre procediment per recuperar qualsevol manca de dents.","robots":{"index":"index","follow":"follow","max-snippet":"max-snippet:-1","max-image-preview":"max-image-preview:large","max-video-preview":"max-video-preview:-1"},"canonical":"https:\/\/dentalabril.com\/ca\/tractaments\/implants-dentals-a-sagrada-familia\/","og_locale":"ca_ES","og_type":"article","og_title":"Implants dentals a Sagrada Familia | Cl\u00ednica dental Abril","og_description":"Descobreix els tractaments avan\u00e7ats amb implants dentals a Sagrada Fam\u00edlia i com \u00e9s el nostre procediment per recuperar qualsevol manca de dents.","og_url":"https:\/\/dentalabril.com\/ca\/tractaments\/implants-dentals-a-sagrada-familia\/","og_site_name":"Cl\u00ednica dental Abril","article_publisher":"https:\/\/www.facebook.com\/clinicadentalabril\/","og_image":[{"url":"http:\/\/dentalabril.com\/\/wp-content\/uploads\/2015\/05\/implantes.jpg"}],"twitter_card":"summary_large_image","twitter_misc":{"Temps estimat de lectura":"3 minuts"},"schema":{"@context":"https:\/\/schema.org","@graph":[{"@type":"WebPage","@id":"https:\/\/dentalabril.com\/ca\/tractaments\/implants-dentals-a-sagrada-familia\/","url":"https:\/\/dentalabril.com\/ca\/tractaments\/implants-dentals-a-sagrada-familia\/","name":"Implants dentals a Sagrada Familia | Cl\u00ednica dental Abril","isPartOf":{"@id":"https:\/\/dentalabril.com\/#website"},"primaryImageOfPage":{"@id":"https:\/\/dentalabril.com\/ca\/tractaments\/implants-dentals-a-sagrada-familia\/#primaryimage"},"image":{"@id":"https:\/\/dentalabril.com\/ca\/tractaments\/implants-dentals-a-sagrada-familia\/#primaryimage"},"thumbnailUrl":"http:\/\/dentalabril.com\/\/wp-content\/uploads\/2015\/05\/implantes.jpg","datePublished":"2024-07-09T06:22:14+00:00","dateModified":"2024-07-09T06:22:14+00:00","description":"Descobreix els tractaments avan\u00e7ats amb implants dentals a Sagrada Fam\u00edlia i com \u00e9s el nostre procediment per recuperar qualsevol manca de dents.","breadcrumb":{"@id":"https:\/\/dentalabril.com\/ca\/tractaments\/implants-dentals-a-sagrada-familia\/#breadcrumb"},"inLanguage":"ca","potentialAction":[{"@type":"ReadAction","target":["https:\/\/dentalabril.com\/ca\/tractaments\/implants-dentals-a-sagrada-familia\/"]}]},{"@type":"ImageObject","inLanguage":"ca","@id":"https:\/\/dentalabril.com\/ca\/tractaments\/implants-dentals-a-sagrada-familia\/#primaryimage","url":"http:\/\/dentalabril.com\/\/wp-content\/uploads\/2015\/05\/implantes.jpg","contentUrl":"http:\/\/dentalabril.com\/\/wp-content\/uploads\/2015\/05\/implantes.jpg"},{"@type":"BreadcrumbList","@id":"https:\/\/dentalabril.com\/ca\/tractaments\/implants-dentals-a-sagrada-familia\/#breadcrumb","itemListElement":[{"@type":"ListItem","position":1,"name":"Portada","item":"https:\/\/dentalabril.com\/ca\/clinica-dental-abril-a-barcelona\/"},{"@type":"ListItem","position":2,"name":"Tractaments","item":"https:\/\/dentalabril.com\/ca\/tractaments\/"},{"@type":"ListItem","position":3,"name":"Implants dentals a Sagrada Familia"}]},{"@type":"WebSite","@id":"https:\/\/dentalabril.com\/#website","url":"https:\/\/dentalabril.com\/","name":"Cl\u00ednica Dental Abril","description":"Tu cl\u00ednica dental en Barcelona","publisher":{"@id":"https:\/\/dentalabril.com\/#organization"},"alternateName":"Dental Abril","potentialAction":[{"@type":"SearchAction","target":{"@type":"EntryPoint","urlTemplate":"https:\/\/dentalabril.com\/?s={search_term_string}"},"query-input":"required name=search_term_string"}],"inLanguage":"ca"},{"@type":"Organization","@id":"https:\/\/dentalabril.com\/#organization","name":"Cl\u00ednica Dental Abril","alternateName":"Dental Abril","url":"https:\/\/dentalabril.com\/","logo":{"@type":"ImageObject","inLanguage":"ca","@id":"https:\/\/dentalabril.com\/#\/schema\/logo\/image\/","url":"https:\/\/dentalabril.com\/wp-content\/uploads\/2023\/03\/BBceBSJt_400x400.jpg","contentUrl":"https:\/\/dentalabril.com\/wp-content\/uploads\/2023\/03\/BBceBSJt_400x400.jpg","width":400,"height":400,"caption":"Cl\u00ednica Dental Abril"},"image":{"@id":"https:\/\/dentalabril.com\/#\/schema\/logo\/image\/"},"sameAs":["https:\/\/www.facebook.com\/clinicadentalabril\/","https:\/\/www.instagram.com\/dentalabril\/"]}]}},"_links":{"self":[{"href":"https:\/\/dentalabril.com\/ca\/wp-json\/wp\/v2\/pages\/11057"}],"collection":[{"href":"https:\/\/dentalabril.com\/ca\/wp-json\/wp\/v2\/pages"}],"about":[{"href":"https:\/\/dentalabril.com\/ca\/wp-json\/wp\/v2\/types\/page"}],"author":[{"embeddable":true,"href":"https:\/\/dentalabril.com\/ca\/wp-json\/wp\/v2\/users\/4"}],"replies":[{"embeddable":true,"href":"https:\/\/dentalabril.com\/ca\/wp-json\/wp\/v2\/comments?post=11057"}],"version-history":[{"count":0,"href":"https:\/\/dentalabril.com\/ca\/wp-json\/wp\/v2\/pages\/11057\/revisions"}],"up":[{"embeddable":true,"href":"https:\/\/dentalabril.com\/ca\/wp-json\/wp\/v2\/pages\/11046"}],"wp:attachment":[{"href":"https:\/\/dentalabril.com\/ca\/wp-json\/wp\/v2\/media?parent=11057"}],"curies":[{"name":"wp","href":"https:\/\/api.w.org\/{rel}","templated":true}]}}