{"id":11056,"date":"2024-07-09T08:18:52","date_gmt":"2024-07-09T06:18:52","guid":{"rendered":"https:\/\/dentalabril.com\/tractaments\/implants-de-carrega-immediata\/"},"modified":"2024-07-09T08:18:52","modified_gmt":"2024-07-09T06:18:52","slug":"implants-de-carrega-immediata","status":"publish","type":"page","link":"https:\/\/dentalabril.com\/ca\/tractaments\/implants-de-carrega-immediata\/","title":{"rendered":"Implants de C\u00e0rrega Immediata"},"content":{"rendered":"<h2><span class=\"rojo\" style=\"color: #962525;\">IMPLANTS I DENTS EN 1 DIA<\/span><\/h2>\n<p>Un sistema molt innovador \u00e9s <strong>la c\u00e0rrega immediata<\/strong>, on el gran <strong>avantatge<\/strong> \u00e9s reduir a 1 sol dia la col\u00b7locaci\u00f3 d&#8217;implants i dents, davant dels 3 o 4 mesos de tractament emprats en els m\u00e8todes tradicionals.<\/p>\n<p>D&#8217;acord amb els protocols convencionals, despr\u00e9s de col\u00b7locar 1 implant cal un temps d&#8217;espera de 8 a 12 setmanes per aconseguir l&#8217;oseointegraci\u00f3 i poder col\u00b7locar la pr\u00f2tesi sobre els implants.<\/p>\n<p>Aquest protocol de tractament \u00e9s el m\u00e9s habitual i en general ho aconsellem quan cal substituir peces a les zones posteriors. Hem de tenir sempre present que la forma menys invasiva de reposar una dent que s&#8217;ha perdut, \u00e9s amb un implant dental, ja que no cal tocar ni danyar les dents sanes, evitar\u00e0 les migracions de dents cap a aquest espai buit, retorna la funci\u00f3 masticat\u00f2ria , i brindar\u00e0 un aspecte natural i est\u00e8tic.<\/p>\n<p>&nbsp;<\/p>\n<h3><span style=\"color: #962525;\"><strong>Cas cl\u00ednic d&#8217;implants dentals el mateix dia<\/strong><\/span><\/h3>\n<p><img fetchpriority=\"high\" decoding=\"async\" class=\"alignnone size-full wp-image-109\" src=\"http:\/\/dentalabril.com\/\/wp-content\/uploads\/2015\/05\/implante-carga-immediata.png\" alt=\"implant c\u00e0rrega immediata\" width=\"638\" height=\"204\" srcset=\"https:\/\/dentalabril.com\/wp-content\/uploads\/2015\/05\/implante-carga-immediata.png 638w, https:\/\/dentalabril.com\/wp-content\/uploads\/2015\/05\/implante-carga-immediata-300x96.png 300w, https:\/\/dentalabril.com\/wp-content\/uploads\/2015\/05\/implante-carga-immediata-636x203.png 636w, https:\/\/dentalabril.com\/wp-content\/uploads\/2015\/05\/implante-carga-immediata-320x102.png 320w, https:\/\/dentalabril.com\/wp-content\/uploads\/2015\/05\/implante-carga-immediata-239x76.png 239w\" sizes=\"(max-width: 638px) 100vw, 638px\" \/><\/p>\n<p>&nbsp;<\/p>\n<p>Per\u00f2 els nous dissenys quant a forma, i superf\u00edcies dels implants, tenen per objectiu escur\u00e7ar la durada del tractament i actualment si el cas ho permet es proposa:<\/p>\n<p><strong>La c\u00e0rrega immediata<\/strong> que \u00e9s la col\u00b7locaci\u00f3 de l&#8217;implant i de la funda el mateix dia de la cirurgia, cosa que representa un estalvi substancial de temps per al pacient i gran confort.<\/p>\n<p>Aquest procediment en general el reservem per a situacions on l&#8217;est\u00e8tica juga un paper important, dents al sector anterior per exemple, ja que el pacient se sentir\u00e0 molt m\u00e9s c\u00f2mode i segur si ja surt de la cl\u00ednica amb una funda sobre l&#8217;implant acabat de col\u00b7locar.<\/p>\n<p>Un altre cas pot ser la col\u00b7locaci\u00f3 de dos implants i col\u00b7locar al mateix moment un pont sobre els implants per a una millor funcionalitat i est\u00e8tica, ja que la geniva en aquests casos tindr\u00e0 una millor adaptaci\u00f3 a implant i funda.<\/p>\n<p>Una altra opci\u00f3 \u00e9s col\u00b7locar entre quatre i sis implants, i el mateix dia una pr\u00f2tesi cargolada als implants, aquest sistema afavorir\u00e0 la repartici\u00f3 de forces per ajudar a la oseointegraci\u00f3 i la confortabilitat del pacient de sortir amb dents fixes.<\/p>\n<p><strong>Una altra variant dins de les noves t\u00e8cniques \u00e9s la col\u00b7locaci\u00f3 d&#8217;implants immediats<\/strong> despr\u00e9s de lextracci\u00f3 duna o diverses peces dentals.<\/p>\n","protected":false},"excerpt":{"rendered":"<p>IMPLANTS I DENTS EN 1 DIA Un sistema molt innovador \u00e9s la c\u00e0rrega immediata, on el gran avantatge \u00e9s reduir a 1 sol dia la col\u00b7locaci\u00f3 d&#8217;implants i dents, davant dels 3 o 4 mesos de tractament emprats en els m\u00e8todes tradicionals. D&#8217;acord amb els protocols convencionals, despr\u00e9s de col\u00b7locar 1 implant cal un temps [&hellip;]<\/p>\n","protected":false},"author":4,"featured_media":0,"parent":11046,"menu_order":0,"comment_status":"closed","ping_status":"closed","template":"g1_template_page_sidebar_left.php","meta":{"_joinchat":[],"footnotes":""},"class_list":["post-11056","page","type-page","status-publish"],"yoast_head":"<!-- This site is optimized with the Yoast SEO plugin v23.1 - https:\/\/yoast.com\/wordpress\/plugins\/seo\/ -->\n<title>Implants de C\u00e0rrega Immediata | Implants All on 4 | Dental Abril en Barcelona<\/title>\n<meta name=\"description\" content=\"Implants de c\u00e0rrega immediata a Barcelona. Recupera els teus somriures i soluciona la manca de dents des de la primera sessi\u00f3. Especialistes en t\u00e8cnica All on 4.\" \/>\n<meta name=\"robots\" content=\"index, follow, max-snippet:-1, max-image-preview:large, max-video-preview:-1\" \/>\n<link rel=\"canonical\" href=\"https:\/\/dentalabril.com\/ca\/tractaments\/implants-de-carrega-immediata\/\" \/>\n<meta property=\"og:locale\" content=\"ca_ES\" \/>\n<meta property=\"og:type\" content=\"article\" \/>\n<meta property=\"og:title\" content=\"Implants de C\u00e0rrega Immediata | Implants All on 4 | Dental Abril en Barcelona\" \/>\n<meta property=\"og:description\" content=\"Implants de c\u00e0rrega immediata a Barcelona. Recupera els teus somriures i soluciona la manca de dents des de la primera sessi\u00f3. Especialistes en t\u00e8cnica All on 4.\" \/>\n<meta property=\"og:url\" content=\"https:\/\/dentalabril.com\/ca\/tractaments\/implants-de-carrega-immediata\/\" \/>\n<meta property=\"og:site_name\" content=\"Cl\u00ednica dental Abril\" \/>\n<meta property=\"article:publisher\" content=\"https:\/\/www.facebook.com\/clinicadentalabril\/\" \/>\n<meta property=\"og:image\" content=\"http:\/\/dentalabril.com\/\/wp-content\/uploads\/2015\/05\/implante-carga-immediata.png\" \/>\n<meta name=\"twitter:card\" content=\"summary_large_image\" \/>\n<meta name=\"twitter:label1\" content=\"Temps estimat de lectura\" \/>\n\t<meta name=\"twitter:data1\" content=\"2 minuts\" \/>\n<script type=\"application\/ld+json\" class=\"yoast-schema-graph\">{\"@context\":\"https:\/\/schema.org\",\"@graph\":[{\"@type\":\"WebPage\",\"@id\":\"https:\/\/dentalabril.com\/ca\/tractaments\/implants-de-carrega-immediata\/\",\"url\":\"https:\/\/dentalabril.com\/ca\/tractaments\/implants-de-carrega-immediata\/\",\"name\":\"Implants de C\u00e0rrega Immediata | Implants All on 4 | Dental Abril en Barcelona\",\"isPartOf\":{\"@id\":\"https:\/\/dentalabril.com\/#website\"},\"primaryImageOfPage\":{\"@id\":\"https:\/\/dentalabril.com\/ca\/tractaments\/implants-de-carrega-immediata\/#primaryimage\"},\"image\":{\"@id\":\"https:\/\/dentalabril.com\/ca\/tractaments\/implants-de-carrega-immediata\/#primaryimage\"},\"thumbnailUrl\":\"http:\/\/dentalabril.com\/\/wp-content\/uploads\/2015\/05\/implante-carga-immediata.png\",\"datePublished\":\"2024-07-09T06:18:52+00:00\",\"dateModified\":\"2024-07-09T06:18:52+00:00\",\"description\":\"Implants de c\u00e0rrega immediata a Barcelona. Recupera els teus somriures i soluciona la manca de dents des de la primera sessi\u00f3. Especialistes en t\u00e8cnica All on 4.\",\"breadcrumb\":{\"@id\":\"https:\/\/dentalabril.com\/ca\/tractaments\/implants-de-carrega-immediata\/#breadcrumb\"},\"inLanguage\":\"ca\",\"potentialAction\":[{\"@type\":\"ReadAction\",\"target\":[\"https:\/\/dentalabril.com\/ca\/tractaments\/implants-de-carrega-immediata\/\"]}]},{\"@type\":\"ImageObject\",\"inLanguage\":\"ca\",\"@id\":\"https:\/\/dentalabril.com\/ca\/tractaments\/implants-de-carrega-immediata\/#primaryimage\",\"url\":\"http:\/\/dentalabril.com\/\/wp-content\/uploads\/2015\/05\/implante-carga-immediata.png\",\"contentUrl\":\"http:\/\/dentalabril.com\/\/wp-content\/uploads\/2015\/05\/implante-carga-immediata.png\"},{\"@type\":\"BreadcrumbList\",\"@id\":\"https:\/\/dentalabril.com\/ca\/tractaments\/implants-de-carrega-immediata\/#breadcrumb\",\"itemListElement\":[{\"@type\":\"ListItem\",\"position\":1,\"name\":\"Portada\",\"item\":\"https:\/\/dentalabril.com\/ca\/clinica-dental-abril-a-barcelona\/\"},{\"@type\":\"ListItem\",\"position\":2,\"name\":\"Tractaments\",\"item\":\"https:\/\/dentalabril.com\/ca\/tractaments\/\"},{\"@type\":\"ListItem\",\"position\":3,\"name\":\"Implants de C\u00e0rrega Immediata\"}]},{\"@type\":\"WebSite\",\"@id\":\"https:\/\/dentalabril.com\/#website\",\"url\":\"https:\/\/dentalabril.com\/\",\"name\":\"Cl\u00ednica Dental Abril\",\"description\":\"Tu cl\u00ednica dental en Barcelona\",\"publisher\":{\"@id\":\"https:\/\/dentalabril.com\/#organization\"},\"alternateName\":\"Dental Abril\",\"potentialAction\":[{\"@type\":\"SearchAction\",\"target\":{\"@type\":\"EntryPoint\",\"urlTemplate\":\"https:\/\/dentalabril.com\/?s={search_term_string}\"},\"query-input\":\"required name=search_term_string\"}],\"inLanguage\":\"ca\"},{\"@type\":\"Organization\",\"@id\":\"https:\/\/dentalabril.com\/#organization\",\"name\":\"Cl\u00ednica Dental Abril\",\"alternateName\":\"Dental Abril\",\"url\":\"https:\/\/dentalabril.com\/\",\"logo\":{\"@type\":\"ImageObject\",\"inLanguage\":\"ca\",\"@id\":\"https:\/\/dentalabril.com\/#\/schema\/logo\/image\/\",\"url\":\"https:\/\/dentalabril.com\/wp-content\/uploads\/2023\/03\/BBceBSJt_400x400.jpg\",\"contentUrl\":\"https:\/\/dentalabril.com\/wp-content\/uploads\/2023\/03\/BBceBSJt_400x400.jpg\",\"width\":400,\"height\":400,\"caption\":\"Cl\u00ednica Dental Abril\"},\"image\":{\"@id\":\"https:\/\/dentalabril.com\/#\/schema\/logo\/image\/\"},\"sameAs\":[\"https:\/\/www.facebook.com\/clinicadentalabril\/\",\"https:\/\/www.instagram.com\/dentalabril\/\"]}]}<\/script>\n<!-- \/ Yoast SEO plugin. -->","yoast_head_json":{"title":"Implants de C\u00e0rrega Immediata | Implants All on 4 | Dental Abril en Barcelona","description":"Implants de c\u00e0rrega immediata a Barcelona. Recupera els teus somriures i soluciona la manca de dents des de la primera sessi\u00f3. Especialistes en t\u00e8cnica All on 4.","robots":{"index":"index","follow":"follow","max-snippet":"max-snippet:-1","max-image-preview":"max-image-preview:large","max-video-preview":"max-video-preview:-1"},"canonical":"https:\/\/dentalabril.com\/ca\/tractaments\/implants-de-carrega-immediata\/","og_locale":"ca_ES","og_type":"article","og_title":"Implants de C\u00e0rrega Immediata | Implants All on 4 | Dental Abril en Barcelona","og_description":"Implants de c\u00e0rrega immediata a Barcelona. Recupera els teus somriures i soluciona la manca de dents des de la primera sessi\u00f3. Especialistes en t\u00e8cnica All on 4.","og_url":"https:\/\/dentalabril.com\/ca\/tractaments\/implants-de-carrega-immediata\/","og_site_name":"Cl\u00ednica dental Abril","article_publisher":"https:\/\/www.facebook.com\/clinicadentalabril\/","og_image":[{"url":"http:\/\/dentalabril.com\/\/wp-content\/uploads\/2015\/05\/implante-carga-immediata.png"}],"twitter_card":"summary_large_image","twitter_misc":{"Temps estimat de lectura":"2 minuts"},"schema":{"@context":"https:\/\/schema.org","@graph":[{"@type":"WebPage","@id":"https:\/\/dentalabril.com\/ca\/tractaments\/implants-de-carrega-immediata\/","url":"https:\/\/dentalabril.com\/ca\/tractaments\/implants-de-carrega-immediata\/","name":"Implants de C\u00e0rrega Immediata | Implants All on 4 | Dental Abril en Barcelona","isPartOf":{"@id":"https:\/\/dentalabril.com\/#website"},"primaryImageOfPage":{"@id":"https:\/\/dentalabril.com\/ca\/tractaments\/implants-de-carrega-immediata\/#primaryimage"},"image":{"@id":"https:\/\/dentalabril.com\/ca\/tractaments\/implants-de-carrega-immediata\/#primaryimage"},"thumbnailUrl":"http:\/\/dentalabril.com\/\/wp-content\/uploads\/2015\/05\/implante-carga-immediata.png","datePublished":"2024-07-09T06:18:52+00:00","dateModified":"2024-07-09T06:18:52+00:00","description":"Implants de c\u00e0rrega immediata a Barcelona. Recupera els teus somriures i soluciona la manca de dents des de la primera sessi\u00f3. Especialistes en t\u00e8cnica All on 4.","breadcrumb":{"@id":"https:\/\/dentalabril.com\/ca\/tractaments\/implants-de-carrega-immediata\/#breadcrumb"},"inLanguage":"ca","potentialAction":[{"@type":"ReadAction","target":["https:\/\/dentalabril.com\/ca\/tractaments\/implants-de-carrega-immediata\/"]}]},{"@type":"ImageObject","inLanguage":"ca","@id":"https:\/\/dentalabril.com\/ca\/tractaments\/implants-de-carrega-immediata\/#primaryimage","url":"http:\/\/dentalabril.com\/\/wp-content\/uploads\/2015\/05\/implante-carga-immediata.png","contentUrl":"http:\/\/dentalabril.com\/\/wp-content\/uploads\/2015\/05\/implante-carga-immediata.png"},{"@type":"BreadcrumbList","@id":"https:\/\/dentalabril.com\/ca\/tractaments\/implants-de-carrega-immediata\/#breadcrumb","itemListElement":[{"@type":"ListItem","position":1,"name":"Portada","item":"https:\/\/dentalabril.com\/ca\/clinica-dental-abril-a-barcelona\/"},{"@type":"ListItem","position":2,"name":"Tractaments","item":"https:\/\/dentalabril.com\/ca\/tractaments\/"},{"@type":"ListItem","position":3,"name":"Implants de C\u00e0rrega Immediata"}]},{"@type":"WebSite","@id":"https:\/\/dentalabril.com\/#website","url":"https:\/\/dentalabril.com\/","name":"Cl\u00ednica Dental Abril","description":"Tu cl\u00ednica dental en Barcelona","publisher":{"@id":"https:\/\/dentalabril.com\/#organization"},"alternateName":"Dental Abril","potentialAction":[{"@type":"SearchAction","target":{"@type":"EntryPoint","urlTemplate":"https:\/\/dentalabril.com\/?s={search_term_string}"},"query-input":"required name=search_term_string"}],"inLanguage":"ca"},{"@type":"Organization","@id":"https:\/\/dentalabril.com\/#organization","name":"Cl\u00ednica Dental Abril","alternateName":"Dental Abril","url":"https:\/\/dentalabril.com\/","logo":{"@type":"ImageObject","inLanguage":"ca","@id":"https:\/\/dentalabril.com\/#\/schema\/logo\/image\/","url":"https:\/\/dentalabril.com\/wp-content\/uploads\/2023\/03\/BBceBSJt_400x400.jpg","contentUrl":"https:\/\/dentalabril.com\/wp-content\/uploads\/2023\/03\/BBceBSJt_400x400.jpg","width":400,"height":400,"caption":"Cl\u00ednica Dental Abril"},"image":{"@id":"https:\/\/dentalabril.com\/#\/schema\/logo\/image\/"},"sameAs":["https:\/\/www.facebook.com\/clinicadentalabril\/","https:\/\/www.instagram.com\/dentalabril\/"]}]}},"_links":{"self":[{"href":"https:\/\/dentalabril.com\/ca\/wp-json\/wp\/v2\/pages\/11056"}],"collection":[{"href":"https:\/\/dentalabril.com\/ca\/wp-json\/wp\/v2\/pages"}],"about":[{"href":"https:\/\/dentalabril.com\/ca\/wp-json\/wp\/v2\/types\/page"}],"author":[{"embeddable":true,"href":"https:\/\/dentalabril.com\/ca\/wp-json\/wp\/v2\/users\/4"}],"replies":[{"embeddable":true,"href":"https:\/\/dentalabril.com\/ca\/wp-json\/wp\/v2\/comments?post=11056"}],"version-history":[{"count":0,"href":"https:\/\/dentalabril.com\/ca\/wp-json\/wp\/v2\/pages\/11056\/revisions"}],"up":[{"embeddable":true,"href":"https:\/\/dentalabril.com\/ca\/wp-json\/wp\/v2\/pages\/11046"}],"wp:attachment":[{"href":"https:\/\/dentalabril.com\/ca\/wp-json\/wp\/v2\/media?parent=11056"}],"curies":[{"name":"wp","href":"https:\/\/api.w.org\/{rel}","templated":true}]}}