{"id":11055,"date":"2024-07-09T08:15:54","date_gmt":"2024-07-09T06:15:54","guid":{"rendered":"https:\/\/dentalabril.com\/tractaments\/halitosi\/"},"modified":"2024-07-09T08:15:54","modified_gmt":"2024-07-09T06:15:54","slug":"halitosi","status":"publish","type":"page","link":"https:\/\/dentalabril.com\/ca\/tractaments\/halitosi\/","title":{"rendered":"Halitosi"},"content":{"rendered":"<h2><span style=\"color: #962525;\">Qu\u00e8 \u00e9s la Halitosi?<\/span><\/h2>\n<p style=\"text-align: justify;\"><img fetchpriority=\"high\" decoding=\"async\" class=\" size-full wp-image-149 alignright\" src=\"http:\/\/dentalabril.com\/\/wp-content\/uploads\/2015\/05\/halitosis.jpg\" alt=\"halitosi\" width=\"228\" height=\"300\">La Halitosi, tamb\u00e9 coneguda com a \u201cmal al\u00e8\u201d, es defineix com el conjunt d&#8217;olors desagradables que emanen de la cavitat bucal, independentment de quin sigui el seu origen.<\/p>\n<p style=\"text-align: justify;\">Estad\u00edsticament un 30% de la poblaci\u00f3 adulta pateix o ha patit halitosi en alguna ocasi\u00f3.<\/p>\n<p style=\"text-align: justify;\">El que \u00e9s paradoxal d&#8217;aquest problema, \u00e9s que qui el pateix, no \u00e9s capa\u00e7 d&#8217;olorar el seu mal al\u00e8, cosa que el converteix en un problema social. De vegades necessitem la col\u00b7laboraci\u00f3 dels nostres familiars per adonar-nos que patim halitosi.<\/p>\n<p style=\"text-align: justify;\">Cal puntualitzar que l&#8217;halitosi no \u00e9s una malaltia sin\u00f3 un s\u00edmptoma, un problema que pot tenir significat diagn\u00f2stic i del qual n&#8217;hem de detectar l&#8217;origen.<\/p>\n<p style=\"text-align: justify;\">Les olors de la boca poden originar-se a la pr\u00f2pia cavitat bucal (en el 90% dels casos), o poden provenir de les vies respirat\u00f2ries altes.<\/p>\n<p style=\"text-align: justify;\">Hem d&#8217;identificar si el mal al\u00e8 emana nom\u00e9s per la boca, o per la boca i el nas.<\/p>\n<p style=\"text-align: justify;\">Si l&#8217;halitosi emana per boca i nas, ser\u00e0 llavors un problema de les vies respirat\u00f2ries altes, considerant dins aquesta \u00e0rea totes les causes otorinolaringol\u00f2giques com ara rinitis, p\u00f2lips nasals, sinusitis cr\u00f2nica, amigdalitis, etc. Si el mal al\u00e8 emana nom\u00e9s per la boca, aleshores \u00e9s un problema concret de la cavitat bucal i caldr\u00e0 detectar de quin lloc de la boca prov\u00e9 per poder tractar-lo.<\/p>\n<p style=\"text-align: justify;\">Les fonts poden ser diverses, per exemple gingivitis o la malaltia periodontal cr\u00f2nica (malaltia de les genives) amb formaci\u00f3 de borses periodontals, causa una olor molt caracter\u00edstica degut al c\u00famul de dip\u00f2sits i bacteris periodontals que s&#8217;allotgen en aquestes borses. \u00c9s aix\u00ed que quan fem el tractament periodontal, desapareix el mal al\u00e8 i el mal sabor de boca perqu\u00e8 estem eliminant la causa que el provoca.<\/p>\n<p>Altres causes d&#8217;halitosi poden ser la retenci\u00f3 de part\u00edcules odor\u00edferes entre les dents, empastaments insuficientment polits, pr\u00f2tesis mal adaptades, c\u00e0ries, sequedat de boca, \u00e9s a dir tot el que afavoreixi l&#8217;acumulaci\u00f3 i la retenci\u00f3 de placa microbiana pot tenir com a conseq\u00fc\u00e8ncia mal al\u00e8.<\/p>\n<p style=\"text-align: justify;\">Un altre punt que mereix una atenci\u00f3 especial \u00e9s la llengua, ja que s&#8217;ha demostrat clarament la relaci\u00f3 existent entre l&#8217;halitosi oral i les subst\u00e0ncies dipositades al dors de la llengua. Per exemple pacients amb una boca sana, sense c\u00e0ries i sense malaltia de genives que pateixen mal al\u00e8, l&#8217;origen estaria a la base de la llengua. All\u00ed, l&#8217;ac\u00famul de restes, unit a la pres\u00e8ncia de certs bacteris, afavoreix la formaci\u00f3 d&#8217;uns compostos vol\u00e0tils sulfurats com el sulfur d&#8217;hidrogen i el metilmercapt\u00e0 o altres compostos vol\u00e0tils no sulfurats com l&#8217;indol i l&#8217;escatol o altres amines. Tots aquests compostos provenen de diferents bacteris que s&#8217;hauran de detectar i quantificar.<\/p>\n<p style=\"text-align: justify;\">Altres vegades, les infeccions de les vies respirat\u00f2ries altes, provoquen l&#8217;anomenat moqueig retronasal a la part posterior de la faringe, que va caient cap al dors de la llengua. Aquest degoteig cont\u00e9 bacteris que s&#8217;acumulen a la part posterior lingual, a la base de la llengua, i habitualment amb les mesures d&#8217;higiene no aconseguim arribar a eliminar-les, comencen llavors a produir-se els gasos sulfurats, quan parlem movem la llengua i aquests gasos emanen , de manera que la major part de les halitosis empitjoren quan parlem.<\/p>\n<p style=\"text-align: justify;\">Pel que fa al tractament, el m\u00e9s important \u00e9s diagnosticar-ne la proced\u00e8ncia i comptar amb un protocol d&#8217;actuaci\u00f3, hi ha tractaments antibacterians i mec\u00e0nics que, combinats i aplicats a cada cas particular, poden donar soluci\u00f3 efectiva a un problema que genera gran preocupaci\u00f3 en les persones que la pateixen, per aix\u00f2 convidem a aquests pacients que ens consultin, que demanin informaci\u00f3 i que es deixin assessorar perqu\u00e8 es puguin aplicar tot el conjunt de mesures de qu\u00e8 disposem avui dia per a un tractament efica\u00e7.<\/p>\n","protected":false},"excerpt":{"rendered":"<p>Qu\u00e8 \u00e9s la Halitosi? La Halitosi, tamb\u00e9 coneguda com a \u201cmal al\u00e8\u201d, es defineix com el conjunt d&#8217;olors desagradables que emanen de la cavitat bucal, independentment de quin sigui el seu origen. Estad\u00edsticament un 30% de la poblaci\u00f3 adulta pateix o ha patit halitosi en alguna ocasi\u00f3. El que \u00e9s paradoxal d&#8217;aquest problema, \u00e9s que [&hellip;]<\/p>\n","protected":false},"author":4,"featured_media":0,"parent":11046,"menu_order":0,"comment_status":"closed","ping_status":"closed","template":"g1_template_page_sidebar_left.php","meta":{"_joinchat":[],"footnotes":""},"class_list":["post-11055","page","type-page","status-publish"],"yoast_head":"<!-- This site is optimized with the Yoast SEO plugin v23.1 - https:\/\/yoast.com\/wordpress\/plugins\/seo\/ -->\n<title>Halitosi | Cl\u00ednica dental Abril<\/title>\n<meta name=\"robots\" content=\"index, follow, max-snippet:-1, max-image-preview:large, max-video-preview:-1\" \/>\n<link rel=\"canonical\" href=\"https:\/\/dentalabril.com\/ca\/tractaments\/halitosi\/\" \/>\n<meta property=\"og:locale\" content=\"ca_ES\" \/>\n<meta property=\"og:type\" content=\"article\" \/>\n<meta property=\"og:title\" content=\"Halitosi | Cl\u00ednica dental Abril\" \/>\n<meta property=\"og:description\" content=\"Qu\u00e8 \u00e9s la Halitosi? La Halitosi, tamb\u00e9 coneguda com a \u201cmal al\u00e8\u201d, es defineix com el conjunt d&#8217;olors desagradables que emanen de la cavitat bucal, independentment de quin sigui el seu origen. Estad\u00edsticament un 30% de la poblaci\u00f3 adulta pateix o ha patit halitosi en alguna ocasi\u00f3. El que \u00e9s paradoxal d&#8217;aquest problema, \u00e9s que [&hellip;]\" \/>\n<meta property=\"og:url\" content=\"https:\/\/dentalabril.com\/ca\/tractaments\/halitosi\/\" \/>\n<meta property=\"og:site_name\" content=\"Cl\u00ednica dental Abril\" \/>\n<meta property=\"article:publisher\" content=\"https:\/\/www.facebook.com\/clinicadentalabril\/\" \/>\n<meta property=\"og:image\" content=\"http:\/\/dentalabril.com\/\/wp-content\/uploads\/2015\/05\/halitosis.jpg\" \/>\n<meta name=\"twitter:card\" content=\"summary_large_image\" \/>\n<meta name=\"twitter:label1\" content=\"Temps estimat de lectura\" \/>\n\t<meta name=\"twitter:data1\" content=\"3 minuts\" \/>\n<script type=\"application\/ld+json\" class=\"yoast-schema-graph\">{\"@context\":\"https:\/\/schema.org\",\"@graph\":[{\"@type\":\"WebPage\",\"@id\":\"https:\/\/dentalabril.com\/ca\/tractaments\/halitosi\/\",\"url\":\"https:\/\/dentalabril.com\/ca\/tractaments\/halitosi\/\",\"name\":\"Halitosi | Cl\u00ednica dental Abril\",\"isPartOf\":{\"@id\":\"https:\/\/dentalabril.com\/#website\"},\"primaryImageOfPage\":{\"@id\":\"https:\/\/dentalabril.com\/ca\/tractaments\/halitosi\/#primaryimage\"},\"image\":{\"@id\":\"https:\/\/dentalabril.com\/ca\/tractaments\/halitosi\/#primaryimage\"},\"thumbnailUrl\":\"http:\/\/dentalabril.com\/\/wp-content\/uploads\/2015\/05\/halitosis.jpg\",\"datePublished\":\"2024-07-09T06:15:54+00:00\",\"dateModified\":\"2024-07-09T06:15:54+00:00\",\"breadcrumb\":{\"@id\":\"https:\/\/dentalabril.com\/ca\/tractaments\/halitosi\/#breadcrumb\"},\"inLanguage\":\"ca\",\"potentialAction\":[{\"@type\":\"ReadAction\",\"target\":[\"https:\/\/dentalabril.com\/ca\/tractaments\/halitosi\/\"]}]},{\"@type\":\"ImageObject\",\"inLanguage\":\"ca\",\"@id\":\"https:\/\/dentalabril.com\/ca\/tractaments\/halitosi\/#primaryimage\",\"url\":\"http:\/\/dentalabril.com\/\/wp-content\/uploads\/2015\/05\/halitosis.jpg\",\"contentUrl\":\"http:\/\/dentalabril.com\/\/wp-content\/uploads\/2015\/05\/halitosis.jpg\"},{\"@type\":\"BreadcrumbList\",\"@id\":\"https:\/\/dentalabril.com\/ca\/tractaments\/halitosi\/#breadcrumb\",\"itemListElement\":[{\"@type\":\"ListItem\",\"position\":1,\"name\":\"Portada\",\"item\":\"https:\/\/dentalabril.com\/ca\/clinica-dental-abril-a-barcelona\/\"},{\"@type\":\"ListItem\",\"position\":2,\"name\":\"Tractaments\",\"item\":\"https:\/\/dentalabril.com\/ca\/tractaments\/\"},{\"@type\":\"ListItem\",\"position\":3,\"name\":\"Halitosi\"}]},{\"@type\":\"WebSite\",\"@id\":\"https:\/\/dentalabril.com\/#website\",\"url\":\"https:\/\/dentalabril.com\/\",\"name\":\"Cl\u00ednica Dental Abril\",\"description\":\"Tu cl\u00ednica dental en Barcelona\",\"publisher\":{\"@id\":\"https:\/\/dentalabril.com\/#organization\"},\"alternateName\":\"Dental Abril\",\"potentialAction\":[{\"@type\":\"SearchAction\",\"target\":{\"@type\":\"EntryPoint\",\"urlTemplate\":\"https:\/\/dentalabril.com\/?s={search_term_string}\"},\"query-input\":\"required name=search_term_string\"}],\"inLanguage\":\"ca\"},{\"@type\":\"Organization\",\"@id\":\"https:\/\/dentalabril.com\/#organization\",\"name\":\"Cl\u00ednica Dental Abril\",\"alternateName\":\"Dental Abril\",\"url\":\"https:\/\/dentalabril.com\/\",\"logo\":{\"@type\":\"ImageObject\",\"inLanguage\":\"ca\",\"@id\":\"https:\/\/dentalabril.com\/#\/schema\/logo\/image\/\",\"url\":\"https:\/\/dentalabril.com\/wp-content\/uploads\/2023\/03\/BBceBSJt_400x400.jpg\",\"contentUrl\":\"https:\/\/dentalabril.com\/wp-content\/uploads\/2023\/03\/BBceBSJt_400x400.jpg\",\"width\":400,\"height\":400,\"caption\":\"Cl\u00ednica Dental Abril\"},\"image\":{\"@id\":\"https:\/\/dentalabril.com\/#\/schema\/logo\/image\/\"},\"sameAs\":[\"https:\/\/www.facebook.com\/clinicadentalabril\/\",\"https:\/\/www.instagram.com\/dentalabril\/\"]}]}<\/script>\n<!-- \/ Yoast SEO plugin. -->","yoast_head_json":{"title":"Halitosi | Cl\u00ednica dental Abril","robots":{"index":"index","follow":"follow","max-snippet":"max-snippet:-1","max-image-preview":"max-image-preview:large","max-video-preview":"max-video-preview:-1"},"canonical":"https:\/\/dentalabril.com\/ca\/tractaments\/halitosi\/","og_locale":"ca_ES","og_type":"article","og_title":"Halitosi | Cl\u00ednica dental Abril","og_description":"Qu\u00e8 \u00e9s la Halitosi? La Halitosi, tamb\u00e9 coneguda com a \u201cmal al\u00e8\u201d, es defineix com el conjunt d&#8217;olors desagradables que emanen de la cavitat bucal, independentment de quin sigui el seu origen. Estad\u00edsticament un 30% de la poblaci\u00f3 adulta pateix o ha patit halitosi en alguna ocasi\u00f3. El que \u00e9s paradoxal d&#8217;aquest problema, \u00e9s que [&hellip;]","og_url":"https:\/\/dentalabril.com\/ca\/tractaments\/halitosi\/","og_site_name":"Cl\u00ednica dental Abril","article_publisher":"https:\/\/www.facebook.com\/clinicadentalabril\/","og_image":[{"url":"http:\/\/dentalabril.com\/\/wp-content\/uploads\/2015\/05\/halitosis.jpg"}],"twitter_card":"summary_large_image","twitter_misc":{"Temps estimat de lectura":"3 minuts"},"schema":{"@context":"https:\/\/schema.org","@graph":[{"@type":"WebPage","@id":"https:\/\/dentalabril.com\/ca\/tractaments\/halitosi\/","url":"https:\/\/dentalabril.com\/ca\/tractaments\/halitosi\/","name":"Halitosi | Cl\u00ednica dental Abril","isPartOf":{"@id":"https:\/\/dentalabril.com\/#website"},"primaryImageOfPage":{"@id":"https:\/\/dentalabril.com\/ca\/tractaments\/halitosi\/#primaryimage"},"image":{"@id":"https:\/\/dentalabril.com\/ca\/tractaments\/halitosi\/#primaryimage"},"thumbnailUrl":"http:\/\/dentalabril.com\/\/wp-content\/uploads\/2015\/05\/halitosis.jpg","datePublished":"2024-07-09T06:15:54+00:00","dateModified":"2024-07-09T06:15:54+00:00","breadcrumb":{"@id":"https:\/\/dentalabril.com\/ca\/tractaments\/halitosi\/#breadcrumb"},"inLanguage":"ca","potentialAction":[{"@type":"ReadAction","target":["https:\/\/dentalabril.com\/ca\/tractaments\/halitosi\/"]}]},{"@type":"ImageObject","inLanguage":"ca","@id":"https:\/\/dentalabril.com\/ca\/tractaments\/halitosi\/#primaryimage","url":"http:\/\/dentalabril.com\/\/wp-content\/uploads\/2015\/05\/halitosis.jpg","contentUrl":"http:\/\/dentalabril.com\/\/wp-content\/uploads\/2015\/05\/halitosis.jpg"},{"@type":"BreadcrumbList","@id":"https:\/\/dentalabril.com\/ca\/tractaments\/halitosi\/#breadcrumb","itemListElement":[{"@type":"ListItem","position":1,"name":"Portada","item":"https:\/\/dentalabril.com\/ca\/clinica-dental-abril-a-barcelona\/"},{"@type":"ListItem","position":2,"name":"Tractaments","item":"https:\/\/dentalabril.com\/ca\/tractaments\/"},{"@type":"ListItem","position":3,"name":"Halitosi"}]},{"@type":"WebSite","@id":"https:\/\/dentalabril.com\/#website","url":"https:\/\/dentalabril.com\/","name":"Cl\u00ednica Dental Abril","description":"Tu cl\u00ednica dental en Barcelona","publisher":{"@id":"https:\/\/dentalabril.com\/#organization"},"alternateName":"Dental Abril","potentialAction":[{"@type":"SearchAction","target":{"@type":"EntryPoint","urlTemplate":"https:\/\/dentalabril.com\/?s={search_term_string}"},"query-input":"required name=search_term_string"}],"inLanguage":"ca"},{"@type":"Organization","@id":"https:\/\/dentalabril.com\/#organization","name":"Cl\u00ednica Dental Abril","alternateName":"Dental Abril","url":"https:\/\/dentalabril.com\/","logo":{"@type":"ImageObject","inLanguage":"ca","@id":"https:\/\/dentalabril.com\/#\/schema\/logo\/image\/","url":"https:\/\/dentalabril.com\/wp-content\/uploads\/2023\/03\/BBceBSJt_400x400.jpg","contentUrl":"https:\/\/dentalabril.com\/wp-content\/uploads\/2023\/03\/BBceBSJt_400x400.jpg","width":400,"height":400,"caption":"Cl\u00ednica Dental Abril"},"image":{"@id":"https:\/\/dentalabril.com\/#\/schema\/logo\/image\/"},"sameAs":["https:\/\/www.facebook.com\/clinicadentalabril\/","https:\/\/www.instagram.com\/dentalabril\/"]}]}},"_links":{"self":[{"href":"https:\/\/dentalabril.com\/ca\/wp-json\/wp\/v2\/pages\/11055"}],"collection":[{"href":"https:\/\/dentalabril.com\/ca\/wp-json\/wp\/v2\/pages"}],"about":[{"href":"https:\/\/dentalabril.com\/ca\/wp-json\/wp\/v2\/types\/page"}],"author":[{"embeddable":true,"href":"https:\/\/dentalabril.com\/ca\/wp-json\/wp\/v2\/users\/4"}],"replies":[{"embeddable":true,"href":"https:\/\/dentalabril.com\/ca\/wp-json\/wp\/v2\/comments?post=11055"}],"version-history":[{"count":0,"href":"https:\/\/dentalabril.com\/ca\/wp-json\/wp\/v2\/pages\/11055\/revisions"}],"up":[{"embeddable":true,"href":"https:\/\/dentalabril.com\/ca\/wp-json\/wp\/v2\/pages\/11046"}],"wp:attachment":[{"href":"https:\/\/dentalabril.com\/ca\/wp-json\/wp\/v2\/media?parent=11055"}],"curies":[{"name":"wp","href":"https:\/\/api.w.org\/{rel}","templated":true}]}}