{"id":11052,"date":"2024-07-09T08:08:32","date_gmt":"2024-07-09T06:08:32","guid":{"rendered":"https:\/\/dentalabril.com\/tractaments\/ferula-per-a-roncs\/"},"modified":"2024-07-09T08:08:32","modified_gmt":"2024-07-09T06:08:32","slug":"ferula-per-a-roncs","status":"publish","type":"page","link":"https:\/\/dentalabril.com\/ca\/tractaments\/ferula-per-a-roncs\/","title":{"rendered":"F\u00e8rula per a roncs"},"content":{"rendered":"<h2>Tractament amb f\u00e8rula per a roncs<\/h2>\n<p>Durant el son els m\u00fasculs que s&#8217;encarreguen de mantenir permeables les vies respirat\u00f2ries tenen una relaxaci\u00f3; el pas de l&#8217;aire es pot veure dificultat i com a conseq\u00fc\u00e8ncia els teixits tous vibren, produint el ronc.<\/p>\n<p>Moltes vegades la manca de flux d&#8217;aire produeix una caiguda dels nivells d&#8217;oxigen, el cervell llavors \u00e9s alertat per aquest descens, passant per tant interrupcions del son durant la nit. Aix\u00f2 ens pot portar a l&#8217;anomenada S\u00edndrome d&#8217;Apnea del son, els s\u00edmptomes principals dels quals s\u00f3n ronc fort i cr\u00f2nic, parades respirat\u00f2ries i forta sensaci\u00f3 de no haver descansat b\u00e9.<\/p>\n<p>Altres<strong> s\u00edmptomes<\/strong> que es poden associar s\u00f3n per exemple somnol\u00e8ncia, cansament generalitzat, irritabilitat, ansietat, adormir-se en moments inadequats, manca de concentraci\u00f3, depressi\u00f3, augmenta tamb\u00e9 el risc de patir determinades malalties generals, de manera que moltes vegades es veu alterada la vida personal, laboral i social de qui ho pateix. La incid\u00e8ncia d\u201fapnea a partir dels 45 anys \u00e9s d\u201fun 6% en homes i d\u201fun 4% en dones.<\/p>\n<p>El m\u00e9s important sempre \u00e9s el diagn\u00f2stic adequat i realitzar les proves corresponents amb els diferents especialistes.<\/p>\n<p>A partir d\u00b4aqu\u00ed buscar i trobar <strong>solucions<\/strong>. A la nostra Cl\u00ednica Dental disposem d&#8217;OrthoApnea, que \u00e9s un dispositiu intraoral indicat en el tractament del ronc i de la s\u00edndrome d&#8217;apnea del son. El mecanisme d&#8217;acci\u00f3 es basa en un avan\u00e7ament controlat de la mand\u00edbula, mitjan\u00e7ant l&#8217;increment del to muscular a nivell de la via a\u00e8ria, facilitant el pas d&#8217;aire, eliminant el ronc i millorant els episodis d&#8217;apnees, fet que es tradueix en una notable millora en la qualitat de vida dels pacients.<\/p>\n<p>Les seves caracter\u00edstiques principals s\u00f3n:<\/p>\n<ul>\n<li>Es fa a mida per a cada pacient, amb un disseny ergon\u00f2mic, confortable i de senzilla regulaci\u00f3.<\/li>\n<li>\u00c9s de f\u00e0cil \u00fas, permetent els moviments de la boca, lateralitats, i funcions com parlar, beure, tossir entre d&#8217;altres.<\/li>\n<li>Est\u00e0 fabricat amb materials totalment biocompatibles.<\/li>\n<li>Est\u00e0 indicat per al tractament del ronc produint una respiraci\u00f3 adequada.<\/li>\n<li>Tamb\u00e9 indicat en aquells trastorns obstructius del son com l&#8217;apnea.<\/li>\n<\/ul>\n","protected":false},"excerpt":{"rendered":"<p>Tractament amb f\u00e8rula per a roncs Durant el son els m\u00fasculs que s&#8217;encarreguen de mantenir permeables les vies respirat\u00f2ries tenen una relaxaci\u00f3; el pas de l&#8217;aire es pot veure dificultat i com a conseq\u00fc\u00e8ncia els teixits tous vibren, produint el ronc. Moltes vegades la manca de flux d&#8217;aire produeix una caiguda dels nivells d&#8217;oxigen, el [&hellip;]<\/p>\n","protected":false},"author":4,"featured_media":0,"parent":11046,"menu_order":0,"comment_status":"closed","ping_status":"closed","template":"g1_template_page_sidebar_left.php","meta":{"_joinchat":[],"footnotes":""},"class_list":["post-11052","page","type-page","status-publish"],"yoast_head":"<!-- This site is optimized with the Yoast SEO plugin v23.1 - https:\/\/yoast.com\/wordpress\/plugins\/seo\/ -->\n<title>F\u00e8rula per a roncs | Cl\u00ednica dental Abril<\/title>\n<meta name=\"robots\" content=\"index, follow, max-snippet:-1, max-image-preview:large, max-video-preview:-1\" \/>\n<link rel=\"canonical\" href=\"https:\/\/dentalabril.com\/ca\/tractaments\/ferula-per-a-roncs\/\" \/>\n<meta property=\"og:locale\" content=\"ca_ES\" \/>\n<meta property=\"og:type\" content=\"article\" \/>\n<meta property=\"og:title\" content=\"F\u00e8rula per a roncs | Cl\u00ednica dental Abril\" \/>\n<meta property=\"og:description\" content=\"Tractament amb f\u00e8rula per a roncs Durant el son els m\u00fasculs que s&#8217;encarreguen de mantenir permeables les vies respirat\u00f2ries tenen una relaxaci\u00f3; el pas de l&#8217;aire es pot veure dificultat i com a conseq\u00fc\u00e8ncia els teixits tous vibren, produint el ronc. Moltes vegades la manca de flux d&#8217;aire produeix una caiguda dels nivells d&#8217;oxigen, el [&hellip;]\" \/>\n<meta property=\"og:url\" content=\"https:\/\/dentalabril.com\/ca\/tractaments\/ferula-per-a-roncs\/\" \/>\n<meta property=\"og:site_name\" content=\"Cl\u00ednica dental Abril\" \/>\n<meta property=\"article:publisher\" content=\"https:\/\/www.facebook.com\/clinicadentalabril\/\" \/>\n<meta property=\"og:image\" content=\"https:\/\/dentalabril.com\/wp-content\/uploads\/2022\/09\/equipo-clinica-dental-Barcelona-1.png\" \/>\n\t<meta property=\"og:image:width\" content=\"950\" \/>\n\t<meta property=\"og:image:height\" content=\"704\" \/>\n\t<meta property=\"og:image:type\" content=\"image\/png\" \/>\n<meta name=\"twitter:card\" content=\"summary_large_image\" \/>\n<meta name=\"twitter:label1\" content=\"Temps estimat de lectura\" \/>\n\t<meta name=\"twitter:data1\" content=\"2 minuts\" \/>\n<script type=\"application\/ld+json\" class=\"yoast-schema-graph\">{\"@context\":\"https:\/\/schema.org\",\"@graph\":[{\"@type\":\"WebPage\",\"@id\":\"https:\/\/dentalabril.com\/ca\/tractaments\/ferula-per-a-roncs\/\",\"url\":\"https:\/\/dentalabril.com\/ca\/tractaments\/ferula-per-a-roncs\/\",\"name\":\"F\u00e8rula per a roncs | Cl\u00ednica dental Abril\",\"isPartOf\":{\"@id\":\"https:\/\/dentalabril.com\/#website\"},\"datePublished\":\"2024-07-09T06:08:32+00:00\",\"dateModified\":\"2024-07-09T06:08:32+00:00\",\"breadcrumb\":{\"@id\":\"https:\/\/dentalabril.com\/ca\/tractaments\/ferula-per-a-roncs\/#breadcrumb\"},\"inLanguage\":\"ca\",\"potentialAction\":[{\"@type\":\"ReadAction\",\"target\":[\"https:\/\/dentalabril.com\/ca\/tractaments\/ferula-per-a-roncs\/\"]}]},{\"@type\":\"BreadcrumbList\",\"@id\":\"https:\/\/dentalabril.com\/ca\/tractaments\/ferula-per-a-roncs\/#breadcrumb\",\"itemListElement\":[{\"@type\":\"ListItem\",\"position\":1,\"name\":\"Portada\",\"item\":\"https:\/\/dentalabril.com\/ca\/clinica-dental-abril-a-barcelona\/\"},{\"@type\":\"ListItem\",\"position\":2,\"name\":\"Tractaments\",\"item\":\"https:\/\/dentalabril.com\/ca\/tractaments\/\"},{\"@type\":\"ListItem\",\"position\":3,\"name\":\"F\u00e8rula per a roncs\"}]},{\"@type\":\"WebSite\",\"@id\":\"https:\/\/dentalabril.com\/#website\",\"url\":\"https:\/\/dentalabril.com\/\",\"name\":\"Cl\u00ednica Dental Abril\",\"description\":\"Tu cl\u00ednica dental en Barcelona\",\"publisher\":{\"@id\":\"https:\/\/dentalabril.com\/#organization\"},\"alternateName\":\"Dental Abril\",\"potentialAction\":[{\"@type\":\"SearchAction\",\"target\":{\"@type\":\"EntryPoint\",\"urlTemplate\":\"https:\/\/dentalabril.com\/?s={search_term_string}\"},\"query-input\":\"required name=search_term_string\"}],\"inLanguage\":\"ca\"},{\"@type\":\"Organization\",\"@id\":\"https:\/\/dentalabril.com\/#organization\",\"name\":\"Cl\u00ednica Dental Abril\",\"alternateName\":\"Dental Abril\",\"url\":\"https:\/\/dentalabril.com\/\",\"logo\":{\"@type\":\"ImageObject\",\"inLanguage\":\"ca\",\"@id\":\"https:\/\/dentalabril.com\/#\/schema\/logo\/image\/\",\"url\":\"https:\/\/dentalabril.com\/wp-content\/uploads\/2023\/03\/BBceBSJt_400x400.jpg\",\"contentUrl\":\"https:\/\/dentalabril.com\/wp-content\/uploads\/2023\/03\/BBceBSJt_400x400.jpg\",\"width\":400,\"height\":400,\"caption\":\"Cl\u00ednica Dental Abril\"},\"image\":{\"@id\":\"https:\/\/dentalabril.com\/#\/schema\/logo\/image\/\"},\"sameAs\":[\"https:\/\/www.facebook.com\/clinicadentalabril\/\",\"https:\/\/www.instagram.com\/dentalabril\/\"]}]}<\/script>\n<!-- \/ Yoast SEO plugin. -->","yoast_head_json":{"title":"F\u00e8rula per a roncs | Cl\u00ednica dental Abril","robots":{"index":"index","follow":"follow","max-snippet":"max-snippet:-1","max-image-preview":"max-image-preview:large","max-video-preview":"max-video-preview:-1"},"canonical":"https:\/\/dentalabril.com\/ca\/tractaments\/ferula-per-a-roncs\/","og_locale":"ca_ES","og_type":"article","og_title":"F\u00e8rula per a roncs | Cl\u00ednica dental Abril","og_description":"Tractament amb f\u00e8rula per a roncs Durant el son els m\u00fasculs que s&#8217;encarreguen de mantenir permeables les vies respirat\u00f2ries tenen una relaxaci\u00f3; el pas de l&#8217;aire es pot veure dificultat i com a conseq\u00fc\u00e8ncia els teixits tous vibren, produint el ronc. Moltes vegades la manca de flux d&#8217;aire produeix una caiguda dels nivells d&#8217;oxigen, el [&hellip;]","og_url":"https:\/\/dentalabril.com\/ca\/tractaments\/ferula-per-a-roncs\/","og_site_name":"Cl\u00ednica dental Abril","article_publisher":"https:\/\/www.facebook.com\/clinicadentalabril\/","og_image":[{"width":950,"height":704,"url":"https:\/\/dentalabril.com\/wp-content\/uploads\/2022\/09\/equipo-clinica-dental-Barcelona-1.png","type":"image\/png"}],"twitter_card":"summary_large_image","twitter_misc":{"Temps estimat de lectura":"2 minuts"},"schema":{"@context":"https:\/\/schema.org","@graph":[{"@type":"WebPage","@id":"https:\/\/dentalabril.com\/ca\/tractaments\/ferula-per-a-roncs\/","url":"https:\/\/dentalabril.com\/ca\/tractaments\/ferula-per-a-roncs\/","name":"F\u00e8rula per a roncs | Cl\u00ednica dental Abril","isPartOf":{"@id":"https:\/\/dentalabril.com\/#website"},"datePublished":"2024-07-09T06:08:32+00:00","dateModified":"2024-07-09T06:08:32+00:00","breadcrumb":{"@id":"https:\/\/dentalabril.com\/ca\/tractaments\/ferula-per-a-roncs\/#breadcrumb"},"inLanguage":"ca","potentialAction":[{"@type":"ReadAction","target":["https:\/\/dentalabril.com\/ca\/tractaments\/ferula-per-a-roncs\/"]}]},{"@type":"BreadcrumbList","@id":"https:\/\/dentalabril.com\/ca\/tractaments\/ferula-per-a-roncs\/#breadcrumb","itemListElement":[{"@type":"ListItem","position":1,"name":"Portada","item":"https:\/\/dentalabril.com\/ca\/clinica-dental-abril-a-barcelona\/"},{"@type":"ListItem","position":2,"name":"Tractaments","item":"https:\/\/dentalabril.com\/ca\/tractaments\/"},{"@type":"ListItem","position":3,"name":"F\u00e8rula per a roncs"}]},{"@type":"WebSite","@id":"https:\/\/dentalabril.com\/#website","url":"https:\/\/dentalabril.com\/","name":"Cl\u00ednica Dental Abril","description":"Tu cl\u00ednica dental en Barcelona","publisher":{"@id":"https:\/\/dentalabril.com\/#organization"},"alternateName":"Dental Abril","potentialAction":[{"@type":"SearchAction","target":{"@type":"EntryPoint","urlTemplate":"https:\/\/dentalabril.com\/?s={search_term_string}"},"query-input":"required name=search_term_string"}],"inLanguage":"ca"},{"@type":"Organization","@id":"https:\/\/dentalabril.com\/#organization","name":"Cl\u00ednica Dental Abril","alternateName":"Dental Abril","url":"https:\/\/dentalabril.com\/","logo":{"@type":"ImageObject","inLanguage":"ca","@id":"https:\/\/dentalabril.com\/#\/schema\/logo\/image\/","url":"https:\/\/dentalabril.com\/wp-content\/uploads\/2023\/03\/BBceBSJt_400x400.jpg","contentUrl":"https:\/\/dentalabril.com\/wp-content\/uploads\/2023\/03\/BBceBSJt_400x400.jpg","width":400,"height":400,"caption":"Cl\u00ednica Dental Abril"},"image":{"@id":"https:\/\/dentalabril.com\/#\/schema\/logo\/image\/"},"sameAs":["https:\/\/www.facebook.com\/clinicadentalabril\/","https:\/\/www.instagram.com\/dentalabril\/"]}]}},"_links":{"self":[{"href":"https:\/\/dentalabril.com\/ca\/wp-json\/wp\/v2\/pages\/11052"}],"collection":[{"href":"https:\/\/dentalabril.com\/ca\/wp-json\/wp\/v2\/pages"}],"about":[{"href":"https:\/\/dentalabril.com\/ca\/wp-json\/wp\/v2\/types\/page"}],"author":[{"embeddable":true,"href":"https:\/\/dentalabril.com\/ca\/wp-json\/wp\/v2\/users\/4"}],"replies":[{"embeddable":true,"href":"https:\/\/dentalabril.com\/ca\/wp-json\/wp\/v2\/comments?post=11052"}],"version-history":[{"count":0,"href":"https:\/\/dentalabril.com\/ca\/wp-json\/wp\/v2\/pages\/11052\/revisions"}],"up":[{"embeddable":true,"href":"https:\/\/dentalabril.com\/ca\/wp-json\/wp\/v2\/pages\/11046"}],"wp:attachment":[{"href":"https:\/\/dentalabril.com\/ca\/wp-json\/wp\/v2\/media?parent=11052"}],"curies":[{"name":"wp","href":"https:\/\/api.w.org\/{rel}","templated":true}]}}