{"id":11051,"date":"2024-07-09T08:06:34","date_gmt":"2024-07-09T06:06:34","guid":{"rendered":"https:\/\/dentalabril.com\/tractaments\/estetica-dental-a-sagrada-familia\/"},"modified":"2024-07-09T08:06:34","modified_gmt":"2024-07-09T06:06:34","slug":"estetica-dental-a-sagrada-familia","status":"publish","type":"page","link":"https:\/\/dentalabril.com\/ca\/tractaments\/estetica-dental-a-sagrada-familia\/","title":{"rendered":"Est\u00e8tica dental a Sagrada Fam\u00edlia"},"content":{"rendered":"<h2>Tractaments d&#8217;est\u00e8tica dental a Sagrada Fam\u00edlia<\/h2>\n<p>Amb l&#8217;augment creixent de les exig\u00e8ncies d&#8217;una poblaci\u00f3 cada cop m\u00e9s preocupada per la seva qualitat de vida, l&#8217;est\u00e8tica, terme abans estrany en les ci\u00e8ncies biol\u00f2giques, ha pres un paper protagonista en el tractament odontol\u00f2gic.<\/p>\n<p>Tota la nova gamma de materials odontol\u00f2gics biocompatibles, aix\u00ed com el desenvolupament de la tecnologia Cad-cam que proporciona un perfecte ajustament, han revolucionat l&#8217;odontologia, proporcionant no nom\u00e9s un nou desafiament est\u00e8tic, sin\u00f3 tamb\u00e9 una millora substancial en la funcionalitat, adher\u00e8ncia i durada dels tractaments.<\/p>\n<p><img decoding=\"async\" class=\"alignnone wp-image-127 size-full\" src=\"https:\/\/dentalabril.com\/wp-content\/uploads\/2015\/05\/estetica-dental.jpg\" alt=\"Sagrada Familia\" width=\"300\" height=\"99\" srcset=\"https:\/\/dentalabril.com\/wp-content\/uploads\/2015\/05\/estetica-dental.jpg 300w, https:\/\/dentalabril.com\/wp-content\/uploads\/2015\/05\/estetica-dental-239x79.jpg 239w\" sizes=\"(max-width: 300px) 100vw, 300px\" \/><\/p>\n<h2>Carilles dentals<\/h2>\n<p>Les <b>carilles dentals est\u00e8tiques<\/b> constitueixen una opci\u00f3 mitjan\u00e7ant la qual, amb un m\u00ednim desgast dentari, podem canviar mida, forma i color de les dents, aconseguint una translucidesa, una brillantor i una naturalitat que garanteixen una perfecta harmonia i funcionalitat a llarg termini.<\/p>\n<p>Realitzem tractaments amb<\/p>\n<ul>\n<li>Microcaretes<\/li>\n<li>Carilles dentals de Porcelana<\/li>\n<li>Carilles de Composite<\/li>\n<\/ul>\n<p>&nbsp;<\/p>\n<p><img decoding=\"async\" class=\"alignnone size-full wp-image-126\" src=\"http:\/\/dentalabril.com\/\/wp-content\/uploads\/2015\/05\/coronas.jpg\" alt=\"corones\" width=\"300\" height=\"69\" srcset=\"https:\/\/dentalabril.com\/wp-content\/uploads\/2015\/05\/coronas.jpg 300w, https:\/\/dentalabril.com\/wp-content\/uploads\/2015\/05\/coronas-239x55.jpg 239w\" sizes=\"(max-width: 300px) 100vw, 300px\" \/><\/p>\n<h2>Fundes sense metall<\/h2>\n<p>De vegades, despr\u00e9s de realitzar un tractament d&#8217;endod\u00f2ncia, la pe\u00e7a dental queda m\u00e9s feble, per la qual cosa cal fer una corona o funda per tornar a la dent la resist\u00e8ncia perduda i garantir la masticaci\u00f3 a llarg termini sense problemes. \u00c9s a dir, no \u00e9s simplement una q\u00fcesti\u00f3 est\u00e8tica, \u00e9s fonamentalment una q\u00fcesti\u00f3 de funcionalitat.<\/p>\n<p>Fins fa pocs anys, aix\u00f2 se solucionava amb les cl\u00e0ssiques fundes de cer\u00e0mica sobre metall, que si b\u00e9 avui dia encara s\u00f3n solucions v\u00e0lides, el nostre deure \u00e9s informar al pacient que actualment comptem amb la possibilitat de fer fundes totalment cer\u00e0miques, <b>sense metall<\/b>, que s\u00f3n altament resistents, biocompatibles perqu\u00e8 s&#8217;integren perfectament amb els teixits bucals, evitant aquestes l\u00ednies grises al voltant de la geniva, tan poc naturals que apareixen amb el temps a les fundes que porten metall.<\/p>\n<p>Aquest tipus de fundes, que realitzem amb el sistema procera, s&#8217;ajusten perfectament a la superf\u00edcie de la dent, cobrint-lo i protegint-lo d&#8217;agents externs.<\/p>\n<p>En altres ocasions, cal fer fundes quan s&#8217;ha perdut gran quantitat de teixit dentari, ja sigui per una gran c\u00e0ries, per un traumatisme o per canvi de color d&#8217;una pe\u00e7a dental, aleshores aquest tipus de <b>fundes sense metall<\/b>proporciona la possibilitat de realitzar tallats m\u00e9s conservadors, utilitzant despr\u00e9s ciments apropiats que s&#8217;integren a la cimentaci\u00f3, \u00e9s tota la revoluci\u00f3 de la crida <b>odontologia adhesiva.<\/b><\/p>\n<p><iframe src=\"https:\/\/www.youtube.com\/embed\/56cd8mVu3YU\" width=\"853\" height=\"480\" frameborder=\"0\" allowfullscreen=\"allowfullscreen\"><\/iframe><\/p>\n<p>A m\u00e9s de les <b>fundes totalment cer\u00e0miques sense metall, <\/b>comptem avui dia amb altres materials d&#8217;alta resist\u00e8ncia com \u00e9s el <b>Zirconi<\/b>.<\/p>\n<p><img fetchpriority=\"high\" decoding=\"async\" class=\"alignnone size-full wp-image-125\" src=\"http:\/\/dentalabril.com\/\/wp-content\/uploads\/2015\/05\/zirconio.jpg\" alt=\"zirconi\" width=\"300\" height=\"186\" srcset=\"https:\/\/dentalabril.com\/wp-content\/uploads\/2015\/05\/zirconio.jpg 300w, https:\/\/dentalabril.com\/wp-content\/uploads\/2015\/05\/zirconio-239x148.jpg 239w\" sizes=\"(max-width: 300px) 100vw, 300px\" \/><\/p>\n<h3>Fundes dentals de Zirconi<\/h3>\n<p>Les <b>fundes de zirconi<\/b> s\u00f3n una alternativa m\u00e9s de tractament, tenen un benefici doble: alta est\u00e8tica i alta resist\u00e8ncia, \u00e9s un dels materials d&#8217;elecci\u00f3 per a la realitzaci\u00f3 de pr\u00f2tesis fixes, tant sobre dents naturals com sobre implants, i cal destacar la durabilitat en el temps, brillantor i color romanen inalterables.<\/p>\n<h3><span style=\"color: #962525;\">CASOS CL\u00cdNICS<\/span><\/h3>\n<figure id='gallery-1' class='gallery galleryid-11051 gallery-columns-2 gallery-size-full'><ol><li class='gallery-item'>\n\t\t\t<div class='gallery-icon landscape'>\n\t\t\t\t<a data-g1-lightbox=\"gallery-466044204\" href='https:\/\/dentalabril.com\/wp-content\/uploads\/2015\/05\/casoestetica1.jpg'><img loading=\"lazy\" decoding=\"async\" width=\"300\" height=\"105\" src=\"https:\/\/dentalabril.com\/wp-content\/uploads\/2015\/05\/casoestetica1.jpg\" class=\"attachment-full size-full\" alt=\"\" srcset=\"https:\/\/dentalabril.com\/wp-content\/uploads\/2015\/05\/casoestetica1.jpg 300w, https:\/\/dentalabril.com\/wp-content\/uploads\/2015\/05\/casoestetica1-239x84.jpg 239w\" sizes=\"(max-width: 300px) 100vw, 300px\" \/><\/a>\n\t\t\t<\/div><\/li><li class='gallery-item'>\n\t\t\t<div class='gallery-icon landscape'>\n\t\t\t\t<a data-g1-lightbox=\"gallery-466044204\" href='https:\/\/dentalabril.com\/wp-content\/uploads\/2015\/05\/casoestetica2.jpg'><img loading=\"lazy\" decoding=\"async\" width=\"300\" height=\"105\" src=\"https:\/\/dentalabril.com\/wp-content\/uploads\/2015\/05\/casoestetica2.jpg\" class=\"attachment-full size-full\" alt=\"\" srcset=\"https:\/\/dentalabril.com\/wp-content\/uploads\/2015\/05\/casoestetica2.jpg 300w, https:\/\/dentalabril.com\/wp-content\/uploads\/2015\/05\/casoestetica2-239x84.jpg 239w\" sizes=\"(max-width: 300px) 100vw, 300px\" \/><\/a>\n\t\t\t<\/div><\/li><li class='gallery-item'>\n\t\t\t<div class='gallery-icon landscape'>\n\t\t\t\t<a data-g1-lightbox=\"gallery-466044204\" href='https:\/\/dentalabril.com\/wp-content\/uploads\/2015\/05\/casoestetica3.jpg'><img loading=\"lazy\" decoding=\"async\" width=\"300\" height=\"105\" src=\"https:\/\/dentalabril.com\/wp-content\/uploads\/2015\/05\/casoestetica3.jpg\" class=\"attachment-full size-full\" alt=\"\" srcset=\"https:\/\/dentalabril.com\/wp-content\/uploads\/2015\/05\/casoestetica3.jpg 300w, https:\/\/dentalabril.com\/wp-content\/uploads\/2015\/05\/casoestetica3-239x84.jpg 239w\" sizes=\"(max-width: 300px) 100vw, 300px\" \/><\/a>\n\t\t\t<\/div><\/li><li class='gallery-item'>\n\t\t\t<div class='gallery-icon landscape'>\n\t\t\t\t<a data-g1-lightbox=\"gallery-466044204\" href='https:\/\/dentalabril.com\/wp-content\/uploads\/2015\/05\/casoestetica4.jpg'><img loading=\"lazy\" decoding=\"async\" width=\"300\" height=\"105\" src=\"https:\/\/dentalabril.com\/wp-content\/uploads\/2015\/05\/casoestetica4.jpg\" class=\"attachment-full size-full\" alt=\"\" srcset=\"https:\/\/dentalabril.com\/wp-content\/uploads\/2015\/05\/casoestetica4.jpg 300w, https:\/\/dentalabril.com\/wp-content\/uploads\/2015\/05\/casoestetica4-239x84.jpg 239w\" sizes=\"(max-width: 300px) 100vw, 300px\" \/><\/a>\n\t\t\t<\/div><\/li>\n\t\t<\/ol><\/figure>\n<p>&nbsp;<\/p>\n","protected":false},"excerpt":{"rendered":"<p>Tractaments d&#8217;est\u00e8tica dental a Sagrada Fam\u00edlia Amb l&#8217;augment creixent de les exig\u00e8ncies d&#8217;una poblaci\u00f3 cada cop m\u00e9s preocupada per la seva qualitat de vida, l&#8217;est\u00e8tica, terme abans estrany en les ci\u00e8ncies biol\u00f2giques, ha pres un paper protagonista en el tractament odontol\u00f2gic. Tota la nova gamma de materials odontol\u00f2gics biocompatibles, aix\u00ed com el desenvolupament de la [&hellip;]<\/p>\n","protected":false},"author":4,"featured_media":0,"parent":11046,"menu_order":0,"comment_status":"closed","ping_status":"closed","template":"g1_template_page_sidebar_left.php","meta":{"_joinchat":[],"footnotes":""},"class_list":["post-11051","page","type-page","status-publish"],"yoast_head":"<!-- This site is optimized with the Yoast SEO plugin v23.1 - https:\/\/yoast.com\/wordpress\/plugins\/seo\/ -->\n<title>Est\u00e8tica dental a Sagrada Fam\u00edlia | Cl\u00ednica dental Abril<\/title>\n<meta name=\"description\" content=\"Recupera el teu somriure amb els tractaments d&#039;Est\u00e8tica Dental a Sagrada Fam\u00edlia a la nostra cl\u00ednica. Carilles Dentals, Fundes, Blanquejament. Vine a visitar-nos!\" \/>\n<meta name=\"robots\" content=\"index, follow, max-snippet:-1, max-image-preview:large, max-video-preview:-1\" \/>\n<link rel=\"canonical\" href=\"https:\/\/dentalabril.com\/ca\/tractaments\/estetica-dental-a-sagrada-familia\/\" \/>\n<meta property=\"og:locale\" content=\"ca_ES\" \/>\n<meta property=\"og:type\" content=\"article\" \/>\n<meta property=\"og:title\" content=\"Est\u00e8tica dental a Sagrada Fam\u00edlia | Cl\u00ednica dental Abril\" \/>\n<meta property=\"og:description\" content=\"Recupera el teu somriure amb els tractaments d&#039;Est\u00e8tica Dental a Sagrada Fam\u00edlia a la nostra cl\u00ednica. Carilles Dentals, Fundes, Blanquejament. Vine a visitar-nos!\" \/>\n<meta property=\"og:url\" content=\"https:\/\/dentalabril.com\/ca\/tractaments\/estetica-dental-a-sagrada-familia\/\" \/>\n<meta property=\"og:site_name\" content=\"Cl\u00ednica dental Abril\" \/>\n<meta property=\"article:publisher\" content=\"https:\/\/www.facebook.com\/clinicadentalabril\/\" \/>\n<meta property=\"og:image\" content=\"https:\/\/dentalabril.com\/wp-content\/uploads\/2015\/05\/casoestetica1.jpg\" \/>\n<meta name=\"twitter:card\" content=\"summary_large_image\" \/>\n<meta name=\"twitter:label1\" content=\"Temps estimat de lectura\" \/>\n\t<meta name=\"twitter:data1\" content=\"2 minuts\" \/>\n<script type=\"application\/ld+json\" class=\"yoast-schema-graph\">{\"@context\":\"https:\/\/schema.org\",\"@graph\":[{\"@type\":\"WebPage\",\"@id\":\"https:\/\/dentalabril.com\/ca\/tractaments\/estetica-dental-a-sagrada-familia\/\",\"url\":\"https:\/\/dentalabril.com\/ca\/tractaments\/estetica-dental-a-sagrada-familia\/\",\"name\":\"Est\u00e8tica dental a Sagrada Fam\u00edlia | Cl\u00ednica dental Abril\",\"isPartOf\":{\"@id\":\"https:\/\/dentalabril.com\/#website\"},\"primaryImageOfPage\":{\"@id\":\"https:\/\/dentalabril.com\/ca\/tractaments\/estetica-dental-a-sagrada-familia\/#primaryimage\"},\"image\":{\"@id\":\"https:\/\/dentalabril.com\/ca\/tractaments\/estetica-dental-a-sagrada-familia\/#primaryimage\"},\"thumbnailUrl\":\"https:\/\/dentalabril.com\/wp-content\/uploads\/2015\/05\/estetica-dental.jpg\",\"datePublished\":\"2024-07-09T06:06:34+00:00\",\"dateModified\":\"2024-07-09T06:06:34+00:00\",\"description\":\"Recupera el teu somriure amb els tractaments d'Est\u00e8tica Dental a Sagrada Fam\u00edlia a la nostra cl\u00ednica. Carilles Dentals, Fundes, Blanquejament. Vine a visitar-nos!\",\"breadcrumb\":{\"@id\":\"https:\/\/dentalabril.com\/ca\/tractaments\/estetica-dental-a-sagrada-familia\/#breadcrumb\"},\"inLanguage\":\"ca\",\"potentialAction\":[{\"@type\":\"ReadAction\",\"target\":[\"https:\/\/dentalabril.com\/ca\/tractaments\/estetica-dental-a-sagrada-familia\/\"]}]},{\"@type\":\"ImageObject\",\"inLanguage\":\"ca\",\"@id\":\"https:\/\/dentalabril.com\/ca\/tractaments\/estetica-dental-a-sagrada-familia\/#primaryimage\",\"url\":\"https:\/\/dentalabril.com\/wp-content\/uploads\/2015\/05\/estetica-dental.jpg\",\"contentUrl\":\"https:\/\/dentalabril.com\/wp-content\/uploads\/2015\/05\/estetica-dental.jpg\"},{\"@type\":\"BreadcrumbList\",\"@id\":\"https:\/\/dentalabril.com\/ca\/tractaments\/estetica-dental-a-sagrada-familia\/#breadcrumb\",\"itemListElement\":[{\"@type\":\"ListItem\",\"position\":1,\"name\":\"Portada\",\"item\":\"https:\/\/dentalabril.com\/ca\/clinica-dental-abril-a-barcelona\/\"},{\"@type\":\"ListItem\",\"position\":2,\"name\":\"Tractaments\",\"item\":\"https:\/\/dentalabril.com\/ca\/tractaments\/\"},{\"@type\":\"ListItem\",\"position\":3,\"name\":\"Est\u00e8tica dental a Sagrada Fam\u00edlia\"}]},{\"@type\":\"WebSite\",\"@id\":\"https:\/\/dentalabril.com\/#website\",\"url\":\"https:\/\/dentalabril.com\/\",\"name\":\"Cl\u00ednica Dental Abril\",\"description\":\"Tu cl\u00ednica dental en Barcelona\",\"publisher\":{\"@id\":\"https:\/\/dentalabril.com\/#organization\"},\"alternateName\":\"Dental Abril\",\"potentialAction\":[{\"@type\":\"SearchAction\",\"target\":{\"@type\":\"EntryPoint\",\"urlTemplate\":\"https:\/\/dentalabril.com\/?s={search_term_string}\"},\"query-input\":\"required name=search_term_string\"}],\"inLanguage\":\"ca\"},{\"@type\":\"Organization\",\"@id\":\"https:\/\/dentalabril.com\/#organization\",\"name\":\"Cl\u00ednica Dental Abril\",\"alternateName\":\"Dental Abril\",\"url\":\"https:\/\/dentalabril.com\/\",\"logo\":{\"@type\":\"ImageObject\",\"inLanguage\":\"ca\",\"@id\":\"https:\/\/dentalabril.com\/#\/schema\/logo\/image\/\",\"url\":\"https:\/\/dentalabril.com\/wp-content\/uploads\/2023\/03\/BBceBSJt_400x400.jpg\",\"contentUrl\":\"https:\/\/dentalabril.com\/wp-content\/uploads\/2023\/03\/BBceBSJt_400x400.jpg\",\"width\":400,\"height\":400,\"caption\":\"Cl\u00ednica Dental Abril\"},\"image\":{\"@id\":\"https:\/\/dentalabril.com\/#\/schema\/logo\/image\/\"},\"sameAs\":[\"https:\/\/www.facebook.com\/clinicadentalabril\/\",\"https:\/\/www.instagram.com\/dentalabril\/\"]}]}<\/script>\n<!-- \/ Yoast SEO plugin. -->","yoast_head_json":{"title":"Est\u00e8tica dental a Sagrada Fam\u00edlia | Cl\u00ednica dental Abril","description":"Recupera el teu somriure amb els tractaments d'Est\u00e8tica Dental a Sagrada Fam\u00edlia a la nostra cl\u00ednica. Carilles Dentals, Fundes, Blanquejament. Vine a visitar-nos!","robots":{"index":"index","follow":"follow","max-snippet":"max-snippet:-1","max-image-preview":"max-image-preview:large","max-video-preview":"max-video-preview:-1"},"canonical":"https:\/\/dentalabril.com\/ca\/tractaments\/estetica-dental-a-sagrada-familia\/","og_locale":"ca_ES","og_type":"article","og_title":"Est\u00e8tica dental a Sagrada Fam\u00edlia | Cl\u00ednica dental Abril","og_description":"Recupera el teu somriure amb els tractaments d'Est\u00e8tica Dental a Sagrada Fam\u00edlia a la nostra cl\u00ednica. Carilles Dentals, Fundes, Blanquejament. Vine a visitar-nos!","og_url":"https:\/\/dentalabril.com\/ca\/tractaments\/estetica-dental-a-sagrada-familia\/","og_site_name":"Cl\u00ednica dental Abril","article_publisher":"https:\/\/www.facebook.com\/clinicadentalabril\/","og_image":[{"url":"https:\/\/dentalabril.com\/wp-content\/uploads\/2015\/05\/casoestetica1.jpg"}],"twitter_card":"summary_large_image","twitter_misc":{"Temps estimat de lectura":"2 minuts"},"schema":{"@context":"https:\/\/schema.org","@graph":[{"@type":"WebPage","@id":"https:\/\/dentalabril.com\/ca\/tractaments\/estetica-dental-a-sagrada-familia\/","url":"https:\/\/dentalabril.com\/ca\/tractaments\/estetica-dental-a-sagrada-familia\/","name":"Est\u00e8tica dental a Sagrada Fam\u00edlia | Cl\u00ednica dental Abril","isPartOf":{"@id":"https:\/\/dentalabril.com\/#website"},"primaryImageOfPage":{"@id":"https:\/\/dentalabril.com\/ca\/tractaments\/estetica-dental-a-sagrada-familia\/#primaryimage"},"image":{"@id":"https:\/\/dentalabril.com\/ca\/tractaments\/estetica-dental-a-sagrada-familia\/#primaryimage"},"thumbnailUrl":"https:\/\/dentalabril.com\/wp-content\/uploads\/2015\/05\/estetica-dental.jpg","datePublished":"2024-07-09T06:06:34+00:00","dateModified":"2024-07-09T06:06:34+00:00","description":"Recupera el teu somriure amb els tractaments d'Est\u00e8tica Dental a Sagrada Fam\u00edlia a la nostra cl\u00ednica. Carilles Dentals, Fundes, Blanquejament. Vine a visitar-nos!","breadcrumb":{"@id":"https:\/\/dentalabril.com\/ca\/tractaments\/estetica-dental-a-sagrada-familia\/#breadcrumb"},"inLanguage":"ca","potentialAction":[{"@type":"ReadAction","target":["https:\/\/dentalabril.com\/ca\/tractaments\/estetica-dental-a-sagrada-familia\/"]}]},{"@type":"ImageObject","inLanguage":"ca","@id":"https:\/\/dentalabril.com\/ca\/tractaments\/estetica-dental-a-sagrada-familia\/#primaryimage","url":"https:\/\/dentalabril.com\/wp-content\/uploads\/2015\/05\/estetica-dental.jpg","contentUrl":"https:\/\/dentalabril.com\/wp-content\/uploads\/2015\/05\/estetica-dental.jpg"},{"@type":"BreadcrumbList","@id":"https:\/\/dentalabril.com\/ca\/tractaments\/estetica-dental-a-sagrada-familia\/#breadcrumb","itemListElement":[{"@type":"ListItem","position":1,"name":"Portada","item":"https:\/\/dentalabril.com\/ca\/clinica-dental-abril-a-barcelona\/"},{"@type":"ListItem","position":2,"name":"Tractaments","item":"https:\/\/dentalabril.com\/ca\/tractaments\/"},{"@type":"ListItem","position":3,"name":"Est\u00e8tica dental a Sagrada Fam\u00edlia"}]},{"@type":"WebSite","@id":"https:\/\/dentalabril.com\/#website","url":"https:\/\/dentalabril.com\/","name":"Cl\u00ednica Dental Abril","description":"Tu cl\u00ednica dental en Barcelona","publisher":{"@id":"https:\/\/dentalabril.com\/#organization"},"alternateName":"Dental Abril","potentialAction":[{"@type":"SearchAction","target":{"@type":"EntryPoint","urlTemplate":"https:\/\/dentalabril.com\/?s={search_term_string}"},"query-input":"required name=search_term_string"}],"inLanguage":"ca"},{"@type":"Organization","@id":"https:\/\/dentalabril.com\/#organization","name":"Cl\u00ednica Dental Abril","alternateName":"Dental Abril","url":"https:\/\/dentalabril.com\/","logo":{"@type":"ImageObject","inLanguage":"ca","@id":"https:\/\/dentalabril.com\/#\/schema\/logo\/image\/","url":"https:\/\/dentalabril.com\/wp-content\/uploads\/2023\/03\/BBceBSJt_400x400.jpg","contentUrl":"https:\/\/dentalabril.com\/wp-content\/uploads\/2023\/03\/BBceBSJt_400x400.jpg","width":400,"height":400,"caption":"Cl\u00ednica Dental Abril"},"image":{"@id":"https:\/\/dentalabril.com\/#\/schema\/logo\/image\/"},"sameAs":["https:\/\/www.facebook.com\/clinicadentalabril\/","https:\/\/www.instagram.com\/dentalabril\/"]}]}},"_links":{"self":[{"href":"https:\/\/dentalabril.com\/ca\/wp-json\/wp\/v2\/pages\/11051"}],"collection":[{"href":"https:\/\/dentalabril.com\/ca\/wp-json\/wp\/v2\/pages"}],"about":[{"href":"https:\/\/dentalabril.com\/ca\/wp-json\/wp\/v2\/types\/page"}],"author":[{"embeddable":true,"href":"https:\/\/dentalabril.com\/ca\/wp-json\/wp\/v2\/users\/4"}],"replies":[{"embeddable":true,"href":"https:\/\/dentalabril.com\/ca\/wp-json\/wp\/v2\/comments?post=11051"}],"version-history":[{"count":0,"href":"https:\/\/dentalabril.com\/ca\/wp-json\/wp\/v2\/pages\/11051\/revisions"}],"up":[{"embeddable":true,"href":"https:\/\/dentalabril.com\/ca\/wp-json\/wp\/v2\/pages\/11046"}],"wp:attachment":[{"href":"https:\/\/dentalabril.com\/ca\/wp-json\/wp\/v2\/media?parent=11051"}],"curies":[{"name":"wp","href":"https:\/\/api.w.org\/{rel}","templated":true}]}}