{"id":11049,"date":"2024-07-09T08:01:06","date_gmt":"2024-07-09T06:01:06","guid":{"rendered":"https:\/\/dentalabril.com\/tractaments\/cirurgia-bucal-a-sagrada-familia\/"},"modified":"2024-07-09T08:01:06","modified_gmt":"2024-07-09T06:01:06","slug":"cirurgia-bucal-a-sagrada-familia","status":"publish","type":"page","link":"https:\/\/dentalabril.com\/ca\/tractaments\/cirurgia-bucal-a-sagrada-familia\/","title":{"rendered":"Cirurgia bucal a Sagrada Fam\u00edlia"},"content":{"rendered":"<h2><span class=\"rojo\" style=\"color: #962525;\">CIRURGIA BUCAL a Sagrada Fam\u00edlia<\/span><\/h2>\n<p>Avui dia considerem imprescindible comptar al nostre equip cl\u00ednic amb el cirurgi\u00e0 m\u00e0xil\u00b7lofacial, per solucionar tots aquells casos de m\u00e9s complexitat que necessitin de l&#8217;habilitat t\u00e8cnic quir\u00fargica que brinda aquest professional.<\/p>\n<p><b>La seva habilitat en aquest camp inclou:<\/b><\/p>\n<ul>\n<li>\n<h3><b>Extraccions dent\u00e0ries complexes o de peces molt destru\u00efdes<\/b><\/h3>\n<\/li>\n<\/ul>\n<p style=\"padding-left: 40px;\">Generant el<b>.<\/b> m\u00ednim traumatisme i condicionant la zona per a la seva \u00f2ptima cicatritzaci\u00f3, podent a posteriori col\u00b7locar un implant amb la millor predictibilitat.<\/p>\n<p style=\"padding-left: 40px;\">En altres casos \u00e9s necess\u00e0ria la regeneraci\u00f3 alveolar, per evitar el col\u00b7lapse de les parets i regenerar amb un os m\u00e9s mineralitzat que cre\u00ef una bona sustentaci\u00f3 perqu\u00e8 el pacient pugui en un futur accedir a la col\u00b7locaci\u00f3 d&#8217;implants.<\/p>\n<ul>\n<li>\n<h3><b>Extracci\u00f3 de molars de judici i canins inclosos.<\/b><\/h3>\n<\/li>\n<li>\n<h3><b>Fenestracions <\/b>per a casos d&#8217;ortod\u00f2ncia.<\/h3>\n<\/li>\n<li>\n<h3><b>Cirurgia de frenets<\/b><\/h3>\n<\/li>\n<\/ul>\n<p style=\"padding-left: 40px;\">A trav\u00e9s de t\u00e8cniques molt senzilles com la zetapl\u00e0stia, que eviten futurs problemes, i que moltes vegades tamb\u00e9 s\u00f3n t\u00e8cniques complement\u00e0ries en el tractament ortod\u00f2ntic.<\/p>\n<ul>\n<li>\n<h3><b>Implants complexos amb regeneraci\u00f3 \u00f2ssia<\/b><\/h3>\n<\/li>\n<\/ul>\n<p style=\"padding-left: 40px;\">On la quantitat de pinyol disponible \u00e9s escassa i moltes vegades \u00e9s necessari l&#8217;augment de volum de la cresta \u00f2ssia. A trav\u00e9s de t\u00e8cniques d&#8217;expansi\u00f3 i materials de rebliment, es poden solucionar amb \u00e8xit aquests casos. S\u00f3n procediments senzills, on el m\u00e9s important despr\u00e9s de fer el diagn\u00f2stic i plantejar el tractament, \u00e9s l&#8217;habilitat del cirurgi\u00e0 i els materials regeneratius que cal utilitzar.<\/p>\n<p>La cerca d&#8217;un <b>material de farciment <\/b>ideal, substitut de l&#8217;os, ha estat un dels reptes de l&#8217;odontologia. Cada cop amb m\u00e9s freq\u00fc\u00e8ncia sentim parlar de <b>farcits ossis <\/b> i quines caracter\u00edstiques hauria de reunir aquest material regeneratiu. L&#8217;objectiu fonamental \u00e9s que els materials a utilitzar tinguin determinades propietats i dins destaquem la capacitat que siguin materials osteoinductors i osteoconductors. Aix\u00f2 significa que el material a col\u00b7locar formi una trama adequada perqu\u00e8 l&#8217;organisme el transformi en os propi i que, a m\u00e9s, aquest os que es formi sigui de bona qualitat i correcta mineralitzaci\u00f3.<\/p>\n<p><img fetchpriority=\"high\" decoding=\"async\" class=\"alignnone size-full wp-image-112\" src=\"http:\/\/dentalabril.com\/\/wp-content\/uploads\/2015\/05\/cirugiamaxil.png\" alt=\"cirurgiamaxil\" width=\"543\" height=\"167\" srcset=\"https:\/\/dentalabril.com\/wp-content\/uploads\/2015\/05\/cirugiamaxil.png 543w, https:\/\/dentalabril.com\/wp-content\/uploads\/2015\/05\/cirugiamaxil-300x92.png 300w, https:\/\/dentalabril.com\/wp-content\/uploads\/2015\/05\/cirugiamaxil-320x98.png 320w, https:\/\/dentalabril.com\/wp-content\/uploads\/2015\/05\/cirugiamaxil-239x74.png 239w\" sizes=\"(max-width: 543px) 100vw, 543px\" \/><\/p>\n<ul>\n<li>\n<h3><b>Apicectomies<\/b><\/h3>\n<\/li>\n<\/ul>\n<p style=\"padding-left: 40px;\">\u00c9s el tractament quir\u00fargic dels focus apicals, \u00e9s a dir lesions que moltes vegades estan a la punta de l&#8217;arrel que generen mol\u00e8sties i comprometen les peces dentals. Amb l&#8217;apicetomia es procedeix a treure la punta de l&#8217;arrel i el teixit infectat que hi ha al voltant. \u00c9s un tractament que sempre s&#8217;ha d&#8217;oferir com a recurs per salvar una pe\u00e7a, sempre que la predictibilitat de la pe\u00e7a en q\u00fcesti\u00f3 ho permeti, per a aix\u00f2 s&#8217;ha de valorar cl\u00ednicament i radiogr\u00e0ficament, aix\u00ed com tamb\u00e9 exist\u00e8ncia d&#8217;una endod\u00f2ncia pr\u00e8via correcta.<\/p>\n<ul>\n<li>\n<h3><b>Elevaci\u00f3 de sinus maxil\u00b7lar<\/b><\/h3>\n<\/li>\n<\/ul>\n<p style=\"padding-left: 40px;\">Els pits maxil\u00b7lars s\u00f3n cavitats pneum\u00e0tiques que alleugereixen el mass\u00eds craniofacial.<\/p>\n<p style=\"padding-left: 40px;\">Quan falten peces dentals, moltes vegades, per difer\u00e8ncies de pressions, el terra del si maxil\u00b7lar baixa i l&#8217;espai que queda per col\u00b7locar implants no \u00e9s adequat.<\/p>\n<p style=\"padding-left: 40px;\">Altres vegades, la quantitat d&#8217;os perdut pel pacient als sectors posteriors, impossibilita la col\u00b7locaci\u00f3 d&#8217;implants degut justament a aquesta insufici\u00e8ncia \u00f2ssia.<\/p>\n<p style=\"padding-left: 40px;\">L&#8217;elevaci\u00f3 del sinus maxil\u00b7lar \u00e9s una t\u00e8cnica complement\u00e0ria que realitza el cirurgi\u00e0 m\u00e0xil\u00b7lofacial per elevar el s\u00f2l d&#8217;aquesta cavitat, regenerar la zona mitjan\u00e7ant farciment ossi, generalment utilitzem una combinaci\u00f3 d&#8217;os aut\u00f2leg amb os artificial, i si el cas ho permet col\u00b7loquem els implants a la mateixa intervenci\u00f3.<\/p>\n<p style=\"padding-left: 40px;\">Actualment l&#8217;elevaci\u00f3 de sinus maxil\u00b7lar \u00e9s una t\u00e8cnica rutin\u00e0ria, amb molt bon pron\u00f2stic i molt important perqu\u00e8 el pacient recuperi la funcionalitat masticat\u00f2ria a les zones posteriors.<\/p>\n","protected":false},"excerpt":{"rendered":"<p>CIRURGIA BUCAL a Sagrada Fam\u00edlia Avui dia considerem imprescindible comptar al nostre equip cl\u00ednic amb el cirurgi\u00e0 m\u00e0xil\u00b7lofacial, per solucionar tots aquells casos de m\u00e9s complexitat que necessitin de l&#8217;habilitat t\u00e8cnic quir\u00fargica que brinda aquest professional. La seva habilitat en aquest camp inclou: Extraccions dent\u00e0ries complexes o de peces molt destru\u00efdes Generant el. m\u00ednim traumatisme [&hellip;]<\/p>\n","protected":false},"author":4,"featured_media":0,"parent":11046,"menu_order":0,"comment_status":"closed","ping_status":"closed","template":"g1_template_page_sidebar_left.php","meta":{"_joinchat":[],"footnotes":""},"class_list":["post-11049","page","type-page","status-publish"],"yoast_head":"<!-- This site is optimized with the Yoast SEO plugin v23.1 - https:\/\/yoast.com\/wordpress\/plugins\/seo\/ -->\n<title>Cirurgia bucal a Sagrada Fam\u00edlia | Cl\u00ednica dental Abril<\/title>\n<meta name=\"description\" content=\"Tractaments avan\u00e7ats de cirurgia dental a Sagrada Fam\u00edlia com extracci\u00f3 de molars, elevaci\u00f3 del si maxil\u00b7lar, fenestraci\u00f3, cirurgia de frenets, etc.\" \/>\n<meta name=\"robots\" content=\"index, follow, max-snippet:-1, max-image-preview:large, max-video-preview:-1\" \/>\n<link rel=\"canonical\" href=\"https:\/\/dentalabril.com\/ca\/tractaments\/cirurgia-bucal-a-sagrada-familia\/\" \/>\n<meta property=\"og:locale\" content=\"ca_ES\" \/>\n<meta property=\"og:type\" content=\"article\" \/>\n<meta property=\"og:title\" content=\"Cirurgia bucal a Sagrada Fam\u00edlia | Cl\u00ednica dental Abril\" \/>\n<meta property=\"og:description\" content=\"Tractaments avan\u00e7ats de cirurgia dental a Sagrada Fam\u00edlia com extracci\u00f3 de molars, elevaci\u00f3 del si maxil\u00b7lar, fenestraci\u00f3, cirurgia de frenets, etc.\" \/>\n<meta property=\"og:url\" content=\"https:\/\/dentalabril.com\/ca\/tractaments\/cirurgia-bucal-a-sagrada-familia\/\" \/>\n<meta property=\"og:site_name\" content=\"Cl\u00ednica dental Abril\" \/>\n<meta property=\"article:publisher\" content=\"https:\/\/www.facebook.com\/clinicadentalabril\/\" \/>\n<meta property=\"og:image\" content=\"http:\/\/dentalabril.com\/\/wp-content\/uploads\/2015\/05\/cirugiamaxil.png\" \/>\n<meta name=\"twitter:card\" content=\"summary_large_image\" \/>\n<meta name=\"twitter:label1\" content=\"Temps estimat de lectura\" \/>\n\t<meta name=\"twitter:data1\" content=\"3 minuts\" \/>\n<script type=\"application\/ld+json\" class=\"yoast-schema-graph\">{\"@context\":\"https:\/\/schema.org\",\"@graph\":[{\"@type\":\"WebPage\",\"@id\":\"https:\/\/dentalabril.com\/ca\/tractaments\/cirurgia-bucal-a-sagrada-familia\/\",\"url\":\"https:\/\/dentalabril.com\/ca\/tractaments\/cirurgia-bucal-a-sagrada-familia\/\",\"name\":\"Cirurgia bucal a Sagrada Fam\u00edlia | Cl\u00ednica dental Abril\",\"isPartOf\":{\"@id\":\"https:\/\/dentalabril.com\/#website\"},\"primaryImageOfPage\":{\"@id\":\"https:\/\/dentalabril.com\/ca\/tractaments\/cirurgia-bucal-a-sagrada-familia\/#primaryimage\"},\"image\":{\"@id\":\"https:\/\/dentalabril.com\/ca\/tractaments\/cirurgia-bucal-a-sagrada-familia\/#primaryimage\"},\"thumbnailUrl\":\"http:\/\/dentalabril.com\/\/wp-content\/uploads\/2015\/05\/cirugiamaxil.png\",\"datePublished\":\"2024-07-09T06:01:06+00:00\",\"dateModified\":\"2024-07-09T06:01:06+00:00\",\"description\":\"Tractaments avan\u00e7ats de cirurgia dental a Sagrada Fam\u00edlia com extracci\u00f3 de molars, elevaci\u00f3 del si maxil\u00b7lar, fenestraci\u00f3, cirurgia de frenets, etc.\",\"breadcrumb\":{\"@id\":\"https:\/\/dentalabril.com\/ca\/tractaments\/cirurgia-bucal-a-sagrada-familia\/#breadcrumb\"},\"inLanguage\":\"ca\",\"potentialAction\":[{\"@type\":\"ReadAction\",\"target\":[\"https:\/\/dentalabril.com\/ca\/tractaments\/cirurgia-bucal-a-sagrada-familia\/\"]}]},{\"@type\":\"ImageObject\",\"inLanguage\":\"ca\",\"@id\":\"https:\/\/dentalabril.com\/ca\/tractaments\/cirurgia-bucal-a-sagrada-familia\/#primaryimage\",\"url\":\"http:\/\/dentalabril.com\/\/wp-content\/uploads\/2015\/05\/cirugiamaxil.png\",\"contentUrl\":\"http:\/\/dentalabril.com\/\/wp-content\/uploads\/2015\/05\/cirugiamaxil.png\"},{\"@type\":\"BreadcrumbList\",\"@id\":\"https:\/\/dentalabril.com\/ca\/tractaments\/cirurgia-bucal-a-sagrada-familia\/#breadcrumb\",\"itemListElement\":[{\"@type\":\"ListItem\",\"position\":1,\"name\":\"Portada\",\"item\":\"https:\/\/dentalabril.com\/ca\/clinica-dental-abril-a-barcelona\/\"},{\"@type\":\"ListItem\",\"position\":2,\"name\":\"Tractaments\",\"item\":\"https:\/\/dentalabril.com\/ca\/tractaments\/\"},{\"@type\":\"ListItem\",\"position\":3,\"name\":\"Cirurgia bucal a Sagrada Fam\u00edlia\"}]},{\"@type\":\"WebSite\",\"@id\":\"https:\/\/dentalabril.com\/#website\",\"url\":\"https:\/\/dentalabril.com\/\",\"name\":\"Cl\u00ednica Dental Abril\",\"description\":\"Tu cl\u00ednica dental en Barcelona\",\"publisher\":{\"@id\":\"https:\/\/dentalabril.com\/#organization\"},\"alternateName\":\"Dental Abril\",\"potentialAction\":[{\"@type\":\"SearchAction\",\"target\":{\"@type\":\"EntryPoint\",\"urlTemplate\":\"https:\/\/dentalabril.com\/?s={search_term_string}\"},\"query-input\":\"required name=search_term_string\"}],\"inLanguage\":\"ca\"},{\"@type\":\"Organization\",\"@id\":\"https:\/\/dentalabril.com\/#organization\",\"name\":\"Cl\u00ednica Dental Abril\",\"alternateName\":\"Dental Abril\",\"url\":\"https:\/\/dentalabril.com\/\",\"logo\":{\"@type\":\"ImageObject\",\"inLanguage\":\"ca\",\"@id\":\"https:\/\/dentalabril.com\/#\/schema\/logo\/image\/\",\"url\":\"https:\/\/dentalabril.com\/wp-content\/uploads\/2023\/03\/BBceBSJt_400x400.jpg\",\"contentUrl\":\"https:\/\/dentalabril.com\/wp-content\/uploads\/2023\/03\/BBceBSJt_400x400.jpg\",\"width\":400,\"height\":400,\"caption\":\"Cl\u00ednica Dental Abril\"},\"image\":{\"@id\":\"https:\/\/dentalabril.com\/#\/schema\/logo\/image\/\"},\"sameAs\":[\"https:\/\/www.facebook.com\/clinicadentalabril\/\",\"https:\/\/www.instagram.com\/dentalabril\/\"]}]}<\/script>\n<!-- \/ Yoast SEO plugin. -->","yoast_head_json":{"title":"Cirurgia bucal a Sagrada Fam\u00edlia | Cl\u00ednica dental Abril","description":"Tractaments avan\u00e7ats de cirurgia dental a Sagrada Fam\u00edlia com extracci\u00f3 de molars, elevaci\u00f3 del si maxil\u00b7lar, fenestraci\u00f3, cirurgia de frenets, etc.","robots":{"index":"index","follow":"follow","max-snippet":"max-snippet:-1","max-image-preview":"max-image-preview:large","max-video-preview":"max-video-preview:-1"},"canonical":"https:\/\/dentalabril.com\/ca\/tractaments\/cirurgia-bucal-a-sagrada-familia\/","og_locale":"ca_ES","og_type":"article","og_title":"Cirurgia bucal a Sagrada Fam\u00edlia | Cl\u00ednica dental Abril","og_description":"Tractaments avan\u00e7ats de cirurgia dental a Sagrada Fam\u00edlia com extracci\u00f3 de molars, elevaci\u00f3 del si maxil\u00b7lar, fenestraci\u00f3, cirurgia de frenets, etc.","og_url":"https:\/\/dentalabril.com\/ca\/tractaments\/cirurgia-bucal-a-sagrada-familia\/","og_site_name":"Cl\u00ednica dental Abril","article_publisher":"https:\/\/www.facebook.com\/clinicadentalabril\/","og_image":[{"url":"http:\/\/dentalabril.com\/\/wp-content\/uploads\/2015\/05\/cirugiamaxil.png"}],"twitter_card":"summary_large_image","twitter_misc":{"Temps estimat de lectura":"3 minuts"},"schema":{"@context":"https:\/\/schema.org","@graph":[{"@type":"WebPage","@id":"https:\/\/dentalabril.com\/ca\/tractaments\/cirurgia-bucal-a-sagrada-familia\/","url":"https:\/\/dentalabril.com\/ca\/tractaments\/cirurgia-bucal-a-sagrada-familia\/","name":"Cirurgia bucal a Sagrada Fam\u00edlia | Cl\u00ednica dental Abril","isPartOf":{"@id":"https:\/\/dentalabril.com\/#website"},"primaryImageOfPage":{"@id":"https:\/\/dentalabril.com\/ca\/tractaments\/cirurgia-bucal-a-sagrada-familia\/#primaryimage"},"image":{"@id":"https:\/\/dentalabril.com\/ca\/tractaments\/cirurgia-bucal-a-sagrada-familia\/#primaryimage"},"thumbnailUrl":"http:\/\/dentalabril.com\/\/wp-content\/uploads\/2015\/05\/cirugiamaxil.png","datePublished":"2024-07-09T06:01:06+00:00","dateModified":"2024-07-09T06:01:06+00:00","description":"Tractaments avan\u00e7ats de cirurgia dental a Sagrada Fam\u00edlia com extracci\u00f3 de molars, elevaci\u00f3 del si maxil\u00b7lar, fenestraci\u00f3, cirurgia de frenets, etc.","breadcrumb":{"@id":"https:\/\/dentalabril.com\/ca\/tractaments\/cirurgia-bucal-a-sagrada-familia\/#breadcrumb"},"inLanguage":"ca","potentialAction":[{"@type":"ReadAction","target":["https:\/\/dentalabril.com\/ca\/tractaments\/cirurgia-bucal-a-sagrada-familia\/"]}]},{"@type":"ImageObject","inLanguage":"ca","@id":"https:\/\/dentalabril.com\/ca\/tractaments\/cirurgia-bucal-a-sagrada-familia\/#primaryimage","url":"http:\/\/dentalabril.com\/\/wp-content\/uploads\/2015\/05\/cirugiamaxil.png","contentUrl":"http:\/\/dentalabril.com\/\/wp-content\/uploads\/2015\/05\/cirugiamaxil.png"},{"@type":"BreadcrumbList","@id":"https:\/\/dentalabril.com\/ca\/tractaments\/cirurgia-bucal-a-sagrada-familia\/#breadcrumb","itemListElement":[{"@type":"ListItem","position":1,"name":"Portada","item":"https:\/\/dentalabril.com\/ca\/clinica-dental-abril-a-barcelona\/"},{"@type":"ListItem","position":2,"name":"Tractaments","item":"https:\/\/dentalabril.com\/ca\/tractaments\/"},{"@type":"ListItem","position":3,"name":"Cirurgia bucal a Sagrada Fam\u00edlia"}]},{"@type":"WebSite","@id":"https:\/\/dentalabril.com\/#website","url":"https:\/\/dentalabril.com\/","name":"Cl\u00ednica Dental Abril","description":"Tu cl\u00ednica dental en Barcelona","publisher":{"@id":"https:\/\/dentalabril.com\/#organization"},"alternateName":"Dental Abril","potentialAction":[{"@type":"SearchAction","target":{"@type":"EntryPoint","urlTemplate":"https:\/\/dentalabril.com\/?s={search_term_string}"},"query-input":"required name=search_term_string"}],"inLanguage":"ca"},{"@type":"Organization","@id":"https:\/\/dentalabril.com\/#organization","name":"Cl\u00ednica Dental Abril","alternateName":"Dental Abril","url":"https:\/\/dentalabril.com\/","logo":{"@type":"ImageObject","inLanguage":"ca","@id":"https:\/\/dentalabril.com\/#\/schema\/logo\/image\/","url":"https:\/\/dentalabril.com\/wp-content\/uploads\/2023\/03\/BBceBSJt_400x400.jpg","contentUrl":"https:\/\/dentalabril.com\/wp-content\/uploads\/2023\/03\/BBceBSJt_400x400.jpg","width":400,"height":400,"caption":"Cl\u00ednica Dental Abril"},"image":{"@id":"https:\/\/dentalabril.com\/#\/schema\/logo\/image\/"},"sameAs":["https:\/\/www.facebook.com\/clinicadentalabril\/","https:\/\/www.instagram.com\/dentalabril\/"]}]}},"_links":{"self":[{"href":"https:\/\/dentalabril.com\/ca\/wp-json\/wp\/v2\/pages\/11049"}],"collection":[{"href":"https:\/\/dentalabril.com\/ca\/wp-json\/wp\/v2\/pages"}],"about":[{"href":"https:\/\/dentalabril.com\/ca\/wp-json\/wp\/v2\/types\/page"}],"author":[{"embeddable":true,"href":"https:\/\/dentalabril.com\/ca\/wp-json\/wp\/v2\/users\/4"}],"replies":[{"embeddable":true,"href":"https:\/\/dentalabril.com\/ca\/wp-json\/wp\/v2\/comments?post=11049"}],"version-history":[{"count":0,"href":"https:\/\/dentalabril.com\/ca\/wp-json\/wp\/v2\/pages\/11049\/revisions"}],"up":[{"embeddable":true,"href":"https:\/\/dentalabril.com\/ca\/wp-json\/wp\/v2\/pages\/11046"}],"wp:attachment":[{"href":"https:\/\/dentalabril.com\/ca\/wp-json\/wp\/v2\/media?parent=11049"}],"curies":[{"name":"wp","href":"https:\/\/api.w.org\/{rel}","templated":true}]}}