{"id":11048,"date":"2024-07-09T07:52:40","date_gmt":"2024-07-09T05:52:40","guid":{"rendered":"https:\/\/dentalabril.com\/tractaments\/bruxisme-a-sagrada-familia\/"},"modified":"2024-07-09T07:52:40","modified_gmt":"2024-07-09T05:52:40","slug":"bruxisme-a-sagrada-familia","status":"publish","type":"page","link":"https:\/\/dentalabril.com\/ca\/tractaments\/bruxisme-a-sagrada-familia\/","title":{"rendered":"Bruxisme a Sagrada Fam\u00edlia"},"content":{"rendered":"<h2>Experts en tractaments de bruxisme a Sagrada Fam\u00edlia<\/h2>\n<h3 style=\"text-align: justify;\"><span style=\"color: #962525;\">Qu\u00e8 \u00e9s el Bruxisme?<\/span><\/h3>\n<p style=\"text-align: justify;\">El bruxisme \u00e9s l&#8217;h\u00e0bit d&#8217;estr\u00e8nyer o fregar les dents de forma involunt\u00e0ria, que es realitza generalment mentre dormim, a causa d&#8217;una major activitat dels m\u00fasculs elevadors de la mand\u00edbula, generant desgasts a les dents i moltes vegades dolors a la musculatura facial. El principal desencadenant sol ser de tipus psicol\u00f2gic, l&#8217;estr\u00e8s \u00e9s un dels factors principals.<\/p>\n<p style=\"text-align: justify;\">La causa del bruxisme es troba al subconscient, que actua de forma indirecta sobre algunes persones provocant aquest trastorn. A difer\u00e8ncia d&#8217;altres patologies com la c\u00e0ries o la gingivitis, on la prevenci\u00f3 \u00e9s determinant, el bruxisme \u00e9s un h\u00e0bit involuntari, molts pacients no saben que el presenten fins que perceben dolors a la musculatura o els desgasts dentaris s\u00f3n molt evidents. Per aix\u00f2 \u00e9s important que l&#8217;odont\u00f2leg detecti en etapes primerenques aquesta patologia, per explicar la necessitat d&#8217;utilitzar una f\u00e8rula de desc\u00e0rrega, estabilitzant el sistema estomatogn\u00e0tic i evitant problem\u00e0tiques m\u00e9s importants, ja que si aquest bruxisme es transforma en patol\u00f2gic, pot arribar a afectar fins i tot a l&#8217;articulaci\u00f3 tempor mandibular.<\/p>\n<h3 style=\"text-align: justify;\"><span class=\"rojo\">Qu\u00e8 \u00e9s una f\u00e8rula de desc\u00e0rrega?<\/span><\/h3>\n<p>\u00c9s un aparell de resina r\u00edgida amb forma de ferradura que s&#8217;adapta a les dents del pacient. Es fa a mida per a cada pacient segons uns criteris cl\u00ednics espec\u00edfics, molt important que s&#8217;utilitzi un articulador semiajustable per a la seva confecci\u00f3 i el m\u00e9s important \u00e9s que els contactes siguin bilaterals i puntiformes, per a la perfecta relaxaci\u00f3 i pacificaci\u00f3 neuromuscular. Aix\u00f2 es tradueix en la confortabilitat a l&#8217;hora de ser utilitzada pel pacient.<\/p>\n<p>Aquesta f\u00e8rula de desc\u00e0rrega es pot fer per al maxil\u00b7lar superior o per al maxil\u00b7lar inferior, dep\u00e8n de cada cas i de cada pacient.<\/p>\n<figure id='gallery-1' class='gallery galleryid-11048 gallery-columns-2 gallery-size-full'><ol><li class='gallery-item'>\n\t\t\t<div class='gallery-icon landscape'>\n\t\t\t\t<a data-g1-lightbox=\"gallery-284679659\" href='https:\/\/dentalabril.com\/wp-content\/uploads\/2015\/05\/bruxismo_placa1-300x200.jpg'><img fetchpriority=\"high\" decoding=\"async\" width=\"300\" height=\"200\" src=\"https:\/\/dentalabril.com\/wp-content\/uploads\/2015\/05\/bruxismo_placa1-300x200.jpg\" class=\"attachment-full size-full\" alt=\"\" srcset=\"https:\/\/dentalabril.com\/wp-content\/uploads\/2015\/05\/bruxismo_placa1-300x200.jpg 300w, https:\/\/dentalabril.com\/wp-content\/uploads\/2015\/05\/bruxismo_placa1-300x200-239x159.jpg 239w\" sizes=\"(max-width: 300px) 100vw, 300px\" \/><\/a>\n\t\t\t<\/div><\/li><li class='gallery-item'>\n\t\t\t<div class='gallery-icon landscape'>\n\t\t\t\t<a data-g1-lightbox=\"gallery-284679659\" href='https:\/\/dentalabril.com\/wp-content\/uploads\/2015\/05\/image101-300x200.jpg'><img decoding=\"async\" width=\"300\" height=\"200\" src=\"https:\/\/dentalabril.com\/wp-content\/uploads\/2015\/05\/image101-300x200.jpg\" class=\"attachment-full size-full\" alt=\"\" srcset=\"https:\/\/dentalabril.com\/wp-content\/uploads\/2015\/05\/image101-300x200.jpg 300w, https:\/\/dentalabril.com\/wp-content\/uploads\/2015\/05\/image101-300x200-239x159.jpg 239w\" sizes=\"(max-width: 300px) 100vw, 300px\" \/><\/a>\n\t\t\t<\/div><\/li>\n\t\t<\/ol><\/figure>\n<h3><span class=\"rojo\">Causes del bruxisme<\/span><\/h3>\n<p>No hi ha, doncs, unes causes espec\u00edfiques que puguin explicar aquest trastorn per\u00f2 se sap que l&#8217;estr\u00e8s i l&#8217;ansietat s\u00f3n factors de vegades desencadenants i que afavoreixen que la persona rasqui les dents mentre dorm. Alguns motius s\u00f3n:<\/p>\n<ul>\n<li>Contactes anormals entre dents antagonistes<\/li>\n<li>Interfer\u00e8ncies dentals<\/li>\n<li>Estr\u00e8s<\/li>\n<li>Ansietat<\/li>\n<li>La personalitat de cadasc\u00fa<\/li>\n<li>El tipus de dentadura<\/li>\n<li>La posici\u00f3 corporal i del cap quan dormim<\/li>\n<\/ul>\n<h3><span class=\"rojo\">S\u00edmptomes m\u00e9s comuns<\/span><\/h3>\n<p>El dolor \u00e9s el s\u00edmptoma que porta els usuaris a visitar l&#8217;odont\u00f2leg. Dolor que pot ser muscular o b\u00e9 dental generant sensibilitat generalitzada. Tamb\u00e9 es pot presentar de manera aguda, de vegades amb afectaci\u00f3 de l&#8217;articulaci\u00f3 de la mand\u00edbula i de vegades es despla\u00e7a cap al coll i la cara. Cridar les dents tamb\u00e9 provoca un desgast dental i en casos extrems, fractures de les peces.<\/p>\n<p>Alguns s\u00edmptomes s\u00f3n claus per saber si patim bruxisme:<\/p>\n<p>&nbsp;<\/p>\n<ul class=\"g1-grid\"><li class=\"g1-column g1-one-fourth g1-valign-top\">\n<p><b><span class=\"rojo\">Dentals:<\/span><\/b><\/p>\n<ul>\n<li>Desgast de les dents a la superf\u00edcie oclusiva<\/li>\n<li>Mobilitat de les dents<\/li>\n<li>Fractures dentals<\/li>\n<li>Soroll en tancar les dents<\/li>\n<li>Inflamaci\u00f3 de la polpa dental<\/li>\n<\/ul>\n<\/li><!-- -->\n<li class=\"g1-column g1-one-fourth g1-valign-top\">\n<p><b><span class=\"rojo\">Neuromusculars:<\/span><\/b><\/p>\n<ul>\n<li>Cansament dels m\u00fasculs de la cara<\/li>\n<li>Dolors musculars a la cara i al coll<\/li>\n<\/ul>\n<\/li><!-- -->\n<li class=\"g1-column g1-one-fourth g1-valign-top\">\n<p><b><span class=\"rojo\">Teixits tous:<\/span><\/b><\/p>\n<ul>\n<li>Hipertr\u00f2fia dels m\u00fasculs mandibulars.<\/li>\n<\/ul>\n<\/li><!-- -->\n<li class=\"g1-column g1-one-fourth g1-valign-top\">\n<p><b>Articulars<\/b><\/p>\n<ul>\n<li>Dolors articulars<\/li>\n<li>Soroll en moure les articulacions<\/li>\n<\/ul>\n<\/li><!-- --><\/ul>\n<p><b><span class=\"rojo\">Com tractar-ho?<\/span><\/b><\/p>\n<p>Si es detecta a temps, es pot tractar el pacient amb una f\u00e8rula de desc\u00e0rrega que es fa servir durant la nit i si cal, tamb\u00e9 durant el dia. Si el pacient pateix dolors forts i persistents pot ser que li prescriguin relaxants musculars o b\u00e9 f\u00e0rmacs per controlar els nervis i l&#8217;ansietat, aix\u00ed com tamb\u00e9 fisioter\u00e0pia.<\/p>\n<p><b><span class=\"rojo\">El bruxisme \u00e9s un acte involuntari i, per tant, no podem parlar de prevenci\u00f3 sin\u00f3 de tractament preco\u00e7.<\/span><\/b><\/p>\n","protected":false},"excerpt":{"rendered":"<p>Experts en tractaments de bruxisme a Sagrada Fam\u00edlia Qu\u00e8 \u00e9s el Bruxisme? El bruxisme \u00e9s l&#8217;h\u00e0bit d&#8217;estr\u00e8nyer o fregar les dents de forma involunt\u00e0ria, que es realitza generalment mentre dormim, a causa d&#8217;una major activitat dels m\u00fasculs elevadors de la mand\u00edbula, generant desgasts a les dents i moltes vegades dolors a la musculatura facial. El [&hellip;]<\/p>\n","protected":false},"author":4,"featured_media":0,"parent":11046,"menu_order":0,"comment_status":"closed","ping_status":"closed","template":"g1_template_page_sidebar_left.php","meta":{"_joinchat":[],"footnotes":""},"class_list":["post-11048","page","type-page","status-publish"],"yoast_head":"<!-- This site is optimized with the Yoast SEO plugin v23.1 - https:\/\/yoast.com\/wordpress\/plugins\/seo\/ -->\n<title>Bruxisme a Sagrada Fam\u00edlia | Cl\u00ednica dental Abril<\/title>\n<meta name=\"description\" content=\"Som experts en tractaments contra el bruxisme a Sagrada Fam\u00edlia, no dubtis a contactar amb nosaltres i visitar-nos per a m\u00e9s informaci\u00f3.\" \/>\n<meta name=\"robots\" content=\"index, follow, max-snippet:-1, max-image-preview:large, max-video-preview:-1\" \/>\n<link rel=\"canonical\" href=\"https:\/\/dentalabril.com\/ca\/tractaments\/bruxisme-a-sagrada-familia\/\" \/>\n<meta property=\"og:locale\" content=\"ca_ES\" \/>\n<meta property=\"og:type\" content=\"article\" \/>\n<meta property=\"og:title\" content=\"Bruxisme a Sagrada Fam\u00edlia | Cl\u00ednica dental Abril\" \/>\n<meta property=\"og:description\" content=\"Som experts en tractaments contra el bruxisme a Sagrada Fam\u00edlia, no dubtis a contactar amb nosaltres i visitar-nos per a m\u00e9s informaci\u00f3.\" \/>\n<meta property=\"og:url\" content=\"https:\/\/dentalabril.com\/ca\/tractaments\/bruxisme-a-sagrada-familia\/\" \/>\n<meta property=\"og:site_name\" content=\"Cl\u00ednica dental Abril\" \/>\n<meta property=\"article:publisher\" content=\"https:\/\/www.facebook.com\/clinicadentalabril\/\" \/>\n<meta property=\"og:image\" content=\"https:\/\/dentalabril.com\/wp-content\/uploads\/2015\/05\/bruxismo_placa1-300x200.jpg\" \/>\n<meta name=\"twitter:card\" content=\"summary_large_image\" \/>\n<meta name=\"twitter:label1\" content=\"Temps estimat de lectura\" \/>\n\t<meta name=\"twitter:data1\" content=\"3 minuts\" \/>\n<script type=\"application\/ld+json\" class=\"yoast-schema-graph\">{\"@context\":\"https:\/\/schema.org\",\"@graph\":[{\"@type\":\"WebPage\",\"@id\":\"https:\/\/dentalabril.com\/ca\/tractaments\/bruxisme-a-sagrada-familia\/\",\"url\":\"https:\/\/dentalabril.com\/ca\/tractaments\/bruxisme-a-sagrada-familia\/\",\"name\":\"Bruxisme a Sagrada Fam\u00edlia | Cl\u00ednica dental Abril\",\"isPartOf\":{\"@id\":\"https:\/\/dentalabril.com\/#website\"},\"datePublished\":\"2024-07-09T05:52:40+00:00\",\"dateModified\":\"2024-07-09T05:52:40+00:00\",\"description\":\"Som experts en tractaments contra el bruxisme a Sagrada Fam\u00edlia, no dubtis a contactar amb nosaltres i visitar-nos per a m\u00e9s informaci\u00f3.\",\"breadcrumb\":{\"@id\":\"https:\/\/dentalabril.com\/ca\/tractaments\/bruxisme-a-sagrada-familia\/#breadcrumb\"},\"inLanguage\":\"ca\",\"potentialAction\":[{\"@type\":\"ReadAction\",\"target\":[\"https:\/\/dentalabril.com\/ca\/tractaments\/bruxisme-a-sagrada-familia\/\"]}]},{\"@type\":\"BreadcrumbList\",\"@id\":\"https:\/\/dentalabril.com\/ca\/tractaments\/bruxisme-a-sagrada-familia\/#breadcrumb\",\"itemListElement\":[{\"@type\":\"ListItem\",\"position\":1,\"name\":\"Portada\",\"item\":\"https:\/\/dentalabril.com\/ca\/clinica-dental-abril-a-barcelona\/\"},{\"@type\":\"ListItem\",\"position\":2,\"name\":\"Tractaments\",\"item\":\"https:\/\/dentalabril.com\/ca\/tractaments\/\"},{\"@type\":\"ListItem\",\"position\":3,\"name\":\"Bruxisme a Sagrada Fam\u00edlia\"}]},{\"@type\":\"WebSite\",\"@id\":\"https:\/\/dentalabril.com\/#website\",\"url\":\"https:\/\/dentalabril.com\/\",\"name\":\"Cl\u00ednica Dental Abril\",\"description\":\"Tu cl\u00ednica dental en Barcelona\",\"publisher\":{\"@id\":\"https:\/\/dentalabril.com\/#organization\"},\"alternateName\":\"Dental Abril\",\"potentialAction\":[{\"@type\":\"SearchAction\",\"target\":{\"@type\":\"EntryPoint\",\"urlTemplate\":\"https:\/\/dentalabril.com\/?s={search_term_string}\"},\"query-input\":\"required name=search_term_string\"}],\"inLanguage\":\"ca\"},{\"@type\":\"Organization\",\"@id\":\"https:\/\/dentalabril.com\/#organization\",\"name\":\"Cl\u00ednica Dental Abril\",\"alternateName\":\"Dental Abril\",\"url\":\"https:\/\/dentalabril.com\/\",\"logo\":{\"@type\":\"ImageObject\",\"inLanguage\":\"ca\",\"@id\":\"https:\/\/dentalabril.com\/#\/schema\/logo\/image\/\",\"url\":\"https:\/\/dentalabril.com\/wp-content\/uploads\/2023\/03\/BBceBSJt_400x400.jpg\",\"contentUrl\":\"https:\/\/dentalabril.com\/wp-content\/uploads\/2023\/03\/BBceBSJt_400x400.jpg\",\"width\":400,\"height\":400,\"caption\":\"Cl\u00ednica Dental Abril\"},\"image\":{\"@id\":\"https:\/\/dentalabril.com\/#\/schema\/logo\/image\/\"},\"sameAs\":[\"https:\/\/www.facebook.com\/clinicadentalabril\/\",\"https:\/\/www.instagram.com\/dentalabril\/\"]}]}<\/script>\n<!-- \/ Yoast SEO plugin. -->","yoast_head_json":{"title":"Bruxisme a Sagrada Fam\u00edlia | Cl\u00ednica dental Abril","description":"Som experts en tractaments contra el bruxisme a Sagrada Fam\u00edlia, no dubtis a contactar amb nosaltres i visitar-nos per a m\u00e9s informaci\u00f3.","robots":{"index":"index","follow":"follow","max-snippet":"max-snippet:-1","max-image-preview":"max-image-preview:large","max-video-preview":"max-video-preview:-1"},"canonical":"https:\/\/dentalabril.com\/ca\/tractaments\/bruxisme-a-sagrada-familia\/","og_locale":"ca_ES","og_type":"article","og_title":"Bruxisme a Sagrada Fam\u00edlia | Cl\u00ednica dental Abril","og_description":"Som experts en tractaments contra el bruxisme a Sagrada Fam\u00edlia, no dubtis a contactar amb nosaltres i visitar-nos per a m\u00e9s informaci\u00f3.","og_url":"https:\/\/dentalabril.com\/ca\/tractaments\/bruxisme-a-sagrada-familia\/","og_site_name":"Cl\u00ednica dental Abril","article_publisher":"https:\/\/www.facebook.com\/clinicadentalabril\/","og_image":[{"url":"https:\/\/dentalabril.com\/wp-content\/uploads\/2015\/05\/bruxismo_placa1-300x200.jpg"}],"twitter_card":"summary_large_image","twitter_misc":{"Temps estimat de lectura":"3 minuts"},"schema":{"@context":"https:\/\/schema.org","@graph":[{"@type":"WebPage","@id":"https:\/\/dentalabril.com\/ca\/tractaments\/bruxisme-a-sagrada-familia\/","url":"https:\/\/dentalabril.com\/ca\/tractaments\/bruxisme-a-sagrada-familia\/","name":"Bruxisme a Sagrada Fam\u00edlia | Cl\u00ednica dental Abril","isPartOf":{"@id":"https:\/\/dentalabril.com\/#website"},"datePublished":"2024-07-09T05:52:40+00:00","dateModified":"2024-07-09T05:52:40+00:00","description":"Som experts en tractaments contra el bruxisme a Sagrada Fam\u00edlia, no dubtis a contactar amb nosaltres i visitar-nos per a m\u00e9s informaci\u00f3.","breadcrumb":{"@id":"https:\/\/dentalabril.com\/ca\/tractaments\/bruxisme-a-sagrada-familia\/#breadcrumb"},"inLanguage":"ca","potentialAction":[{"@type":"ReadAction","target":["https:\/\/dentalabril.com\/ca\/tractaments\/bruxisme-a-sagrada-familia\/"]}]},{"@type":"BreadcrumbList","@id":"https:\/\/dentalabril.com\/ca\/tractaments\/bruxisme-a-sagrada-familia\/#breadcrumb","itemListElement":[{"@type":"ListItem","position":1,"name":"Portada","item":"https:\/\/dentalabril.com\/ca\/clinica-dental-abril-a-barcelona\/"},{"@type":"ListItem","position":2,"name":"Tractaments","item":"https:\/\/dentalabril.com\/ca\/tractaments\/"},{"@type":"ListItem","position":3,"name":"Bruxisme a Sagrada Fam\u00edlia"}]},{"@type":"WebSite","@id":"https:\/\/dentalabril.com\/#website","url":"https:\/\/dentalabril.com\/","name":"Cl\u00ednica Dental Abril","description":"Tu cl\u00ednica dental en Barcelona","publisher":{"@id":"https:\/\/dentalabril.com\/#organization"},"alternateName":"Dental Abril","potentialAction":[{"@type":"SearchAction","target":{"@type":"EntryPoint","urlTemplate":"https:\/\/dentalabril.com\/?s={search_term_string}"},"query-input":"required name=search_term_string"}],"inLanguage":"ca"},{"@type":"Organization","@id":"https:\/\/dentalabril.com\/#organization","name":"Cl\u00ednica Dental Abril","alternateName":"Dental Abril","url":"https:\/\/dentalabril.com\/","logo":{"@type":"ImageObject","inLanguage":"ca","@id":"https:\/\/dentalabril.com\/#\/schema\/logo\/image\/","url":"https:\/\/dentalabril.com\/wp-content\/uploads\/2023\/03\/BBceBSJt_400x400.jpg","contentUrl":"https:\/\/dentalabril.com\/wp-content\/uploads\/2023\/03\/BBceBSJt_400x400.jpg","width":400,"height":400,"caption":"Cl\u00ednica Dental Abril"},"image":{"@id":"https:\/\/dentalabril.com\/#\/schema\/logo\/image\/"},"sameAs":["https:\/\/www.facebook.com\/clinicadentalabril\/","https:\/\/www.instagram.com\/dentalabril\/"]}]}},"_links":{"self":[{"href":"https:\/\/dentalabril.com\/ca\/wp-json\/wp\/v2\/pages\/11048"}],"collection":[{"href":"https:\/\/dentalabril.com\/ca\/wp-json\/wp\/v2\/pages"}],"about":[{"href":"https:\/\/dentalabril.com\/ca\/wp-json\/wp\/v2\/types\/page"}],"author":[{"embeddable":true,"href":"https:\/\/dentalabril.com\/ca\/wp-json\/wp\/v2\/users\/4"}],"replies":[{"embeddable":true,"href":"https:\/\/dentalabril.com\/ca\/wp-json\/wp\/v2\/comments?post=11048"}],"version-history":[{"count":0,"href":"https:\/\/dentalabril.com\/ca\/wp-json\/wp\/v2\/pages\/11048\/revisions"}],"up":[{"embeddable":true,"href":"https:\/\/dentalabril.com\/ca\/wp-json\/wp\/v2\/pages\/11046"}],"wp:attachment":[{"href":"https:\/\/dentalabril.com\/ca\/wp-json\/wp\/v2\/media?parent=11048"}],"curies":[{"name":"wp","href":"https:\/\/api.w.org\/{rel}","templated":true}]}}