{"id":11047,"date":"2024-07-09T07:48:07","date_gmt":"2024-07-09T05:48:07","guid":{"rendered":"https:\/\/dentalabril.com\/tractaments\/blanquejament-dental-a-sagrada-familia\/"},"modified":"2024-07-09T07:48:07","modified_gmt":"2024-07-09T05:48:07","slug":"blanquejament-dental-a-sagrada-familia","status":"publish","type":"page","link":"https:\/\/dentalabril.com\/ca\/tractaments\/blanquejament-dental-a-sagrada-familia\/","title":{"rendered":"Blanquejament dental a Sagrada Fam\u00edlia"},"content":{"rendered":"<h2><span class=\"rojo\" style=\"color: #962525;\">La t\u00e8cnica per aclarir les dents: BLANQUEJAMENT dental a Sagrada Fam\u00edlia<\/span><\/h2>\n<p><iframe src=\"https:\/\/www.youtube.com\/embed\/bc76m7gSFFw?rel=0\" width=\"560\" height=\"315\" frameborder=\"0\" allowfullscreen=\"allowfullscreen\"><\/iframe><\/p>\n<p>Amb el temps les nostres dents van perdent la lluminositat i el color natural, aix\u00f2 \u00e9s degut als colorants que es troben en alguns aliments i begudes que consumim normalment, com ara el caf\u00e8, el te, etc.<\/p>\n<p>Per\u00f2 tampoc no hem d&#8217;oblidar que a mesura que les dents envelleixen els t\u00fabuls dentinaris s&#8217;estrenyen donant un efecte de menor translucidesa i provocant un efecte de dent m\u00e9s fosc.<\/p>\n<p>Altres factors que incideixen en la coloraci\u00f3 de les dents poden estar determinades per una insuficient higiene oral o per l&#8217;\u00fas d&#8217;alguns medicaments utilitzats en determinats tractaments.<\/p>\n<p>&nbsp;<\/p>\n<h2><strong>FASES DEL NOSTRE BLANQUEJAMENT DENTAL<\/strong><\/h2>\n<p>El blanquejament dental a Sagrada Fam\u00edlia que realitzem el duem a terme en dues fases:<\/p>\n<h3>1a Fase del blanquejament<\/h3>\n<p>La primera fase la realitza el professional <strong>a la cl\u00ednica en tres sessions <\/strong> mitjan\u00e7ant un producte blanquejador que activem per llum.<\/p>\n<h3>2a Fase del blanquejament dental<\/h3>\n<p>Una segona fase que el pacient duu a terme<strong>a casa seva mitjan\u00e7ant un kit que li proporcionem<\/strong>i s\u00e9 que aplica de manera molt f\u00e0cil i c\u00f2moda.<\/p>\n<p><strong>Els avantatges del nostre blanquejament dental<\/strong> \u00e9s que aconseguim un to blanc i natural de les dents i una llarga durada en el temps.<\/p>\n<p>&nbsp;<\/p>\n<h3><span style=\"color: #962525;\"><strong>CASOS CL\u00cdNICS<\/strong><\/span><\/h3>\n<p><a href=\"http:\/\/dentalabril.com\/\/wp-content\/uploads\/2015\/05\/blanqueamiento.png\"><img fetchpriority=\"high\" decoding=\"async\" class=\"alignnone size-full wp-image-132\" src=\"http:\/\/dentalabril.com\/\/wp-content\/uploads\/2015\/05\/blanqueamiento.png\" alt=\"blanquejament\" width=\"600\" height=\"262\"><\/a><\/p>\n","protected":false},"excerpt":{"rendered":"<p>La t\u00e8cnica per aclarir les dents: BLANQUEJAMENT dental a Sagrada Fam\u00edlia Amb el temps les nostres dents van perdent la lluminositat i el color natural, aix\u00f2 \u00e9s degut als colorants que es troben en alguns aliments i begudes que consumim normalment, com ara el caf\u00e8, el te, etc. Per\u00f2 tampoc no hem d&#8217;oblidar que a [&hellip;]<\/p>\n","protected":false},"author":4,"featured_media":0,"parent":11046,"menu_order":0,"comment_status":"closed","ping_status":"closed","template":"g1_template_page_sidebar_left.php","meta":{"_joinchat":[],"footnotes":""},"class_list":["post-11047","page","type-page","status-publish"],"yoast_head":"<!-- This site is optimized with the Yoast SEO plugin v23.1 - https:\/\/yoast.com\/wordpress\/plugins\/seo\/ -->\n<title>Blanquejament dental a Sagrada Fam\u00edlia | Cl\u00ednica dental Abril<\/title>\n<meta name=\"description\" content=\"Aconsegueix millorar el to de les teves dents amb el nostre blanquejament dental a Sagrada Fam\u00edlia. Demana informaci\u00f3 o vine a visitar-nos directament.\" \/>\n<meta name=\"robots\" content=\"index, follow, max-snippet:-1, max-image-preview:large, max-video-preview:-1\" \/>\n<link rel=\"canonical\" href=\"https:\/\/dentalabril.com\/ca\/tractaments\/blanquejament-dental-a-sagrada-familia\/\" \/>\n<meta property=\"og:locale\" content=\"ca_ES\" \/>\n<meta property=\"og:type\" content=\"article\" \/>\n<meta property=\"og:title\" content=\"Blanquejament dental a Sagrada Fam\u00edlia | Cl\u00ednica dental Abril\" \/>\n<meta property=\"og:description\" content=\"Aconsegueix millorar el to de les teves dents amb el nostre blanquejament dental a Sagrada Fam\u00edlia. Demana informaci\u00f3 o vine a visitar-nos directament.\" \/>\n<meta property=\"og:url\" content=\"https:\/\/dentalabril.com\/ca\/tractaments\/blanquejament-dental-a-sagrada-familia\/\" \/>\n<meta property=\"og:site_name\" content=\"Cl\u00ednica dental Abril\" \/>\n<meta property=\"article:publisher\" content=\"https:\/\/www.facebook.com\/clinicadentalabril\/\" \/>\n<meta property=\"og:image\" content=\"http:\/\/dentalabril.com\/\/wp-content\/uploads\/2015\/05\/blanqueamiento.png\" \/>\n<meta name=\"twitter:card\" content=\"summary_large_image\" \/>\n<meta name=\"twitter:label1\" content=\"Temps estimat de lectura\" \/>\n\t<meta name=\"twitter:data1\" content=\"1 minut\" \/>\n<script type=\"application\/ld+json\" class=\"yoast-schema-graph\">{\"@context\":\"https:\/\/schema.org\",\"@graph\":[{\"@type\":\"WebPage\",\"@id\":\"https:\/\/dentalabril.com\/ca\/tractaments\/blanquejament-dental-a-sagrada-familia\/\",\"url\":\"https:\/\/dentalabril.com\/ca\/tractaments\/blanquejament-dental-a-sagrada-familia\/\",\"name\":\"Blanquejament dental a Sagrada Fam\u00edlia | Cl\u00ednica dental Abril\",\"isPartOf\":{\"@id\":\"https:\/\/dentalabril.com\/#website\"},\"primaryImageOfPage\":{\"@id\":\"https:\/\/dentalabril.com\/ca\/tractaments\/blanquejament-dental-a-sagrada-familia\/#primaryimage\"},\"image\":{\"@id\":\"https:\/\/dentalabril.com\/ca\/tractaments\/blanquejament-dental-a-sagrada-familia\/#primaryimage\"},\"thumbnailUrl\":\"http:\/\/dentalabril.com\/\/wp-content\/uploads\/2015\/05\/blanqueamiento.png\",\"datePublished\":\"2024-07-09T05:48:07+00:00\",\"dateModified\":\"2024-07-09T05:48:07+00:00\",\"description\":\"Aconsegueix millorar el to de les teves dents amb el nostre blanquejament dental a Sagrada Fam\u00edlia. Demana informaci\u00f3 o vine a visitar-nos directament.\",\"breadcrumb\":{\"@id\":\"https:\/\/dentalabril.com\/ca\/tractaments\/blanquejament-dental-a-sagrada-familia\/#breadcrumb\"},\"inLanguage\":\"ca\",\"potentialAction\":[{\"@type\":\"ReadAction\",\"target\":[\"https:\/\/dentalabril.com\/ca\/tractaments\/blanquejament-dental-a-sagrada-familia\/\"]}]},{\"@type\":\"ImageObject\",\"inLanguage\":\"ca\",\"@id\":\"https:\/\/dentalabril.com\/ca\/tractaments\/blanquejament-dental-a-sagrada-familia\/#primaryimage\",\"url\":\"http:\/\/dentalabril.com\/\/wp-content\/uploads\/2015\/05\/blanqueamiento.png\",\"contentUrl\":\"http:\/\/dentalabril.com\/\/wp-content\/uploads\/2015\/05\/blanqueamiento.png\"},{\"@type\":\"BreadcrumbList\",\"@id\":\"https:\/\/dentalabril.com\/ca\/tractaments\/blanquejament-dental-a-sagrada-familia\/#breadcrumb\",\"itemListElement\":[{\"@type\":\"ListItem\",\"position\":1,\"name\":\"Portada\",\"item\":\"https:\/\/dentalabril.com\/ca\/clinica-dental-abril-a-barcelona\/\"},{\"@type\":\"ListItem\",\"position\":2,\"name\":\"Tractaments\",\"item\":\"https:\/\/dentalabril.com\/ca\/tractaments\/\"},{\"@type\":\"ListItem\",\"position\":3,\"name\":\"Blanquejament dental a Sagrada Fam\u00edlia\"}]},{\"@type\":\"WebSite\",\"@id\":\"https:\/\/dentalabril.com\/#website\",\"url\":\"https:\/\/dentalabril.com\/\",\"name\":\"Cl\u00ednica Dental Abril\",\"description\":\"Tu cl\u00ednica dental en Barcelona\",\"publisher\":{\"@id\":\"https:\/\/dentalabril.com\/#organization\"},\"alternateName\":\"Dental Abril\",\"potentialAction\":[{\"@type\":\"SearchAction\",\"target\":{\"@type\":\"EntryPoint\",\"urlTemplate\":\"https:\/\/dentalabril.com\/?s={search_term_string}\"},\"query-input\":\"required name=search_term_string\"}],\"inLanguage\":\"ca\"},{\"@type\":\"Organization\",\"@id\":\"https:\/\/dentalabril.com\/#organization\",\"name\":\"Cl\u00ednica Dental Abril\",\"alternateName\":\"Dental Abril\",\"url\":\"https:\/\/dentalabril.com\/\",\"logo\":{\"@type\":\"ImageObject\",\"inLanguage\":\"ca\",\"@id\":\"https:\/\/dentalabril.com\/#\/schema\/logo\/image\/\",\"url\":\"https:\/\/dentalabril.com\/wp-content\/uploads\/2023\/03\/BBceBSJt_400x400.jpg\",\"contentUrl\":\"https:\/\/dentalabril.com\/wp-content\/uploads\/2023\/03\/BBceBSJt_400x400.jpg\",\"width\":400,\"height\":400,\"caption\":\"Cl\u00ednica Dental Abril\"},\"image\":{\"@id\":\"https:\/\/dentalabril.com\/#\/schema\/logo\/image\/\"},\"sameAs\":[\"https:\/\/www.facebook.com\/clinicadentalabril\/\",\"https:\/\/www.instagram.com\/dentalabril\/\"]}]}<\/script>\n<!-- \/ Yoast SEO plugin. -->","yoast_head_json":{"title":"Blanquejament dental a Sagrada Fam\u00edlia | Cl\u00ednica dental Abril","description":"Aconsegueix millorar el to de les teves dents amb el nostre blanquejament dental a Sagrada Fam\u00edlia. Demana informaci\u00f3 o vine a visitar-nos directament.","robots":{"index":"index","follow":"follow","max-snippet":"max-snippet:-1","max-image-preview":"max-image-preview:large","max-video-preview":"max-video-preview:-1"},"canonical":"https:\/\/dentalabril.com\/ca\/tractaments\/blanquejament-dental-a-sagrada-familia\/","og_locale":"ca_ES","og_type":"article","og_title":"Blanquejament dental a Sagrada Fam\u00edlia | Cl\u00ednica dental Abril","og_description":"Aconsegueix millorar el to de les teves dents amb el nostre blanquejament dental a Sagrada Fam\u00edlia. Demana informaci\u00f3 o vine a visitar-nos directament.","og_url":"https:\/\/dentalabril.com\/ca\/tractaments\/blanquejament-dental-a-sagrada-familia\/","og_site_name":"Cl\u00ednica dental Abril","article_publisher":"https:\/\/www.facebook.com\/clinicadentalabril\/","og_image":[{"url":"http:\/\/dentalabril.com\/\/wp-content\/uploads\/2015\/05\/blanqueamiento.png"}],"twitter_card":"summary_large_image","twitter_misc":{"Temps estimat de lectura":"1 minut"},"schema":{"@context":"https:\/\/schema.org","@graph":[{"@type":"WebPage","@id":"https:\/\/dentalabril.com\/ca\/tractaments\/blanquejament-dental-a-sagrada-familia\/","url":"https:\/\/dentalabril.com\/ca\/tractaments\/blanquejament-dental-a-sagrada-familia\/","name":"Blanquejament dental a Sagrada Fam\u00edlia | Cl\u00ednica dental Abril","isPartOf":{"@id":"https:\/\/dentalabril.com\/#website"},"primaryImageOfPage":{"@id":"https:\/\/dentalabril.com\/ca\/tractaments\/blanquejament-dental-a-sagrada-familia\/#primaryimage"},"image":{"@id":"https:\/\/dentalabril.com\/ca\/tractaments\/blanquejament-dental-a-sagrada-familia\/#primaryimage"},"thumbnailUrl":"http:\/\/dentalabril.com\/\/wp-content\/uploads\/2015\/05\/blanqueamiento.png","datePublished":"2024-07-09T05:48:07+00:00","dateModified":"2024-07-09T05:48:07+00:00","description":"Aconsegueix millorar el to de les teves dents amb el nostre blanquejament dental a Sagrada Fam\u00edlia. Demana informaci\u00f3 o vine a visitar-nos directament.","breadcrumb":{"@id":"https:\/\/dentalabril.com\/ca\/tractaments\/blanquejament-dental-a-sagrada-familia\/#breadcrumb"},"inLanguage":"ca","potentialAction":[{"@type":"ReadAction","target":["https:\/\/dentalabril.com\/ca\/tractaments\/blanquejament-dental-a-sagrada-familia\/"]}]},{"@type":"ImageObject","inLanguage":"ca","@id":"https:\/\/dentalabril.com\/ca\/tractaments\/blanquejament-dental-a-sagrada-familia\/#primaryimage","url":"http:\/\/dentalabril.com\/\/wp-content\/uploads\/2015\/05\/blanqueamiento.png","contentUrl":"http:\/\/dentalabril.com\/\/wp-content\/uploads\/2015\/05\/blanqueamiento.png"},{"@type":"BreadcrumbList","@id":"https:\/\/dentalabril.com\/ca\/tractaments\/blanquejament-dental-a-sagrada-familia\/#breadcrumb","itemListElement":[{"@type":"ListItem","position":1,"name":"Portada","item":"https:\/\/dentalabril.com\/ca\/clinica-dental-abril-a-barcelona\/"},{"@type":"ListItem","position":2,"name":"Tractaments","item":"https:\/\/dentalabril.com\/ca\/tractaments\/"},{"@type":"ListItem","position":3,"name":"Blanquejament dental a Sagrada Fam\u00edlia"}]},{"@type":"WebSite","@id":"https:\/\/dentalabril.com\/#website","url":"https:\/\/dentalabril.com\/","name":"Cl\u00ednica Dental Abril","description":"Tu cl\u00ednica dental en Barcelona","publisher":{"@id":"https:\/\/dentalabril.com\/#organization"},"alternateName":"Dental Abril","potentialAction":[{"@type":"SearchAction","target":{"@type":"EntryPoint","urlTemplate":"https:\/\/dentalabril.com\/?s={search_term_string}"},"query-input":"required name=search_term_string"}],"inLanguage":"ca"},{"@type":"Organization","@id":"https:\/\/dentalabril.com\/#organization","name":"Cl\u00ednica Dental Abril","alternateName":"Dental Abril","url":"https:\/\/dentalabril.com\/","logo":{"@type":"ImageObject","inLanguage":"ca","@id":"https:\/\/dentalabril.com\/#\/schema\/logo\/image\/","url":"https:\/\/dentalabril.com\/wp-content\/uploads\/2023\/03\/BBceBSJt_400x400.jpg","contentUrl":"https:\/\/dentalabril.com\/wp-content\/uploads\/2023\/03\/BBceBSJt_400x400.jpg","width":400,"height":400,"caption":"Cl\u00ednica Dental Abril"},"image":{"@id":"https:\/\/dentalabril.com\/#\/schema\/logo\/image\/"},"sameAs":["https:\/\/www.facebook.com\/clinicadentalabril\/","https:\/\/www.instagram.com\/dentalabril\/"]}]}},"_links":{"self":[{"href":"https:\/\/dentalabril.com\/ca\/wp-json\/wp\/v2\/pages\/11047"}],"collection":[{"href":"https:\/\/dentalabril.com\/ca\/wp-json\/wp\/v2\/pages"}],"about":[{"href":"https:\/\/dentalabril.com\/ca\/wp-json\/wp\/v2\/types\/page"}],"author":[{"embeddable":true,"href":"https:\/\/dentalabril.com\/ca\/wp-json\/wp\/v2\/users\/4"}],"replies":[{"embeddable":true,"href":"https:\/\/dentalabril.com\/ca\/wp-json\/wp\/v2\/comments?post=11047"}],"version-history":[{"count":0,"href":"https:\/\/dentalabril.com\/ca\/wp-json\/wp\/v2\/pages\/11047\/revisions"}],"up":[{"embeddable":true,"href":"https:\/\/dentalabril.com\/ca\/wp-json\/wp\/v2\/pages\/11046"}],"wp:attachment":[{"href":"https:\/\/dentalabril.com\/ca\/wp-json\/wp\/v2\/media?parent=11047"}],"curies":[{"name":"wp","href":"https:\/\/api.w.org\/{rel}","templated":true}]}}