{"id":11042,"date":"2024-07-09T07:37:30","date_gmt":"2024-07-09T05:37:30","guid":{"rendered":"https:\/\/dentalabril.com\/promocio-dentadures-all-on-four\/"},"modified":"2024-07-09T07:37:30","modified_gmt":"2024-07-09T05:37:30","slug":"promocio-dentadures-all-on-four","status":"publish","type":"page","link":"https:\/\/dentalabril.com\/ca\/promocio-dentadures-all-on-four\/","title":{"rendered":"Promoci\u00f3 dentadures All on Four"},"content":{"rendered":"<ul class=\"g1-grid\"><li class=\"g1-column g1-one-half g1-valign-top\">\n<h2><span class=\"rojo\" style=\"color: #962525; font-size: 2em;\">APROFITEU LA NOSTRA PROMOCI\u00d3!<\/span><\/h2>\n<p style=\"font-size: 1.5em; font-weight: bold;\">\u2705 <strong>15 % de DESCOMPTE<\/strong> en el tractament implantol\u00f2gic.<br \/>\n\u2705 <strong>GRATIS:<\/strong> la Primera visita, que inclou Estudi implantol\u00f2gic 3D i Higiene dental en acceptar pressupost.<br \/>\n\u2705 2 <strong>REGALS:<\/strong> un irrigador bucal + kit de raspallat.<\/p>\n<p style=\"font-size: 1.3em;\">Avantatges de la pr\u00f2tesi completa fixa amb nom\u00e9s 4 implants dentals:<\/p>\n<ul style=\"font-size: 1.3em;\">\n<li>Menys implants, menys cost.<\/li>\n<li>FINAN\u00c7AMENT SENSE INTERESSOS!<\/li>\n<li>Tota una arcada dental fixa en nom\u00e9s 24h.<\/li>\n<li>S&#8217;evita l&#8217;empelt ossi, ideal per a pacients amb poc os.<\/li>\n<li>Millor ancoratge gr\u00e0cies als implants angulats especials.<\/li>\n<\/ul>\n<\/li><!-- -->\n<li class=\"g1-column g1-one-half g1-valign-top\">\n<p><a href=\"https:\/\/dentalabril.com\/wp-content\/uploads\/2023\/10\/all-on-4-.jpg\"><img fetchpriority=\"high\" decoding=\"async\" class=\"alignnone wp-image-10430 size-large\" src=\"https:\/\/dentalabril.com\/wp-content\/uploads\/2023\/10\/all-on-4--1024x871.jpg\" alt=\"\" width=\"686\" height=\"584\" srcset=\"https:\/\/dentalabril.com\/wp-content\/uploads\/2023\/10\/all-on-4--1024x871.jpg 1024w, https:\/\/dentalabril.com\/wp-content\/uploads\/2023\/10\/all-on-4--300x255.jpg 300w, https:\/\/dentalabril.com\/wp-content\/uploads\/2023\/10\/all-on-4--768x653.jpg 768w, https:\/\/dentalabril.com\/wp-content\/uploads\/2023\/10\/all-on-4--968x823.jpg 968w, https:\/\/dentalabril.com\/wp-content\/uploads\/2023\/10\/all-on-4--636x541.jpg 636w, https:\/\/dentalabril.com\/wp-content\/uploads\/2023\/10\/all-on-4--320x272.jpg 320w, https:\/\/dentalabril.com\/wp-content\/uploads\/2023\/10\/all-on-4--239x203.jpg 239w, https:\/\/dentalabril.com\/wp-content\/uploads\/2023\/10\/all-on-4-.jpg 1411w\" sizes=\"(max-width: 686px) 100vw, 686px\" \/><\/a><\/p>\n<\/li><!-- --><\/ul>\n<style type=\"text\/css\" scoped=\"scoped\">#g1-section-1.g1-section {background-color: #f7f7f7; background-repeat:repeat; background-position:center top; background-attachment:static; padding-bottom:50px; padding-top:50px;}<\/style><div id=\"g1-section-1\" class=\"g1-section \"><div class=\"g1-layout-inner\">\n<p style=\"text-align: center;\"><span style=\"color: #8e2b2b; font-size: 1.5em;\"><strong>APROFITEU LA NOSTRA OFERTA EXCLUSIVA SI VOL UNA DENTADURA COMPLETA FIXA AMB NOM\u00c9S 4 IMPLANTS DENTALS!<\/strong><\/span><\/p>\n<p style=\"text-align: center;\"><strong>ESCOLLIU EL M\u00c8TODE QUE PREFEREIX PER ACONSEGUIR LA PROMOCI\u00d3: <\/strong><\/p>\n<p style=\"text-align: center;\"><strong>1. Descarregar el val:<\/strong><br \/>\nobriu i guardeu la imatge de la promoci\u00f3 al m\u00f2bil \/ ordinador.<\/p>\n<p style=\"text-align: center;\"><a id=\"g1-button-1\" class=\"g1-button g1-button--big g1-button--solid g1-button--standard  g1-new-window\" href=\"https:\/\/dentalabril.com\/wp-content\/uploads\/2023\/10\/PROMO-DESCARGAR-ALLONFOUR.png\" ><i class=\"fa fa-arrow-circle-o-down\"><\/i>DESCARREGAR VAL<\/a><\/p>\n<ul class=\"g1-grid\"><li class=\"g1-column g1-one-half g1-valign-top\">\n<p style=\"text-align: center;\"><strong>2. Contactar per WhatsApp:<\/strong><\/p>\n<p style=\"text-align: center;\"><a id=\"g1-button-2\" class=\"g1-button g1-button--big g1-button--solid g1-button--standard  g1-new-window\" href=\"https:\/\/wa.me\/34679087294\" ><i class=\"fa fa-whatsapp\"><\/i>679 08 72 94<\/a><\/p>\n<\/li><!-- -->\n<li class=\"g1-column g1-one-half g1-valign-top\">\n<p style=\"text-align: center;\"><strong>3. Trucar-nos directament:<\/strong><\/p>\n<p style=\"text-align: center;\"><a id=\"g1-button-3\" class=\"g1-button g1-button--big g1-button--solid g1-button--standard  g1-new-window\" href=\"tel:+34934762240\" ><i class=\"fa fa-phone\"><\/i>93 476 22 40<\/a><\/p>\n<\/li><!-- --><\/ul>\n<p style=\"text-align: center;\"><strong>4. Enviar-nos un e-mail per demanar cita via formulari:<\/strong><\/p>\n<p style=\"text-align: center;\">\n\n<div class=\"wpcf7 no-js\" id=\"wpcf7-f10456-o1\" lang=\"es-ES\" dir=\"ltr\">\n<div class=\"screen-reader-response\"><p role=\"status\" aria-live=\"polite\" aria-atomic=\"true\"><\/p> <ul><\/ul><\/div>\n<form action=\"\/ca\/wp-json\/wp\/v2\/pages\/11042#wpcf7-f10456-o1\" method=\"post\" class=\"wpcf7-form init\" aria-label=\"Formulario de contacto\" novalidate=\"novalidate\" data-status=\"init\">\n<div style=\"display: none;\">\n<input type=\"hidden\" name=\"_wpcf7\" value=\"10456\" \/>\n<input type=\"hidden\" name=\"_wpcf7_version\" value=\"5.9.8\" \/>\n<input type=\"hidden\" name=\"_wpcf7_locale\" value=\"es_ES\" \/>\n<input type=\"hidden\" name=\"_wpcf7_unit_tag\" value=\"wpcf7-f10456-o1\" \/>\n<input type=\"hidden\" name=\"_wpcf7_container_post\" value=\"0\" \/>\n<input type=\"hidden\" name=\"_wpcf7_posted_data_hash\" value=\"\" \/>\n<input type=\"hidden\" name=\"_wpcf7_recaptcha_response\" value=\"\" \/>\n<\/div>\n<input type=\"hidden\" autocomplete=\"off\" autocorrect=\"off\" name=\"FU-vVJ-Z-Wr-xEO-IM-Q\" value=\"\" \/><p><span class=\"wpcf7-form-control-wrap\" data-name=\"your-name\"><input size=\"40\" maxlength=\"400\" class=\"wpcf7-form-control wpcf7-text wpcf7-validates-as-required\" aria-required=\"true\" aria-invalid=\"false\" placeholder=\"Nombre y Apellidos *\" value=\"\" type=\"text\" name=\"your-name\" \/><\/span><br \/>\n<span class=\"wpcf7-form-control-wrap\" data-name=\"your-email\"><input size=\"40\" maxlength=\"400\" class=\"wpcf7-form-control wpcf7-email wpcf7-validates-as-required wpcf7-text wpcf7-validates-as-email\" aria-required=\"true\" aria-invalid=\"false\" placeholder=\"Email *\" value=\"\" type=\"email\" name=\"your-email\" \/><\/span><br \/>\n<span class=\"wpcf7-form-control-wrap\" data-name=\"telf\"><input size=\"40\" maxlength=\"400\" class=\"wpcf7-form-control wpcf7-tel wpcf7-validates-as-required wpcf7-text wpcf7-validates-as-tel\" aria-required=\"true\" aria-invalid=\"false\" placeholder=\"Tel\u00e9fono *\" value=\"\" type=\"tel\" name=\"telf\" \/><\/span><br \/>\n<span class=\"wpcf7-form-control-wrap\" data-name=\"textarea-796\"><textarea cols=\"40\" rows=\"10\" maxlength=\"2000\" class=\"wpcf7-form-control wpcf7-textarea\" aria-invalid=\"false\" placeholder=\"Dudas, comentarios o preferencias:\" name=\"textarea-796\"><\/textarea><\/span>\n<\/p>\n<p>(*) Campos obligatorios.<br \/>\n<span class=\"wpcf7-form-control-wrap\" data-name=\"acceptance-967\"><span class=\"wpcf7-form-control wpcf7-acceptance\"><span class=\"wpcf7-list-item\"><input type=\"checkbox\" name=\"acceptance-967\" value=\"1\" aria-invalid=\"false\" \/><\/span><\/span><\/span><strong>He le\u00eddo y acepto la <a href=\"https:\/\/dentalabril.com\/politica-de-privacidad-y-confidencialidad\/\" target=\"_blank\">Pol\u00edtica de privacidad<\/a>.<\/strong><br \/>\nResponsable: CLINICA DENTAL ABRIL, S.L.P.<br \/>\nFinalidad: atender las consultas realizadas y recibir informaci\u00f3n de la empresa. Legitimaci\u00f3n: su consentimiento y en cumplimiento de RGPD 2016\/679. Destinatarios: la propia empresa, no hay cesiones de datos a terceros. Derechos: acceso, rectificaci\u00f3n, supresi\u00f3n y portabilidad de sus datos, y la limitaci\u00f3n u oposici\u00f3n a su tratamiento o retirar el consentimiento prestado poni\u00e9ndose en contacto con nosotros info@dentalabril.com\n<\/p>\n<p><input class=\"wpcf7-form-control wpcf7-submit has-spinner\" type=\"submit\" value=\"Enviar\" \/>\n<\/p><div class=\"wpcf7-response-output\" aria-hidden=\"true\"><\/div>\n<\/form>\n<\/div>\n\n<p style=\"text-align: center;\">\n<\/div><\/div>\n<span id=\"g1-space-1\" class=\"g1-space \" style=\"height:50px;\"><\/span>\n<p style=\"text-align: center; font-size: 1.5em;\"><strong>Ja est\u00e0 m\u00e9s a prop de recuperar el seu somriure del tot!<\/strong><\/p>\n<span id=\"g1-space-2\" class=\"g1-space \" style=\"height:50px;\"><\/span>\n","protected":false},"excerpt":{"rendered":"<p>Ja est\u00e0 m\u00e9s a prop de recuperar el seu somriure del tot!<\/p>\n","protected":false},"author":4,"featured_media":0,"parent":0,"menu_order":0,"comment_status":"closed","ping_status":"closed","template":"g1_template_page_full.php","meta":{"_joinchat":[],"footnotes":""},"class_list":["post-11042","page","type-page","status-publish"],"yoast_head":"<!-- This site is optimized with the Yoast SEO plugin v23.1 - https:\/\/yoast.com\/wordpress\/plugins\/seo\/ -->\n<title>Promoci\u00f3 dentadures All on Four | Dental Abril en Barcelona<\/title>\n<meta name=\"description\" content=\"Entra i aprofita la nostra promoci\u00f3 en dentadures completes ALL ON FOUR!\" \/>\n<meta name=\"robots\" content=\"index, follow, max-snippet:-1, max-image-preview:large, max-video-preview:-1\" \/>\n<link rel=\"canonical\" href=\"https:\/\/dentalabril.com\/ca\/promocio-dentadures-all-on-four\/\" \/>\n<meta property=\"og:locale\" content=\"ca_ES\" \/>\n<meta property=\"og:type\" content=\"article\" \/>\n<meta property=\"og:title\" content=\"Promoci\u00f3 dentadures All on Four | Dental Abril en Barcelona\" \/>\n<meta property=\"og:description\" content=\"Entra i aprofita la nostra promoci\u00f3 en dentadures completes ALL ON FOUR!\" \/>\n<meta property=\"og:url\" content=\"https:\/\/dentalabril.com\/ca\/promocio-dentadures-all-on-four\/\" \/>\n<meta property=\"og:site_name\" content=\"Cl\u00ednica dental Abril\" \/>\n<meta property=\"article:publisher\" content=\"https:\/\/www.facebook.com\/clinicadentalabril\/\" \/>\n<meta property=\"og:image\" content=\"https:\/\/dentalabril.com\/wp-content\/uploads\/2023\/10\/all-on-4--1024x871.jpg\" \/>\n<meta name=\"twitter:card\" content=\"summary_large_image\" \/>\n<meta name=\"twitter:label1\" content=\"Temps estimat de lectura\" \/>\n\t<meta name=\"twitter:data1\" content=\"1 minut\" \/>\n<script type=\"application\/ld+json\" class=\"yoast-schema-graph\">{\"@context\":\"https:\/\/schema.org\",\"@graph\":[{\"@type\":\"WebPage\",\"@id\":\"https:\/\/dentalabril.com\/ca\/promocio-dentadures-all-on-four\/\",\"url\":\"https:\/\/dentalabril.com\/ca\/promocio-dentadures-all-on-four\/\",\"name\":\"Promoci\u00f3 dentadures All on Four | Dental Abril en Barcelona\",\"isPartOf\":{\"@id\":\"https:\/\/dentalabril.com\/#website\"},\"primaryImageOfPage\":{\"@id\":\"https:\/\/dentalabril.com\/ca\/promocio-dentadures-all-on-four\/#primaryimage\"},\"image\":{\"@id\":\"https:\/\/dentalabril.com\/ca\/promocio-dentadures-all-on-four\/#primaryimage\"},\"thumbnailUrl\":\"https:\/\/dentalabril.com\/wp-content\/uploads\/2023\/10\/all-on-4--1024x871.jpg\",\"datePublished\":\"2024-07-09T05:37:30+00:00\",\"dateModified\":\"2024-07-09T05:37:30+00:00\",\"description\":\"Entra i aprofita la nostra promoci\u00f3 en dentadures completes ALL ON FOUR!\",\"breadcrumb\":{\"@id\":\"https:\/\/dentalabril.com\/ca\/promocio-dentadures-all-on-four\/#breadcrumb\"},\"inLanguage\":\"ca\",\"potentialAction\":[{\"@type\":\"ReadAction\",\"target\":[\"https:\/\/dentalabril.com\/ca\/promocio-dentadures-all-on-four\/\"]}]},{\"@type\":\"ImageObject\",\"inLanguage\":\"ca\",\"@id\":\"https:\/\/dentalabril.com\/ca\/promocio-dentadures-all-on-four\/#primaryimage\",\"url\":\"https:\/\/dentalabril.com\/wp-content\/uploads\/2023\/10\/all-on-4--1024x871.jpg\",\"contentUrl\":\"https:\/\/dentalabril.com\/wp-content\/uploads\/2023\/10\/all-on-4--1024x871.jpg\"},{\"@type\":\"BreadcrumbList\",\"@id\":\"https:\/\/dentalabril.com\/ca\/promocio-dentadures-all-on-four\/#breadcrumb\",\"itemListElement\":[{\"@type\":\"ListItem\",\"position\":1,\"name\":\"Portada\",\"item\":\"https:\/\/dentalabril.com\/ca\/clinica-dental-abril-a-barcelona\/\"},{\"@type\":\"ListItem\",\"position\":2,\"name\":\"Promoci\u00f3 dentadures All on Four\"}]},{\"@type\":\"WebSite\",\"@id\":\"https:\/\/dentalabril.com\/#website\",\"url\":\"https:\/\/dentalabril.com\/\",\"name\":\"Cl\u00ednica Dental Abril\",\"description\":\"Tu cl\u00ednica dental en Barcelona\",\"publisher\":{\"@id\":\"https:\/\/dentalabril.com\/#organization\"},\"alternateName\":\"Dental Abril\",\"potentialAction\":[{\"@type\":\"SearchAction\",\"target\":{\"@type\":\"EntryPoint\",\"urlTemplate\":\"https:\/\/dentalabril.com\/?s={search_term_string}\"},\"query-input\":\"required name=search_term_string\"}],\"inLanguage\":\"ca\"},{\"@type\":\"Organization\",\"@id\":\"https:\/\/dentalabril.com\/#organization\",\"name\":\"Cl\u00ednica Dental Abril\",\"alternateName\":\"Dental Abril\",\"url\":\"https:\/\/dentalabril.com\/\",\"logo\":{\"@type\":\"ImageObject\",\"inLanguage\":\"ca\",\"@id\":\"https:\/\/dentalabril.com\/#\/schema\/logo\/image\/\",\"url\":\"https:\/\/dentalabril.com\/wp-content\/uploads\/2023\/03\/BBceBSJt_400x400.jpg\",\"contentUrl\":\"https:\/\/dentalabril.com\/wp-content\/uploads\/2023\/03\/BBceBSJt_400x400.jpg\",\"width\":400,\"height\":400,\"caption\":\"Cl\u00ednica Dental Abril\"},\"image\":{\"@id\":\"https:\/\/dentalabril.com\/#\/schema\/logo\/image\/\"},\"sameAs\":[\"https:\/\/www.facebook.com\/clinicadentalabril\/\",\"https:\/\/www.instagram.com\/dentalabril\/\"]}]}<\/script>\n<!-- \/ Yoast SEO plugin. -->","yoast_head_json":{"title":"Promoci\u00f3 dentadures All on Four | Dental Abril en Barcelona","description":"Entra i aprofita la nostra promoci\u00f3 en dentadures completes ALL ON FOUR!","robots":{"index":"index","follow":"follow","max-snippet":"max-snippet:-1","max-image-preview":"max-image-preview:large","max-video-preview":"max-video-preview:-1"},"canonical":"https:\/\/dentalabril.com\/ca\/promocio-dentadures-all-on-four\/","og_locale":"ca_ES","og_type":"article","og_title":"Promoci\u00f3 dentadures All on Four | Dental Abril en Barcelona","og_description":"Entra i aprofita la nostra promoci\u00f3 en dentadures completes ALL ON FOUR!","og_url":"https:\/\/dentalabril.com\/ca\/promocio-dentadures-all-on-four\/","og_site_name":"Cl\u00ednica dental Abril","article_publisher":"https:\/\/www.facebook.com\/clinicadentalabril\/","og_image":[{"url":"https:\/\/dentalabril.com\/wp-content\/uploads\/2023\/10\/all-on-4--1024x871.jpg"}],"twitter_card":"summary_large_image","twitter_misc":{"Temps estimat de lectura":"1 minut"},"schema":{"@context":"https:\/\/schema.org","@graph":[{"@type":"WebPage","@id":"https:\/\/dentalabril.com\/ca\/promocio-dentadures-all-on-four\/","url":"https:\/\/dentalabril.com\/ca\/promocio-dentadures-all-on-four\/","name":"Promoci\u00f3 dentadures All on Four | Dental Abril en Barcelona","isPartOf":{"@id":"https:\/\/dentalabril.com\/#website"},"primaryImageOfPage":{"@id":"https:\/\/dentalabril.com\/ca\/promocio-dentadures-all-on-four\/#primaryimage"},"image":{"@id":"https:\/\/dentalabril.com\/ca\/promocio-dentadures-all-on-four\/#primaryimage"},"thumbnailUrl":"https:\/\/dentalabril.com\/wp-content\/uploads\/2023\/10\/all-on-4--1024x871.jpg","datePublished":"2024-07-09T05:37:30+00:00","dateModified":"2024-07-09T05:37:30+00:00","description":"Entra i aprofita la nostra promoci\u00f3 en dentadures completes ALL ON FOUR!","breadcrumb":{"@id":"https:\/\/dentalabril.com\/ca\/promocio-dentadures-all-on-four\/#breadcrumb"},"inLanguage":"ca","potentialAction":[{"@type":"ReadAction","target":["https:\/\/dentalabril.com\/ca\/promocio-dentadures-all-on-four\/"]}]},{"@type":"ImageObject","inLanguage":"ca","@id":"https:\/\/dentalabril.com\/ca\/promocio-dentadures-all-on-four\/#primaryimage","url":"https:\/\/dentalabril.com\/wp-content\/uploads\/2023\/10\/all-on-4--1024x871.jpg","contentUrl":"https:\/\/dentalabril.com\/wp-content\/uploads\/2023\/10\/all-on-4--1024x871.jpg"},{"@type":"BreadcrumbList","@id":"https:\/\/dentalabril.com\/ca\/promocio-dentadures-all-on-four\/#breadcrumb","itemListElement":[{"@type":"ListItem","position":1,"name":"Portada","item":"https:\/\/dentalabril.com\/ca\/clinica-dental-abril-a-barcelona\/"},{"@type":"ListItem","position":2,"name":"Promoci\u00f3 dentadures All on Four"}]},{"@type":"WebSite","@id":"https:\/\/dentalabril.com\/#website","url":"https:\/\/dentalabril.com\/","name":"Cl\u00ednica Dental Abril","description":"Tu cl\u00ednica dental en Barcelona","publisher":{"@id":"https:\/\/dentalabril.com\/#organization"},"alternateName":"Dental Abril","potentialAction":[{"@type":"SearchAction","target":{"@type":"EntryPoint","urlTemplate":"https:\/\/dentalabril.com\/?s={search_term_string}"},"query-input":"required name=search_term_string"}],"inLanguage":"ca"},{"@type":"Organization","@id":"https:\/\/dentalabril.com\/#organization","name":"Cl\u00ednica Dental Abril","alternateName":"Dental Abril","url":"https:\/\/dentalabril.com\/","logo":{"@type":"ImageObject","inLanguage":"ca","@id":"https:\/\/dentalabril.com\/#\/schema\/logo\/image\/","url":"https:\/\/dentalabril.com\/wp-content\/uploads\/2023\/03\/BBceBSJt_400x400.jpg","contentUrl":"https:\/\/dentalabril.com\/wp-content\/uploads\/2023\/03\/BBceBSJt_400x400.jpg","width":400,"height":400,"caption":"Cl\u00ednica Dental Abril"},"image":{"@id":"https:\/\/dentalabril.com\/#\/schema\/logo\/image\/"},"sameAs":["https:\/\/www.facebook.com\/clinicadentalabril\/","https:\/\/www.instagram.com\/dentalabril\/"]}]}},"_links":{"self":[{"href":"https:\/\/dentalabril.com\/ca\/wp-json\/wp\/v2\/pages\/11042"}],"collection":[{"href":"https:\/\/dentalabril.com\/ca\/wp-json\/wp\/v2\/pages"}],"about":[{"href":"https:\/\/dentalabril.com\/ca\/wp-json\/wp\/v2\/types\/page"}],"author":[{"embeddable":true,"href":"https:\/\/dentalabril.com\/ca\/wp-json\/wp\/v2\/users\/4"}],"replies":[{"embeddable":true,"href":"https:\/\/dentalabril.com\/ca\/wp-json\/wp\/v2\/comments?post=11042"}],"version-history":[{"count":0,"href":"https:\/\/dentalabril.com\/ca\/wp-json\/wp\/v2\/pages\/11042\/revisions"}],"wp:attachment":[{"href":"https:\/\/dentalabril.com\/ca\/wp-json\/wp\/v2\/media?parent=11042"}],"curies":[{"name":"wp","href":"https:\/\/api.w.org\/{rel}","templated":true}]}}