{"id":11041,"date":"2024-07-09T07:34:51","date_gmt":"2024-07-09T05:34:51","guid":{"rendered":"https:\/\/dentalabril.com\/professionals-2\/"},"modified":"2024-07-09T07:34:51","modified_gmt":"2024-07-09T05:34:51","slug":"professionals-2","status":"publish","type":"page","link":"https:\/\/dentalabril.com\/ca\/professionals-2\/","title":{"rendered":"Professionals"},"content":{"rendered":"<h3 style=\"text-align: center;\"><em><span style=\"color: #808080;\">La Cl\u00ednica Dental Abril est\u00e0 dirigida per la Dra. Marta Dal Monte.<\/span><\/em><\/h3>\n<div id=\"g1-divider-1\" class=\"g1-divider g1-divider--none g1-divider--noicon \"><\/div>\n<ul class=\"g1-grid\"><li class=\"g1-column g1-one-third g1-valign-top\">\n<p><a href=\"http:\/\/dentalabril.com\/en\/personnel\/dra-marta-dal-monte-damico\/\"><img decoding=\"async\" class=\"alignnone size-full wp-image-53\" src=\"http:\/\/dentalabril.com\/wp-content\/uploads\/2015\/05\/dal-monte.png\" alt=\"dal-monte\" width=\"220\" height=\"190\"><\/a><\/p>\n<\/li><!-- -->\n<li class=\"g1-column g1-two-third g1-valign-top\">\n<h3><span style=\"color: #962525;\"><a href=\"http:\/\/dentalabril.com\/profesionales\/dra-marta-dal-monte-damico\/\">Dra. Marta Dal Monte D\u2019Amico<\/a><\/span><\/h3>\n<p class=\"profesionales-texto\">Doctora en Odontologia<br \/>\nDirectora M\u00e8dica<br \/>\nColegiada N\u00ba 3009<\/p>\n<\/li><!-- --><\/ul>\n<p>[\/two_third_last]<\/p>\n<span id=\"g1-space-1\" class=\"g1-space \" style=\"height:1.5em;\"><\/span>\n<ul class=\"g1-grid\"><li class=\"g1-column g1-one-third g1-valign-top\">\n<p><a href=\"http:\/\/dentalabril.com\/\/profesionales\/dr-julio-gea-guiral\/\"><img decoding=\"async\" class=\"alignnone size-full wp-image-51\" src=\"http:\/\/dentalabril.com\/\/wp-content\/uploads\/2015\/05\/julio.png\" alt=\"julio\" width=\"220\" height=\"190\"><\/a><\/p>\n<h3><span style=\"color: #962525;\"><a href=\"\/profesionales\/dr-julio-gea-guiral\/\">Dr. Julio Gea Guiral<\/a><\/span><\/h3>\n<p class=\"profesionales-texto\">Ortodoncista<br \/>\nCol\u00b7legiat N\u00ba 2944<\/p>\n<\/li><!-- -->\n<li class=\"g1-column g1-one-third g1-valign-top\">\n<p><a href=\"http:\/\/dentalabril.com\/en\/personnel\/dr-miguel-teixido-michel\/\"><img decoding=\"async\" class=\"alignnone size-full wp-image-55\" src=\"http:\/\/dentalabril.com\/wp-content\/uploads\/2015\/05\/Dr.-Miguel-Teixido1.jpg\" alt=\"Dr.-Miguel-Teixido\" width=\"220\" height=\"190\"><\/a><\/p>\n<h3><span style=\"color: #962525;\"><a href=\"http:\/\/dentalabril.com\/en\/personnel\/dr-miguel-teixido-michel\/\">Dr. Miguel Teixid\u00f3 Michel<\/a><\/span><\/h3>\n<p>Endontista<br \/>\nCol\u00b7legiat N\u00ba 3343<\/p>\n<\/li><!-- -->\n<li class=\"g1-column g1-one-third g1-valign-top\">\n<p><a href=\"http:\/\/dentalabril.com\/en\/dr-jose-gabriel-martinez-colmenares-2\/\"><img loading=\"lazy\" decoding=\"async\" class=\"alignnone size-full wp-image-48\" src=\"http:\/\/dentalabril.com\/wp-content\/uploads\/2020\/02\/anna-casals-2.jpg\" alt=\"maite\" width=\"220\" height=\"190\"><\/a><\/p>\n<h3>Dra. Anna Casal Antich<\/h3>\n<p>Odontologia general i conservadora.<br \/>\nCol\u00b7legiat N\u00ba 6836<\/p>\n<\/li><!-- --><\/ul>\n<span id=\"g1-space-2\" class=\"g1-space \" style=\"height:1.5em;\"><\/span>\n<ul class=\"g1-grid\"><li class=\"g1-column g1-one-third g1-valign-top\">\n<p><a href=\"http:\/\/dentalabril.com\/en\/dr-jose-gabriel-martinez-colmenares-2\/\"><img loading=\"lazy\" decoding=\"async\" class=\"alignnone size-full wp-image-48\" src=\"http:\/\/dentalabril.com\/wp-content\/uploads\/2018\/04\/FOTO-CV-.jpg\" alt=\"maite\" width=\"220\" height=\"190\"><\/a><\/p>\n<h3><a href=\"http:\/\/dentalabril.com\/en\/dr-jose-gabriel-martinez-colmenares-2\/\"><span style=\"color: #962525;\">Dr. Jos\u00e9 Gabriel Mart\u00ednez<\/span><\/a><\/h3>\n<p>Cirurgi\u00e0 oral maxil\u00b7lofacial<\/p>\n<\/li><!-- -->\n<li class=\"g1-column g1-one-third g1-valign-top\">\n<p><a href=\"http:\/\/dentalabril.com\/wp-content\/uploads\/2015\/05\/maite.png\"><img loading=\"lazy\" decoding=\"async\" class=\"alignnone size-full wp-image-48\" src=\"http:\/\/dentalabril.com\/wp-content\/uploads\/2020\/02\/maite-2.jpg\" alt=\"maite\" width=\"220\" height=\"190\"><\/a><\/p>\n<h3><span style=\"color: #962525;\">Maite Reyes Soto<\/span><\/h3>\n<p>Personal Auxiliar<\/p>\n<\/li><!-- -->\n<li class=\"g1-column g1-one-third g1-valign-top\">\n<\/li><!-- --><\/ul>\n<ul class=\"g1-grid\"><li class=\"g1-column g1-one-third g1-valign-top\">\n<p><a href=\"http:\/\/dentalabril.com\/wp-content\/uploads\/2015\/05\/cristina.png\"><img loading=\"lazy\" decoding=\"async\" class=\"alignnone size-full wp-image-47\" src=\"http:\/\/dentalabril.com\/wp-content\/uploads\/2015\/05\/cristina.png\" alt=\"cristina\" width=\"220\" height=\"190\"><\/a><\/p>\n<h3><span style=\"color: #962525;\">Cristina Cervantes Vivancos<\/span><\/h3>\n<p>Personal Auxiliar<\/p>\n<\/li><!-- -->\n<li class=\"g1-column g1-one-third g1-valign-top\">\n<\/li><!-- -->\n<li class=\"g1-column g1-one-third g1-valign-top\">\n<\/li><!-- --><\/ul>\n","protected":false},"excerpt":{"rendered":"<p>La Cl\u00ednica Dental Abril est\u00e0 dirigida per la Dra. Marta Dal Monte. [\/two_third_last]<\/p>\n","protected":false},"author":1,"featured_media":0,"parent":0,"menu_order":0,"comment_status":"closed","ping_status":"closed","template":"","meta":{"_joinchat":[],"footnotes":""},"class_list":["post-11041","page","type-page","status-publish"],"yoast_head":"<!-- This site is optimized with the Yoast SEO plugin v23.1 - https:\/\/yoast.com\/wordpress\/plugins\/seo\/ -->\n<title>Professionals | Cl\u00ednica dental Abril<\/title>\n<meta name=\"robots\" content=\"index, follow, max-snippet:-1, max-image-preview:large, max-video-preview:-1\" \/>\n<link rel=\"canonical\" href=\"https:\/\/dentalabril.com\/professionals-2\/\" \/>\n<meta property=\"og:locale\" content=\"ca_ES\" \/>\n<meta property=\"og:type\" content=\"article\" \/>\n<meta property=\"og:title\" content=\"Professionals | Cl\u00ednica dental Abril\" \/>\n<meta property=\"og:description\" content=\"La Cl\u00ednica Dental Abril est\u00e0 dirigida per la Dra. Marta Dal Monte. [\/two_third_last]\" \/>\n<meta property=\"og:url\" content=\"https:\/\/dentalabril.com\/professionals-2\/\" \/>\n<meta property=\"og:site_name\" content=\"Cl\u00ednica dental Abril\" \/>\n<meta property=\"article:publisher\" content=\"https:\/\/www.facebook.com\/clinicadentalabril\/\" \/>\n<meta property=\"og:image\" content=\"http:\/\/dentalabril.com\/wp-content\/uploads\/2015\/05\/dal-monte.png\" \/>\n<meta name=\"twitter:card\" content=\"summary_large_image\" \/>\n<meta name=\"twitter:label1\" content=\"Temps estimat de lectura\" \/>\n\t<meta name=\"twitter:data1\" content=\"1 minut\" \/>\n<script type=\"application\/ld+json\" class=\"yoast-schema-graph\">{\"@context\":\"https:\/\/schema.org\",\"@graph\":[{\"@type\":\"WebPage\",\"@id\":\"https:\/\/dentalabril.com\/professionals-2\/\",\"url\":\"https:\/\/dentalabril.com\/professionals-2\/\",\"name\":\"Professionals | Cl\u00ednica dental Abril\",\"isPartOf\":{\"@id\":\"https:\/\/dentalabril.com\/#website\"},\"primaryImageOfPage\":{\"@id\":\"https:\/\/dentalabril.com\/professionals-2\/#primaryimage\"},\"image\":{\"@id\":\"https:\/\/dentalabril.com\/professionals-2\/#primaryimage\"},\"thumbnailUrl\":\"http:\/\/dentalabril.com\/wp-content\/uploads\/2015\/05\/dal-monte.png\",\"datePublished\":\"2024-07-09T05:34:51+00:00\",\"dateModified\":\"2024-07-09T05:34:51+00:00\",\"breadcrumb\":{\"@id\":\"https:\/\/dentalabril.com\/professionals-2\/#breadcrumb\"},\"inLanguage\":\"ca\",\"potentialAction\":[{\"@type\":\"ReadAction\",\"target\":[\"https:\/\/dentalabril.com\/professionals-2\/\"]}]},{\"@type\":\"ImageObject\",\"inLanguage\":\"ca\",\"@id\":\"https:\/\/dentalabril.com\/professionals-2\/#primaryimage\",\"url\":\"http:\/\/dentalabril.com\/wp-content\/uploads\/2015\/05\/dal-monte.png\",\"contentUrl\":\"http:\/\/dentalabril.com\/wp-content\/uploads\/2015\/05\/dal-monte.png\"},{\"@type\":\"BreadcrumbList\",\"@id\":\"https:\/\/dentalabril.com\/professionals-2\/#breadcrumb\",\"itemListElement\":[{\"@type\":\"ListItem\",\"position\":1,\"name\":\"Portada\",\"item\":\"https:\/\/dentalabril.com\/ca\/clinica-dental-abril-a-barcelona\/\"},{\"@type\":\"ListItem\",\"position\":2,\"name\":\"Professionals\"}]},{\"@type\":\"WebSite\",\"@id\":\"https:\/\/dentalabril.com\/#website\",\"url\":\"https:\/\/dentalabril.com\/\",\"name\":\"Cl\u00ednica Dental Abril\",\"description\":\"Tu cl\u00ednica dental en Barcelona\",\"publisher\":{\"@id\":\"https:\/\/dentalabril.com\/#organization\"},\"alternateName\":\"Dental Abril\",\"potentialAction\":[{\"@type\":\"SearchAction\",\"target\":{\"@type\":\"EntryPoint\",\"urlTemplate\":\"https:\/\/dentalabril.com\/?s={search_term_string}\"},\"query-input\":\"required name=search_term_string\"}],\"inLanguage\":\"ca\"},{\"@type\":\"Organization\",\"@id\":\"https:\/\/dentalabril.com\/#organization\",\"name\":\"Cl\u00ednica Dental Abril\",\"alternateName\":\"Dental Abril\",\"url\":\"https:\/\/dentalabril.com\/\",\"logo\":{\"@type\":\"ImageObject\",\"inLanguage\":\"ca\",\"@id\":\"https:\/\/dentalabril.com\/#\/schema\/logo\/image\/\",\"url\":\"https:\/\/dentalabril.com\/wp-content\/uploads\/2023\/03\/BBceBSJt_400x400.jpg\",\"contentUrl\":\"https:\/\/dentalabril.com\/wp-content\/uploads\/2023\/03\/BBceBSJt_400x400.jpg\",\"width\":400,\"height\":400,\"caption\":\"Cl\u00ednica Dental Abril\"},\"image\":{\"@id\":\"https:\/\/dentalabril.com\/#\/schema\/logo\/image\/\"},\"sameAs\":[\"https:\/\/www.facebook.com\/clinicadentalabril\/\",\"https:\/\/www.instagram.com\/dentalabril\/\"]}]}<\/script>\n<!-- \/ Yoast SEO plugin. -->","yoast_head_json":{"title":"Professionals | Cl\u00ednica dental Abril","robots":{"index":"index","follow":"follow","max-snippet":"max-snippet:-1","max-image-preview":"max-image-preview:large","max-video-preview":"max-video-preview:-1"},"canonical":"https:\/\/dentalabril.com\/professionals-2\/","og_locale":"ca_ES","og_type":"article","og_title":"Professionals | Cl\u00ednica dental Abril","og_description":"La Cl\u00ednica Dental Abril est\u00e0 dirigida per la Dra. Marta Dal Monte. [\/two_third_last]","og_url":"https:\/\/dentalabril.com\/professionals-2\/","og_site_name":"Cl\u00ednica dental Abril","article_publisher":"https:\/\/www.facebook.com\/clinicadentalabril\/","og_image":[{"url":"http:\/\/dentalabril.com\/wp-content\/uploads\/2015\/05\/dal-monte.png"}],"twitter_card":"summary_large_image","twitter_misc":{"Temps estimat de lectura":"1 minut"},"schema":{"@context":"https:\/\/schema.org","@graph":[{"@type":"WebPage","@id":"https:\/\/dentalabril.com\/professionals-2\/","url":"https:\/\/dentalabril.com\/professionals-2\/","name":"Professionals | Cl\u00ednica dental Abril","isPartOf":{"@id":"https:\/\/dentalabril.com\/#website"},"primaryImageOfPage":{"@id":"https:\/\/dentalabril.com\/professionals-2\/#primaryimage"},"image":{"@id":"https:\/\/dentalabril.com\/professionals-2\/#primaryimage"},"thumbnailUrl":"http:\/\/dentalabril.com\/wp-content\/uploads\/2015\/05\/dal-monte.png","datePublished":"2024-07-09T05:34:51+00:00","dateModified":"2024-07-09T05:34:51+00:00","breadcrumb":{"@id":"https:\/\/dentalabril.com\/professionals-2\/#breadcrumb"},"inLanguage":"ca","potentialAction":[{"@type":"ReadAction","target":["https:\/\/dentalabril.com\/professionals-2\/"]}]},{"@type":"ImageObject","inLanguage":"ca","@id":"https:\/\/dentalabril.com\/professionals-2\/#primaryimage","url":"http:\/\/dentalabril.com\/wp-content\/uploads\/2015\/05\/dal-monte.png","contentUrl":"http:\/\/dentalabril.com\/wp-content\/uploads\/2015\/05\/dal-monte.png"},{"@type":"BreadcrumbList","@id":"https:\/\/dentalabril.com\/professionals-2\/#breadcrumb","itemListElement":[{"@type":"ListItem","position":1,"name":"Portada","item":"https:\/\/dentalabril.com\/ca\/clinica-dental-abril-a-barcelona\/"},{"@type":"ListItem","position":2,"name":"Professionals"}]},{"@type":"WebSite","@id":"https:\/\/dentalabril.com\/#website","url":"https:\/\/dentalabril.com\/","name":"Cl\u00ednica Dental Abril","description":"Tu cl\u00ednica dental en Barcelona","publisher":{"@id":"https:\/\/dentalabril.com\/#organization"},"alternateName":"Dental Abril","potentialAction":[{"@type":"SearchAction","target":{"@type":"EntryPoint","urlTemplate":"https:\/\/dentalabril.com\/?s={search_term_string}"},"query-input":"required name=search_term_string"}],"inLanguage":"ca"},{"@type":"Organization","@id":"https:\/\/dentalabril.com\/#organization","name":"Cl\u00ednica Dental Abril","alternateName":"Dental Abril","url":"https:\/\/dentalabril.com\/","logo":{"@type":"ImageObject","inLanguage":"ca","@id":"https:\/\/dentalabril.com\/#\/schema\/logo\/image\/","url":"https:\/\/dentalabril.com\/wp-content\/uploads\/2023\/03\/BBceBSJt_400x400.jpg","contentUrl":"https:\/\/dentalabril.com\/wp-content\/uploads\/2023\/03\/BBceBSJt_400x400.jpg","width":400,"height":400,"caption":"Cl\u00ednica Dental Abril"},"image":{"@id":"https:\/\/dentalabril.com\/#\/schema\/logo\/image\/"},"sameAs":["https:\/\/www.facebook.com\/clinicadentalabril\/","https:\/\/www.instagram.com\/dentalabril\/"]}]}},"_links":{"self":[{"href":"https:\/\/dentalabril.com\/ca\/wp-json\/wp\/v2\/pages\/11041"}],"collection":[{"href":"https:\/\/dentalabril.com\/ca\/wp-json\/wp\/v2\/pages"}],"about":[{"href":"https:\/\/dentalabril.com\/ca\/wp-json\/wp\/v2\/types\/page"}],"author":[{"embeddable":true,"href":"https:\/\/dentalabril.com\/ca\/wp-json\/wp\/v2\/users\/1"}],"replies":[{"embeddable":true,"href":"https:\/\/dentalabril.com\/ca\/wp-json\/wp\/v2\/comments?post=11041"}],"version-history":[{"count":0,"href":"https:\/\/dentalabril.com\/ca\/wp-json\/wp\/v2\/pages\/11041\/revisions"}],"wp:attachment":[{"href":"https:\/\/dentalabril.com\/ca\/wp-json\/wp\/v2\/media?parent=11041"}],"curies":[{"name":"wp","href":"https:\/\/api.w.org\/{rel}","templated":true}]}}