{"id":11040,"date":"2024-07-09T07:33:19","date_gmt":"2024-07-09T05:33:19","guid":{"rendered":"https:\/\/dentalabril.com\/professionals\/dra-marta-dal-monte-damico\/"},"modified":"2024-07-14T11:24:59","modified_gmt":"2024-07-14T09:24:59","slug":"dra-marta-dal-monte-damico","status":"publish","type":"page","link":"https:\/\/dentalabril.com\/ca\/professionals\/dra-marta-dal-monte-damico\/","title":{"rendered":"Dra. Marta Dal Monte D\u2019Amico"},"content":{"rendered":"<style type=\"text\/css\" scoped=\"scoped\">#g1-section-1.g1-section {background-repeat:repeat; background-position:center top; background-attachment:static;}<\/style><div id=\"g1-section-1\" class=\"g1-section \"><div class=\"g1-layout-inner\">\n<p><a href=\"http:\/\/dentalabril.com\/\/wp-content\/uploads\/2015\/05\/dal-monte.png\"><img decoding=\"async\" class=\"alignnone size-full wp-image-53\" src=\"http:\/\/dentalabril.com\/\/wp-content\/uploads\/2015\/05\/dal-monte.png\" alt=\"dal-monte\" width=\"220\" height=\"190\"><\/a><\/p>\n<p><strong>Period\u00f2ncia i implants<\/strong><\/p>\n<p style=\"text-align: justify;\"><strong>Col\u00b7legiada 3009 <\/strong>Col\u00b7legi d&#8217;Odont\u00f2legs i Estomat\u00f2legs de Catalunya.<\/p>\n<ul>\n<li>Doctora en Odontologia per la Universitat de Montevideo, Uruguai<\/li>\n<li>M\u00e0ster en Period\u00f2ncia i Implantologia (Universitat de Buenos Aires, Argentina)<\/li>\n<li>Postgrau en Period\u00f2ncia (Universitat de Montevideo, Uruguai)<\/li>\n<li>M\u00e0ster en Implantologia (Escola Superior d&#8217;Implantologia Barcelona)<\/li>\n<li>Curs certificaci\u00f3 a Carillas Lumineers\u00ae Juny 2017<\/li>\n<li><span lang=\"ES\">Curs rehabilitaci\u00f3 est\u00e8tica adhesiva m\u00ednimament invasiva amb Dr. Fernando Autr\u00e1n octubre 2017<\/span><\/li>\n<li><span lang=\"ES\">Curs pr\u00e0ctic avan\u00e7at de Carillas de Cer\u00e1mica a Autr\u00e1n Dental<\/span><span lang=\"ES\">Academy Madrid con el Dr. Ferr\u00e1n Llansana ,octubre 2018<\/span><\/li>\n<li>Curs d&#8217;optimitzaci\u00f3 en T\u00e8cniques de Blanquejament amb Dr. Jos\u00e9 Amengual a Autr\u00e1n Dental Academy Barcelona Maig 2020<\/li>\n<li>Curs \u201cOdontologia Slow, gesti\u00f3 cap a l&#8217;excel\u00b7l\u00e8ncia\u201d amb Dr. Primitivo Roig, Mar\u00e7 2023<\/li>\n<li style=\"text-align: justify;\">Estany Cl\u00ednica a la C\u00c0TEDRA de PERIOD\u00d2NCIA de la Facultat d&#8217;Odontologia, (Universitat d&#8217;Oslo, Noruega).<\/li>\n<li style=\"text-align: justify;\">Estada Cl\u00ednica a la Universitat de Ginebra, Su\u00efssa. Curs d&#8217;implantologia i regeneraci\u00f3 \u00f2ssia.<\/li>\n<li style=\"text-align: justify;\">Estada Cl\u00ednica a Lisboa, Portugal. T\u00c8CNICA sobre Implants &#8220;All on four&#8221; a la Cl\u00ednica dental del Dr. Pablo Mal\u00f3.<\/li>\n<li style=\"text-align: justify;\">Curs de Regeneraci\u00f3 \u00f2ssia guiada i materials de rebliment en Implantologia bucal, (Universitat Internacional de Catalunya).<\/li>\n<li style=\"text-align: justify;\">Ex-docent de la C\u00e0tedra de Fisiologia General i Bucodental a la Facultat d&#8217;Odontologia de la Universitat de Montevideo, Uruguai.<\/li>\n<li style=\"text-align: justify;\">Dictante de cursos y conferencias, colaboradora en diversas publicaciones.<\/li>\n<li style=\"text-align: justify;\">Membre de SEPES (Societat Espanyola de Pr\u00f2tesis Estomatol\u00f2gica).<\/li>\n<li style=\"text-align: justify;\">Membre de SEPA (Societat Espanyola de Period\u00f2ncia i Osteointegraci\u00f3).<\/li>\n<\/ul>\n<\/div><\/div>\n","protected":false},"excerpt":{"rendered":"","protected":false},"author":4,"featured_media":0,"parent":11036,"menu_order":0,"comment_status":"closed","ping_status":"closed","template":"g1_template_page_sidebar_left.php","meta":{"_joinchat":[],"footnotes":""},"class_list":["post-11040","page","type-page","status-publish"],"yoast_head":"<!-- This site is optimized with the Yoast SEO plugin v23.1 - https:\/\/yoast.com\/wordpress\/plugins\/seo\/ -->\n<title>Dra. Marta Dal Monte D\u2019Amico | Cl\u00ednica dental Abril<\/title>\n<meta name=\"robots\" content=\"index, follow, max-snippet:-1, max-image-preview:large, max-video-preview:-1\" \/>\n<link rel=\"canonical\" href=\"https:\/\/dentalabril.com\/ca\/professionals\/dra-marta-dal-monte-damico\/\" \/>\n<meta property=\"og:locale\" content=\"ca_ES\" \/>\n<meta property=\"og:type\" content=\"article\" \/>\n<meta property=\"og:title\" content=\"Dra. Marta Dal Monte D\u2019Amico | Cl\u00ednica dental Abril\" \/>\n<meta property=\"og:url\" content=\"https:\/\/dentalabril.com\/ca\/professionals\/dra-marta-dal-monte-damico\/\" \/>\n<meta property=\"og:site_name\" content=\"Cl\u00ednica dental Abril\" \/>\n<meta property=\"article:publisher\" content=\"https:\/\/www.facebook.com\/clinicadentalabril\/\" \/>\n<meta property=\"article:modified_time\" content=\"2024-07-14T09:24:59+00:00\" \/>\n<meta property=\"og:image\" content=\"http:\/\/dentalabril.com\/\/wp-content\/uploads\/2015\/05\/dal-monte.png\" \/>\n<meta name=\"twitter:card\" content=\"summary_large_image\" \/>\n<meta name=\"twitter:label1\" content=\"Temps estimat de lectura\" \/>\n\t<meta name=\"twitter:data1\" content=\"1 minut\" \/>\n<script type=\"application\/ld+json\" class=\"yoast-schema-graph\">{\"@context\":\"https:\/\/schema.org\",\"@graph\":[{\"@type\":\"WebPage\",\"@id\":\"https:\/\/dentalabril.com\/ca\/professionals\/dra-marta-dal-monte-damico\/\",\"url\":\"https:\/\/dentalabril.com\/ca\/professionals\/dra-marta-dal-monte-damico\/\",\"name\":\"Dra. Marta Dal Monte D\u2019Amico | Cl\u00ednica dental Abril\",\"isPartOf\":{\"@id\":\"https:\/\/dentalabril.com\/#website\"},\"primaryImageOfPage\":{\"@id\":\"https:\/\/dentalabril.com\/ca\/professionals\/dra-marta-dal-monte-damico\/#primaryimage\"},\"image\":{\"@id\":\"https:\/\/dentalabril.com\/ca\/professionals\/dra-marta-dal-monte-damico\/#primaryimage\"},\"thumbnailUrl\":\"http:\/\/dentalabril.com\/\/wp-content\/uploads\/2015\/05\/dal-monte.png\",\"datePublished\":\"2024-07-09T05:33:19+00:00\",\"dateModified\":\"2024-07-14T09:24:59+00:00\",\"breadcrumb\":{\"@id\":\"https:\/\/dentalabril.com\/ca\/professionals\/dra-marta-dal-monte-damico\/#breadcrumb\"},\"inLanguage\":\"ca\",\"potentialAction\":[{\"@type\":\"ReadAction\",\"target\":[\"https:\/\/dentalabril.com\/ca\/professionals\/dra-marta-dal-monte-damico\/\"]}]},{\"@type\":\"ImageObject\",\"inLanguage\":\"ca\",\"@id\":\"https:\/\/dentalabril.com\/ca\/professionals\/dra-marta-dal-monte-damico\/#primaryimage\",\"url\":\"http:\/\/dentalabril.com\/\/wp-content\/uploads\/2015\/05\/dal-monte.png\",\"contentUrl\":\"http:\/\/dentalabril.com\/\/wp-content\/uploads\/2015\/05\/dal-monte.png\"},{\"@type\":\"BreadcrumbList\",\"@id\":\"https:\/\/dentalabril.com\/ca\/professionals\/dra-marta-dal-monte-damico\/#breadcrumb\",\"itemListElement\":[{\"@type\":\"ListItem\",\"position\":1,\"name\":\"Portada\",\"item\":\"https:\/\/dentalabril.com\/ca\/clinica-dental-abril-a-barcelona\/\"},{\"@type\":\"ListItem\",\"position\":2,\"name\":\"Professionals\",\"item\":\"https:\/\/dentalabril.com\/professionals\/\"},{\"@type\":\"ListItem\",\"position\":3,\"name\":\"Dra. Marta Dal Monte D\u2019Amico\"}]},{\"@type\":\"WebSite\",\"@id\":\"https:\/\/dentalabril.com\/#website\",\"url\":\"https:\/\/dentalabril.com\/\",\"name\":\"Cl\u00ednica Dental Abril\",\"description\":\"Tu cl\u00ednica dental en Barcelona\",\"publisher\":{\"@id\":\"https:\/\/dentalabril.com\/#organization\"},\"alternateName\":\"Dental Abril\",\"potentialAction\":[{\"@type\":\"SearchAction\",\"target\":{\"@type\":\"EntryPoint\",\"urlTemplate\":\"https:\/\/dentalabril.com\/?s={search_term_string}\"},\"query-input\":\"required name=search_term_string\"}],\"inLanguage\":\"ca\"},{\"@type\":\"Organization\",\"@id\":\"https:\/\/dentalabril.com\/#organization\",\"name\":\"Cl\u00ednica Dental Abril\",\"alternateName\":\"Dental Abril\",\"url\":\"https:\/\/dentalabril.com\/\",\"logo\":{\"@type\":\"ImageObject\",\"inLanguage\":\"ca\",\"@id\":\"https:\/\/dentalabril.com\/#\/schema\/logo\/image\/\",\"url\":\"https:\/\/dentalabril.com\/wp-content\/uploads\/2023\/03\/BBceBSJt_400x400.jpg\",\"contentUrl\":\"https:\/\/dentalabril.com\/wp-content\/uploads\/2023\/03\/BBceBSJt_400x400.jpg\",\"width\":400,\"height\":400,\"caption\":\"Cl\u00ednica Dental Abril\"},\"image\":{\"@id\":\"https:\/\/dentalabril.com\/#\/schema\/logo\/image\/\"},\"sameAs\":[\"https:\/\/www.facebook.com\/clinicadentalabril\/\",\"https:\/\/www.instagram.com\/dentalabril\/\"]}]}<\/script>\n<!-- \/ Yoast SEO plugin. -->","yoast_head_json":{"title":"Dra. Marta Dal Monte D\u2019Amico | Cl\u00ednica dental Abril","robots":{"index":"index","follow":"follow","max-snippet":"max-snippet:-1","max-image-preview":"max-image-preview:large","max-video-preview":"max-video-preview:-1"},"canonical":"https:\/\/dentalabril.com\/ca\/professionals\/dra-marta-dal-monte-damico\/","og_locale":"ca_ES","og_type":"article","og_title":"Dra. Marta Dal Monte D\u2019Amico | Cl\u00ednica dental Abril","og_url":"https:\/\/dentalabril.com\/ca\/professionals\/dra-marta-dal-monte-damico\/","og_site_name":"Cl\u00ednica dental Abril","article_publisher":"https:\/\/www.facebook.com\/clinicadentalabril\/","article_modified_time":"2024-07-14T09:24:59+00:00","og_image":[{"url":"http:\/\/dentalabril.com\/\/wp-content\/uploads\/2015\/05\/dal-monte.png"}],"twitter_card":"summary_large_image","twitter_misc":{"Temps estimat de lectura":"1 minut"},"schema":{"@context":"https:\/\/schema.org","@graph":[{"@type":"WebPage","@id":"https:\/\/dentalabril.com\/ca\/professionals\/dra-marta-dal-monte-damico\/","url":"https:\/\/dentalabril.com\/ca\/professionals\/dra-marta-dal-monte-damico\/","name":"Dra. Marta Dal Monte D\u2019Amico | Cl\u00ednica dental Abril","isPartOf":{"@id":"https:\/\/dentalabril.com\/#website"},"primaryImageOfPage":{"@id":"https:\/\/dentalabril.com\/ca\/professionals\/dra-marta-dal-monte-damico\/#primaryimage"},"image":{"@id":"https:\/\/dentalabril.com\/ca\/professionals\/dra-marta-dal-monte-damico\/#primaryimage"},"thumbnailUrl":"http:\/\/dentalabril.com\/\/wp-content\/uploads\/2015\/05\/dal-monte.png","datePublished":"2024-07-09T05:33:19+00:00","dateModified":"2024-07-14T09:24:59+00:00","breadcrumb":{"@id":"https:\/\/dentalabril.com\/ca\/professionals\/dra-marta-dal-monte-damico\/#breadcrumb"},"inLanguage":"ca","potentialAction":[{"@type":"ReadAction","target":["https:\/\/dentalabril.com\/ca\/professionals\/dra-marta-dal-monte-damico\/"]}]},{"@type":"ImageObject","inLanguage":"ca","@id":"https:\/\/dentalabril.com\/ca\/professionals\/dra-marta-dal-monte-damico\/#primaryimage","url":"http:\/\/dentalabril.com\/\/wp-content\/uploads\/2015\/05\/dal-monte.png","contentUrl":"http:\/\/dentalabril.com\/\/wp-content\/uploads\/2015\/05\/dal-monte.png"},{"@type":"BreadcrumbList","@id":"https:\/\/dentalabril.com\/ca\/professionals\/dra-marta-dal-monte-damico\/#breadcrumb","itemListElement":[{"@type":"ListItem","position":1,"name":"Portada","item":"https:\/\/dentalabril.com\/ca\/clinica-dental-abril-a-barcelona\/"},{"@type":"ListItem","position":2,"name":"Professionals","item":"https:\/\/dentalabril.com\/professionals\/"},{"@type":"ListItem","position":3,"name":"Dra. Marta Dal Monte D\u2019Amico"}]},{"@type":"WebSite","@id":"https:\/\/dentalabril.com\/#website","url":"https:\/\/dentalabril.com\/","name":"Cl\u00ednica Dental Abril","description":"Tu cl\u00ednica dental en Barcelona","publisher":{"@id":"https:\/\/dentalabril.com\/#organization"},"alternateName":"Dental Abril","potentialAction":[{"@type":"SearchAction","target":{"@type":"EntryPoint","urlTemplate":"https:\/\/dentalabril.com\/?s={search_term_string}"},"query-input":"required name=search_term_string"}],"inLanguage":"ca"},{"@type":"Organization","@id":"https:\/\/dentalabril.com\/#organization","name":"Cl\u00ednica Dental Abril","alternateName":"Dental Abril","url":"https:\/\/dentalabril.com\/","logo":{"@type":"ImageObject","inLanguage":"ca","@id":"https:\/\/dentalabril.com\/#\/schema\/logo\/image\/","url":"https:\/\/dentalabril.com\/wp-content\/uploads\/2023\/03\/BBceBSJt_400x400.jpg","contentUrl":"https:\/\/dentalabril.com\/wp-content\/uploads\/2023\/03\/BBceBSJt_400x400.jpg","width":400,"height":400,"caption":"Cl\u00ednica Dental Abril"},"image":{"@id":"https:\/\/dentalabril.com\/#\/schema\/logo\/image\/"},"sameAs":["https:\/\/www.facebook.com\/clinicadentalabril\/","https:\/\/www.instagram.com\/dentalabril\/"]}]}},"_links":{"self":[{"href":"https:\/\/dentalabril.com\/ca\/wp-json\/wp\/v2\/pages\/11040"}],"collection":[{"href":"https:\/\/dentalabril.com\/ca\/wp-json\/wp\/v2\/pages"}],"about":[{"href":"https:\/\/dentalabril.com\/ca\/wp-json\/wp\/v2\/types\/page"}],"author":[{"embeddable":true,"href":"https:\/\/dentalabril.com\/ca\/wp-json\/wp\/v2\/users\/4"}],"replies":[{"embeddable":true,"href":"https:\/\/dentalabril.com\/ca\/wp-json\/wp\/v2\/comments?post=11040"}],"version-history":[{"count":1,"href":"https:\/\/dentalabril.com\/ca\/wp-json\/wp\/v2\/pages\/11040\/revisions"}],"predecessor-version":[{"id":11357,"href":"https:\/\/dentalabril.com\/ca\/wp-json\/wp\/v2\/pages\/11040\/revisions\/11357"}],"up":[{"embeddable":true,"href":"https:\/\/dentalabril.com\/ca\/wp-json\/wp\/v2\/pages\/11036"}],"wp:attachment":[{"href":"https:\/\/dentalabril.com\/ca\/wp-json\/wp\/v2\/media?parent=11040"}],"curies":[{"name":"wp","href":"https:\/\/api.w.org\/{rel}","templated":true}]}}