{"id":11037,"date":"2024-07-09T07:26:10","date_gmt":"2024-07-09T05:26:10","guid":{"rendered":"https:\/\/dentalabril.com\/professionals\/dr-julio-gea-guiral\/"},"modified":"2024-07-09T07:26:10","modified_gmt":"2024-07-09T05:26:10","slug":"dr-julio-gea-guiral","status":"publish","type":"page","link":"https:\/\/dentalabril.com\/ca\/professionals\/dr-julio-gea-guiral\/","title":{"rendered":"Dr. Julio Gea Guiral"},"content":{"rendered":"<p><img decoding=\"async\" class=\"alignnone size-full wp-image-51\" src=\"http:\/\/dentalabril.com\/\/wp-content\/uploads\/2015\/05\/julio.png\" alt=\"julio\" width=\"220\" height=\"190\"><\/p>\n<p style=\"text-align: justify;\"><strong>Col\u00b7legiat m\u00e8dic N\u00fam. 2944<\/strong><\/p>\n<p style=\"text-align: justify;\">Ortodoncista<\/p>\n<ul>\n<li style=\"text-align: justify;\">Llicenciat en medicina i cirurgia per la Universitat de Barcelona. 1992<\/li>\n<li style=\"text-align: justify;\">Llicenciat en odontologia per la Universitat de Santiago de Compostela. 1996<\/li>\n<li style=\"text-align: justify;\">Postgrau en ortod\u00f2ncia. Dr. Pablo Echarri. 1998-2001<\/li>\n<li style=\"text-align: justify;\">Miembro de la Sociedad Espa\u00f1ola de Ortodoncia desde 2003.<\/li>\n<li style=\"text-align: justify;\">Membre de la Societat Espanyola d&#8217;Ortod\u00f2ncia des del 2003.<\/li>\n<li style=\"text-align: justify;\">Professor col\u00b7laborador al Postgrau d&#8217;ortod\u00f2ncia del Dr. Pablo Echarri. 2001\/2005<\/li>\n<\/ul>\n","protected":false},"excerpt":{"rendered":"<p>Col\u00b7legiat m\u00e8dic N\u00fam. 2944 Ortodoncista Llicenciat en medicina i cirurgia per la Universitat de Barcelona. 1992 Llicenciat en odontologia per la Universitat de Santiago de Compostela. 1996 Postgrau en ortod\u00f2ncia. Dr. Pablo Echarri. 1998-2001 Miembro de la Sociedad Espa\u00f1ola de Ortodoncia desde 2003. Membre de la Societat Espanyola d&#8217;Ortod\u00f2ncia des del 2003. Professor col\u00b7laborador al [&hellip;]<\/p>\n","protected":false},"author":1,"featured_media":0,"parent":11036,"menu_order":0,"comment_status":"closed","ping_status":"closed","template":"g1_template_page_sidebar_left.php","meta":{"_joinchat":[],"footnotes":""},"class_list":["post-11037","page","type-page","status-publish"],"yoast_head":"<!-- This site is optimized with the Yoast SEO plugin v23.1 - https:\/\/yoast.com\/wordpress\/plugins\/seo\/ -->\n<title>Dr. Julio Gea Guiral | Cl\u00ednica dental Abril<\/title>\n<meta name=\"robots\" content=\"index, follow, max-snippet:-1, max-image-preview:large, max-video-preview:-1\" \/>\n<link rel=\"canonical\" href=\"https:\/\/dentalabril.com\/professionals\/dr-julio-gea-guiral\/\" \/>\n<meta property=\"og:locale\" content=\"ca_ES\" \/>\n<meta property=\"og:type\" content=\"article\" \/>\n<meta property=\"og:title\" content=\"Dr. Julio Gea Guiral | Cl\u00ednica dental Abril\" \/>\n<meta property=\"og:description\" content=\"Col\u00b7legiat m\u00e8dic N\u00fam. 2944 Ortodoncista Llicenciat en medicina i cirurgia per la Universitat de Barcelona. 1992 Llicenciat en odontologia per la Universitat de Santiago de Compostela. 1996 Postgrau en ortod\u00f2ncia. Dr. Pablo Echarri. 1998-2001 Miembro de la Sociedad Espa\u00f1ola de Ortodoncia desde 2003. Membre de la Societat Espanyola d&#8217;Ortod\u00f2ncia des del 2003. Professor col\u00b7laborador al [&hellip;]\" \/>\n<meta property=\"og:url\" content=\"https:\/\/dentalabril.com\/professionals\/dr-julio-gea-guiral\/\" \/>\n<meta property=\"og:site_name\" content=\"Cl\u00ednica dental Abril\" \/>\n<meta property=\"article:publisher\" content=\"https:\/\/www.facebook.com\/clinicadentalabril\/\" \/>\n<meta property=\"og:image\" content=\"http:\/\/dentalabril.com\/\/wp-content\/uploads\/2015\/05\/julio.png\" \/>\n<meta name=\"twitter:card\" content=\"summary_large_image\" \/>\n<script type=\"application\/ld+json\" class=\"yoast-schema-graph\">{\"@context\":\"https:\/\/schema.org\",\"@graph\":[{\"@type\":\"WebPage\",\"@id\":\"https:\/\/dentalabril.com\/professionals\/dr-julio-gea-guiral\/\",\"url\":\"https:\/\/dentalabril.com\/professionals\/dr-julio-gea-guiral\/\",\"name\":\"Dr. Julio Gea Guiral | Cl\u00ednica dental Abril\",\"isPartOf\":{\"@id\":\"https:\/\/dentalabril.com\/#website\"},\"primaryImageOfPage\":{\"@id\":\"https:\/\/dentalabril.com\/professionals\/dr-julio-gea-guiral\/#primaryimage\"},\"image\":{\"@id\":\"https:\/\/dentalabril.com\/professionals\/dr-julio-gea-guiral\/#primaryimage\"},\"thumbnailUrl\":\"http:\/\/dentalabril.com\/\/wp-content\/uploads\/2015\/05\/julio.png\",\"datePublished\":\"2024-07-09T05:26:10+00:00\",\"dateModified\":\"2024-07-09T05:26:10+00:00\",\"breadcrumb\":{\"@id\":\"https:\/\/dentalabril.com\/professionals\/dr-julio-gea-guiral\/#breadcrumb\"},\"inLanguage\":\"ca\",\"potentialAction\":[{\"@type\":\"ReadAction\",\"target\":[\"https:\/\/dentalabril.com\/professionals\/dr-julio-gea-guiral\/\"]}]},{\"@type\":\"ImageObject\",\"inLanguage\":\"ca\",\"@id\":\"https:\/\/dentalabril.com\/professionals\/dr-julio-gea-guiral\/#primaryimage\",\"url\":\"http:\/\/dentalabril.com\/\/wp-content\/uploads\/2015\/05\/julio.png\",\"contentUrl\":\"http:\/\/dentalabril.com\/\/wp-content\/uploads\/2015\/05\/julio.png\"},{\"@type\":\"BreadcrumbList\",\"@id\":\"https:\/\/dentalabril.com\/professionals\/dr-julio-gea-guiral\/#breadcrumb\",\"itemListElement\":[{\"@type\":\"ListItem\",\"position\":1,\"name\":\"Portada\",\"item\":\"https:\/\/dentalabril.com\/ca\/clinica-dental-abril-a-barcelona\/\"},{\"@type\":\"ListItem\",\"position\":2,\"name\":\"Professionals\",\"item\":\"https:\/\/dentalabril.com\/professionals\/\"},{\"@type\":\"ListItem\",\"position\":3,\"name\":\"Dr. Julio Gea Guiral\"}]},{\"@type\":\"WebSite\",\"@id\":\"https:\/\/dentalabril.com\/#website\",\"url\":\"https:\/\/dentalabril.com\/\",\"name\":\"Cl\u00ednica Dental Abril\",\"description\":\"Tu cl\u00ednica dental en Barcelona\",\"publisher\":{\"@id\":\"https:\/\/dentalabril.com\/#organization\"},\"alternateName\":\"Dental Abril\",\"potentialAction\":[{\"@type\":\"SearchAction\",\"target\":{\"@type\":\"EntryPoint\",\"urlTemplate\":\"https:\/\/dentalabril.com\/?s={search_term_string}\"},\"query-input\":\"required name=search_term_string\"}],\"inLanguage\":\"ca\"},{\"@type\":\"Organization\",\"@id\":\"https:\/\/dentalabril.com\/#organization\",\"name\":\"Cl\u00ednica Dental Abril\",\"alternateName\":\"Dental Abril\",\"url\":\"https:\/\/dentalabril.com\/\",\"logo\":{\"@type\":\"ImageObject\",\"inLanguage\":\"ca\",\"@id\":\"https:\/\/dentalabril.com\/#\/schema\/logo\/image\/\",\"url\":\"https:\/\/dentalabril.com\/wp-content\/uploads\/2023\/03\/BBceBSJt_400x400.jpg\",\"contentUrl\":\"https:\/\/dentalabril.com\/wp-content\/uploads\/2023\/03\/BBceBSJt_400x400.jpg\",\"width\":400,\"height\":400,\"caption\":\"Cl\u00ednica Dental Abril\"},\"image\":{\"@id\":\"https:\/\/dentalabril.com\/#\/schema\/logo\/image\/\"},\"sameAs\":[\"https:\/\/www.facebook.com\/clinicadentalabril\/\",\"https:\/\/www.instagram.com\/dentalabril\/\"]}]}<\/script>\n<!-- \/ Yoast SEO plugin. -->","yoast_head_json":{"title":"Dr. Julio Gea Guiral | Cl\u00ednica dental Abril","robots":{"index":"index","follow":"follow","max-snippet":"max-snippet:-1","max-image-preview":"max-image-preview:large","max-video-preview":"max-video-preview:-1"},"canonical":"https:\/\/dentalabril.com\/professionals\/dr-julio-gea-guiral\/","og_locale":"ca_ES","og_type":"article","og_title":"Dr. Julio Gea Guiral | Cl\u00ednica dental Abril","og_description":"Col\u00b7legiat m\u00e8dic N\u00fam. 2944 Ortodoncista Llicenciat en medicina i cirurgia per la Universitat de Barcelona. 1992 Llicenciat en odontologia per la Universitat de Santiago de Compostela. 1996 Postgrau en ortod\u00f2ncia. Dr. Pablo Echarri. 1998-2001 Miembro de la Sociedad Espa\u00f1ola de Ortodoncia desde 2003. Membre de la Societat Espanyola d&#8217;Ortod\u00f2ncia des del 2003. Professor col\u00b7laborador al [&hellip;]","og_url":"https:\/\/dentalabril.com\/professionals\/dr-julio-gea-guiral\/","og_site_name":"Cl\u00ednica dental Abril","article_publisher":"https:\/\/www.facebook.com\/clinicadentalabril\/","og_image":[{"url":"http:\/\/dentalabril.com\/\/wp-content\/uploads\/2015\/05\/julio.png"}],"twitter_card":"summary_large_image","schema":{"@context":"https:\/\/schema.org","@graph":[{"@type":"WebPage","@id":"https:\/\/dentalabril.com\/professionals\/dr-julio-gea-guiral\/","url":"https:\/\/dentalabril.com\/professionals\/dr-julio-gea-guiral\/","name":"Dr. Julio Gea Guiral | Cl\u00ednica dental Abril","isPartOf":{"@id":"https:\/\/dentalabril.com\/#website"},"primaryImageOfPage":{"@id":"https:\/\/dentalabril.com\/professionals\/dr-julio-gea-guiral\/#primaryimage"},"image":{"@id":"https:\/\/dentalabril.com\/professionals\/dr-julio-gea-guiral\/#primaryimage"},"thumbnailUrl":"http:\/\/dentalabril.com\/\/wp-content\/uploads\/2015\/05\/julio.png","datePublished":"2024-07-09T05:26:10+00:00","dateModified":"2024-07-09T05:26:10+00:00","breadcrumb":{"@id":"https:\/\/dentalabril.com\/professionals\/dr-julio-gea-guiral\/#breadcrumb"},"inLanguage":"ca","potentialAction":[{"@type":"ReadAction","target":["https:\/\/dentalabril.com\/professionals\/dr-julio-gea-guiral\/"]}]},{"@type":"ImageObject","inLanguage":"ca","@id":"https:\/\/dentalabril.com\/professionals\/dr-julio-gea-guiral\/#primaryimage","url":"http:\/\/dentalabril.com\/\/wp-content\/uploads\/2015\/05\/julio.png","contentUrl":"http:\/\/dentalabril.com\/\/wp-content\/uploads\/2015\/05\/julio.png"},{"@type":"BreadcrumbList","@id":"https:\/\/dentalabril.com\/professionals\/dr-julio-gea-guiral\/#breadcrumb","itemListElement":[{"@type":"ListItem","position":1,"name":"Portada","item":"https:\/\/dentalabril.com\/ca\/clinica-dental-abril-a-barcelona\/"},{"@type":"ListItem","position":2,"name":"Professionals","item":"https:\/\/dentalabril.com\/professionals\/"},{"@type":"ListItem","position":3,"name":"Dr. Julio Gea Guiral"}]},{"@type":"WebSite","@id":"https:\/\/dentalabril.com\/#website","url":"https:\/\/dentalabril.com\/","name":"Cl\u00ednica Dental Abril","description":"Tu cl\u00ednica dental en Barcelona","publisher":{"@id":"https:\/\/dentalabril.com\/#organization"},"alternateName":"Dental Abril","potentialAction":[{"@type":"SearchAction","target":{"@type":"EntryPoint","urlTemplate":"https:\/\/dentalabril.com\/?s={search_term_string}"},"query-input":"required name=search_term_string"}],"inLanguage":"ca"},{"@type":"Organization","@id":"https:\/\/dentalabril.com\/#organization","name":"Cl\u00ednica Dental Abril","alternateName":"Dental Abril","url":"https:\/\/dentalabril.com\/","logo":{"@type":"ImageObject","inLanguage":"ca","@id":"https:\/\/dentalabril.com\/#\/schema\/logo\/image\/","url":"https:\/\/dentalabril.com\/wp-content\/uploads\/2023\/03\/BBceBSJt_400x400.jpg","contentUrl":"https:\/\/dentalabril.com\/wp-content\/uploads\/2023\/03\/BBceBSJt_400x400.jpg","width":400,"height":400,"caption":"Cl\u00ednica Dental Abril"},"image":{"@id":"https:\/\/dentalabril.com\/#\/schema\/logo\/image\/"},"sameAs":["https:\/\/www.facebook.com\/clinicadentalabril\/","https:\/\/www.instagram.com\/dentalabril\/"]}]}},"_links":{"self":[{"href":"https:\/\/dentalabril.com\/ca\/wp-json\/wp\/v2\/pages\/11037"}],"collection":[{"href":"https:\/\/dentalabril.com\/ca\/wp-json\/wp\/v2\/pages"}],"about":[{"href":"https:\/\/dentalabril.com\/ca\/wp-json\/wp\/v2\/types\/page"}],"author":[{"embeddable":true,"href":"https:\/\/dentalabril.com\/ca\/wp-json\/wp\/v2\/users\/1"}],"replies":[{"embeddable":true,"href":"https:\/\/dentalabril.com\/ca\/wp-json\/wp\/v2\/comments?post=11037"}],"version-history":[{"count":0,"href":"https:\/\/dentalabril.com\/ca\/wp-json\/wp\/v2\/pages\/11037\/revisions"}],"up":[{"embeddable":true,"href":"https:\/\/dentalabril.com\/ca\/wp-json\/wp\/v2\/pages\/11036"}],"wp:attachment":[{"href":"https:\/\/dentalabril.com\/ca\/wp-json\/wp\/v2\/media?parent=11037"}],"curies":[{"name":"wp","href":"https:\/\/api.w.org\/{rel}","templated":true}]}}