{"id":11035,"date":"2024-07-09T07:21:34","date_gmt":"2024-07-09T05:21:34","guid":{"rendered":"https:\/\/dentalabril.com\/politica-de-privadesa-i-confidencialitat\/"},"modified":"2024-07-09T07:21:34","modified_gmt":"2024-07-09T05:21:34","slug":"politica-de-privadesa-i-confidencialitat","status":"publish","type":"page","link":"https:\/\/dentalabril.com\/ca\/politica-de-privadesa-i-confidencialitat\/","title":{"rendered":"Pol\u00edtica de Privadesa i Confidencialitat"},"content":{"rendered":"<p>Informaci\u00f3 Addicional sobre Protecci\u00f3 de Dades<\/p>\n<p><b>Responsable Tractament<\/b><br \/>\nEmpresa: CLINICA DENTAL ABRIL, S.L.P. &#8211; B67337600<br \/>\nDirecci\u00f3: C\/ ROSSELL\u00d3, 372, 1\u00ba 2\u00aa &#8211; (08025) BARCELONA<br \/>\nContacte: INFO@DENTALABRIL.COM &#8211; 934762240<\/p>\n<p><b>Delegat Protecci\u00f3 de Dades<\/b><br \/>\nNom: No cal DPO &#8211;<br \/>\nContacte: &#8211;<b>Finalitat<\/b><b>Amb quina finalitat tractem les vostres dades personals?<\/b><br \/>\nA CLINICA DENTAL ABRIL, S.L.P. tractem la informaci\u00f3 que ens faciliten les persones interessades per tal de:<br \/>\n\u2022 Prestar-los un servei<\/p>\n<p><b>Per quant de temps conservarem les vostres dades?<\/b><br \/>\nLes dades personals proporcionades es conservaran durant un termini de 4 anys a partir de la darrera confirmaci\u00f3 dinter\u00e8s. (Sempre que no se sol\u00b7liciti la seva supressi\u00f3 o es deslligui la relaci\u00f3 mercantil). <b>Legitimaci\u00f3<\/b> \u2022 Consentiment inequ\u00edvoc<br \/>\n<b>Destinataris<\/b><b>No compartim les dades amb tercers.<\/b><br \/>\n<b>Drets<\/b><br \/>\n<a href=\"https:\/\/intranet.laboralrgpd.com\/webApp\/clientes_derechos\/derechos-formulario.php?id_cliente=aTRCMmJwL0t5MEtBelY2THgwN2RrQT09\" target=\"_blank\" rel=\"noopener noreferrer\">(Sol\u00b7licitar Dret)<\/a><b>\u2022 Dret a sol\u00b7licitar l&#8217;acc\u00e9s a les dades personals relatives a l&#8217;interessat<\/b><br \/>\nTeniu dret que us informin del seg\u00fcent:<br \/>\n\u2022 C\u00f2pia de les dades personals objecte de tractament.<br \/>\n\u2022 Les finalitats del tractament, categories de dades personals que es tractin i de les possibles comunicacions de dades i els seus destinataris.<br \/>\n\u2022 Si \u00e9s possible, el termini de conservaci\u00f3 de les teves dades. de no ser-ho, els criteris per determinar aquest termini.<br \/>\n\u2022 Del dret a sol\u00b7licitar la rectificaci\u00f3 o supressi\u00f3 de les dades, la limitaci\u00f3 al tractament, o oposar-s&#8217;hi.<br \/>\n\u2022 Del dret a presentar una reclamaci\u00f3 davant de l&#8217;Autoritat de Control.<br \/>\n\u2022 Si es produeix una transfer\u00e8ncia internacional de dades, rebre informaci\u00f3 de les garanties adequades.<br \/>\n\u2022 De l&#8217;exist\u00e8ncia de decisions automatitzades (incloent-hi perfils), la l\u00f2gica aplicada i les conseq\u00fc\u00e8ncies d&#8217;aquest tractament.<\/p>\n<p><b>\u2022 Dret a sol\u00b7licitar-ne la rectificaci\u00f3<\/b><br \/>\nTens dret, a m\u00e9s de rectificar les dades inexactes, a que es completin les dades personals incompletes, fins i tot mitjan\u00e7ant una declaraci\u00f3 addicional.<\/p>\n<p><b>\u2022 Dret a sol\u00b7licitar la supressi\u00f3<\/b><br \/>\nAmb aquest dret podr\u00e0s sol\u00b7licitar:<br \/>\n\u2022 La supressi\u00f3 de les dades personals sense dilaci\u00f3 indeguda quan concorri algun dels sup\u00f2sits contemplats. Per exemple, tractament il\u00b7l\u00edcit de dades, o quan hagi desaparegut la finalitat que motiu el tractament o recollida.<br \/>\n\u2022 Aix\u00f2 no obstant, es regulen una s\u00e8rie d&#8217;excepcions en qu\u00e8 no \u00e9s procedent aquest dret. Per exemple, quan ha de prevaldre el dret a la llibertat d&#8217;expressi\u00f3 i d&#8217;informaci\u00f3.<\/p>\n<p><b>\u2022 Dret a sol\u00b7licitar la seva oposici\u00f3<\/b><br \/>\nMitjan\u00e7ant el dret d&#8217;oposici\u00f3 et podr\u00e0s oposar al tractament de les teves dades personals:<br \/>\n\u2022 Quan per motius relacionats amb la vostra situaci\u00f3 personal, heu de cessar el tractament de les vostres dades llevat que s&#8217;acrediti un inter\u00e8s legitim, o sigui necessari per a l&#8217;exercici o defensa de reclamacions.<br \/>\n\u2022 Quan el tractament tingui per objecte el m\u00e0rqueting directe.<\/p>\n<p><b>\u2022 Dret a la Portabilitat de les dades<\/b><br \/>\nPodr\u00e0s rebre les teves dades personals facilitades en un format estructurat, d&#8217;\u00fas com\u00fa i lectura mec\u00e0nica, i poder-les transmetre a un altre responsable, sempre que sigui t\u00e8cnicament possible.<\/p>\n<p><b>\u2022 Dret a sol\u00b7licitar la limitaci\u00f3 del tractament<\/b><br \/>\nAquest dret et permet:<br \/>\n\u2022 Sol\u00b7licitar al responsable que suspengui el tractament de dades quan:<br \/>\n&#8211; S&#8217;impugne l&#8217;exactitud de les dades mentre es verifica aquesta exactitud pel responsable.<br \/>\n&#8211; L&#8217;interessat ha exercitat el dret d&#8217;oposici\u00f3 al tractament de dades, mentre es verifica si els motius leg\u00edtims del responsable prevalen sobre l&#8217;interessat.<br \/>\n\u2022 Sol\u00b7licitar al responsable que conservi les teves dades personals quan:<br \/>\n&#8211; El tractament de dades sigui il\u00b7l\u00edcit i l&#8217;interessant-se oposi a la supressi\u00f3 de les seves dades i sol\u00b7liciti al seu lloc la limitaci\u00f3 del seu \u00fas.<br \/>\n&#8211; El responsable ja no necessita les dades per als fins del tractament, per\u00f2 l&#8217;interessat si les necessiti per a la formulaci\u00f3, exercici o defensa de reclamacions.<\/p>\n<p><b>\u2022 Dret a no ser objecte de decisions individualitzades<\/b><br \/>\nTeniu dret a no ser objecte d&#8217;una decisi\u00f3 basada \u00fanicament en el tractament automatitzat, inclosa l&#8217;elaboraci\u00f3 de perfils, que produeixi efectes jur\u00eddics o us afecti.<br \/>\nS&#8217;exceptua aix\u00f2 quan:<br \/>\n\u2022 Sigueu necessari per a la celebraci\u00f3 o execuci\u00f3 d&#8217;un contracte.<br \/>\n\u2022 Estigui perm\u00e8s pel Dret de la UE o dels Estats membres, amb mesures adequades per salvaguardar els drets i llibertats del titular de les dades.<br \/>\n\u2022 Hi hagi consentiment expl\u00edcit del titular de les dades.<\/p>\n<p><b>\u2022 Dret a retirar el consentiment prestat<\/b><br \/>\nLa retirada del consentiment no afecta la licitud del tractament basada en el consentiment previ a la seva retirada. Abans de donar-ne el consentiment, l&#8217;interessat n&#8217;informar\u00e0.<\/p>\n<p><b>\u2022 Dret a reclamar davant de l&#8217;Autoritat de Control<\/b><br \/>\nTot interessat podr\u00e0 reclamar davant l&#8217;Autoritat de control de qualsevol Estat de la UE, si considera que el tractament de les dades personals no s&#8217;ajusta al que disposa el Reglament.<\/p>\n","protected":false},"excerpt":{"rendered":"<p>Informaci\u00f3 Addicional sobre Protecci\u00f3 de Dades Responsable Tractament Empresa: CLINICA DENTAL ABRIL, S.L.P. &#8211; B67337600 Direcci\u00f3: C\/ ROSSELL\u00d3, 372, 1\u00ba 2\u00aa &#8211; (08025) BARCELONA Contacte: INFO@DENTALABRIL.COM &#8211; 934762240 Delegat Protecci\u00f3 de Dades Nom: No cal DPO &#8211; Contacte: &#8211;FinalitatAmb quina finalitat tractem les vostres dades personals? A CLINICA DENTAL ABRIL, S.L.P. tractem la informaci\u00f3 que [&hellip;]<\/p>\n","protected":false},"author":1,"featured_media":0,"parent":0,"menu_order":0,"comment_status":"closed","ping_status":"closed","template":"","meta":{"_joinchat":[],"footnotes":""},"class_list":["post-11035","page","type-page","status-publish"],"yoast_head":"<!-- This site is optimized with the Yoast SEO plugin v23.1 - https:\/\/yoast.com\/wordpress\/plugins\/seo\/ -->\n<title>Pol\u00edtica de Privadesa i Confidencialitat | Cl\u00ednica dental Abril<\/title>\n<meta name=\"robots\" content=\"index, follow, max-snippet:-1, max-image-preview:large, max-video-preview:-1\" \/>\n<link rel=\"canonical\" href=\"https:\/\/dentalabril.com\/politica-de-privadesa-i-confidencialitat\/\" \/>\n<meta property=\"og:locale\" content=\"ca_ES\" \/>\n<meta property=\"og:type\" content=\"article\" \/>\n<meta property=\"og:title\" content=\"Pol\u00edtica de Privadesa i Confidencialitat | Cl\u00ednica dental Abril\" \/>\n<meta property=\"og:description\" content=\"Informaci\u00f3 Addicional sobre Protecci\u00f3 de Dades Responsable Tractament Empresa: CLINICA DENTAL ABRIL, S.L.P. &#8211; B67337600 Direcci\u00f3: C\/ ROSSELL\u00d3, 372, 1\u00ba 2\u00aa &#8211; (08025) BARCELONA Contacte: INFO@DENTALABRIL.COM &#8211; 934762240 Delegat Protecci\u00f3 de Dades Nom: No cal DPO &#8211; Contacte: &#8211;FinalitatAmb quina finalitat tractem les vostres dades personals? A CLINICA DENTAL ABRIL, S.L.P. tractem la informaci\u00f3 que [&hellip;]\" \/>\n<meta property=\"og:url\" content=\"https:\/\/dentalabril.com\/politica-de-privadesa-i-confidencialitat\/\" \/>\n<meta property=\"og:site_name\" content=\"Cl\u00ednica dental Abril\" \/>\n<meta property=\"article:publisher\" content=\"https:\/\/www.facebook.com\/clinicadentalabril\/\" \/>\n<meta property=\"og:image\" content=\"https:\/\/dentalabril.com\/wp-content\/uploads\/2022\/09\/equipo-clinica-dental-Barcelona-1.png\" \/>\n\t<meta property=\"og:image:width\" content=\"950\" \/>\n\t<meta property=\"og:image:height\" content=\"704\" \/>\n\t<meta property=\"og:image:type\" content=\"image\/png\" \/>\n<meta name=\"twitter:card\" content=\"summary_large_image\" \/>\n<meta name=\"twitter:label1\" content=\"Temps estimat de lectura\" \/>\n\t<meta name=\"twitter:data1\" content=\"4 minuts\" \/>\n<script type=\"application\/ld+json\" class=\"yoast-schema-graph\">{\"@context\":\"https:\/\/schema.org\",\"@graph\":[{\"@type\":\"WebPage\",\"@id\":\"https:\/\/dentalabril.com\/politica-de-privadesa-i-confidencialitat\/\",\"url\":\"https:\/\/dentalabril.com\/politica-de-privadesa-i-confidencialitat\/\",\"name\":\"Pol\u00edtica de Privadesa i Confidencialitat | Cl\u00ednica dental Abril\",\"isPartOf\":{\"@id\":\"https:\/\/dentalabril.com\/#website\"},\"datePublished\":\"2024-07-09T05:21:34+00:00\",\"dateModified\":\"2024-07-09T05:21:34+00:00\",\"breadcrumb\":{\"@id\":\"https:\/\/dentalabril.com\/politica-de-privadesa-i-confidencialitat\/#breadcrumb\"},\"inLanguage\":\"ca\",\"potentialAction\":[{\"@type\":\"ReadAction\",\"target\":[\"https:\/\/dentalabril.com\/politica-de-privadesa-i-confidencialitat\/\"]}]},{\"@type\":\"BreadcrumbList\",\"@id\":\"https:\/\/dentalabril.com\/politica-de-privadesa-i-confidencialitat\/#breadcrumb\",\"itemListElement\":[{\"@type\":\"ListItem\",\"position\":1,\"name\":\"Portada\",\"item\":\"https:\/\/dentalabril.com\/ca\/clinica-dental-abril-a-barcelona\/\"},{\"@type\":\"ListItem\",\"position\":2,\"name\":\"Pol\u00edtica de Privadesa i Confidencialitat\"}]},{\"@type\":\"WebSite\",\"@id\":\"https:\/\/dentalabril.com\/#website\",\"url\":\"https:\/\/dentalabril.com\/\",\"name\":\"Cl\u00ednica Dental Abril\",\"description\":\"Tu cl\u00ednica dental en Barcelona\",\"publisher\":{\"@id\":\"https:\/\/dentalabril.com\/#organization\"},\"alternateName\":\"Dental Abril\",\"potentialAction\":[{\"@type\":\"SearchAction\",\"target\":{\"@type\":\"EntryPoint\",\"urlTemplate\":\"https:\/\/dentalabril.com\/?s={search_term_string}\"},\"query-input\":\"required name=search_term_string\"}],\"inLanguage\":\"ca\"},{\"@type\":\"Organization\",\"@id\":\"https:\/\/dentalabril.com\/#organization\",\"name\":\"Cl\u00ednica Dental Abril\",\"alternateName\":\"Dental Abril\",\"url\":\"https:\/\/dentalabril.com\/\",\"logo\":{\"@type\":\"ImageObject\",\"inLanguage\":\"ca\",\"@id\":\"https:\/\/dentalabril.com\/#\/schema\/logo\/image\/\",\"url\":\"https:\/\/dentalabril.com\/wp-content\/uploads\/2023\/03\/BBceBSJt_400x400.jpg\",\"contentUrl\":\"https:\/\/dentalabril.com\/wp-content\/uploads\/2023\/03\/BBceBSJt_400x400.jpg\",\"width\":400,\"height\":400,\"caption\":\"Cl\u00ednica Dental Abril\"},\"image\":{\"@id\":\"https:\/\/dentalabril.com\/#\/schema\/logo\/image\/\"},\"sameAs\":[\"https:\/\/www.facebook.com\/clinicadentalabril\/\",\"https:\/\/www.instagram.com\/dentalabril\/\"]}]}<\/script>\n<!-- \/ Yoast SEO plugin. -->","yoast_head_json":{"title":"Pol\u00edtica de Privadesa i Confidencialitat | Cl\u00ednica dental Abril","robots":{"index":"index","follow":"follow","max-snippet":"max-snippet:-1","max-image-preview":"max-image-preview:large","max-video-preview":"max-video-preview:-1"},"canonical":"https:\/\/dentalabril.com\/politica-de-privadesa-i-confidencialitat\/","og_locale":"ca_ES","og_type":"article","og_title":"Pol\u00edtica de Privadesa i Confidencialitat | Cl\u00ednica dental Abril","og_description":"Informaci\u00f3 Addicional sobre Protecci\u00f3 de Dades Responsable Tractament Empresa: CLINICA DENTAL ABRIL, S.L.P. &#8211; B67337600 Direcci\u00f3: C\/ ROSSELL\u00d3, 372, 1\u00ba 2\u00aa &#8211; (08025) BARCELONA Contacte: INFO@DENTALABRIL.COM &#8211; 934762240 Delegat Protecci\u00f3 de Dades Nom: No cal DPO &#8211; Contacte: &#8211;FinalitatAmb quina finalitat tractem les vostres dades personals? A CLINICA DENTAL ABRIL, S.L.P. tractem la informaci\u00f3 que [&hellip;]","og_url":"https:\/\/dentalabril.com\/politica-de-privadesa-i-confidencialitat\/","og_site_name":"Cl\u00ednica dental Abril","article_publisher":"https:\/\/www.facebook.com\/clinicadentalabril\/","og_image":[{"width":950,"height":704,"url":"https:\/\/dentalabril.com\/wp-content\/uploads\/2022\/09\/equipo-clinica-dental-Barcelona-1.png","type":"image\/png"}],"twitter_card":"summary_large_image","twitter_misc":{"Temps estimat de lectura":"4 minuts"},"schema":{"@context":"https:\/\/schema.org","@graph":[{"@type":"WebPage","@id":"https:\/\/dentalabril.com\/politica-de-privadesa-i-confidencialitat\/","url":"https:\/\/dentalabril.com\/politica-de-privadesa-i-confidencialitat\/","name":"Pol\u00edtica de Privadesa i Confidencialitat | Cl\u00ednica dental Abril","isPartOf":{"@id":"https:\/\/dentalabril.com\/#website"},"datePublished":"2024-07-09T05:21:34+00:00","dateModified":"2024-07-09T05:21:34+00:00","breadcrumb":{"@id":"https:\/\/dentalabril.com\/politica-de-privadesa-i-confidencialitat\/#breadcrumb"},"inLanguage":"ca","potentialAction":[{"@type":"ReadAction","target":["https:\/\/dentalabril.com\/politica-de-privadesa-i-confidencialitat\/"]}]},{"@type":"BreadcrumbList","@id":"https:\/\/dentalabril.com\/politica-de-privadesa-i-confidencialitat\/#breadcrumb","itemListElement":[{"@type":"ListItem","position":1,"name":"Portada","item":"https:\/\/dentalabril.com\/ca\/clinica-dental-abril-a-barcelona\/"},{"@type":"ListItem","position":2,"name":"Pol\u00edtica de Privadesa i Confidencialitat"}]},{"@type":"WebSite","@id":"https:\/\/dentalabril.com\/#website","url":"https:\/\/dentalabril.com\/","name":"Cl\u00ednica Dental Abril","description":"Tu cl\u00ednica dental en Barcelona","publisher":{"@id":"https:\/\/dentalabril.com\/#organization"},"alternateName":"Dental Abril","potentialAction":[{"@type":"SearchAction","target":{"@type":"EntryPoint","urlTemplate":"https:\/\/dentalabril.com\/?s={search_term_string}"},"query-input":"required name=search_term_string"}],"inLanguage":"ca"},{"@type":"Organization","@id":"https:\/\/dentalabril.com\/#organization","name":"Cl\u00ednica Dental Abril","alternateName":"Dental Abril","url":"https:\/\/dentalabril.com\/","logo":{"@type":"ImageObject","inLanguage":"ca","@id":"https:\/\/dentalabril.com\/#\/schema\/logo\/image\/","url":"https:\/\/dentalabril.com\/wp-content\/uploads\/2023\/03\/BBceBSJt_400x400.jpg","contentUrl":"https:\/\/dentalabril.com\/wp-content\/uploads\/2023\/03\/BBceBSJt_400x400.jpg","width":400,"height":400,"caption":"Cl\u00ednica Dental Abril"},"image":{"@id":"https:\/\/dentalabril.com\/#\/schema\/logo\/image\/"},"sameAs":["https:\/\/www.facebook.com\/clinicadentalabril\/","https:\/\/www.instagram.com\/dentalabril\/"]}]}},"_links":{"self":[{"href":"https:\/\/dentalabril.com\/ca\/wp-json\/wp\/v2\/pages\/11035"}],"collection":[{"href":"https:\/\/dentalabril.com\/ca\/wp-json\/wp\/v2\/pages"}],"about":[{"href":"https:\/\/dentalabril.com\/ca\/wp-json\/wp\/v2\/types\/page"}],"author":[{"embeddable":true,"href":"https:\/\/dentalabril.com\/ca\/wp-json\/wp\/v2\/users\/1"}],"replies":[{"embeddable":true,"href":"https:\/\/dentalabril.com\/ca\/wp-json\/wp\/v2\/comments?post=11035"}],"version-history":[{"count":0,"href":"https:\/\/dentalabril.com\/ca\/wp-json\/wp\/v2\/pages\/11035\/revisions"}],"wp:attachment":[{"href":"https:\/\/dentalabril.com\/ca\/wp-json\/wp\/v2\/media?parent=11035"}],"curies":[{"name":"wp","href":"https:\/\/api.w.org\/{rel}","templated":true}]}}