{"id":11034,"date":"2024-07-09T07:14:41","date_gmt":"2024-07-09T05:14:41","guid":{"rendered":"https:\/\/dentalabril.com\/politica-de-cookies\/"},"modified":"2024-07-09T07:14:41","modified_gmt":"2024-07-09T05:14:41","slug":"politica-de-cookies","status":"publish","type":"page","link":"https:\/\/dentalabril.com\/ca\/politica-de-cookies\/","title":{"rendered":"Pol\u00edtica de cookies"},"content":{"rendered":"<h4>Informaci\u00f3 General de les cookies<\/h4>\n<p>La confian\u00e7a de l&#8217;usuari \u00e9s important per a nosaltres, i per tant, a<strong>CLINICA DENTAL ABRIL, S.L.P.<\/strong> ens preocupa protegir la seva privadesa. Un aspecte important d&#8217;aix\u00f2 \u00e9s proporcionar-vos tota la informaci\u00f3 possible sobre com utilitzem les vostres dades de car\u00e0cter personal, fins i tot com utilitzem l&#8217;emmagatzematge local de dades i tecnologia similar.<\/p>\n<p>L&#8217;emmagatzematge local de dades implica emmagatzemar diferents tipus de dades localment al dispositiu a trav\u00e9s del vostre navegador web. Les dades emmagatzemades localment poden, per exemple, contenir la configuraci\u00f3 de l&#8217;usuari, informaci\u00f3 sobre com navega pel nostre lloc web, quin navegador web utilitza, quins anuncis s&#8217;han mostrat, i el comportament similar a llocs web amb qu\u00e8 col\u00b7laborem. Les dades emmagatzemades localment poden ser utilitzades per personalitzar el contingut i les funcions als nostres serveis de manera que les seves visites siguin m\u00e9s c\u00f2modes i tinguin m\u00e9s sentit.<\/p>\n<p>Un m\u00e8tode demmagatzematge local de dades s\u00f3n les cookies. Les cookies s\u00f3n petits arxius de text que s&#8217;emmagatzemen al dispositiu (PC, tel\u00e8fon m\u00f2bil o tauleta) que ens permeten recon\u00e8ixer el vostre navegador web. Les cookies contenen informaci\u00f3 principalment sobre el vostre navegador web i sobre qualsevol activitat que s&#8217;hi ha produ\u00eft. Ens ajuden a garantir la seguretat i el funcionament \u00f2ptim del nostre lloc web, una vegada surt de la nostra web aquestes s\u00f3n eliminades (cookies de seguretat i galetes de sessi\u00f3) i recullen informaci\u00f3 sobre els productes que els interessen a les nostres visites d&#8217;internet i sobre com naveguen a trav\u00e9s del nostre lloc web perqu\u00e8 les nostres ofertes en l\u00ednia siguin m\u00e9s atractives per als usuaris (cookies de seguiment).<\/p>\n<h4>Informaci\u00f3 complement\u00e0ria de les cookies<\/h4>\n<p>Utilitzem l&#8217;emmagatzematge local de dades per a una s\u00e8rie de fins, com ara: permetre&#8217;ns realitzar els nostres serveis; aportar-te contingut pertinent, personalitzat quan visites els nostres llocs web; mesurar i analitzar el tr\u00e0nsit al nostre lloc web; millorar els nostres serveis; i dirigir publicitat espec\u00edfica. A continuaci\u00f3, s&#8217;ofereixen m\u00e9s detalls sobre aquests temes:<\/p>\n<ul>\n<li style=\"list-style-type: none;\">\n<ul>\n<li>Per a la nostra publicitat<\/li>\n<\/ul>\n<\/li>\n<\/ul>\n<p>Utilitzem lemmagatzematge local de dades en relaci\u00f3 amb les activitats publicit\u00e0ries. Aix\u00f2 ens permet saber si i sovint l&#8217;usuari ha vist un anunci o un tipus d&#8217;anunci determinat, i quant de temps fa que el va veure.<\/p>\n<p>Tamb\u00e9 fem servir l&#8217;emmagatzematge local de dades per construir segments i grups objectiu amb finalitats de m\u00e0rqueting i per dirigir anuncis espec\u00edfics.<\/p>\n<ul>\n<li style=\"list-style-type: none;\">\n<ul>\n<li>Per analitzar i millorar els nostres serveis<\/li>\n<\/ul>\n<\/li>\n<\/ul>\n<p>Utilitzem diverses eines de mesura que ens proporcionen estad\u00edstiques i an\u00e0lisis relatives als nostres serveis. Aquestes eines ens permeten recon\u00e8ixer el navegador web al llarg del temps i esbrinar si lusuari ha visitat el lloc web anteriorment i si \u00e9s aix\u00ed amb quina freq\u00fc\u00e8ncia. Aquestes eines ens ofereixen la possibilitat daconseguir una visi\u00f3 general de quants usuaris \u00fanics tenim i com utilitzen els nostres serveis.<\/p>\n<p>Aix\u00ed mateix, utilitzem la informaci\u00f3 que hem recollit i analitzat per desenvolupar i millorar els nostres serveis; per exemple, esbrinant quins serveis generen molt de tr\u00e0nsit o veient si un servei est\u00e0 funcionant de manera \u00f2ptima.<\/p>\n<ul>\n<li style=\"list-style-type: none;\">\n<ul>\n<li>Per lliurar i adaptar els serveis al seu \u00fas<\/li>\n<\/ul>\n<\/li>\n<\/ul>\n<p>Es requereix i \u00e9s necessari l&#8217;emmagatzematge local de dades per tal de permetre&#8217;t utilitzar els nostres serveis, com ara informaci\u00f3 sobre la seva configuraci\u00f3, que ens diu com s&#8217;han de presentar els serveis al vostre navegador web.<\/p>\n<p>Tamb\u00e9 utilitzem l&#8217;emmagatzematge local de dades per adaptar els nostres serveis al seu \u00fas tan b\u00e9 com sigui possible.<\/p>\n<h4>Gesti\u00f3 de les cookies<\/h4>\n<p>Podeu desactivar les galetes o configurar el vostre navegador perqu\u00e8 us avisi quan t&#8217;envien una galeta.<\/p>\n<p>La configuraci\u00f3 al vostre navegador web normalment mostra una llista de totes les galetes que han estat emmagatzemades per proporcionar-vos una visi\u00f3 general i, si ho desitgeu, per eliminar les galetes no desitjades. Normalment, podeu indicar que accepteu l&#8217;emmagatzematge de galetes dels llocs web que visiteu o de tercers afiliats a aquests llocs web. Tamb\u00e9 podeu escollir ser notificat cada vegada que s&#8217;emmagatzema una nova galeta. Se us proporciona a continuaci\u00f3 orientaci\u00f3 sobre com fer aix\u00f2 en diferents navegadors web. El vostre navegador web emmagatzema normalment cookies en una carpeta espec\u00edfica al vostre disc dur, de manera que pugueu examinar tamb\u00e9 el contingut amb m\u00e9s detall.<\/p>\n<p>No obstant aix\u00f2, les galetes que s\u00f3n presents al lloc web canvien amb freq\u00fc\u00e8ncia, i no totes les galetes s\u00f3n igual d&#8217;importants. Per tant, si <strong>CLINICA DENTAL ABRIL, S.L.P.<\/strong> canvia l&#8217;\u00fas de les galetes de seguiment, se us notificar\u00e0 amb un missatge.<\/p>\n<p>Aix\u00ed mateix, hi ha disponibles serveis que han estat desenvolupats especialment per proporcionar als usuaris una llista actualitzada de galetes i altres mecanismes de seguiment.<\/p>\n<p>Tingueu en compte que si les desactiva, \u00e9s possible que no pugueu gaudir de totes les funcionalitats del nostre lloc web<\/p>\n<p>A continuaci\u00f3, se us presenta un resum de com les dades emmagatzemades localment poden ser gestionades en diferents navegadors web. Tingueu en compte que aquest proc\u00e9s pot canviar i que les descripcions donades aqu\u00ed poden no estar actualitzades.<\/p>\n<h5>Gesti\u00f3 de galetes a Google Chrome<\/h5>\n<ul>\n<li>Com eliminar cookies:\n<ol>\n<li>Aneu a Configuraci\u00f3 al men\u00fa del vostre navegador.<\/li>\n<li>Feu clic a Mostra la configuraci\u00f3 avan\u00e7ada.<\/li>\n<li>Feu clic a Suprimeix les dades de navegaci\u00f3.<\/li>\n<li>Selecciona el per\u00edode de temps per al qual vols eliminar la informaci\u00f3 al men\u00fa a la part superior. Si voleu eliminar totes les galetes al navegador, feu clic a Des de l&#8217;origen dels temps.<\/li>\n<li>Marca galetes i altres dades de llocs i complements.<\/li>\n<li>Feu clic a Suprimeix les dades de navegaci\u00f3.<\/li>\n<li>Tanca la finestra.<\/li>\n<\/ol>\n<\/li>\n<li>Com evitar que les galetes s&#8217;emmagatzemin al navegador web:\n<ol>\n<li>Aneu a Configuraci\u00f3 al men\u00fa del vostre navegador.<\/li>\n<li>Feu clic a Mostra la configuraci\u00f3 avan\u00e7ada i despr\u00e9s feu clic a Configuraci\u00f3 de contingut.<\/li>\n<li>A Cookies, selecciona la teva opci\u00f3 preferida. Si voleu evitar que totes les galetes s&#8217;emmagatzemin, feu clic a No permet que es guardin dades dels llocs.<\/li>\n<li>Feu clic a Fet.<\/li>\n<li>Tanca la finestra.<\/li>\n<\/ol>\n<\/li>\n<\/ul>\n<h5>Gesti\u00f3 de cookies a Safari<\/h5>\n<ul>\n<li>Com eliminar cookies:\n<ol>\n<li>Anar a Prefer\u00e8ncies al men\u00fa del vostre navegador.<\/li>\n<li>Feu clic a la pestanya Privadesa.<\/li>\n<li>Feu clic a Suprimeix totes les dades dels llocs web i feu clic a Suprimeix per suprimir totes les galetes.<\/li>\n<li>Tanca la finestra.<\/li>\n<\/ol>\n<\/li>\n<li>Com evitar que les cookies s&#8217;emmagatzemin al vostre navegador web:\n<ol>\n<li>Ves a Prefer\u00e8ncies al men\u00fa del teu navegador<\/li>\n<li>Feu clic a la pestanya Privadesa.<\/li>\n<li>A Cookies i dades de llocs web selecciona la teva opci\u00f3 preferida. Si voleu evitar que totes les galetes s&#8217;emmagatzemin, feu clic a Bloqueja sempre.<\/li>\n<li>Tanca la finestra.<\/li>\n<\/ol>\n<\/li>\n<\/ul>\n<h5>Gesti\u00f3 de cookies a Mozilla Firefox<\/h5>\n<ul>\n<li>Com eliminar cookies:\n<ol>\n<li>Anar a Opcions al men\u00fa del vostre navegador.<\/li>\n<li>Feu clic a la pestanya Privadesa.<\/li>\n<li>Feu clic a Mostra galetes.<\/li>\n<li>Seleccioneu les galetes que voleu suprimir i feu clic a Suprimeix seleccionades. Feu clic a Suprimeix totes si voleu suprimir totes les galetes al vostre navegador web.<\/li>\n<li>Tanca la finestra. Qualsevol canvi que hagis fet es desar\u00e0 autom\u00e0ticament.<\/li>\n<\/ol>\n<\/li>\n<li>Com evitar que les cookies s&#8217;emmagatzemin al vostre navegador web:\n<ol>\n<li>Anar a Configuraci\u00f3 al men\u00fa del teu navegador.<\/li>\n<li>Seleccioneu la pestanya Privadesa.<\/li>\n<li>A Historial, feu clic a Usa una configuraci\u00f3 personalitzada per a l&#8217;historial.<\/li>\n<li>Seleccioneu les vostres opcions preferides a Permet les galetes de llocs web. Si voleu evitar que totes les galetes s&#8217;emmagatzemin, desactiva la casella Acceptar galetes de llocs web.<\/li>\n<li>Tanca la finestra. Qualsevol canvi que hagis fet es desar\u00e0 autom\u00e0ticament.<\/li>\n<\/ol>\n<\/li>\n<\/ul>\n<h5>Gesti\u00f3 de cookies a Internet Explorer<\/h5>\n<ul>\n<li>Com eliminar cookies:\n<ol>\n<li>Anar a Eines (icona de roda dentada) al men\u00fa del teu navegador.<\/li>\n<li>Feu clic a Propietats d&#8217;Internet.<\/li>\n<li>A la pestanya General &#8211; Historial de navegaci\u00f3, feu clic a Suprimeix.<\/li>\n<li>Assegureu-vos de marcar l&#8217;opci\u00f3 Cookies i dades de llocs web.<\/li>\n<li>Feu clic a Suprimeix.<\/li>\n<li>Feu clic a OK.<\/li>\n<\/ol>\n<\/li>\n<li>Com evitar que les cookies s&#8217;emmagatzemin al vostre navegador web:\n<ol>\n<li>Anar a Eines (icona de roda dentada) al men\u00fa del teu navegador.<\/li>\n<li>Feu clic a Opcions d&#8217;Internet i feu clic a la pestanya Privadesa.<\/li>\n<li>Mou la barra lliscant al nivell desitjat. Si voleu evitar que totes les galetes s&#8217;emmagatzemin, seleccioneu el nivell Bloquejar totes les galetes.<\/li>\n<li>Feu clic a OK.<\/li>\n<\/ol>\n<\/li>\n<\/ul>\n<h5>Gesti\u00f3 de cookies a Opera<\/h5>\n<ul>\n<li>Com eliminar cookies:\n<ol>\n<li>Anar a Configuraci\u00f3 al men\u00fa del teu navegador.<\/li>\n<li>Seleccioneu la pestanya de Privadesa i Seguretat.<\/li>\n<li>Fes clic a Cookies i despr\u00e9s fes clic a Totes les galetes i dades de llocs web.<\/li>\n<li>Seleccioneu les galetes que voleu suprimir i feu clic a Suprimeix. Feu clic a Suprimeix totes si voleu suprimir totes les galetes al vostre navegador web.<\/li>\n<li>Feu clic a Fet.<\/li>\n<li>Tanca la finestra.<\/li>\n<\/ol>\n<\/li>\n<li>Com evitar que les cookies s&#8217;emmagatzemin al vostre navegador web:\n<ol>\n<li>Anar a Configuraci\u00f3 al men\u00fa del teu navegador.<\/li>\n<li>Seleccioneu la pestanya de Privadesa i Seguretat.<\/li>\n<p>A Cookies, selecciona la teva opci\u00f3 preferida. Si voleu evitar que totes les galetes s&#8217;emmagatzemin, feu clic a No permet que es guardin dades dels llocs.<\/p>\n<li>Tanca la finestra.<\/li>\n<\/ol>\n<\/li>\n<\/ul>\n<h5>Informaci\u00f3 de contacte<\/h5>\n<p>Per a m\u00e9s transpar\u00e8ncia, si teniu alguna pregunta relativa a l&#8217;\u00fas de l&#8217;emmagatzematge local del nostre lloc web, poseu-vos en contacte amb nosaltres a <strong>INFO@DENTALABRIL.COM<\/strong>, indicant a l&#8217;assumpte &#8220;Pol\u00edtica de cookies&#8221;<\/p>\n","protected":false},"excerpt":{"rendered":"<p>Informaci\u00f3 General de les cookies La confian\u00e7a de l&#8217;usuari \u00e9s important per a nosaltres, i per tant, aCLINICA DENTAL ABRIL, S.L.P. ens preocupa protegir la seva privadesa. Un aspecte important d&#8217;aix\u00f2 \u00e9s proporcionar-vos tota la informaci\u00f3 possible sobre com utilitzem les vostres dades de car\u00e0cter personal, fins i tot com utilitzem l&#8217;emmagatzematge local de dades [&hellip;]<\/p>\n","protected":false},"author":1,"featured_media":0,"parent":0,"menu_order":0,"comment_status":"closed","ping_status":"closed","template":"","meta":{"_joinchat":[],"footnotes":""},"class_list":["post-11034","page","type-page","status-publish"],"yoast_head":"<!-- This site is optimized with the Yoast SEO plugin v23.1 - https:\/\/yoast.com\/wordpress\/plugins\/seo\/ -->\n<title>Pol\u00edtica de cookies | Cl\u00ednica dental Abril<\/title>\n<meta name=\"robots\" content=\"index, follow, max-snippet:-1, max-image-preview:large, max-video-preview:-1\" \/>\n<link rel=\"canonical\" href=\"https:\/\/dentalabril.com\/politica-de-cookies\/\" \/>\n<meta property=\"og:locale\" content=\"ca_ES\" \/>\n<meta property=\"og:type\" content=\"article\" \/>\n<meta property=\"og:title\" content=\"Pol\u00edtica de cookies | Cl\u00ednica dental Abril\" \/>\n<meta property=\"og:description\" content=\"Informaci\u00f3 General de les cookies La confian\u00e7a de l&#8217;usuari \u00e9s important per a nosaltres, i per tant, aCLINICA DENTAL ABRIL, S.L.P. ens preocupa protegir la seva privadesa. Un aspecte important d&#8217;aix\u00f2 \u00e9s proporcionar-vos tota la informaci\u00f3 possible sobre com utilitzem les vostres dades de car\u00e0cter personal, fins i tot com utilitzem l&#8217;emmagatzematge local de dades [&hellip;]\" \/>\n<meta property=\"og:url\" content=\"https:\/\/dentalabril.com\/politica-de-cookies\/\" \/>\n<meta property=\"og:site_name\" content=\"Cl\u00ednica dental Abril\" \/>\n<meta property=\"article:publisher\" content=\"https:\/\/www.facebook.com\/clinicadentalabril\/\" \/>\n<meta property=\"og:image\" content=\"https:\/\/dentalabril.com\/wp-content\/uploads\/2022\/09\/equipo-clinica-dental-Barcelona-1.png\" \/>\n\t<meta property=\"og:image:width\" content=\"950\" \/>\n\t<meta property=\"og:image:height\" content=\"704\" \/>\n\t<meta property=\"og:image:type\" content=\"image\/png\" \/>\n<meta name=\"twitter:card\" content=\"summary_large_image\" \/>\n<meta name=\"twitter:label1\" content=\"Temps estimat de lectura\" \/>\n\t<meta name=\"twitter:data1\" content=\"8 minuts\" \/>\n<script type=\"application\/ld+json\" class=\"yoast-schema-graph\">{\"@context\":\"https:\/\/schema.org\",\"@graph\":[{\"@type\":\"WebPage\",\"@id\":\"https:\/\/dentalabril.com\/politica-de-cookies\/\",\"url\":\"https:\/\/dentalabril.com\/politica-de-cookies\/\",\"name\":\"Pol\u00edtica de cookies | Cl\u00ednica dental Abril\",\"isPartOf\":{\"@id\":\"https:\/\/dentalabril.com\/#website\"},\"datePublished\":\"2024-07-09T05:14:41+00:00\",\"dateModified\":\"2024-07-09T05:14:41+00:00\",\"breadcrumb\":{\"@id\":\"https:\/\/dentalabril.com\/politica-de-cookies\/#breadcrumb\"},\"inLanguage\":\"ca\",\"potentialAction\":[{\"@type\":\"ReadAction\",\"target\":[\"https:\/\/dentalabril.com\/politica-de-cookies\/\"]}]},{\"@type\":\"BreadcrumbList\",\"@id\":\"https:\/\/dentalabril.com\/politica-de-cookies\/#breadcrumb\",\"itemListElement\":[{\"@type\":\"ListItem\",\"position\":1,\"name\":\"Portada\",\"item\":\"https:\/\/dentalabril.com\/ca\/clinica-dental-abril-a-barcelona\/\"},{\"@type\":\"ListItem\",\"position\":2,\"name\":\"Pol\u00edtica de cookies\"}]},{\"@type\":\"WebSite\",\"@id\":\"https:\/\/dentalabril.com\/#website\",\"url\":\"https:\/\/dentalabril.com\/\",\"name\":\"Cl\u00ednica Dental Abril\",\"description\":\"Tu cl\u00ednica dental en Barcelona\",\"publisher\":{\"@id\":\"https:\/\/dentalabril.com\/#organization\"},\"alternateName\":\"Dental Abril\",\"potentialAction\":[{\"@type\":\"SearchAction\",\"target\":{\"@type\":\"EntryPoint\",\"urlTemplate\":\"https:\/\/dentalabril.com\/?s={search_term_string}\"},\"query-input\":\"required name=search_term_string\"}],\"inLanguage\":\"ca\"},{\"@type\":\"Organization\",\"@id\":\"https:\/\/dentalabril.com\/#organization\",\"name\":\"Cl\u00ednica Dental Abril\",\"alternateName\":\"Dental Abril\",\"url\":\"https:\/\/dentalabril.com\/\",\"logo\":{\"@type\":\"ImageObject\",\"inLanguage\":\"ca\",\"@id\":\"https:\/\/dentalabril.com\/#\/schema\/logo\/image\/\",\"url\":\"https:\/\/dentalabril.com\/wp-content\/uploads\/2023\/03\/BBceBSJt_400x400.jpg\",\"contentUrl\":\"https:\/\/dentalabril.com\/wp-content\/uploads\/2023\/03\/BBceBSJt_400x400.jpg\",\"width\":400,\"height\":400,\"caption\":\"Cl\u00ednica Dental Abril\"},\"image\":{\"@id\":\"https:\/\/dentalabril.com\/#\/schema\/logo\/image\/\"},\"sameAs\":[\"https:\/\/www.facebook.com\/clinicadentalabril\/\",\"https:\/\/www.instagram.com\/dentalabril\/\"]}]}<\/script>\n<!-- \/ Yoast SEO plugin. -->","yoast_head_json":{"title":"Pol\u00edtica de cookies | Cl\u00ednica dental Abril","robots":{"index":"index","follow":"follow","max-snippet":"max-snippet:-1","max-image-preview":"max-image-preview:large","max-video-preview":"max-video-preview:-1"},"canonical":"https:\/\/dentalabril.com\/politica-de-cookies\/","og_locale":"ca_ES","og_type":"article","og_title":"Pol\u00edtica de cookies | Cl\u00ednica dental Abril","og_description":"Informaci\u00f3 General de les cookies La confian\u00e7a de l&#8217;usuari \u00e9s important per a nosaltres, i per tant, aCLINICA DENTAL ABRIL, S.L.P. ens preocupa protegir la seva privadesa. Un aspecte important d&#8217;aix\u00f2 \u00e9s proporcionar-vos tota la informaci\u00f3 possible sobre com utilitzem les vostres dades de car\u00e0cter personal, fins i tot com utilitzem l&#8217;emmagatzematge local de dades [&hellip;]","og_url":"https:\/\/dentalabril.com\/politica-de-cookies\/","og_site_name":"Cl\u00ednica dental Abril","article_publisher":"https:\/\/www.facebook.com\/clinicadentalabril\/","og_image":[{"width":950,"height":704,"url":"https:\/\/dentalabril.com\/wp-content\/uploads\/2022\/09\/equipo-clinica-dental-Barcelona-1.png","type":"image\/png"}],"twitter_card":"summary_large_image","twitter_misc":{"Temps estimat de lectura":"8 minuts"},"schema":{"@context":"https:\/\/schema.org","@graph":[{"@type":"WebPage","@id":"https:\/\/dentalabril.com\/politica-de-cookies\/","url":"https:\/\/dentalabril.com\/politica-de-cookies\/","name":"Pol\u00edtica de cookies | Cl\u00ednica dental Abril","isPartOf":{"@id":"https:\/\/dentalabril.com\/#website"},"datePublished":"2024-07-09T05:14:41+00:00","dateModified":"2024-07-09T05:14:41+00:00","breadcrumb":{"@id":"https:\/\/dentalabril.com\/politica-de-cookies\/#breadcrumb"},"inLanguage":"ca","potentialAction":[{"@type":"ReadAction","target":["https:\/\/dentalabril.com\/politica-de-cookies\/"]}]},{"@type":"BreadcrumbList","@id":"https:\/\/dentalabril.com\/politica-de-cookies\/#breadcrumb","itemListElement":[{"@type":"ListItem","position":1,"name":"Portada","item":"https:\/\/dentalabril.com\/ca\/clinica-dental-abril-a-barcelona\/"},{"@type":"ListItem","position":2,"name":"Pol\u00edtica de cookies"}]},{"@type":"WebSite","@id":"https:\/\/dentalabril.com\/#website","url":"https:\/\/dentalabril.com\/","name":"Cl\u00ednica Dental Abril","description":"Tu cl\u00ednica dental en Barcelona","publisher":{"@id":"https:\/\/dentalabril.com\/#organization"},"alternateName":"Dental Abril","potentialAction":[{"@type":"SearchAction","target":{"@type":"EntryPoint","urlTemplate":"https:\/\/dentalabril.com\/?s={search_term_string}"},"query-input":"required name=search_term_string"}],"inLanguage":"ca"},{"@type":"Organization","@id":"https:\/\/dentalabril.com\/#organization","name":"Cl\u00ednica Dental Abril","alternateName":"Dental Abril","url":"https:\/\/dentalabril.com\/","logo":{"@type":"ImageObject","inLanguage":"ca","@id":"https:\/\/dentalabril.com\/#\/schema\/logo\/image\/","url":"https:\/\/dentalabril.com\/wp-content\/uploads\/2023\/03\/BBceBSJt_400x400.jpg","contentUrl":"https:\/\/dentalabril.com\/wp-content\/uploads\/2023\/03\/BBceBSJt_400x400.jpg","width":400,"height":400,"caption":"Cl\u00ednica Dental Abril"},"image":{"@id":"https:\/\/dentalabril.com\/#\/schema\/logo\/image\/"},"sameAs":["https:\/\/www.facebook.com\/clinicadentalabril\/","https:\/\/www.instagram.com\/dentalabril\/"]}]}},"_links":{"self":[{"href":"https:\/\/dentalabril.com\/ca\/wp-json\/wp\/v2\/pages\/11034"}],"collection":[{"href":"https:\/\/dentalabril.com\/ca\/wp-json\/wp\/v2\/pages"}],"about":[{"href":"https:\/\/dentalabril.com\/ca\/wp-json\/wp\/v2\/types\/page"}],"author":[{"embeddable":true,"href":"https:\/\/dentalabril.com\/ca\/wp-json\/wp\/v2\/users\/1"}],"replies":[{"embeddable":true,"href":"https:\/\/dentalabril.com\/ca\/wp-json\/wp\/v2\/comments?post=11034"}],"version-history":[{"count":0,"href":"https:\/\/dentalabril.com\/ca\/wp-json\/wp\/v2\/pages\/11034\/revisions"}],"wp:attachment":[{"href":"https:\/\/dentalabril.com\/ca\/wp-json\/wp\/v2\/media?parent=11034"}],"curies":[{"name":"wp","href":"https:\/\/api.w.org\/{rel}","templated":true}]}}