{"id":11033,"date":"2024-07-09T07:03:53","date_gmt":"2024-07-09T05:03:53","guid":{"rendered":"https:\/\/dentalabril.com\/odontopediatria-per-sistema-all-on-4\/"},"modified":"2024-07-09T08:13:08","modified_gmt":"2024-07-09T06:13:08","slug":"odontopediatria-per-sistema-all-on-4","status":"publish","type":"page","link":"https:\/\/dentalabril.com\/ca\/odontopediatria-per-sistema-all-on-4\/","title":{"rendered":"Sistema All-on-4\u00ae"},"content":{"rendered":"<p><a href=\"https:\/\/dentalabril.com\/wp-content\/uploads\/2024\/07\/ALL-ON-4.jpg\"><img fetchpriority=\"high\" decoding=\"async\" class=\"alignnone size-full wp-image-10967\" src=\"https:\/\/dentalabril.com\/wp-content\/uploads\/2024\/07\/ALL-ON-4.jpg\" alt=\"\" width=\"957\" height=\"489\" srcset=\"https:\/\/dentalabril.com\/wp-content\/uploads\/2024\/07\/ALL-ON-4.jpg 957w, https:\/\/dentalabril.com\/wp-content\/uploads\/2024\/07\/ALL-ON-4-300x153.jpg 300w, https:\/\/dentalabril.com\/wp-content\/uploads\/2024\/07\/ALL-ON-4-768x392.jpg 768w, https:\/\/dentalabril.com\/wp-content\/uploads\/2024\/07\/ALL-ON-4-636x325.jpg 636w, https:\/\/dentalabril.com\/wp-content\/uploads\/2024\/07\/ALL-ON-4-320x164.jpg 320w, https:\/\/dentalabril.com\/wp-content\/uploads\/2024\/07\/ALL-ON-4-239x122.jpg 239w\" sizes=\"(max-width: 957px) 100vw, 957px\" \/><\/a><\/p>\n<h2><strong>Implants all on 4<\/strong><\/h2>\n<p>La t\u00e8cnica <strong>ALL \u2013 ON \u2013 4 <\/strong>suposa una revoluci\u00f3 per a aquells pacients que tenen poc volum ossi i volen evitar intervencions m\u00e9s complexes<\/p>\n<p><strong>All on 4 <\/strong>\u00e9s una t\u00e8cnica quir\u00fargica senzilla per\u00f2 completament revolucion\u00e0ria, que permet en el cas de pacients desdentats totals i amb poc os, la col\u00b7locaci\u00f3 de 4 implants i una pr\u00f2tesi fixa tot el mateix dia.<\/p>\n<p>Una altra possibilitat molt m\u00e9s nova encara \u00e9s <strong>la cirurgia guiada per ordinador.<\/strong><\/p>\n<h2><\/h2>\n<h2><strong>Cirurgia d&#8217;implants guiada per ordinador<\/strong><\/h2>\n<p>\u00c9s un procediment sense penjall, es col\u00b7loquen els implants a trav\u00e9s de la geniva, per la qual cosa \u00e9s m\u00ednimament invasiu i redueix el dolor i la inflamaci\u00f3 a la seva m\u00ednima expressi\u00f3, aconseguint el m\u00e0xim confort del pacient que ja surt de la nostra cl\u00ednica amb la seva cl\u00ednica <strong>\u201ctercera dentici\u00f3\u201d<\/strong>.<\/p>\n<p>El sistema <strong>Nobel Guide<\/strong> permet planificar amb excel\u00b7lent precisi\u00f3 una cirurgia sense penjall. \u00c9s possible col\u00b7locar els implants i la pr\u00f2tesi el mateix dia sense necessitat d&#8217;obrir la geniva ni de donar punts de sutura.<\/p>\n<p>Per poder realitzar aquestes t\u00e8cniques sempre ser\u00e0 imprescindible un estudi i una planificaci\u00f3 pr\u00e8via del cas per assegurar-nos que la qualitat i la quantitat d&#8217;os existent ens garanteixi una estabilitat prim\u00e0ria dels implants.<\/p>\n<p>L&#8217;avantatge principal d&#8217;aquestes noves t\u00e8cniques \u00e9s la reducci\u00f3 del temps d&#8217;espera, i els pacients que han estat portadors de pr\u00f2tesis completes ho agraeixen, ja que un cop es decideixen al tractament, ja no tornen a sortir de la cl\u00ednica amb la dentadura de treu i posa, sin\u00f3 amb dents fixes. La funci\u00f3 masticat\u00f2ria es veur\u00e0 millorada immediatament, tamb\u00e9 cal destacar que hi ha una millor remineralitzaci\u00f3 \u00f2ssia al voltant dels implants amb c\u00e0rrega immediata i que la taxa d&#8217;\u00e8xit \u00e9s igual que amb el tractament convencional.<\/p>\n","protected":false},"excerpt":{"rendered":"<p>Implants all on 4 La t\u00e8cnica ALL \u2013 ON \u2013 4 suposa una revoluci\u00f3 per a aquells pacients que tenen poc volum ossi i volen evitar intervencions m\u00e9s complexes All on 4 \u00e9s una t\u00e8cnica quir\u00fargica senzilla per\u00f2 completament revolucion\u00e0ria, que permet en el cas de pacients desdentats totals i amb poc os, la col\u00b7locaci\u00f3 [&hellip;]<\/p>\n","protected":false},"author":4,"featured_media":0,"parent":0,"menu_order":0,"comment_status":"open","ping_status":"open","template":"","meta":{"_joinchat":[],"footnotes":""},"class_list":["post-11033","page","type-page","status-publish"],"yoast_head":"<!-- This site is optimized with the Yoast SEO plugin v23.1 - https:\/\/yoast.com\/wordpress\/plugins\/seo\/ -->\n<title>Sistema All-on-4\u00ae | Cl\u00ednica dental Abril<\/title>\n<meta name=\"robots\" content=\"index, follow, max-snippet:-1, max-image-preview:large, max-video-preview:-1\" \/>\n<link rel=\"canonical\" href=\"https:\/\/dentalabril.com\/ca\/odontopediatria-per-sistema-all-on-4\/\" \/>\n<meta property=\"og:locale\" content=\"ca_ES\" \/>\n<meta property=\"og:type\" content=\"article\" \/>\n<meta property=\"og:title\" content=\"Sistema All-on-4\u00ae | Cl\u00ednica dental Abril\" \/>\n<meta property=\"og:description\" content=\"Implants all on 4 La t\u00e8cnica ALL \u2013 ON \u2013 4 suposa una revoluci\u00f3 per a aquells pacients que tenen poc volum ossi i volen evitar intervencions m\u00e9s complexes All on 4 \u00e9s una t\u00e8cnica quir\u00fargica senzilla per\u00f2 completament revolucion\u00e0ria, que permet en el cas de pacients desdentats totals i amb poc os, la col\u00b7locaci\u00f3 [&hellip;]\" \/>\n<meta property=\"og:url\" content=\"https:\/\/dentalabril.com\/ca\/odontopediatria-per-sistema-all-on-4\/\" \/>\n<meta property=\"og:site_name\" content=\"Cl\u00ednica dental Abril\" \/>\n<meta property=\"article:publisher\" content=\"https:\/\/www.facebook.com\/clinicadentalabril\/\" \/>\n<meta property=\"article:modified_time\" content=\"2024-07-09T06:13:08+00:00\" \/>\n<meta property=\"og:image\" content=\"https:\/\/dentalabril.com\/wp-content\/uploads\/2024\/07\/ALL-ON-4.jpg\" \/>\n<meta name=\"twitter:card\" content=\"summary_large_image\" \/>\n<meta name=\"twitter:label1\" content=\"Temps estimat de lectura\" \/>\n\t<meta name=\"twitter:data1\" content=\"2 minuts\" \/>\n<script type=\"application\/ld+json\" class=\"yoast-schema-graph\">{\"@context\":\"https:\/\/schema.org\",\"@graph\":[{\"@type\":\"WebPage\",\"@id\":\"https:\/\/dentalabril.com\/ca\/odontopediatria-per-sistema-all-on-4\/\",\"url\":\"https:\/\/dentalabril.com\/ca\/odontopediatria-per-sistema-all-on-4\/\",\"name\":\"Sistema All-on-4\u00ae | Cl\u00ednica dental Abril\",\"isPartOf\":{\"@id\":\"https:\/\/dentalabril.com\/#website\"},\"primaryImageOfPage\":{\"@id\":\"https:\/\/dentalabril.com\/ca\/odontopediatria-per-sistema-all-on-4\/#primaryimage\"},\"image\":{\"@id\":\"https:\/\/dentalabril.com\/ca\/odontopediatria-per-sistema-all-on-4\/#primaryimage\"},\"thumbnailUrl\":\"https:\/\/dentalabril.com\/wp-content\/uploads\/2024\/07\/ALL-ON-4.jpg\",\"datePublished\":\"2024-07-09T05:03:53+00:00\",\"dateModified\":\"2024-07-09T06:13:08+00:00\",\"breadcrumb\":{\"@id\":\"https:\/\/dentalabril.com\/ca\/odontopediatria-per-sistema-all-on-4\/#breadcrumb\"},\"inLanguage\":\"ca\",\"potentialAction\":[{\"@type\":\"ReadAction\",\"target\":[\"https:\/\/dentalabril.com\/ca\/odontopediatria-per-sistema-all-on-4\/\"]}]},{\"@type\":\"ImageObject\",\"inLanguage\":\"ca\",\"@id\":\"https:\/\/dentalabril.com\/ca\/odontopediatria-per-sistema-all-on-4\/#primaryimage\",\"url\":\"https:\/\/dentalabril.com\/wp-content\/uploads\/2024\/07\/ALL-ON-4.jpg\",\"contentUrl\":\"https:\/\/dentalabril.com\/wp-content\/uploads\/2024\/07\/ALL-ON-4.jpg\"},{\"@type\":\"BreadcrumbList\",\"@id\":\"https:\/\/dentalabril.com\/ca\/odontopediatria-per-sistema-all-on-4\/#breadcrumb\",\"itemListElement\":[{\"@type\":\"ListItem\",\"position\":1,\"name\":\"Portada\",\"item\":\"https:\/\/dentalabril.com\/ca\/clinica-dental-abril-a-barcelona\/\"},{\"@type\":\"ListItem\",\"position\":2,\"name\":\"Sistema All-on-4\u00ae\"}]},{\"@type\":\"WebSite\",\"@id\":\"https:\/\/dentalabril.com\/#website\",\"url\":\"https:\/\/dentalabril.com\/\",\"name\":\"Cl\u00ednica Dental Abril\",\"description\":\"Tu cl\u00ednica dental en Barcelona\",\"publisher\":{\"@id\":\"https:\/\/dentalabril.com\/#organization\"},\"alternateName\":\"Dental Abril\",\"potentialAction\":[{\"@type\":\"SearchAction\",\"target\":{\"@type\":\"EntryPoint\",\"urlTemplate\":\"https:\/\/dentalabril.com\/?s={search_term_string}\"},\"query-input\":\"required name=search_term_string\"}],\"inLanguage\":\"ca\"},{\"@type\":\"Organization\",\"@id\":\"https:\/\/dentalabril.com\/#organization\",\"name\":\"Cl\u00ednica Dental Abril\",\"alternateName\":\"Dental Abril\",\"url\":\"https:\/\/dentalabril.com\/\",\"logo\":{\"@type\":\"ImageObject\",\"inLanguage\":\"ca\",\"@id\":\"https:\/\/dentalabril.com\/#\/schema\/logo\/image\/\",\"url\":\"https:\/\/dentalabril.com\/wp-content\/uploads\/2023\/03\/BBceBSJt_400x400.jpg\",\"contentUrl\":\"https:\/\/dentalabril.com\/wp-content\/uploads\/2023\/03\/BBceBSJt_400x400.jpg\",\"width\":400,\"height\":400,\"caption\":\"Cl\u00ednica Dental Abril\"},\"image\":{\"@id\":\"https:\/\/dentalabril.com\/#\/schema\/logo\/image\/\"},\"sameAs\":[\"https:\/\/www.facebook.com\/clinicadentalabril\/\",\"https:\/\/www.instagram.com\/dentalabril\/\"]}]}<\/script>\n<!-- \/ Yoast SEO plugin. -->","yoast_head_json":{"title":"Sistema All-on-4\u00ae | Cl\u00ednica dental Abril","robots":{"index":"index","follow":"follow","max-snippet":"max-snippet:-1","max-image-preview":"max-image-preview:large","max-video-preview":"max-video-preview:-1"},"canonical":"https:\/\/dentalabril.com\/ca\/odontopediatria-per-sistema-all-on-4\/","og_locale":"ca_ES","og_type":"article","og_title":"Sistema All-on-4\u00ae | Cl\u00ednica dental Abril","og_description":"Implants all on 4 La t\u00e8cnica ALL \u2013 ON \u2013 4 suposa una revoluci\u00f3 per a aquells pacients que tenen poc volum ossi i volen evitar intervencions m\u00e9s complexes All on 4 \u00e9s una t\u00e8cnica quir\u00fargica senzilla per\u00f2 completament revolucion\u00e0ria, que permet en el cas de pacients desdentats totals i amb poc os, la col\u00b7locaci\u00f3 [&hellip;]","og_url":"https:\/\/dentalabril.com\/ca\/odontopediatria-per-sistema-all-on-4\/","og_site_name":"Cl\u00ednica dental Abril","article_publisher":"https:\/\/www.facebook.com\/clinicadentalabril\/","article_modified_time":"2024-07-09T06:13:08+00:00","og_image":[{"url":"https:\/\/dentalabril.com\/wp-content\/uploads\/2024\/07\/ALL-ON-4.jpg"}],"twitter_card":"summary_large_image","twitter_misc":{"Temps estimat de lectura":"2 minuts"},"schema":{"@context":"https:\/\/schema.org","@graph":[{"@type":"WebPage","@id":"https:\/\/dentalabril.com\/ca\/odontopediatria-per-sistema-all-on-4\/","url":"https:\/\/dentalabril.com\/ca\/odontopediatria-per-sistema-all-on-4\/","name":"Sistema All-on-4\u00ae | Cl\u00ednica dental Abril","isPartOf":{"@id":"https:\/\/dentalabril.com\/#website"},"primaryImageOfPage":{"@id":"https:\/\/dentalabril.com\/ca\/odontopediatria-per-sistema-all-on-4\/#primaryimage"},"image":{"@id":"https:\/\/dentalabril.com\/ca\/odontopediatria-per-sistema-all-on-4\/#primaryimage"},"thumbnailUrl":"https:\/\/dentalabril.com\/wp-content\/uploads\/2024\/07\/ALL-ON-4.jpg","datePublished":"2024-07-09T05:03:53+00:00","dateModified":"2024-07-09T06:13:08+00:00","breadcrumb":{"@id":"https:\/\/dentalabril.com\/ca\/odontopediatria-per-sistema-all-on-4\/#breadcrumb"},"inLanguage":"ca","potentialAction":[{"@type":"ReadAction","target":["https:\/\/dentalabril.com\/ca\/odontopediatria-per-sistema-all-on-4\/"]}]},{"@type":"ImageObject","inLanguage":"ca","@id":"https:\/\/dentalabril.com\/ca\/odontopediatria-per-sistema-all-on-4\/#primaryimage","url":"https:\/\/dentalabril.com\/wp-content\/uploads\/2024\/07\/ALL-ON-4.jpg","contentUrl":"https:\/\/dentalabril.com\/wp-content\/uploads\/2024\/07\/ALL-ON-4.jpg"},{"@type":"BreadcrumbList","@id":"https:\/\/dentalabril.com\/ca\/odontopediatria-per-sistema-all-on-4\/#breadcrumb","itemListElement":[{"@type":"ListItem","position":1,"name":"Portada","item":"https:\/\/dentalabril.com\/ca\/clinica-dental-abril-a-barcelona\/"},{"@type":"ListItem","position":2,"name":"Sistema All-on-4\u00ae"}]},{"@type":"WebSite","@id":"https:\/\/dentalabril.com\/#website","url":"https:\/\/dentalabril.com\/","name":"Cl\u00ednica Dental Abril","description":"Tu cl\u00ednica dental en Barcelona","publisher":{"@id":"https:\/\/dentalabril.com\/#organization"},"alternateName":"Dental Abril","potentialAction":[{"@type":"SearchAction","target":{"@type":"EntryPoint","urlTemplate":"https:\/\/dentalabril.com\/?s={search_term_string}"},"query-input":"required name=search_term_string"}],"inLanguage":"ca"},{"@type":"Organization","@id":"https:\/\/dentalabril.com\/#organization","name":"Cl\u00ednica Dental Abril","alternateName":"Dental Abril","url":"https:\/\/dentalabril.com\/","logo":{"@type":"ImageObject","inLanguage":"ca","@id":"https:\/\/dentalabril.com\/#\/schema\/logo\/image\/","url":"https:\/\/dentalabril.com\/wp-content\/uploads\/2023\/03\/BBceBSJt_400x400.jpg","contentUrl":"https:\/\/dentalabril.com\/wp-content\/uploads\/2023\/03\/BBceBSJt_400x400.jpg","width":400,"height":400,"caption":"Cl\u00ednica Dental Abril"},"image":{"@id":"https:\/\/dentalabril.com\/#\/schema\/logo\/image\/"},"sameAs":["https:\/\/www.facebook.com\/clinicadentalabril\/","https:\/\/www.instagram.com\/dentalabril\/"]}]}},"_links":{"self":[{"href":"https:\/\/dentalabril.com\/ca\/wp-json\/wp\/v2\/pages\/11033"}],"collection":[{"href":"https:\/\/dentalabril.com\/ca\/wp-json\/wp\/v2\/pages"}],"about":[{"href":"https:\/\/dentalabril.com\/ca\/wp-json\/wp\/v2\/types\/page"}],"author":[{"embeddable":true,"href":"https:\/\/dentalabril.com\/ca\/wp-json\/wp\/v2\/users\/4"}],"replies":[{"embeddable":true,"href":"https:\/\/dentalabril.com\/ca\/wp-json\/wp\/v2\/comments?post=11033"}],"version-history":[{"count":1,"href":"https:\/\/dentalabril.com\/ca\/wp-json\/wp\/v2\/pages\/11033\/revisions"}],"predecessor-version":[{"id":11054,"href":"https:\/\/dentalabril.com\/ca\/wp-json\/wp\/v2\/pages\/11033\/revisions\/11054"}],"wp:attachment":[{"href":"https:\/\/dentalabril.com\/ca\/wp-json\/wp\/v2\/media?parent=11033"}],"curies":[{"name":"wp","href":"https:\/\/api.w.org\/{rel}","templated":true}]}}