{"id":11031,"date":"2024-07-09T07:01:14","date_gmt":"2024-07-09T05:01:14","guid":{"rendered":"https:\/\/dentalabril.com\/la-clinica\/"},"modified":"2024-07-09T07:01:14","modified_gmt":"2024-07-09T05:01:14","slug":"la-clinica","status":"publish","type":"page","link":"https:\/\/dentalabril.com\/ca\/la-clinica\/","title":{"rendered":"La cl\u00ednica"},"content":{"rendered":"<style type=\"text\/css\" scoped=\"scoped\">#g1-section-1.g1-section {background-repeat:repeat; background-position:center top; background-attachment:static;}<\/style><div id=\"g1-section-1\" class=\"g1-section \"><div class=\"g1-layout-inner\">\n<p style=\"text-align: justify;\">Al llarg d&#8217;aquests vint anys a la cl\u00ednica dental Abril hem apostat per una formaci\u00f3 continuada del nostre equip professional, per tal d&#8217;arribar als nostres pacients amb les darreres solucions odontol\u00f2giques.<\/p>\n<p style=\"text-align: justify;\">Sens dubte, la clau del nostre \u00e8xit es recolza en la proximitat i el tracte hum\u00e0, tan important en els nostres temps com el comprom\u00eds de brindar la m\u00e0xima garantia i confian\u00e7a a l&#8217;hora de fer un tractament dental.<\/p>\n<p style=\"text-align: justify;\">Ens agrada oferir un tracte familiar, directe i personalitzat, els pacients que ens coneixen saben del que estem parlant i aix\u00ed ho han experimentat. Aix\u00f2 \u00e9s el que veritablement ens diferencia de les macrocl\u00edniques, saber que el pacient sempre es trobar\u00e0 amb el seu dentista habitual, cosa que li genera un alt grau de confian\u00e7a.<\/p>\n<p style=\"text-align: justify;\">En el nostre concepte d&#8217;odontologia hi conflueixen el coneixement cient\u00edfic per restablir la salut bucal i l&#8217;art de l&#8217;est\u00e8tica dental per tornar el somriure, l&#8217;harmonia i la seguretat en un mateix.<\/p>\n<p style=\"text-align: justify;\">El nostre objectiu \u00e9s oferir a tots els nostres pacients la millor soluci\u00f3 treballant en equip i tenint com a pilars les especialitats dentals, eines imprescindibles per fer \u00e8mfasi en el diagn\u00f2stic, planificaci\u00f3 i seq\u00fc\u00e8ncia de tractament.<\/p>\n<blockquote><p><i>\u201cL&#8217;art \u00e9s llarg, la vida breu, l&#8217;ocasi\u00f3 fuga\u00e7<\/i><i>el judici dif\u00edcil i l&#8217;intent arriscat\u201d.<\/i><br \/>\n<b><i>Hip\u00f2crates.<\/i><\/b><\/p><\/blockquote>\n<figure id='gallery-1' class='gallery galleryid-11031 gallery-columns-3 gallery-size-full'><ol><li class='gallery-item'>\n\t\t\t<div class='gallery-icon landscape'>\n\t\t\t\t<a data-g1-lightbox=\"gallery-266476852\" href='https:\/\/dentalabril.com\/wp-content\/uploads\/2015\/05\/clinica-barcelona9.jpg'><img fetchpriority=\"high\" decoding=\"async\" width=\"980\" height=\"500\" src=\"https:\/\/dentalabril.com\/wp-content\/uploads\/2015\/05\/clinica-barcelona9.jpg\" class=\"attachment-full size-full\" alt=\"\" srcset=\"https:\/\/dentalabril.com\/wp-content\/uploads\/2015\/05\/clinica-barcelona9.jpg 980w, https:\/\/dentalabril.com\/wp-content\/uploads\/2015\/05\/clinica-barcelona9-300x153.jpg 300w, https:\/\/dentalabril.com\/wp-content\/uploads\/2015\/05\/clinica-barcelona9-968x494.jpg 968w, https:\/\/dentalabril.com\/wp-content\/uploads\/2015\/05\/clinica-barcelona9-636x324.jpg 636w, https:\/\/dentalabril.com\/wp-content\/uploads\/2015\/05\/clinica-barcelona9-320x163.jpg 320w, https:\/\/dentalabril.com\/wp-content\/uploads\/2015\/05\/clinica-barcelona9-239x122.jpg 239w\" sizes=\"(max-width: 980px) 100vw, 980px\" \/><\/a>\n\t\t\t<\/div><\/li><li class='gallery-item'>\n\t\t\t<div class='gallery-icon landscape'>\n\t\t\t\t<a data-g1-lightbox=\"gallery-266476852\" href='https:\/\/dentalabril.com\/wp-content\/uploads\/2015\/05\/clinica-barcelona.jpg'><img decoding=\"async\" width=\"980\" height=\"500\" src=\"https:\/\/dentalabril.com\/wp-content\/uploads\/2015\/05\/clinica-barcelona.jpg\" class=\"attachment-full size-full\" alt=\"\" srcset=\"https:\/\/dentalabril.com\/wp-content\/uploads\/2015\/05\/clinica-barcelona.jpg 980w, https:\/\/dentalabril.com\/wp-content\/uploads\/2015\/05\/clinica-barcelona-300x153.jpg 300w, https:\/\/dentalabril.com\/wp-content\/uploads\/2015\/05\/clinica-barcelona-968x494.jpg 968w, https:\/\/dentalabril.com\/wp-content\/uploads\/2015\/05\/clinica-barcelona-636x324.jpg 636w, https:\/\/dentalabril.com\/wp-content\/uploads\/2015\/05\/clinica-barcelona-320x163.jpg 320w, https:\/\/dentalabril.com\/wp-content\/uploads\/2015\/05\/clinica-barcelona-239x122.jpg 239w\" sizes=\"(max-width: 980px) 100vw, 980px\" \/><\/a>\n\t\t\t<\/div><\/li><li class='gallery-item'>\n\t\t\t<div class='gallery-icon landscape'>\n\t\t\t\t<a data-g1-lightbox=\"gallery-266476852\" href='https:\/\/dentalabril.com\/wp-content\/uploads\/2015\/05\/clinica-barcelona4.jpg'><img decoding=\"async\" width=\"980\" height=\"500\" src=\"https:\/\/dentalabril.com\/wp-content\/uploads\/2015\/05\/clinica-barcelona4.jpg\" class=\"attachment-full size-full\" alt=\"\" srcset=\"https:\/\/dentalabril.com\/wp-content\/uploads\/2015\/05\/clinica-barcelona4.jpg 980w, https:\/\/dentalabril.com\/wp-content\/uploads\/2015\/05\/clinica-barcelona4-300x153.jpg 300w, https:\/\/dentalabril.com\/wp-content\/uploads\/2015\/05\/clinica-barcelona4-968x494.jpg 968w, https:\/\/dentalabril.com\/wp-content\/uploads\/2015\/05\/clinica-barcelona4-636x324.jpg 636w, https:\/\/dentalabril.com\/wp-content\/uploads\/2015\/05\/clinica-barcelona4-320x163.jpg 320w, https:\/\/dentalabril.com\/wp-content\/uploads\/2015\/05\/clinica-barcelona4-239x122.jpg 239w\" sizes=\"(max-width: 980px) 100vw, 980px\" \/><\/a>\n\t\t\t<\/div><\/li><li class='gallery-item'>\n\t\t\t<div class='gallery-icon landscape'>\n\t\t\t\t<a data-g1-lightbox=\"gallery-266476852\" href='https:\/\/dentalabril.com\/wp-content\/uploads\/2015\/05\/clinica-barcelona8.jpg'><img loading=\"lazy\" decoding=\"async\" width=\"980\" height=\"500\" src=\"https:\/\/dentalabril.com\/wp-content\/uploads\/2015\/05\/clinica-barcelona8.jpg\" class=\"attachment-full size-full\" alt=\"\" srcset=\"https:\/\/dentalabril.com\/wp-content\/uploads\/2015\/05\/clinica-barcelona8.jpg 980w, https:\/\/dentalabril.com\/wp-content\/uploads\/2015\/05\/clinica-barcelona8-300x153.jpg 300w, https:\/\/dentalabril.com\/wp-content\/uploads\/2015\/05\/clinica-barcelona8-968x494.jpg 968w, https:\/\/dentalabril.com\/wp-content\/uploads\/2015\/05\/clinica-barcelona8-636x324.jpg 636w, https:\/\/dentalabril.com\/wp-content\/uploads\/2015\/05\/clinica-barcelona8-320x163.jpg 320w, https:\/\/dentalabril.com\/wp-content\/uploads\/2015\/05\/clinica-barcelona8-239x122.jpg 239w\" sizes=\"(max-width: 980px) 100vw, 980px\" \/><\/a>\n\t\t\t<\/div><\/li><li class='gallery-item'>\n\t\t\t<div class='gallery-icon landscape'>\n\t\t\t\t<a data-g1-lightbox=\"gallery-266476852\" href='https:\/\/dentalabril.com\/wp-content\/uploads\/2015\/05\/clinica-barcelona5.jpg'><img loading=\"lazy\" decoding=\"async\" width=\"980\" height=\"500\" src=\"https:\/\/dentalabril.com\/wp-content\/uploads\/2015\/05\/clinica-barcelona5.jpg\" class=\"attachment-full size-full\" alt=\"\" srcset=\"https:\/\/dentalabril.com\/wp-content\/uploads\/2015\/05\/clinica-barcelona5.jpg 980w, https:\/\/dentalabril.com\/wp-content\/uploads\/2015\/05\/clinica-barcelona5-300x153.jpg 300w, https:\/\/dentalabril.com\/wp-content\/uploads\/2015\/05\/clinica-barcelona5-968x494.jpg 968w, https:\/\/dentalabril.com\/wp-content\/uploads\/2015\/05\/clinica-barcelona5-636x324.jpg 636w, https:\/\/dentalabril.com\/wp-content\/uploads\/2015\/05\/clinica-barcelona5-320x163.jpg 320w, https:\/\/dentalabril.com\/wp-content\/uploads\/2015\/05\/clinica-barcelona5-239x122.jpg 239w\" sizes=\"(max-width: 980px) 100vw, 980px\" \/><\/a>\n\t\t\t<\/div><\/li><li class='gallery-item'>\n\t\t\t<div class='gallery-icon landscape'>\n\t\t\t\t<a data-g1-lightbox=\"gallery-266476852\" href='https:\/\/dentalabril.com\/wp-content\/uploads\/2015\/05\/clinica-barcelona2.jpg'><img loading=\"lazy\" decoding=\"async\" width=\"980\" height=\"500\" src=\"https:\/\/dentalabril.com\/wp-content\/uploads\/2015\/05\/clinica-barcelona2.jpg\" class=\"attachment-full size-full\" alt=\"\" srcset=\"https:\/\/dentalabril.com\/wp-content\/uploads\/2015\/05\/clinica-barcelona2.jpg 980w, https:\/\/dentalabril.com\/wp-content\/uploads\/2015\/05\/clinica-barcelona2-300x153.jpg 300w, https:\/\/dentalabril.com\/wp-content\/uploads\/2015\/05\/clinica-barcelona2-968x494.jpg 968w, https:\/\/dentalabril.com\/wp-content\/uploads\/2015\/05\/clinica-barcelona2-636x324.jpg 636w, https:\/\/dentalabril.com\/wp-content\/uploads\/2015\/05\/clinica-barcelona2-320x163.jpg 320w, https:\/\/dentalabril.com\/wp-content\/uploads\/2015\/05\/clinica-barcelona2-239x122.jpg 239w\" sizes=\"(max-width: 980px) 100vw, 980px\" \/><\/a>\n\t\t\t<\/div><\/li><li class='gallery-item'>\n\t\t\t<div class='gallery-icon landscape'>\n\t\t\t\t<a data-g1-lightbox=\"gallery-266476852\" href='https:\/\/dentalabril.com\/wp-content\/uploads\/2015\/05\/profesionales1.jpg'><img loading=\"lazy\" decoding=\"async\" width=\"304\" height=\"196\" src=\"https:\/\/dentalabril.com\/wp-content\/uploads\/2015\/05\/profesionales1.jpg\" class=\"attachment-full size-full\" alt=\"\" srcset=\"https:\/\/dentalabril.com\/wp-content\/uploads\/2015\/05\/profesionales1.jpg 304w, https:\/\/dentalabril.com\/wp-content\/uploads\/2015\/05\/profesionales1-300x193.jpg 300w, https:\/\/dentalabril.com\/wp-content\/uploads\/2015\/05\/profesionales1-279x180.jpg 279w, https:\/\/dentalabril.com\/wp-content\/uploads\/2015\/05\/profesionales1-208x134.jpg 208w, https:\/\/dentalabril.com\/wp-content\/uploads\/2015\/05\/profesionales1-239x154.jpg 239w, https:\/\/dentalabril.com\/wp-content\/uploads\/2015\/05\/profesionales1-55x35.jpg 55w\" sizes=\"(max-width: 304px) 100vw, 304px\" \/><\/a>\n\t\t\t<\/div><\/li><li class='gallery-item'>\n\t\t\t<div class='gallery-icon landscape'>\n\t\t\t\t<a data-g1-lightbox=\"gallery-266476852\" href='https:\/\/dentalabril.com\/wp-content\/uploads\/2015\/05\/clinica1.jpg'><img loading=\"lazy\" decoding=\"async\" width=\"304\" height=\"196\" src=\"https:\/\/dentalabril.com\/wp-content\/uploads\/2015\/05\/clinica1.jpg\" class=\"attachment-full size-full\" alt=\"\" srcset=\"https:\/\/dentalabril.com\/wp-content\/uploads\/2015\/05\/clinica1.jpg 304w, https:\/\/dentalabril.com\/wp-content\/uploads\/2015\/05\/clinica1-300x193.jpg 300w, https:\/\/dentalabril.com\/wp-content\/uploads\/2015\/05\/clinica1-239x154.jpg 239w\" sizes=\"(max-width: 304px) 100vw, 304px\" \/><\/a>\n\t\t\t<\/div><\/li>\n\t\t\t\n\t\t<\/ol><\/figure>\n<\/div><\/div>\n","protected":false},"excerpt":{"rendered":"","protected":false},"author":4,"featured_media":0,"parent":0,"menu_order":0,"comment_status":"closed","ping_status":"closed","template":"g1_template_page_full_sections.php","meta":{"_joinchat":[],"footnotes":""},"class_list":["post-11031","page","type-page","status-publish"],"yoast_head":"<!-- This site is optimized with the Yoast SEO plugin v23.1 - https:\/\/yoast.com\/wordpress\/plugins\/seo\/ -->\n<title>La cl\u00ednica | Cl\u00ednica dental Abril<\/title>\n<meta name=\"robots\" content=\"index, follow, max-snippet:-1, max-image-preview:large, max-video-preview:-1\" \/>\n<link rel=\"canonical\" href=\"https:\/\/dentalabril.com\/la-clinica\/\" \/>\n<meta property=\"og:locale\" content=\"ca_ES\" \/>\n<meta property=\"og:type\" content=\"article\" \/>\n<meta property=\"og:title\" content=\"La cl\u00ednica | Cl\u00ednica dental Abril\" \/>\n<meta property=\"og:url\" content=\"https:\/\/dentalabril.com\/la-clinica\/\" \/>\n<meta property=\"og:site_name\" content=\"Cl\u00ednica dental Abril\" \/>\n<meta property=\"article:publisher\" content=\"https:\/\/www.facebook.com\/clinicadentalabril\/\" \/>\n<meta property=\"og:image\" content=\"https:\/\/dentalabril.com\/wp-content\/uploads\/2022\/09\/equipo-clinica-dental-Barcelona-1.png\" \/>\n\t<meta property=\"og:image:width\" content=\"950\" \/>\n\t<meta property=\"og:image:height\" content=\"704\" \/>\n\t<meta property=\"og:image:type\" content=\"image\/png\" \/>\n<meta name=\"twitter:card\" content=\"summary_large_image\" \/>\n<meta name=\"twitter:label1\" content=\"Temps estimat de lectura\" \/>\n\t<meta name=\"twitter:data1\" content=\"1 minut\" \/>\n<script type=\"application\/ld+json\" class=\"yoast-schema-graph\">{\"@context\":\"https:\/\/schema.org\",\"@graph\":[{\"@type\":\"WebPage\",\"@id\":\"https:\/\/dentalabril.com\/la-clinica\/\",\"url\":\"https:\/\/dentalabril.com\/la-clinica\/\",\"name\":\"La cl\u00ednica | Cl\u00ednica dental Abril\",\"isPartOf\":{\"@id\":\"https:\/\/dentalabril.com\/#website\"},\"datePublished\":\"2024-07-09T05:01:14+00:00\",\"dateModified\":\"2024-07-09T05:01:14+00:00\",\"breadcrumb\":{\"@id\":\"https:\/\/dentalabril.com\/la-clinica\/#breadcrumb\"},\"inLanguage\":\"ca\",\"potentialAction\":[{\"@type\":\"ReadAction\",\"target\":[\"https:\/\/dentalabril.com\/la-clinica\/\"]}]},{\"@type\":\"BreadcrumbList\",\"@id\":\"https:\/\/dentalabril.com\/la-clinica\/#breadcrumb\",\"itemListElement\":[{\"@type\":\"ListItem\",\"position\":1,\"name\":\"Portada\",\"item\":\"https:\/\/dentalabril.com\/ca\/clinica-dental-abril-a-barcelona\/\"},{\"@type\":\"ListItem\",\"position\":2,\"name\":\"La cl\u00ednica\"}]},{\"@type\":\"WebSite\",\"@id\":\"https:\/\/dentalabril.com\/#website\",\"url\":\"https:\/\/dentalabril.com\/\",\"name\":\"Cl\u00ednica Dental Abril\",\"description\":\"Tu cl\u00ednica dental en Barcelona\",\"publisher\":{\"@id\":\"https:\/\/dentalabril.com\/#organization\"},\"alternateName\":\"Dental Abril\",\"potentialAction\":[{\"@type\":\"SearchAction\",\"target\":{\"@type\":\"EntryPoint\",\"urlTemplate\":\"https:\/\/dentalabril.com\/?s={search_term_string}\"},\"query-input\":\"required name=search_term_string\"}],\"inLanguage\":\"ca\"},{\"@type\":\"Organization\",\"@id\":\"https:\/\/dentalabril.com\/#organization\",\"name\":\"Cl\u00ednica Dental Abril\",\"alternateName\":\"Dental Abril\",\"url\":\"https:\/\/dentalabril.com\/\",\"logo\":{\"@type\":\"ImageObject\",\"inLanguage\":\"ca\",\"@id\":\"https:\/\/dentalabril.com\/#\/schema\/logo\/image\/\",\"url\":\"https:\/\/dentalabril.com\/wp-content\/uploads\/2023\/03\/BBceBSJt_400x400.jpg\",\"contentUrl\":\"https:\/\/dentalabril.com\/wp-content\/uploads\/2023\/03\/BBceBSJt_400x400.jpg\",\"width\":400,\"height\":400,\"caption\":\"Cl\u00ednica Dental Abril\"},\"image\":{\"@id\":\"https:\/\/dentalabril.com\/#\/schema\/logo\/image\/\"},\"sameAs\":[\"https:\/\/www.facebook.com\/clinicadentalabril\/\",\"https:\/\/www.instagram.com\/dentalabril\/\"]}]}<\/script>\n<!-- \/ Yoast SEO plugin. -->","yoast_head_json":{"title":"La cl\u00ednica | Cl\u00ednica dental Abril","robots":{"index":"index","follow":"follow","max-snippet":"max-snippet:-1","max-image-preview":"max-image-preview:large","max-video-preview":"max-video-preview:-1"},"canonical":"https:\/\/dentalabril.com\/la-clinica\/","og_locale":"ca_ES","og_type":"article","og_title":"La cl\u00ednica | Cl\u00ednica dental Abril","og_url":"https:\/\/dentalabril.com\/la-clinica\/","og_site_name":"Cl\u00ednica dental Abril","article_publisher":"https:\/\/www.facebook.com\/clinicadentalabril\/","og_image":[{"width":950,"height":704,"url":"https:\/\/dentalabril.com\/wp-content\/uploads\/2022\/09\/equipo-clinica-dental-Barcelona-1.png","type":"image\/png"}],"twitter_card":"summary_large_image","twitter_misc":{"Temps estimat de lectura":"1 minut"},"schema":{"@context":"https:\/\/schema.org","@graph":[{"@type":"WebPage","@id":"https:\/\/dentalabril.com\/la-clinica\/","url":"https:\/\/dentalabril.com\/la-clinica\/","name":"La cl\u00ednica | Cl\u00ednica dental Abril","isPartOf":{"@id":"https:\/\/dentalabril.com\/#website"},"datePublished":"2024-07-09T05:01:14+00:00","dateModified":"2024-07-09T05:01:14+00:00","breadcrumb":{"@id":"https:\/\/dentalabril.com\/la-clinica\/#breadcrumb"},"inLanguage":"ca","potentialAction":[{"@type":"ReadAction","target":["https:\/\/dentalabril.com\/la-clinica\/"]}]},{"@type":"BreadcrumbList","@id":"https:\/\/dentalabril.com\/la-clinica\/#breadcrumb","itemListElement":[{"@type":"ListItem","position":1,"name":"Portada","item":"https:\/\/dentalabril.com\/ca\/clinica-dental-abril-a-barcelona\/"},{"@type":"ListItem","position":2,"name":"La cl\u00ednica"}]},{"@type":"WebSite","@id":"https:\/\/dentalabril.com\/#website","url":"https:\/\/dentalabril.com\/","name":"Cl\u00ednica Dental Abril","description":"Tu cl\u00ednica dental en Barcelona","publisher":{"@id":"https:\/\/dentalabril.com\/#organization"},"alternateName":"Dental Abril","potentialAction":[{"@type":"SearchAction","target":{"@type":"EntryPoint","urlTemplate":"https:\/\/dentalabril.com\/?s={search_term_string}"},"query-input":"required name=search_term_string"}],"inLanguage":"ca"},{"@type":"Organization","@id":"https:\/\/dentalabril.com\/#organization","name":"Cl\u00ednica Dental Abril","alternateName":"Dental Abril","url":"https:\/\/dentalabril.com\/","logo":{"@type":"ImageObject","inLanguage":"ca","@id":"https:\/\/dentalabril.com\/#\/schema\/logo\/image\/","url":"https:\/\/dentalabril.com\/wp-content\/uploads\/2023\/03\/BBceBSJt_400x400.jpg","contentUrl":"https:\/\/dentalabril.com\/wp-content\/uploads\/2023\/03\/BBceBSJt_400x400.jpg","width":400,"height":400,"caption":"Cl\u00ednica Dental Abril"},"image":{"@id":"https:\/\/dentalabril.com\/#\/schema\/logo\/image\/"},"sameAs":["https:\/\/www.facebook.com\/clinicadentalabril\/","https:\/\/www.instagram.com\/dentalabril\/"]}]}},"_links":{"self":[{"href":"https:\/\/dentalabril.com\/ca\/wp-json\/wp\/v2\/pages\/11031"}],"collection":[{"href":"https:\/\/dentalabril.com\/ca\/wp-json\/wp\/v2\/pages"}],"about":[{"href":"https:\/\/dentalabril.com\/ca\/wp-json\/wp\/v2\/types\/page"}],"author":[{"embeddable":true,"href":"https:\/\/dentalabril.com\/ca\/wp-json\/wp\/v2\/users\/4"}],"replies":[{"embeddable":true,"href":"https:\/\/dentalabril.com\/ca\/wp-json\/wp\/v2\/comments?post=11031"}],"version-history":[{"count":0,"href":"https:\/\/dentalabril.com\/ca\/wp-json\/wp\/v2\/pages\/11031\/revisions"}],"wp:attachment":[{"href":"https:\/\/dentalabril.com\/ca\/wp-json\/wp\/v2\/media?parent=11031"}],"curies":[{"name":"wp","href":"https:\/\/api.w.org\/{rel}","templated":true}]}}