{"id":11029,"date":"2024-07-09T06:59:13","date_gmt":"2024-07-09T04:59:13","guid":{"rendered":"https:\/\/dentalabril.com\/dra-stefania-milano\/"},"modified":"2024-07-14T15:06:40","modified_gmt":"2024-07-14T13:06:40","slug":"dra-stefania-milano","status":"publish","type":"page","link":"https:\/\/dentalabril.com\/ca\/dra-stefania-milano\/","title":{"rendered":"Dra. Stefan\u00eda Milano"},"content":{"rendered":"<p><img decoding=\"async\" class=\"alignnone size-full wp-image-51\" src=\"http:\/\/dentalabril.com\/wp-content\/uploads\/2021\/02\/stefania-1.jpg\" alt=\"juliol\" width=\"220\" height=\"190\" \/><\/p>\n<p style=\"text-align: justify;\"><strong>Odontologia General i Endod\u00f2ncia<\/strong><\/p>\n<p style=\"text-align: justify;\"><strong>Col\u00b7legiat N\u00fam. 6279<\/strong><\/p>\n<ul>\n<li>Llicenciada en Odontologia a la Universitat Internacional de Catalunya (UIC) el 2011.<\/li>\n<li>Postgrau en Endod\u00f2ncia a la Universitat de Barcelona el 2013.<\/li>\n<li>Congressos AEDE (Associaci\u00f3 Espanyola d&#8217;Endod\u00f2ncia) 2013 a 2019.<\/li>\n<\/ul>\n","protected":false},"excerpt":{"rendered":"<p>Odontologia General i Endod\u00f2ncia Col\u00b7legiat N\u00fam. 6279 Llicenciada en Odontologia a la Universitat Internacional de Catalunya (UIC) el 2011. Postgrau en Endod\u00f2ncia a la Universitat de Barcelona el 2013. Congressos AEDE (Associaci\u00f3 Espanyola d&#8217;Endod\u00f2ncia) 2013 a 2019.<\/p>\n","protected":false},"author":4,"featured_media":0,"parent":0,"menu_order":0,"comment_status":"closed","ping_status":"closed","template":"g1_template_page_sidebar_left.php","meta":{"_joinchat":[],"footnotes":""},"class_list":["post-11029","page","type-page","status-publish"],"yoast_head":"<!-- This site is optimized with the Yoast SEO plugin v23.1 - https:\/\/yoast.com\/wordpress\/plugins\/seo\/ -->\n<title>Dra. Stefan\u00eda Milano | Cl\u00ednica dental Abril<\/title>\n<meta name=\"robots\" content=\"index, follow, max-snippet:-1, max-image-preview:large, max-video-preview:-1\" \/>\n<link rel=\"canonical\" href=\"https:\/\/dentalabril.com\/ca\/dra-stefania-milano\/\" \/>\n<meta property=\"og:locale\" content=\"ca_ES\" \/>\n<meta property=\"og:type\" content=\"article\" \/>\n<meta property=\"og:title\" content=\"Dra. Stefan\u00eda Milano | Cl\u00ednica dental Abril\" \/>\n<meta property=\"og:description\" content=\"Odontologia General i Endod\u00f2ncia Col\u00b7legiat N\u00fam. 6279 Llicenciada en Odontologia a la Universitat Internacional de Catalunya (UIC) el 2011. Postgrau en Endod\u00f2ncia a la Universitat de Barcelona el 2013. Congressos AEDE (Associaci\u00f3 Espanyola d&#8217;Endod\u00f2ncia) 2013 a 2019.\" \/>\n<meta property=\"og:url\" content=\"https:\/\/dentalabril.com\/ca\/dra-stefania-milano\/\" \/>\n<meta property=\"og:site_name\" content=\"Cl\u00ednica dental Abril\" \/>\n<meta property=\"article:publisher\" content=\"https:\/\/www.facebook.com\/clinicadentalabril\/\" \/>\n<meta property=\"article:modified_time\" content=\"2024-07-14T13:06:40+00:00\" \/>\n<meta property=\"og:image\" content=\"http:\/\/dentalabril.com\/wp-content\/uploads\/2021\/02\/stefania-1.jpg\" \/>\n<meta name=\"twitter:card\" content=\"summary_large_image\" \/>\n<meta name=\"twitter:label1\" content=\"Temps estimat de lectura\" \/>\n\t<meta name=\"twitter:data1\" content=\"1 minut\" \/>\n<script type=\"application\/ld+json\" class=\"yoast-schema-graph\">{\"@context\":\"https:\/\/schema.org\",\"@graph\":[{\"@type\":\"WebPage\",\"@id\":\"https:\/\/dentalabril.com\/ca\/dra-stefania-milano\/\",\"url\":\"https:\/\/dentalabril.com\/ca\/dra-stefania-milano\/\",\"name\":\"Dra. Stefan\u00eda Milano | Cl\u00ednica dental Abril\",\"isPartOf\":{\"@id\":\"https:\/\/dentalabril.com\/#website\"},\"primaryImageOfPage\":{\"@id\":\"https:\/\/dentalabril.com\/ca\/dra-stefania-milano\/#primaryimage\"},\"image\":{\"@id\":\"https:\/\/dentalabril.com\/ca\/dra-stefania-milano\/#primaryimage\"},\"thumbnailUrl\":\"http:\/\/dentalabril.com\/wp-content\/uploads\/2021\/02\/stefania-1.jpg\",\"datePublished\":\"2024-07-09T04:59:13+00:00\",\"dateModified\":\"2024-07-14T13:06:40+00:00\",\"breadcrumb\":{\"@id\":\"https:\/\/dentalabril.com\/ca\/dra-stefania-milano\/#breadcrumb\"},\"inLanguage\":\"ca\",\"potentialAction\":[{\"@type\":\"ReadAction\",\"target\":[\"https:\/\/dentalabril.com\/ca\/dra-stefania-milano\/\"]}]},{\"@type\":\"ImageObject\",\"inLanguage\":\"ca\",\"@id\":\"https:\/\/dentalabril.com\/ca\/dra-stefania-milano\/#primaryimage\",\"url\":\"http:\/\/dentalabril.com\/wp-content\/uploads\/2021\/02\/stefania-1.jpg\",\"contentUrl\":\"http:\/\/dentalabril.com\/wp-content\/uploads\/2021\/02\/stefania-1.jpg\"},{\"@type\":\"BreadcrumbList\",\"@id\":\"https:\/\/dentalabril.com\/ca\/dra-stefania-milano\/#breadcrumb\",\"itemListElement\":[{\"@type\":\"ListItem\",\"position\":1,\"name\":\"Portada\",\"item\":\"https:\/\/dentalabril.com\/ca\/clinica-dental-abril-a-barcelona\/\"},{\"@type\":\"ListItem\",\"position\":2,\"name\":\"Dra. Stefan\u00eda Milano\"}]},{\"@type\":\"WebSite\",\"@id\":\"https:\/\/dentalabril.com\/#website\",\"url\":\"https:\/\/dentalabril.com\/\",\"name\":\"Cl\u00ednica Dental Abril\",\"description\":\"Tu cl\u00ednica dental en Barcelona\",\"publisher\":{\"@id\":\"https:\/\/dentalabril.com\/#organization\"},\"alternateName\":\"Dental Abril\",\"potentialAction\":[{\"@type\":\"SearchAction\",\"target\":{\"@type\":\"EntryPoint\",\"urlTemplate\":\"https:\/\/dentalabril.com\/?s={search_term_string}\"},\"query-input\":\"required name=search_term_string\"}],\"inLanguage\":\"ca\"},{\"@type\":\"Organization\",\"@id\":\"https:\/\/dentalabril.com\/#organization\",\"name\":\"Cl\u00ednica Dental Abril\",\"alternateName\":\"Dental Abril\",\"url\":\"https:\/\/dentalabril.com\/\",\"logo\":{\"@type\":\"ImageObject\",\"inLanguage\":\"ca\",\"@id\":\"https:\/\/dentalabril.com\/#\/schema\/logo\/image\/\",\"url\":\"https:\/\/dentalabril.com\/wp-content\/uploads\/2023\/03\/BBceBSJt_400x400.jpg\",\"contentUrl\":\"https:\/\/dentalabril.com\/wp-content\/uploads\/2023\/03\/BBceBSJt_400x400.jpg\",\"width\":400,\"height\":400,\"caption\":\"Cl\u00ednica Dental Abril\"},\"image\":{\"@id\":\"https:\/\/dentalabril.com\/#\/schema\/logo\/image\/\"},\"sameAs\":[\"https:\/\/www.facebook.com\/clinicadentalabril\/\",\"https:\/\/www.instagram.com\/dentalabril\/\"]}]}<\/script>\n<!-- \/ Yoast SEO plugin. -->","yoast_head_json":{"title":"Dra. Stefan\u00eda Milano | Cl\u00ednica dental Abril","robots":{"index":"index","follow":"follow","max-snippet":"max-snippet:-1","max-image-preview":"max-image-preview:large","max-video-preview":"max-video-preview:-1"},"canonical":"https:\/\/dentalabril.com\/ca\/dra-stefania-milano\/","og_locale":"ca_ES","og_type":"article","og_title":"Dra. Stefan\u00eda Milano | Cl\u00ednica dental Abril","og_description":"Odontologia General i Endod\u00f2ncia Col\u00b7legiat N\u00fam. 6279 Llicenciada en Odontologia a la Universitat Internacional de Catalunya (UIC) el 2011. Postgrau en Endod\u00f2ncia a la Universitat de Barcelona el 2013. Congressos AEDE (Associaci\u00f3 Espanyola d&#8217;Endod\u00f2ncia) 2013 a 2019.","og_url":"https:\/\/dentalabril.com\/ca\/dra-stefania-milano\/","og_site_name":"Cl\u00ednica dental Abril","article_publisher":"https:\/\/www.facebook.com\/clinicadentalabril\/","article_modified_time":"2024-07-14T13:06:40+00:00","og_image":[{"url":"http:\/\/dentalabril.com\/wp-content\/uploads\/2021\/02\/stefania-1.jpg"}],"twitter_card":"summary_large_image","twitter_misc":{"Temps estimat de lectura":"1 minut"},"schema":{"@context":"https:\/\/schema.org","@graph":[{"@type":"WebPage","@id":"https:\/\/dentalabril.com\/ca\/dra-stefania-milano\/","url":"https:\/\/dentalabril.com\/ca\/dra-stefania-milano\/","name":"Dra. Stefan\u00eda Milano | Cl\u00ednica dental Abril","isPartOf":{"@id":"https:\/\/dentalabril.com\/#website"},"primaryImageOfPage":{"@id":"https:\/\/dentalabril.com\/ca\/dra-stefania-milano\/#primaryimage"},"image":{"@id":"https:\/\/dentalabril.com\/ca\/dra-stefania-milano\/#primaryimage"},"thumbnailUrl":"http:\/\/dentalabril.com\/wp-content\/uploads\/2021\/02\/stefania-1.jpg","datePublished":"2024-07-09T04:59:13+00:00","dateModified":"2024-07-14T13:06:40+00:00","breadcrumb":{"@id":"https:\/\/dentalabril.com\/ca\/dra-stefania-milano\/#breadcrumb"},"inLanguage":"ca","potentialAction":[{"@type":"ReadAction","target":["https:\/\/dentalabril.com\/ca\/dra-stefania-milano\/"]}]},{"@type":"ImageObject","inLanguage":"ca","@id":"https:\/\/dentalabril.com\/ca\/dra-stefania-milano\/#primaryimage","url":"http:\/\/dentalabril.com\/wp-content\/uploads\/2021\/02\/stefania-1.jpg","contentUrl":"http:\/\/dentalabril.com\/wp-content\/uploads\/2021\/02\/stefania-1.jpg"},{"@type":"BreadcrumbList","@id":"https:\/\/dentalabril.com\/ca\/dra-stefania-milano\/#breadcrumb","itemListElement":[{"@type":"ListItem","position":1,"name":"Portada","item":"https:\/\/dentalabril.com\/ca\/clinica-dental-abril-a-barcelona\/"},{"@type":"ListItem","position":2,"name":"Dra. Stefan\u00eda Milano"}]},{"@type":"WebSite","@id":"https:\/\/dentalabril.com\/#website","url":"https:\/\/dentalabril.com\/","name":"Cl\u00ednica Dental Abril","description":"Tu cl\u00ednica dental en Barcelona","publisher":{"@id":"https:\/\/dentalabril.com\/#organization"},"alternateName":"Dental Abril","potentialAction":[{"@type":"SearchAction","target":{"@type":"EntryPoint","urlTemplate":"https:\/\/dentalabril.com\/?s={search_term_string}"},"query-input":"required name=search_term_string"}],"inLanguage":"ca"},{"@type":"Organization","@id":"https:\/\/dentalabril.com\/#organization","name":"Cl\u00ednica Dental Abril","alternateName":"Dental Abril","url":"https:\/\/dentalabril.com\/","logo":{"@type":"ImageObject","inLanguage":"ca","@id":"https:\/\/dentalabril.com\/#\/schema\/logo\/image\/","url":"https:\/\/dentalabril.com\/wp-content\/uploads\/2023\/03\/BBceBSJt_400x400.jpg","contentUrl":"https:\/\/dentalabril.com\/wp-content\/uploads\/2023\/03\/BBceBSJt_400x400.jpg","width":400,"height":400,"caption":"Cl\u00ednica Dental Abril"},"image":{"@id":"https:\/\/dentalabril.com\/#\/schema\/logo\/image\/"},"sameAs":["https:\/\/www.facebook.com\/clinicadentalabril\/","https:\/\/www.instagram.com\/dentalabril\/"]}]}},"_links":{"self":[{"href":"https:\/\/dentalabril.com\/ca\/wp-json\/wp\/v2\/pages\/11029"}],"collection":[{"href":"https:\/\/dentalabril.com\/ca\/wp-json\/wp\/v2\/pages"}],"about":[{"href":"https:\/\/dentalabril.com\/ca\/wp-json\/wp\/v2\/types\/page"}],"author":[{"embeddable":true,"href":"https:\/\/dentalabril.com\/ca\/wp-json\/wp\/v2\/users\/4"}],"replies":[{"embeddable":true,"href":"https:\/\/dentalabril.com\/ca\/wp-json\/wp\/v2\/comments?post=11029"}],"version-history":[{"count":1,"href":"https:\/\/dentalabril.com\/ca\/wp-json\/wp\/v2\/pages\/11029\/revisions"}],"predecessor-version":[{"id":11370,"href":"https:\/\/dentalabril.com\/ca\/wp-json\/wp\/v2\/pages\/11029\/revisions\/11370"}],"wp:attachment":[{"href":"https:\/\/dentalabril.com\/ca\/wp-json\/wp\/v2\/media?parent=11029"}],"curies":[{"name":"wp","href":"https:\/\/api.w.org\/{rel}","templated":true}]}}