{"id":11026,"date":"2024-07-09T06:56:25","date_gmt":"2024-07-09T04:56:25","guid":{"rendered":"https:\/\/dentalabril.com\/dr-daniel-paternostro-betancourt\/"},"modified":"2024-07-14T15:05:19","modified_gmt":"2024-07-14T13:05:19","slug":"dr-daniel-paternostro-betancourt","status":"publish","type":"page","link":"https:\/\/dentalabril.com\/ca\/dr-daniel-paternostro-betancourt\/","title":{"rendered":"Dr. Daniel Paternostro Betancourt"},"content":{"rendered":"<p><img fetchpriority=\"high\" decoding=\"async\" class=\"alignnone size-full wp-image-51\" src=\"https:\/\/dentalabril.com\/wp-content\/uploads\/2022\/03\/Dr.-Paternostro.jpeg\" alt=\"juliol\" width=\"219\" height=\"240\" \/><\/p>\n<p style=\"text-align: justify;\"><strong>Cirurgia Oral i Est\u00e8tica Dental<\/strong><\/p>\n<p style=\"text-align: justify;\"><strong>Col\u00b7legiat N\u00fam. 8207<\/strong><\/p>\n<ul>\n<li>Col\u00b7legiat N\u00ba 8207. Col\u00b7legi d&#8217;Odont\u00f2legs i Estomat\u00f2legs de Catalunya.<\/li>\n<li>Universitat Santa Maria a Caracas &#8211; Vene\u00e7uela. Llicenciat en Odontologia 2005-2011<\/li>\n<li>M\u00e0ster en Cirurgia Oral i Implantologia Dental Avan\u00e7ada. Universitat Internacional de Catalunya. (UIC).<\/li>\n<li>Certified by the European Association of Osseointegration.<\/li>\n<li>Professor docent a la Universitat Internacional de Catalunya (actualitat)<\/li>\n<li>Ha participat a confer\u00e8ncies de la Universitat Internacional de Catalunya.<\/li>\n<li>Ponent al XVIII Congr\u00e9s de la Societat Espanyola de Cirurgia Bucal (SECIB), Titulat: Flux de treball totalment digital per a la reconstrucci\u00f3 \u00f2ssia alveolar.<\/li>\n<\/ul>\n","protected":false},"excerpt":{"rendered":"<p>Cirurgia Oral i Est\u00e8tica Dental Col\u00b7legiat N\u00fam. 8207 Col\u00b7legiat N\u00ba 8207. Col\u00b7legi d&#8217;Odont\u00f2legs i Estomat\u00f2legs de Catalunya. Universitat Santa Maria a Caracas &#8211; Vene\u00e7uela. Llicenciat en Odontologia 2005-2011 M\u00e0ster en Cirurgia Oral i Implantologia Dental Avan\u00e7ada. Universitat Internacional de Catalunya. (UIC). Certified by the European Association of Osseointegration. Professor docent a la Universitat Internacional de [&hellip;]<\/p>\n","protected":false},"author":4,"featured_media":0,"parent":0,"menu_order":0,"comment_status":"closed","ping_status":"closed","template":"g1_template_page_sidebar_left.php","meta":{"_joinchat":[],"footnotes":""},"class_list":["post-11026","page","type-page","status-publish"],"yoast_head":"<!-- This site is optimized with the Yoast SEO plugin v23.1 - https:\/\/yoast.com\/wordpress\/plugins\/seo\/ -->\n<title>Dr. Daniel Paternostro Betancourt | Cl\u00ednica dental Abril<\/title>\n<meta name=\"robots\" content=\"index, follow, max-snippet:-1, max-image-preview:large, max-video-preview:-1\" \/>\n<link rel=\"canonical\" href=\"https:\/\/dentalabril.com\/ca\/dr-daniel-paternostro-betancourt\/\" \/>\n<meta property=\"og:locale\" content=\"ca_ES\" \/>\n<meta property=\"og:type\" content=\"article\" \/>\n<meta property=\"og:title\" content=\"Dr. Daniel Paternostro Betancourt | Cl\u00ednica dental Abril\" \/>\n<meta property=\"og:description\" content=\"Cirurgia Oral i Est\u00e8tica Dental Col\u00b7legiat N\u00fam. 8207 Col\u00b7legiat N\u00ba 8207. Col\u00b7legi d&#8217;Odont\u00f2legs i Estomat\u00f2legs de Catalunya. Universitat Santa Maria a Caracas &#8211; Vene\u00e7uela. Llicenciat en Odontologia 2005-2011 M\u00e0ster en Cirurgia Oral i Implantologia Dental Avan\u00e7ada. Universitat Internacional de Catalunya. (UIC). Certified by the European Association of Osseointegration. Professor docent a la Universitat Internacional de [&hellip;]\" \/>\n<meta property=\"og:url\" content=\"https:\/\/dentalabril.com\/ca\/dr-daniel-paternostro-betancourt\/\" \/>\n<meta property=\"og:site_name\" content=\"Cl\u00ednica dental Abril\" \/>\n<meta property=\"article:publisher\" content=\"https:\/\/www.facebook.com\/clinicadentalabril\/\" \/>\n<meta property=\"article:modified_time\" content=\"2024-07-14T13:05:19+00:00\" \/>\n<meta property=\"og:image\" content=\"https:\/\/dentalabril.com\/wp-content\/uploads\/2022\/03\/Dr.-Paternostro.jpeg\" \/>\n<meta name=\"twitter:card\" content=\"summary_large_image\" \/>\n<meta name=\"twitter:label1\" content=\"Temps estimat de lectura\" \/>\n\t<meta name=\"twitter:data1\" content=\"1 minut\" \/>\n<script type=\"application\/ld+json\" class=\"yoast-schema-graph\">{\"@context\":\"https:\/\/schema.org\",\"@graph\":[{\"@type\":\"WebPage\",\"@id\":\"https:\/\/dentalabril.com\/ca\/dr-daniel-paternostro-betancourt\/\",\"url\":\"https:\/\/dentalabril.com\/ca\/dr-daniel-paternostro-betancourt\/\",\"name\":\"Dr. Daniel Paternostro Betancourt | Cl\u00ednica dental Abril\",\"isPartOf\":{\"@id\":\"https:\/\/dentalabril.com\/#website\"},\"primaryImageOfPage\":{\"@id\":\"https:\/\/dentalabril.com\/ca\/dr-daniel-paternostro-betancourt\/#primaryimage\"},\"image\":{\"@id\":\"https:\/\/dentalabril.com\/ca\/dr-daniel-paternostro-betancourt\/#primaryimage\"},\"thumbnailUrl\":\"https:\/\/dentalabril.com\/wp-content\/uploads\/2022\/03\/Dr.-Paternostro.jpeg\",\"datePublished\":\"2024-07-09T04:56:25+00:00\",\"dateModified\":\"2024-07-14T13:05:19+00:00\",\"breadcrumb\":{\"@id\":\"https:\/\/dentalabril.com\/ca\/dr-daniel-paternostro-betancourt\/#breadcrumb\"},\"inLanguage\":\"ca\",\"potentialAction\":[{\"@type\":\"ReadAction\",\"target\":[\"https:\/\/dentalabril.com\/ca\/dr-daniel-paternostro-betancourt\/\"]}]},{\"@type\":\"ImageObject\",\"inLanguage\":\"ca\",\"@id\":\"https:\/\/dentalabril.com\/ca\/dr-daniel-paternostro-betancourt\/#primaryimage\",\"url\":\"https:\/\/dentalabril.com\/wp-content\/uploads\/2022\/03\/Dr.-Paternostro.jpeg\",\"contentUrl\":\"https:\/\/dentalabril.com\/wp-content\/uploads\/2022\/03\/Dr.-Paternostro.jpeg\"},{\"@type\":\"BreadcrumbList\",\"@id\":\"https:\/\/dentalabril.com\/ca\/dr-daniel-paternostro-betancourt\/#breadcrumb\",\"itemListElement\":[{\"@type\":\"ListItem\",\"position\":1,\"name\":\"Portada\",\"item\":\"https:\/\/dentalabril.com\/ca\/clinica-dental-abril-a-barcelona\/\"},{\"@type\":\"ListItem\",\"position\":2,\"name\":\"Dr. Daniel Paternostro Betancourt\"}]},{\"@type\":\"WebSite\",\"@id\":\"https:\/\/dentalabril.com\/#website\",\"url\":\"https:\/\/dentalabril.com\/\",\"name\":\"Cl\u00ednica Dental Abril\",\"description\":\"Tu cl\u00ednica dental en Barcelona\",\"publisher\":{\"@id\":\"https:\/\/dentalabril.com\/#organization\"},\"alternateName\":\"Dental Abril\",\"potentialAction\":[{\"@type\":\"SearchAction\",\"target\":{\"@type\":\"EntryPoint\",\"urlTemplate\":\"https:\/\/dentalabril.com\/?s={search_term_string}\"},\"query-input\":\"required name=search_term_string\"}],\"inLanguage\":\"ca\"},{\"@type\":\"Organization\",\"@id\":\"https:\/\/dentalabril.com\/#organization\",\"name\":\"Cl\u00ednica Dental Abril\",\"alternateName\":\"Dental Abril\",\"url\":\"https:\/\/dentalabril.com\/\",\"logo\":{\"@type\":\"ImageObject\",\"inLanguage\":\"ca\",\"@id\":\"https:\/\/dentalabril.com\/#\/schema\/logo\/image\/\",\"url\":\"https:\/\/dentalabril.com\/wp-content\/uploads\/2023\/03\/BBceBSJt_400x400.jpg\",\"contentUrl\":\"https:\/\/dentalabril.com\/wp-content\/uploads\/2023\/03\/BBceBSJt_400x400.jpg\",\"width\":400,\"height\":400,\"caption\":\"Cl\u00ednica Dental Abril\"},\"image\":{\"@id\":\"https:\/\/dentalabril.com\/#\/schema\/logo\/image\/\"},\"sameAs\":[\"https:\/\/www.facebook.com\/clinicadentalabril\/\",\"https:\/\/www.instagram.com\/dentalabril\/\"]}]}<\/script>\n<!-- \/ Yoast SEO plugin. -->","yoast_head_json":{"title":"Dr. Daniel Paternostro Betancourt | Cl\u00ednica dental Abril","robots":{"index":"index","follow":"follow","max-snippet":"max-snippet:-1","max-image-preview":"max-image-preview:large","max-video-preview":"max-video-preview:-1"},"canonical":"https:\/\/dentalabril.com\/ca\/dr-daniel-paternostro-betancourt\/","og_locale":"ca_ES","og_type":"article","og_title":"Dr. Daniel Paternostro Betancourt | Cl\u00ednica dental Abril","og_description":"Cirurgia Oral i Est\u00e8tica Dental Col\u00b7legiat N\u00fam. 8207 Col\u00b7legiat N\u00ba 8207. Col\u00b7legi d&#8217;Odont\u00f2legs i Estomat\u00f2legs de Catalunya. Universitat Santa Maria a Caracas &#8211; Vene\u00e7uela. Llicenciat en Odontologia 2005-2011 M\u00e0ster en Cirurgia Oral i Implantologia Dental Avan\u00e7ada. Universitat Internacional de Catalunya. (UIC). Certified by the European Association of Osseointegration. Professor docent a la Universitat Internacional de [&hellip;]","og_url":"https:\/\/dentalabril.com\/ca\/dr-daniel-paternostro-betancourt\/","og_site_name":"Cl\u00ednica dental Abril","article_publisher":"https:\/\/www.facebook.com\/clinicadentalabril\/","article_modified_time":"2024-07-14T13:05:19+00:00","og_image":[{"url":"https:\/\/dentalabril.com\/wp-content\/uploads\/2022\/03\/Dr.-Paternostro.jpeg"}],"twitter_card":"summary_large_image","twitter_misc":{"Temps estimat de lectura":"1 minut"},"schema":{"@context":"https:\/\/schema.org","@graph":[{"@type":"WebPage","@id":"https:\/\/dentalabril.com\/ca\/dr-daniel-paternostro-betancourt\/","url":"https:\/\/dentalabril.com\/ca\/dr-daniel-paternostro-betancourt\/","name":"Dr. Daniel Paternostro Betancourt | Cl\u00ednica dental Abril","isPartOf":{"@id":"https:\/\/dentalabril.com\/#website"},"primaryImageOfPage":{"@id":"https:\/\/dentalabril.com\/ca\/dr-daniel-paternostro-betancourt\/#primaryimage"},"image":{"@id":"https:\/\/dentalabril.com\/ca\/dr-daniel-paternostro-betancourt\/#primaryimage"},"thumbnailUrl":"https:\/\/dentalabril.com\/wp-content\/uploads\/2022\/03\/Dr.-Paternostro.jpeg","datePublished":"2024-07-09T04:56:25+00:00","dateModified":"2024-07-14T13:05:19+00:00","breadcrumb":{"@id":"https:\/\/dentalabril.com\/ca\/dr-daniel-paternostro-betancourt\/#breadcrumb"},"inLanguage":"ca","potentialAction":[{"@type":"ReadAction","target":["https:\/\/dentalabril.com\/ca\/dr-daniel-paternostro-betancourt\/"]}]},{"@type":"ImageObject","inLanguage":"ca","@id":"https:\/\/dentalabril.com\/ca\/dr-daniel-paternostro-betancourt\/#primaryimage","url":"https:\/\/dentalabril.com\/wp-content\/uploads\/2022\/03\/Dr.-Paternostro.jpeg","contentUrl":"https:\/\/dentalabril.com\/wp-content\/uploads\/2022\/03\/Dr.-Paternostro.jpeg"},{"@type":"BreadcrumbList","@id":"https:\/\/dentalabril.com\/ca\/dr-daniel-paternostro-betancourt\/#breadcrumb","itemListElement":[{"@type":"ListItem","position":1,"name":"Portada","item":"https:\/\/dentalabril.com\/ca\/clinica-dental-abril-a-barcelona\/"},{"@type":"ListItem","position":2,"name":"Dr. Daniel Paternostro Betancourt"}]},{"@type":"WebSite","@id":"https:\/\/dentalabril.com\/#website","url":"https:\/\/dentalabril.com\/","name":"Cl\u00ednica Dental Abril","description":"Tu cl\u00ednica dental en Barcelona","publisher":{"@id":"https:\/\/dentalabril.com\/#organization"},"alternateName":"Dental Abril","potentialAction":[{"@type":"SearchAction","target":{"@type":"EntryPoint","urlTemplate":"https:\/\/dentalabril.com\/?s={search_term_string}"},"query-input":"required name=search_term_string"}],"inLanguage":"ca"},{"@type":"Organization","@id":"https:\/\/dentalabril.com\/#organization","name":"Cl\u00ednica Dental Abril","alternateName":"Dental Abril","url":"https:\/\/dentalabril.com\/","logo":{"@type":"ImageObject","inLanguage":"ca","@id":"https:\/\/dentalabril.com\/#\/schema\/logo\/image\/","url":"https:\/\/dentalabril.com\/wp-content\/uploads\/2023\/03\/BBceBSJt_400x400.jpg","contentUrl":"https:\/\/dentalabril.com\/wp-content\/uploads\/2023\/03\/BBceBSJt_400x400.jpg","width":400,"height":400,"caption":"Cl\u00ednica Dental Abril"},"image":{"@id":"https:\/\/dentalabril.com\/#\/schema\/logo\/image\/"},"sameAs":["https:\/\/www.facebook.com\/clinicadentalabril\/","https:\/\/www.instagram.com\/dentalabril\/"]}]}},"_links":{"self":[{"href":"https:\/\/dentalabril.com\/ca\/wp-json\/wp\/v2\/pages\/11026"}],"collection":[{"href":"https:\/\/dentalabril.com\/ca\/wp-json\/wp\/v2\/pages"}],"about":[{"href":"https:\/\/dentalabril.com\/ca\/wp-json\/wp\/v2\/types\/page"}],"author":[{"embeddable":true,"href":"https:\/\/dentalabril.com\/ca\/wp-json\/wp\/v2\/users\/4"}],"replies":[{"embeddable":true,"href":"https:\/\/dentalabril.com\/ca\/wp-json\/wp\/v2\/comments?post=11026"}],"version-history":[{"count":1,"href":"https:\/\/dentalabril.com\/ca\/wp-json\/wp\/v2\/pages\/11026\/revisions"}],"predecessor-version":[{"id":11362,"href":"https:\/\/dentalabril.com\/ca\/wp-json\/wp\/v2\/pages\/11026\/revisions\/11362"}],"wp:attachment":[{"href":"https:\/\/dentalabril.com\/ca\/wp-json\/wp\/v2\/media?parent=11026"}],"curies":[{"name":"wp","href":"https:\/\/api.w.org\/{rel}","templated":true}]}}