{"id":11024,"date":"2024-07-08T23:07:58","date_gmt":"2024-07-08T21:07:58","guid":{"rendered":"https:\/\/dentalabril.com\/covid-19\/"},"modified":"2024-07-08T23:07:58","modified_gmt":"2024-07-08T21:07:58","slug":"covid-19","status":"publish","type":"page","link":"https:\/\/dentalabril.com\/ca\/covid-19\/","title":{"rendered":"Covid-19"},"content":{"rendered":"<style type=\"text\/css\" scoped=\"scoped\">#g1-section-1.g1-section {background-repeat:repeat; background-position:center top; background-attachment:static; padding-bottom:40px; padding-top:40px;}<\/style><div id=\"g1-section-1\" class=\"g1-section \"><div class=\"g1-layout-inner\">\n<h4 style=\"text-align: center;\">Volem seguir cuidant de tu i del teu somriure. Per aix\u00f2, a Cl\u00ednica Dental Abril garantim<br \/>\nla m\u00e0xima seguretat davant del COVID-19.<\/h4>\n<h4 style=\"text-align: center;\">Aqu\u00ed trobar\u00e0s les mesures de seguretat que hem implantat<br \/>\nper fer de la teva visita, una trobada segura.<\/h4>\n<h3><\/h3>\n<h3><\/h3>\n<p>&nbsp;<\/p>\n<h3><span style=\"color: #8f2c2d;\"><strong>1. Abans de venir a la Cl\u00ednica<\/strong><\/span><\/h3>\n<p style=\"font-size: 17px;\">Qu\u00e8 cal fer?<\/p>\n<\/div><\/div>\n<style type=\"text\/css\" scoped=\"scoped\">#g1-section-2.g1-section {background-repeat:repeat; background-position:center top; background-attachment:static;}<\/style><div id=\"g1-section-2\" class=\"g1-section \"><div class=\"g1-layout-inner\">\n<ul class=\"g1-grid\"><li class=\"g1-column g1-one-sixth g1-valign-middle\">\n<p><img decoding=\"async\" class=\"aligncenter size-medium wp-image-1609\" style=\"max-width: 65%;\" src=\"https:\/\/dentalabril.com\/wp-content\/uploads\/2020\/08\/medical-mask-300x300.png\" alt=\"\" height=\"200\" srcset=\"https:\/\/dentalabril.com\/wp-content\/uploads\/2020\/08\/medical-mask-300x300.png 300w, https:\/\/dentalabril.com\/wp-content\/uploads\/2020\/08\/medical-mask-150x150.png 150w, https:\/\/dentalabril.com\/wp-content\/uploads\/2020\/08\/medical-mask-320x320.png 320w, https:\/\/dentalabril.com\/wp-content\/uploads\/2020\/08\/medical-mask-239x239.png 239w, https:\/\/dentalabril.com\/wp-content\/uploads\/2020\/08\/medical-mask-55x55.png 55w, https:\/\/dentalabril.com\/wp-content\/uploads\/2020\/08\/medical-mask.png 512w\" sizes=\"(max-width: 300px) 100vw, 300px\" \/><\/p>\n<\/li><!-- -->\n<li class=\"g1-column g1-five-sixth g1-valign-middle\">\n<h4><strong>Una sola persona per visita.<\/strong><\/h4>\n<h4>Acudeix a la teva visita sense acompanyant, tret que sigui estrictament necessari.<br \/>\nEn cas de ser un menor o una persona amb depend\u00e8ncia, pot anar acompanyat.<\/h4>\n<\/li><!-- --><\/ul>\n<ul class=\"g1-grid\"><li class=\"g1-column g1-one-sixth g1-valign-top\">\n<\/li><!-- -->\n<li class=\"g1-column g1-five-sixth g1-valign-top\">\n<\/li><!-- --><\/ul>\n<span id=\"g1-space-1\" class=\"g1-space \" style=\"height:40px;\"><\/span>\n<ul class=\"g1-grid\"><li class=\"g1-column g1-one-sixth g1-valign-middle\">\n<p><img fetchpriority=\"high\" decoding=\"async\" class=\"aligncenter size-medium wp-image-1613\" style=\"max-width: 65%;\" src=\"https:\/\/dentalabril.com\/wp-content\/uploads\/2020\/08\/covid-300x300.png\" alt=\"\" width=\"300\" height=\"300\" srcset=\"https:\/\/dentalabril.com\/wp-content\/uploads\/2020\/08\/covid-300x300.png 300w, https:\/\/dentalabril.com\/wp-content\/uploads\/2020\/08\/covid-150x150.png 150w, https:\/\/dentalabril.com\/wp-content\/uploads\/2020\/08\/covid-320x320.png 320w, https:\/\/dentalabril.com\/wp-content\/uploads\/2020\/08\/covid-239x239.png 239w, https:\/\/dentalabril.com\/wp-content\/uploads\/2020\/08\/covid-55x55.png 55w, https:\/\/dentalabril.com\/wp-content\/uploads\/2020\/08\/covid.png 512w\" sizes=\"(max-width: 300px) 100vw, 300px\" \/><\/p>\n<\/li><!-- -->\n<li class=\"g1-column g1-five-sixth g1-valign-middle\">\n<h4><strong>Vine sense complements.<\/strong><\/h4>\n<h4>La joieria pot ser una font de contagi. Per aix\u00f2, vingui a la seva cita sense collarets, arracades, polseres o anells.<\/h4>\n<\/li><!-- --><\/ul>\n<span id=\"g1-space-2\" class=\"g1-space \" style=\"height:40px;\"><\/span>\n<ul class=\"g1-grid\"><li class=\"g1-column g1-one-sixth g1-valign-middle\">\n<p><img decoding=\"async\" class=\"aligncenter size-medium wp-image-1616\" style=\"max-width: 55%;\" src=\"https:\/\/dentalabril.com\/wp-content\/uploads\/2020\/08\/clock-300x300.png\" alt=\"\" width=\"300\" height=\"300\" srcset=\"https:\/\/dentalabril.com\/wp-content\/uploads\/2020\/08\/clock-300x300.png 300w, https:\/\/dentalabril.com\/wp-content\/uploads\/2020\/08\/clock-150x150.png 150w, https:\/\/dentalabril.com\/wp-content\/uploads\/2020\/08\/clock-320x320.png 320w, https:\/\/dentalabril.com\/wp-content\/uploads\/2020\/08\/clock-239x239.png 239w, https:\/\/dentalabril.com\/wp-content\/uploads\/2020\/08\/clock-55x55.png 55w, https:\/\/dentalabril.com\/wp-content\/uploads\/2020\/08\/clock.png 512w\" sizes=\"(max-width: 300px) 100vw, 300px\" \/><\/p>\n<\/li><!-- -->\n<li class=\"g1-column g1-five-sixth g1-valign-middle\">\n<h4><strong>Sigues puntual.<\/strong><\/h4>\n<h4>Vine a la cl\u00ednica amb cita pr\u00e8via. Acudiu a la vostra cita amb puntualitat, a l&#8217;hora establerta. Intenta no venir ni amb antelaci\u00f3 ni amb retard per evitar esperes innecess\u00e0ries.<\/h4>\n<\/li><!-- --><\/ul>\n<span id=\"g1-space-3\" class=\"g1-space \" style=\"height:40px;\"><\/span>\n<ul class=\"g1-grid\"><li class=\"g1-column g1-one-sixth g1-valign-middle\">\n<p><img decoding=\"async\" class=\"aligncenter size-medium wp-image-1617\" style=\"max-width: 65%;\" src=\"https:\/\/dentalabril.com\/wp-content\/uploads\/2020\/08\/mouth-mask-300x300.png\" alt=\"\" width=\"300\" height=\"300\" srcset=\"https:\/\/dentalabril.com\/wp-content\/uploads\/2020\/08\/mouth-mask-300x300.png 300w, https:\/\/dentalabril.com\/wp-content\/uploads\/2020\/08\/mouth-mask-150x150.png 150w, https:\/\/dentalabril.com\/wp-content\/uploads\/2020\/08\/mouth-mask-320x320.png 320w, https:\/\/dentalabril.com\/wp-content\/uploads\/2020\/08\/mouth-mask-239x239.png 239w, https:\/\/dentalabril.com\/wp-content\/uploads\/2020\/08\/mouth-mask-55x55.png 55w, https:\/\/dentalabril.com\/wp-content\/uploads\/2020\/08\/mouth-mask.png 512w\" sizes=\"(max-width: 300px) 100vw, 300px\" \/><\/p>\n<\/li><!-- -->\n<li class=\"g1-column g1-five-sixth g1-valign-middle\">\n<h4><strong>\u00das de m\u00e0scara obligatori.<\/strong><\/h4>\n<h4>Vine amb la teva m\u00e0scara i no la retiris en cap moment fins que t&#8217;ho indiquin.<\/h4>\n<\/li><!-- --><\/ul>\n<span id=\"g1-space-4\" class=\"g1-space \" style=\"height:1.5em;\"><\/span>\n<\/div><\/div>\n<style type=\"text\/css\" scoped=\"scoped\">#g1-section-3.g1-section {background-repeat:repeat; background-position:center top; background-attachment:static; padding-bottom:40px; padding-top:40px;}<\/style><div id=\"g1-section-3\" class=\"g1-section \"><div class=\"g1-layout-inner\">\n<ul class=\"g1-grid\"><li class=\"g1-column g1-five-sixth g1-valign-top\">\n<h3><span style=\"color: #8f2c2d;\"><strong>2. Durant la visita<\/strong><\/span><\/h3>\n<p style=\"font-size: 17px;\">Quines mesures cal prendre?<\/p>\n<\/li><!-- -->\n<li class=\"g1-column g1-one-sixth g1-valign-top\">\n<\/li><!-- --><\/ul>\n<span id=\"g1-space-5\" class=\"g1-space \" style=\"height:40px;\"><\/span>\n<ul class=\"g1-grid\"><li class=\"g1-column g1-one-sixth g1-valign-middle\">\n<p><img loading=\"lazy\" decoding=\"async\" class=\"aligncenter size-medium wp-image-1621\" style=\"max-width: 65%;\" src=\"https:\/\/dentalabril.com\/wp-content\/uploads\/2020\/08\/temperature-300x300.png\" alt=\"\" width=\"300\" height=\"300\" srcset=\"https:\/\/dentalabril.com\/wp-content\/uploads\/2020\/08\/temperature-300x300.png 300w, https:\/\/dentalabril.com\/wp-content\/uploads\/2020\/08\/temperature-150x150.png 150w, https:\/\/dentalabril.com\/wp-content\/uploads\/2020\/08\/temperature-320x320.png 320w, https:\/\/dentalabril.com\/wp-content\/uploads\/2020\/08\/temperature-239x239.png 239w, https:\/\/dentalabril.com\/wp-content\/uploads\/2020\/08\/temperature-55x55.png 55w, https:\/\/dentalabril.com\/wp-content\/uploads\/2020\/08\/temperature.png 512w\" sizes=\"(max-width: 300px) 100vw, 300px\" \/><\/p>\n<\/li><!-- -->\n<li class=\"g1-column g1-five-sixth g1-valign-middle\">\n<h4><strong>Prendrem la temperatura.<\/strong><\/h4>\n<h4>Per a la vostra seguretat, abans d&#8217;accedir-hi us prendrem la temperatura.<\/h4>\n<\/li><!-- --><\/ul>\n<span id=\"g1-space-6\" class=\"g1-space \" style=\"height:40px;\"><\/span>\n<ul class=\"g1-grid\"><li class=\"g1-column g1-one-sixth g1-valign-middle\">\n<p><img loading=\"lazy\" decoding=\"async\" class=\"aligncenter size-medium wp-image-1622\" style=\"max-width: 55%;\" src=\"https:\/\/dentalabril.com\/wp-content\/uploads\/2020\/08\/coronavirus-300x300.png\" alt=\"\" width=\"300\" height=\"300\" srcset=\"https:\/\/dentalabril.com\/wp-content\/uploads\/2020\/08\/coronavirus-300x300.png 300w, https:\/\/dentalabril.com\/wp-content\/uploads\/2020\/08\/coronavirus-150x150.png 150w, https:\/\/dentalabril.com\/wp-content\/uploads\/2020\/08\/coronavirus-320x320.png 320w, https:\/\/dentalabril.com\/wp-content\/uploads\/2020\/08\/coronavirus-239x239.png 239w, https:\/\/dentalabril.com\/wp-content\/uploads\/2020\/08\/coronavirus-55x55.png 55w, https:\/\/dentalabril.com\/wp-content\/uploads\/2020\/08\/coronavirus.png 512w\" sizes=\"(max-width: 300px) 100vw, 300px\" \/><\/p>\n<\/li><!-- -->\n<li class=\"g1-column g1-five-sixth g1-valign-top\">\n<h4><strong>Higiene de mans.<\/strong><\/h4>\n<h4>Li proporcionarem gel hidroalcoh\u00f2lic perqu\u00e8 es desinfectin les mans<\/h4>\n<\/li><!-- --><\/ul>\n<span id=\"g1-space-7\" class=\"g1-space \" style=\"height:40px;\"><\/span>\n<ul class=\"g1-grid\"><li class=\"g1-column g1-one-sixth g1-valign-middle\">\n<p><img loading=\"lazy\" decoding=\"async\" class=\"aligncenter size-medium wp-image-1623\" style=\"max-width: 65%;\" src=\"https:\/\/dentalabril.com\/wp-content\/uploads\/2020\/08\/mouthwash-300x300.png\" alt=\"\" width=\"300\" height=\"300\" srcset=\"https:\/\/dentalabril.com\/wp-content\/uploads\/2020\/08\/mouthwash-300x300.png 300w, https:\/\/dentalabril.com\/wp-content\/uploads\/2020\/08\/mouthwash-150x150.png 150w, https:\/\/dentalabril.com\/wp-content\/uploads\/2020\/08\/mouthwash-320x320.png 320w, https:\/\/dentalabril.com\/wp-content\/uploads\/2020\/08\/mouthwash-239x239.png 239w, https:\/\/dentalabril.com\/wp-content\/uploads\/2020\/08\/mouthwash-55x55.png 55w, https:\/\/dentalabril.com\/wp-content\/uploads\/2020\/08\/mouthwash.png 512w\" sizes=\"(max-width: 300px) 100vw, 300px\" \/><\/p>\n<\/li><!-- -->\n<li class=\"g1-column g1-five-sixth g1-valign-middle\">\n<h4><strong>Esbandida amb col\u00b7lutori.<\/strong><\/h4>\n<h4>Dins el box, esbandeix la boca amb col\u00b7lutori per reduir el risc.<\/h4>\n<\/li><!-- --><\/ul>\n<\/div><\/div>\n<style type=\"text\/css\" scoped=\"scoped\">#g1-section-4.g1-section {background-repeat:repeat; background-position:center top; background-attachment:static; padding-bottom:40px; padding-top:40px;}<\/style><div id=\"g1-section-4\" class=\"g1-section \"><div class=\"g1-layout-inner\">\n<ul class=\"g1-grid\"><li class=\"g1-column g1-five-sixth g1-valign-top\">\n<h3><span style=\"color: #8f2c2d;\"><strong>3. A l&#8217;hora d&#8217;anar-te&#8217;n<\/strong><\/span><\/h3>\n<p style=\"font-size: 17px;\">Qu\u00e8 cal fer?<\/p>\n<\/li><!-- -->\n<li class=\"g1-column g1-one-sixth g1-valign-top\">\n<\/li><!-- --><\/ul>\n<span id=\"g1-space-8\" class=\"g1-space \" style=\"height:1.5em;\"><\/span>\n<ul class=\"g1-grid\"><li class=\"g1-column g1-one-sixth g1-valign-middle\">\n<p><img loading=\"lazy\" decoding=\"async\" class=\"aligncenter size-medium wp-image-1625\" style=\"max-width: 65%;\" src=\"https:\/\/dentalabril.com\/wp-content\/uploads\/2020\/08\/dentist-300x300.png\" alt=\"\" width=\"300\" height=\"300\" srcset=\"https:\/\/dentalabril.com\/wp-content\/uploads\/2020\/08\/dentist-300x300.png 300w, https:\/\/dentalabril.com\/wp-content\/uploads\/2020\/08\/dentist-150x150.png 150w, https:\/\/dentalabril.com\/wp-content\/uploads\/2020\/08\/dentist-320x320.png 320w, https:\/\/dentalabril.com\/wp-content\/uploads\/2020\/08\/dentist-239x239.png 239w, https:\/\/dentalabril.com\/wp-content\/uploads\/2020\/08\/dentist-55x55.png 55w, https:\/\/dentalabril.com\/wp-content\/uploads\/2020\/08\/dentist.png 512w\" sizes=\"(max-width: 300px) 100vw, 300px\" \/><\/p>\n<\/li><!-- -->\n<li class=\"g1-column g1-five-sixth g1-valign-middle\">\n<h4>Quan la teva visita finalitzi, ves a recepci\u00f3.<\/h4>\n<h4>Seguint les mesures de seguretat, se us informar\u00e0 de pressupostos, s&#8217;agendar\u00e0 properes visites i\/o realitzar\u00e0 el pagament corresponent.<\/h4>\n<\/li><!-- --><\/ul>\n<\/div><\/div>\n<style type=\"text\/css\" scoped=\"scoped\">#g1-section-5.g1-section {background-repeat:repeat; background-position:center top; background-attachment:static; padding-bottom:50px; padding-top:50px;}<\/style><div id=\"g1-section-5\" class=\"g1-section \"><div class=\"g1-layout-inner\">\n<h3 style=\"text-align: center;\"><strong>Tens cap dubte?<\/strong><\/h3>\n<p style=\"text-align: center; font-size: 15px;\">Consulta&#8217;ns el que vulguis i et respondrem com m\u00e9s aviat millor<\/p>\n<p style=\"text-align: center;\">\n\n<div class=\"wpcf7 no-js\" id=\"wpcf7-f1634-o1\" lang=\"es-ES\" dir=\"ltr\">\n<div class=\"screen-reader-response\"><p role=\"status\" aria-live=\"polite\" aria-atomic=\"true\"><\/p> <ul><\/ul><\/div>\n<form action=\"\/ca\/wp-json\/wp\/v2\/pages\/11024#wpcf7-f1634-o1\" method=\"post\" class=\"wpcf7-form init\" aria-label=\"Formulario de contacto\" novalidate=\"novalidate\" data-status=\"init\">\n<div style=\"display: none;\">\n<input type=\"hidden\" name=\"_wpcf7\" value=\"1634\" \/>\n<input type=\"hidden\" name=\"_wpcf7_version\" value=\"5.9.8\" \/>\n<input type=\"hidden\" name=\"_wpcf7_locale\" value=\"es_ES\" \/>\n<input type=\"hidden\" name=\"_wpcf7_unit_tag\" value=\"wpcf7-f1634-o1\" \/>\n<input type=\"hidden\" name=\"_wpcf7_container_post\" value=\"0\" \/>\n<input type=\"hidden\" name=\"_wpcf7_posted_data_hash\" value=\"\" \/>\n<input type=\"hidden\" name=\"_wpcf7_recaptcha_response\" value=\"\" \/>\n<\/div>\n<input type=\"hidden\" autocomplete=\"off\" autocorrect=\"off\" name=\"FU-vVJ-Z-Wr-xEO-IM-Q\" value=\"\" \/><p><span class=\"wpcf7-form-control-wrap\" data-name=\"your-name\"><input size=\"40\" maxlength=\"400\" class=\"wpcf7-form-control wpcf7-text wpcf7-validates-as-required\" aria-required=\"true\" aria-invalid=\"false\" placeholder=\"Nombre y Apellidos\" value=\"\" type=\"text\" name=\"your-name\" \/><\/span><br \/>\n<span class=\"wpcf7-form-control-wrap\" data-name=\"your-email\"><input size=\"40\" maxlength=\"400\" class=\"wpcf7-form-control wpcf7-email wpcf7-validates-as-required wpcf7-text wpcf7-validates-as-email\" aria-required=\"true\" aria-invalid=\"false\" placeholder=\"Email\" value=\"\" type=\"email\" name=\"your-email\" \/><\/span><br \/>\n<span class=\"wpcf7-form-control-wrap\" data-name=\"telf\"><input size=\"40\" maxlength=\"400\" class=\"wpcf7-form-control wpcf7-tel wpcf7-validates-as-required wpcf7-text wpcf7-validates-as-tel\" aria-required=\"true\" aria-invalid=\"false\" placeholder=\"Tel\u00e9fono\" value=\"\" type=\"tel\" name=\"telf\" \/><\/span><br \/>\n<span class=\"wpcf7-form-control-wrap\" data-name=\"textarea-796\"><textarea cols=\"40\" rows=\"10\" maxlength=\"2000\" class=\"wpcf7-form-control wpcf7-textarea wpcf7-validates-as-required\" aria-required=\"true\" aria-invalid=\"false\" placeholder=\"\u00bfEn qu\u00e9 podemos ayudarte?\" name=\"textarea-796\"><\/textarea><\/span>\n<\/p>\n<p><span class=\"wpcf7-form-control-wrap\" data-name=\"acceptance-967\"><span class=\"wpcf7-form-control wpcf7-acceptance\"><span class=\"wpcf7-list-item\"><input type=\"checkbox\" name=\"acceptance-967\" value=\"1\" aria-invalid=\"false\" \/><\/span><\/span><\/span> He le\u00eddo y acepto la <a href=\"https:\/\/dentalabril.com\/politica-de-privacidad-y-confidencialidad\/\">pol\u00edtica de privacidad<\/a>\n<\/p>\n\n<p><input class=\"wpcf7-form-control wpcf7-submit has-spinner\" type=\"submit\" value=\"Enviar\" \/>\n<\/p><div class=\"wpcf7-response-output\" aria-hidden=\"true\"><\/div>\n<\/form>\n<\/div>\n\n<p><script>\n\t\tjQuery(function(){\n\t\tjQuery(\"form\").submit(function(){\n\t    \tlocation.href = \"\/gracias\";\n\t\t\t});\n\t\t});\n<\/script><\/p>\n<\/div><\/div>\n","protected":false},"excerpt":{"rendered":"","protected":false},"author":1,"featured_media":0,"parent":0,"menu_order":0,"comment_status":"closed","ping_status":"closed","template":"g1_template_page_full_sections.php","meta":{"_joinchat":[],"footnotes":""},"class_list":["post-11024","page","type-page","status-publish"],"yoast_head":"<!-- This site is optimized with the Yoast SEO plugin v23.1 - https:\/\/yoast.com\/wordpress\/plugins\/seo\/ -->\n<title>Covid-19 | Cl\u00ednica dental Abril<\/title>\n<meta name=\"robots\" content=\"index, follow, max-snippet:-1, max-image-preview:large, max-video-preview:-1\" \/>\n<link rel=\"canonical\" href=\"https:\/\/dentalabril.com\/covid-19\/\" \/>\n<meta property=\"og:locale\" content=\"ca_ES\" \/>\n<meta property=\"og:type\" content=\"article\" \/>\n<meta property=\"og:title\" content=\"Covid-19 | Cl\u00ednica dental Abril\" \/>\n<meta property=\"og:url\" content=\"https:\/\/dentalabril.com\/covid-19\/\" \/>\n<meta property=\"og:site_name\" content=\"Cl\u00ednica dental Abril\" \/>\n<meta property=\"article:publisher\" content=\"https:\/\/www.facebook.com\/clinicadentalabril\/\" \/>\n<meta property=\"og:image\" content=\"https:\/\/dentalabril.com\/wp-content\/uploads\/2020\/08\/medical-mask-300x300.png\" \/>\n<meta name=\"twitter:card\" content=\"summary_large_image\" \/>\n<meta name=\"twitter:label1\" content=\"Temps estimat de lectura\" \/>\n\t<meta name=\"twitter:data1\" content=\"3 minuts\" \/>\n<script type=\"application\/ld+json\" class=\"yoast-schema-graph\">{\"@context\":\"https:\/\/schema.org\",\"@graph\":[{\"@type\":\"WebPage\",\"@id\":\"https:\/\/dentalabril.com\/covid-19\/\",\"url\":\"https:\/\/dentalabril.com\/covid-19\/\",\"name\":\"Covid-19 | Cl\u00ednica dental Abril\",\"isPartOf\":{\"@id\":\"https:\/\/dentalabril.com\/#website\"},\"primaryImageOfPage\":{\"@id\":\"https:\/\/dentalabril.com\/covid-19\/#primaryimage\"},\"image\":{\"@id\":\"https:\/\/dentalabril.com\/covid-19\/#primaryimage\"},\"thumbnailUrl\":\"https:\/\/dentalabril.com\/wp-content\/uploads\/2020\/08\/medical-mask-300x300.png\",\"datePublished\":\"2024-07-08T21:07:58+00:00\",\"dateModified\":\"2024-07-08T21:07:58+00:00\",\"breadcrumb\":{\"@id\":\"https:\/\/dentalabril.com\/covid-19\/#breadcrumb\"},\"inLanguage\":\"ca\",\"potentialAction\":[{\"@type\":\"ReadAction\",\"target\":[\"https:\/\/dentalabril.com\/covid-19\/\"]}]},{\"@type\":\"ImageObject\",\"inLanguage\":\"ca\",\"@id\":\"https:\/\/dentalabril.com\/covid-19\/#primaryimage\",\"url\":\"https:\/\/dentalabril.com\/wp-content\/uploads\/2020\/08\/medical-mask-300x300.png\",\"contentUrl\":\"https:\/\/dentalabril.com\/wp-content\/uploads\/2020\/08\/medical-mask-300x300.png\"},{\"@type\":\"BreadcrumbList\",\"@id\":\"https:\/\/dentalabril.com\/covid-19\/#breadcrumb\",\"itemListElement\":[{\"@type\":\"ListItem\",\"position\":1,\"name\":\"Portada\",\"item\":\"https:\/\/dentalabril.com\/ca\/clinica-dental-abril-a-barcelona\/\"},{\"@type\":\"ListItem\",\"position\":2,\"name\":\"Covid-19\"}]},{\"@type\":\"WebSite\",\"@id\":\"https:\/\/dentalabril.com\/#website\",\"url\":\"https:\/\/dentalabril.com\/\",\"name\":\"Cl\u00ednica Dental Abril\",\"description\":\"Tu cl\u00ednica dental en Barcelona\",\"publisher\":{\"@id\":\"https:\/\/dentalabril.com\/#organization\"},\"alternateName\":\"Dental Abril\",\"potentialAction\":[{\"@type\":\"SearchAction\",\"target\":{\"@type\":\"EntryPoint\",\"urlTemplate\":\"https:\/\/dentalabril.com\/?s={search_term_string}\"},\"query-input\":\"required name=search_term_string\"}],\"inLanguage\":\"ca\"},{\"@type\":\"Organization\",\"@id\":\"https:\/\/dentalabril.com\/#organization\",\"name\":\"Cl\u00ednica Dental Abril\",\"alternateName\":\"Dental Abril\",\"url\":\"https:\/\/dentalabril.com\/\",\"logo\":{\"@type\":\"ImageObject\",\"inLanguage\":\"ca\",\"@id\":\"https:\/\/dentalabril.com\/#\/schema\/logo\/image\/\",\"url\":\"https:\/\/dentalabril.com\/wp-content\/uploads\/2023\/03\/BBceBSJt_400x400.jpg\",\"contentUrl\":\"https:\/\/dentalabril.com\/wp-content\/uploads\/2023\/03\/BBceBSJt_400x400.jpg\",\"width\":400,\"height\":400,\"caption\":\"Cl\u00ednica Dental Abril\"},\"image\":{\"@id\":\"https:\/\/dentalabril.com\/#\/schema\/logo\/image\/\"},\"sameAs\":[\"https:\/\/www.facebook.com\/clinicadentalabril\/\",\"https:\/\/www.instagram.com\/dentalabril\/\"]}]}<\/script>\n<!-- \/ Yoast SEO plugin. -->","yoast_head_json":{"title":"Covid-19 | Cl\u00ednica dental Abril","robots":{"index":"index","follow":"follow","max-snippet":"max-snippet:-1","max-image-preview":"max-image-preview:large","max-video-preview":"max-video-preview:-1"},"canonical":"https:\/\/dentalabril.com\/covid-19\/","og_locale":"ca_ES","og_type":"article","og_title":"Covid-19 | Cl\u00ednica dental Abril","og_url":"https:\/\/dentalabril.com\/covid-19\/","og_site_name":"Cl\u00ednica dental Abril","article_publisher":"https:\/\/www.facebook.com\/clinicadentalabril\/","og_image":[{"url":"https:\/\/dentalabril.com\/wp-content\/uploads\/2020\/08\/medical-mask-300x300.png"}],"twitter_card":"summary_large_image","twitter_misc":{"Temps estimat de lectura":"3 minuts"},"schema":{"@context":"https:\/\/schema.org","@graph":[{"@type":"WebPage","@id":"https:\/\/dentalabril.com\/covid-19\/","url":"https:\/\/dentalabril.com\/covid-19\/","name":"Covid-19 | Cl\u00ednica dental Abril","isPartOf":{"@id":"https:\/\/dentalabril.com\/#website"},"primaryImageOfPage":{"@id":"https:\/\/dentalabril.com\/covid-19\/#primaryimage"},"image":{"@id":"https:\/\/dentalabril.com\/covid-19\/#primaryimage"},"thumbnailUrl":"https:\/\/dentalabril.com\/wp-content\/uploads\/2020\/08\/medical-mask-300x300.png","datePublished":"2024-07-08T21:07:58+00:00","dateModified":"2024-07-08T21:07:58+00:00","breadcrumb":{"@id":"https:\/\/dentalabril.com\/covid-19\/#breadcrumb"},"inLanguage":"ca","potentialAction":[{"@type":"ReadAction","target":["https:\/\/dentalabril.com\/covid-19\/"]}]},{"@type":"ImageObject","inLanguage":"ca","@id":"https:\/\/dentalabril.com\/covid-19\/#primaryimage","url":"https:\/\/dentalabril.com\/wp-content\/uploads\/2020\/08\/medical-mask-300x300.png","contentUrl":"https:\/\/dentalabril.com\/wp-content\/uploads\/2020\/08\/medical-mask-300x300.png"},{"@type":"BreadcrumbList","@id":"https:\/\/dentalabril.com\/covid-19\/#breadcrumb","itemListElement":[{"@type":"ListItem","position":1,"name":"Portada","item":"https:\/\/dentalabril.com\/ca\/clinica-dental-abril-a-barcelona\/"},{"@type":"ListItem","position":2,"name":"Covid-19"}]},{"@type":"WebSite","@id":"https:\/\/dentalabril.com\/#website","url":"https:\/\/dentalabril.com\/","name":"Cl\u00ednica Dental Abril","description":"Tu cl\u00ednica dental en Barcelona","publisher":{"@id":"https:\/\/dentalabril.com\/#organization"},"alternateName":"Dental Abril","potentialAction":[{"@type":"SearchAction","target":{"@type":"EntryPoint","urlTemplate":"https:\/\/dentalabril.com\/?s={search_term_string}"},"query-input":"required name=search_term_string"}],"inLanguage":"ca"},{"@type":"Organization","@id":"https:\/\/dentalabril.com\/#organization","name":"Cl\u00ednica Dental Abril","alternateName":"Dental Abril","url":"https:\/\/dentalabril.com\/","logo":{"@type":"ImageObject","inLanguage":"ca","@id":"https:\/\/dentalabril.com\/#\/schema\/logo\/image\/","url":"https:\/\/dentalabril.com\/wp-content\/uploads\/2023\/03\/BBceBSJt_400x400.jpg","contentUrl":"https:\/\/dentalabril.com\/wp-content\/uploads\/2023\/03\/BBceBSJt_400x400.jpg","width":400,"height":400,"caption":"Cl\u00ednica Dental Abril"},"image":{"@id":"https:\/\/dentalabril.com\/#\/schema\/logo\/image\/"},"sameAs":["https:\/\/www.facebook.com\/clinicadentalabril\/","https:\/\/www.instagram.com\/dentalabril\/"]}]}},"_links":{"self":[{"href":"https:\/\/dentalabril.com\/ca\/wp-json\/wp\/v2\/pages\/11024"}],"collection":[{"href":"https:\/\/dentalabril.com\/ca\/wp-json\/wp\/v2\/pages"}],"about":[{"href":"https:\/\/dentalabril.com\/ca\/wp-json\/wp\/v2\/types\/page"}],"author":[{"embeddable":true,"href":"https:\/\/dentalabril.com\/ca\/wp-json\/wp\/v2\/users\/1"}],"replies":[{"embeddable":true,"href":"https:\/\/dentalabril.com\/ca\/wp-json\/wp\/v2\/comments?post=11024"}],"version-history":[{"count":0,"href":"https:\/\/dentalabril.com\/ca\/wp-json\/wp\/v2\/pages\/11024\/revisions"}],"wp:attachment":[{"href":"https:\/\/dentalabril.com\/ca\/wp-json\/wp\/v2\/media?parent=11024"}],"curies":[{"name":"wp","href":"https:\/\/api.w.org\/{rel}","templated":true}]}}